{"id":220,"date":"2014-08-27T14:54:36","date_gmt":"2014-08-27T11:54:36","guid":{"rendered":"http:\/\/80.69.171.23\/py\/?page_id=220"},"modified":"2017-12-01T11:42:04","modified_gmt":"2017-12-01T11:42:04","slug":"toimajuurda","status":"publish","type":"page","link":"https:\/\/paliskunnat.fi\/po\/organisaatio-ja-haldattas\/palgasij-ovtastus\/toimajuurda\/","title":{"rendered":"Toim\u00e2juurd\u00e2"},"content":{"rendered":"<h2>Toim\u00e2juurd\u00e2<\/h2>\n<p>Palg\u00e2sij ovt\u00e2stus lii maa\u014bg\u00e2pi\u00e4l\u00e1lii j\u00e1 olluv t\u00e4\u00e4si m\u00e1\u00e1tu \u00e4\u0161\u0161itobdeeservi. Tot tu\u00e1im\u00e1 pu\u00e1suitu\u00e1lu ovdedem p\u00e4lgis\u010dyelleen j\u00e1 aktiivl\u00e2\u017e\u017e\u00e2n vaigutteijen sehe Suom\u00e2st j\u00e1 olgoen\u00e2mijn. Palg\u00e2sijd ovt\u00e2stus oovded sier\u00e2 intresspeelij pehtilis vu\u00e1ruvaikutt\u00e2s j\u00e1 pyere ovt\u00e2spargo. Ovt\u00e2stus parga aktiivl\u00e1vt pu\u00e1suitu\u00e1lu ekonom\u00e2l\u00e2\u0161 j\u00e1 kulttuurlii eellimvyeimi peeleest. Ovt\u00e2stus tooim\u00e2 stivrejeh \u00e1vusvuo\u0111\u00e2, njyeb\u017eilvuo\u0111a j\u00e1 pehtilvuo\u0111\u00e2 vu\u00e1\u0111ujurduuh. Pargoju\u00e1vkku lii \u010don\u00e2d\u00e2tt\u00e2m pargosis j\u00e1 sist lii motivaatio toos j\u00e1 hovdim lii pyeri.<\/p>\n<p>Pu\u00e1suitu\u00e1lu \u00e1vh\u00e1st\u00e2l taveku\u00e1vlui lu\u00e1nduriggoduv\u00e2i rehel\u00e1vt nanaguoddeva\u0161 ovd\u00e1nem vu\u00e1\u0111ujurdui mield j\u00e1 kunnij\u00e2t pu\u00e1ttei puolv\u00e2i rievtijd. Ekolog\u00e2l\u00e2\u0161 robd\u00e2i\u00e4vtuh r\u00e4htih pu\u00e1suitu\u00e1lu ekonom\u00e2l\u00e2\u0161, sosiaallii j\u00e1 kulttuurl\u00e2\u0161 tooim\u00e2 vu\u00e1\u0111u. Lah\u00e2as\u00e2ttem j\u00e1 ohts\u00e2\u0161kodel\u00e2\u0161 mi\u00e4r\u00e1d\u00e2s\u00e2i tooh\u00e2m as\u00e2tteh pu\u00e1suitu\u00e1lu toim\u00e2m\u00e1h\u0111ul\u00e2\u0161vuo\u0111\u00e1id raamijd. Pu\u00e1suitu\u00e1lu lii taveku\u00e1vlu i\u00e4l\u00e1tt\u00e2s\u00e2in pu\u00e1r\u00e1sumos j\u00e1 nanosumos. Tave siijd\u00e2in pu\u00e1suitu\u00e1lu merh\u00e2\u0161ume lupt\u00e2n pu\u00e1tteevuo\u0111\u00e2st ain een\u00e2b, ko eres pargoh, om. eenn\u00e2m- j\u00e1 vyevditu\u00e1lu fal\u00e2lduvah ki\u00e4pp\u00e1neh. Pu\u00e1suitu\u00e1lu \u00e1\u00e1nsust Tave-Suom\u00e2 siijdah l\u00e1\u00e1 assum j\u00e1 eellimtoh\u00e1liih.<\/p>\n<p>Poccuupi\u00e4rgu j\u00e1 eres pu\u00e1suipuohtuuh l\u00e1\u00e1 ovd\u00e2sv\u00e1st\u00e1d\u00e2sl\u00e1vt puovt\u00e2dum, torvolijd j\u00e1 oll\u00e2kvaliteetlijd. Pu\u00e1suitu\u00e1lu kunnij\u00e2t elleid j\u00e1 lu\u00e1ndu. Si\u00e4rv\u00e1duv\u00e2in j\u00e1 eres ulmuiguin pu\u00e1suitu\u00e1lleeh tu\u00e1llejeh pyeri sav\u00e2st\u00e2ll\u00e2moht\u00e2vuo\u0111\u00e2id j\u00e1 m\u00e1h\u0111ulijd ruoss\u00e2l\u00e2\u0161vuo\u0111\u00e2id viggeh \u010du\u00e1vdi\u0111 \u0161iev tiileest. Tooim\u00e2 oovtmanol\u00e2\u0161 ovdedem tu\u00e1rjoo kannattemvuo\u0111a j\u00e1 kompetens i\u00e4l\u00e1tt\u00e2stooim\u00e2st.<\/p>\n<p>Ellee s\u00e4mmil\u00e2\u0161 j\u00e1 syemmil\u00e2\u0161 pu\u00e1suikulttuureh jie\u0161vuo\u0111\u00e2iguin, legendaiguin, main\u00e2sijguin j\u00e1 persovnijguin pyehtih imago\u00e4\u00e4vhi ub\u00e2 Suom\u00e2n j\u00e1 erom\u00e2\u0161\u00e1vt Tave-Suom\u00e2n. Pu\u00e1suipi\u00e4mmukulttuur j\u00e1 poccuupi\u00e4rgu kuulm\u00e2in EU nomm\u00e2syejimerh\u00e2inis l\u00e1\u00e1 Suom\u00e2 aalmuglii pi\u00e4mmukulttuur \u0161eell\u00e2dumoseh t\u00e4\u00e4snih. Pu\u00e1sui lii maa\u014bg\u00e2pi\u00e4l\u00e1l\u00e2\u0161vuo\u0111\u00e2inis oht\u00e2 terg\u00e2dumos tahhein Tave-Suom\u00e2 ma\u0111h\u00e2\u0161em ki\u00e4suttemvuoimijn. Pu\u00e1suitu\u00e1lu v\u00e1ld\u00e1 u\u00e1sis si\u00e4rv\u00e1d\u00e2hovd\u00e2sv\u00e1st\u00e1d\u00e2s\u00e2st ko tu\u00e1llee aalmuglii kriis\u00e2\u00e4\u00e4igi huol\u00e2tt\u00e2storvol\u00e2\u0161vuo\u0111\u00e2. Palg\u00e2sij ovt\u00e2stus lii Rijj\u00e2t\u00e1tul\u00e2\u0161 k\u00e1\u00e1ijumpalv\u00e2lus VAPEPA jeess\u00e2nservin j\u00e1 pu\u00e1suiulmuuh p\u00e1ih\u00e1lii meccitubd\u00e2mu\u0161 \u00e4\u0161\u0161itobden u\u00e1s\u00e1listeh t\u00e1\u00e1rbu mield jie\u0161kote-uvl\u00e1g\u00e1n k\u00e1\u00e1ijumtoim\u00e1id ku\u00e1vlustis. Pajeulmuuh l\u00e1\u00e1 aktiivl\u00e2\u0161 vaigutteijeeh p\u00e1ih\u00e1l\u00e1vt j\u00e1 tu\u00e1llejeh torvol\u00e2\u0161vuo\u0111\u00e2 j\u00e1 kollektivl\u00e2\u0161vuo\u0111\u00e2 taveku\u00e1vlu siijd\u00e2in.<\/p>\n<p>&nbsp;<\/p>\n<p>&nbsp;<\/p>\n<p>&nbsp;<\/p>\n","protected":false},"excerpt":{"rendered":"<p>Toim\u00e2juurd\u00e2 Palg\u00e2sij ovt\u00e2stus lii maa\u014bg\u00e2pi\u00e4l\u00e1lii j\u00e1 olluv t\u00e4\u00e4si m\u00e1\u00e1tu \u00e4\u0161\u0161itobdeeservi. Tot tu\u00e1im\u00e1 pu\u00e1suitu\u00e1lu ovdedem p\u00e4lgis\u010dyelleen j\u00e1 aktiivl\u00e2\u017e\u017e\u00e2n vaigutteijen sehe Suom\u00e2st j\u00e1 olgoen\u00e2mijn. Palg\u00e2sijd ovt\u00e2stus oovded sier\u00e2 intresspeelij pehtilis vu\u00e1ruvaikutt\u00e2s j\u00e1 pyere ovt\u00e2spargo. Ovt\u00e2stus parga aktiivl\u00e1vt pu\u00e1suitu\u00e1lu ekonom\u00e2l\u00e2\u0161 j\u00e1 kulttuurlii eellimvyeimi peeleest. Ovt\u00e2stus tooim\u00e2 stivrejeh \u00e1vusvuo\u0111\u00e2, njyeb\u017eilvuo\u0111a j\u00e1 pehtilvuo\u0111\u00e2 vu\u00e1\u0111ujurduuh. Pargoju\u00e1vkku lii \u010don\u00e2d\u00e2tt\u00e2m pargosis j\u00e1 sist [&hellip;]<\/p>\n","protected":false},"author":1,"featured_media":0,"parent":429,"menu_order":1,"comment_status":"open","ping_status":"closed","template":"","meta":{"footnotes":""},"class_list":["post-220","page","type-page","status-publish","hentry"],"_links":{"self":[{"href":"https:\/\/paliskunnat.fi\/po\/wp-json\/wp\/v2\/pages\/220","targetHints":{"allow":["GET"]}}],"collection":[{"href":"https:\/\/paliskunnat.fi\/po\/wp-json\/wp\/v2\/pages"}],"about":[{"href":"https:\/\/paliskunnat.fi\/po\/wp-json\/wp\/v2\/types\/page"}],"author":[{"embeddable":true,"href":"https:\/\/paliskunnat.fi\/po\/wp-json\/wp\/v2\/users\/1"}],"replies":[{"embeddable":true,"href":"https:\/\/paliskunnat.fi\/po\/wp-json\/wp\/v2\/comments?post=220"}],"version-history":[{"count":2,"href":"https:\/\/paliskunnat.fi\/po\/wp-json\/wp\/v2\/pages\/220\/revisions"}],"predecessor-version":[{"id":5195,"href":"https:\/\/paliskunnat.fi\/po\/wp-json\/wp\/v2\/pages\/220\/revisions\/5195"}],"up":[{"embeddable":true,"href":"https:\/\/paliskunnat.fi\/po\/wp-json\/wp\/v2\/pages\/429"}],"wp:attachment":[{"href":"https:\/\/paliskunnat.fi\/po\/wp-json\/wp\/v2\/media?parent=220"}],"curies":[{"name":"wp","href":"https:\/\/api.w.org\/{rel}","templated":true}]}}