{"id":223,"date":"2014-08-27T15:00:11","date_gmt":"2014-08-27T12:00:11","guid":{"rendered":"http:\/\/80.69.171.23\/py\/?page_id=223"},"modified":"2024-01-14T13:46:42","modified_gmt":"2024-01-14T11:46:42","slug":"haldattah","status":"publish","type":"page","link":"https:\/\/paliskunnat.fi\/po\/organisaatio-ja-haldattas\/palgasij-ovtastus\/haldattah\/","title":{"rendered":"Hald\u00e2tt\u00e2h"},"content":{"rendered":"<h2>Palg\u00e2sij ovt\u00e2stus hald\u00e2tt\u00e2h<\/h2>\n<p>Palg\u00e2sij ovt\u00e2stus hald\u00e2tt\u00e2h v\u00e4ljejuvvoo air\u00e2s\u010du\u00e1kkimist jyehi ku\u00e1lm\u00e1d ive. Hald\u00e2ttuvv\u00e2st l\u00e1\u00e1 air\u00e2s\u010du\u00e1kkim valjim saav\u00e2jo\u0111etteijee j\u00e1 v\u00e4risaav\u00e2jo\u0111etteijee sehe kyehtnub\u00e1loh pu\u00e1suitu\u00e1luku\u00e1vlu vitt\u00e1pirr\u00e2duv\u00e2i ovd\u00e2steijeejeess\u00e2n. Lasseen eenn\u00e2m- j\u00e1 vyevditu\u00e1luministeri\u00f6 noom\u00e2t hald\u00e2tt\u00e2h\u00e2n staat\u00e2 ovd\u00e2steijee j\u00e1 S\u00e4mitigge noom\u00e2t ovd\u00e2steijes hald\u00e2tt\u00e2h\u00e2n<\/p>\n<h3>Hald\u00e2ttuv \u010du\u00e1gg\u00e1nm\u00e2\u0161 paajeest 2024-2026<\/h3>\n<table style=\"height: 526px; background-color: #ffffff; width: 100%;\" width=\"640\">\n<tbody>\n<tr style=\"height: 32px;\">\n<td style=\"width: 152px; height: 32px;\" width=\"148\">Matti Riipi<\/td>\n<td style=\"width: 222px; height: 32px;\">Hald\u00e2ttuv saav\u00e2jo\u0111etteijeei<\/td>\n<td style=\"width: 152px; height: 32px;\" width=\"138\">+358 40 706 6832<\/td>\n<\/tr>\n<tr style=\"height: 59px;\">\n<td style=\"width: 152px; height: 59px;\" width=\"148\">\u00c4\u00e4rel\u00e4 Antti<\/td>\n<td style=\"width: 222px; height: 59px;\">Hald\u00e2ttuv<br \/>\nv\u00e4risaav\u00e2jo\u0111etteijee<\/td>\n<td style=\"width: 152px; height: 59px;\" width=\"226\">+358 40 031 8711<\/td>\n<\/tr>\n<tr style=\"height: 34px;\">\n<td style=\"width: 152px; height: 34px;\">Ker\u00e4nen Ensio<\/td>\n<td style=\"width: 222px; height: 34px;\">Jeess\u00e2n<\/td>\n<td style=\"width: 152px; height: 34px;\">+358 40 028 4002<\/td>\n<\/tr>\n<tr style=\"height: 30px;\">\n<td style=\"width: 152px; height: 30px;\" width=\"148\">Hannula Jari<\/td>\n<td style=\"width: 222px; height: 30px;\">Jeess\u00e2n<\/td>\n<td style=\"width: 152px; height: 30px;\" width=\"138\">+358 40 742 0291<\/td>\n<\/tr>\n<tr style=\"height: 32px;\">\n<td style=\"width: 152px; height: 32px;\" width=\"148\">Hirvonen Seppo<\/td>\n<td style=\"width: 222px; height: 32px;\">Jeess\u00e2n<\/td>\n<td style=\"width: 152px; height: 32px;\" width=\"138\">+358 40 585 3663<\/td>\n<\/tr>\n<tr style=\"height: 30px;\">\n<td style=\"width: 152px; height: 30px;\" width=\"148\">Holster Matti<\/td>\n<td style=\"width: 222px; height: 30px;\">Jeess\u00e2n<\/td>\n<td style=\"width: 152px; height: 30px;\" width=\"138\">+358 40 732 8773<\/td>\n<\/tr>\n<tr style=\"height: 26px;\">\n<td style=\"width: 152px; height: 26px;\" width=\"148\">Koskela Antti I.<\/td>\n<td style=\"width: 222px; height: 26px;\">Jeess\u00e2n<\/td>\n<td style=\"width: 152px; height: 26px;\" width=\"138\">+358 40 846 8321<\/td>\n<\/tr>\n<tr style=\"height: 28px;\">\n<td style=\"width: 152px; height: 28px;\" width=\"148\">Kustula Niko<\/td>\n<td style=\"width: 222px; height: 28px;\">Jeess\u00e2n<\/td>\n<td style=\"width: 152px; height: 28px;\" width=\"138\">+358 40 844 6247<\/td>\n<\/tr>\n<tr style=\"height: 32px;\">\n<td style=\"width: 152px; height: 32px;\" width=\"148\">Kutuniva Ilkka<\/td>\n<td style=\"width: 222px; height: 32px;\">Jeess\u00e2n<\/td>\n<td style=\"width: 152px; height: 32px;\" width=\"138\">+358 40 963 9407<\/td>\n<\/tr>\n<tr style=\"height: 29px;\">\n<td style=\"width: 152px; height: 29px;\" width=\"148\">K\u00e4sm\u00e4 Mika<\/td>\n<td style=\"width: 222px; height: 29px;\">Jeess\u00e2n<\/td>\n<td style=\"width: 152px; height: 29px;\" width=\"138\">+358 40 017 3980<\/td>\n<\/tr>\n<tr style=\"height: 34px;\">\n<td style=\"width: 152px; height: 34px;\" width=\"148\">Mustonen Janne<\/td>\n<td style=\"width: 222px; height: 34px;\">Jeess\u00e2n<\/td>\n<td style=\"width: 152px; height: 34px;\" width=\"138\">+358 40 127 8990<\/td>\n<\/tr>\n<tr style=\"height: 28px;\">\n<td style=\"width: 152px; height: 28px;\" width=\"148\">Oinas Pasi<\/td>\n<td style=\"width: 222px; height: 28px;\">Jeess\u00e2n<\/td>\n<td style=\"width: 152px; height: 28px;\" width=\"138\">+358 40 963 5543<\/td>\n<\/tr>\n<tr style=\"height: 29px;\">\n<td style=\"width: 152px; height: 29px;\" width=\"148\">Pirttil\u00e4 Ensio<\/td>\n<td style=\"width: 222px; height: 29px;\">Jeess\u00e2n<\/td>\n<td style=\"width: 152px; height: 29px;\" width=\"138\">+358 40 012 8505<\/td>\n<\/tr>\n<tr style=\"height: 31px;\">\n<td style=\"width: 152px; height: 31px;\" width=\"148\">V\u00e4is\u00e4nen Urho<\/td>\n<td style=\"width: 222px; height: 31px;\">Jeess\u00e2n<\/td>\n<td style=\"width: 152px; height: 31px;\" width=\"138\">+358 40 569 6592<\/td>\n<\/tr>\n<tr style=\"height: 33px;\">\n<td style=\"width: 152px; height: 33px;\"><\/td>\n<td style=\"width: 222px; height: 33px;\">S\u00e4mitige ovd\u00e2steijee<\/td>\n<td style=\"width: 152px; height: 33px;\"><\/td>\n<\/tr>\n<tr style=\"height: 39px;\">\n<td style=\"width: 152px; height: 39px;\">Katja Holmala<\/td>\n<td style=\"width: 222px; height: 39px;\">Staat\u00e2 ovd\u00e2steijee<\/td>\n<td style=\"width: 152px; height: 39px;\">+358 29 532 7206<\/td>\n<\/tr>\n<\/tbody>\n<\/table>\n<p>&nbsp;<\/p>\n<p>&nbsp;<\/p>\n","protected":false},"excerpt":{"rendered":"<p>Palg\u00e2sij ovt\u00e2stus hald\u00e2tt\u00e2h Palg\u00e2sij ovt\u00e2stus hald\u00e2tt\u00e2h v\u00e4ljejuvvoo air\u00e2s\u010du\u00e1kkimist jyehi ku\u00e1lm\u00e1d ive. Hald\u00e2ttuvv\u00e2st l\u00e1\u00e1 air\u00e2s\u010du\u00e1kkim valjim saav\u00e2jo\u0111etteijee j\u00e1 v\u00e4risaav\u00e2jo\u0111etteijee sehe kyehtnub\u00e1loh pu\u00e1suitu\u00e1luku\u00e1vlu vitt\u00e1pirr\u00e2duv\u00e2i ovd\u00e2steijeejeess\u00e2n. Lasseen eenn\u00e2m- j\u00e1 vyevditu\u00e1luministeri\u00f6 noom\u00e2t hald\u00e2tt\u00e2h\u00e2n staat\u00e2 ovd\u00e2steijee j\u00e1 S\u00e4mitigge noom\u00e2t ovd\u00e2steijes hald\u00e2tt\u00e2h\u00e2n Hald\u00e2ttuv \u010du\u00e1gg\u00e1nm\u00e2\u0161 paajeest 2024-2026 Matti Riipi Hald\u00e2ttuv saav\u00e2jo\u0111etteijeei +358 40 706 6832 \u00c4\u00e4rel\u00e4 Antti Hald\u00e2ttuv v\u00e4risaav\u00e2jo\u0111etteijee +358 40 031 [&hellip;]<\/p>\n","protected":false},"author":1,"featured_media":0,"parent":429,"menu_order":0,"comment_status":"open","ping_status":"closed","template":"poromieslehti.php","meta":{"footnotes":""},"class_list":["post-223","page","type-page","status-publish","hentry"],"_links":{"self":[{"href":"https:\/\/paliskunnat.fi\/po\/wp-json\/wp\/v2\/pages\/223","targetHints":{"allow":["GET"]}}],"collection":[{"href":"https:\/\/paliskunnat.fi\/po\/wp-json\/wp\/v2\/pages"}],"about":[{"href":"https:\/\/paliskunnat.fi\/po\/wp-json\/wp\/v2\/types\/page"}],"author":[{"embeddable":true,"href":"https:\/\/paliskunnat.fi\/po\/wp-json\/wp\/v2\/users\/1"}],"replies":[{"embeddable":true,"href":"https:\/\/paliskunnat.fi\/po\/wp-json\/wp\/v2\/comments?post=223"}],"version-history":[{"count":16,"href":"https:\/\/paliskunnat.fi\/po\/wp-json\/wp\/v2\/pages\/223\/revisions"}],"predecessor-version":[{"id":6047,"href":"https:\/\/paliskunnat.fi\/po\/wp-json\/wp\/v2\/pages\/223\/revisions\/6047"}],"up":[{"embeddable":true,"href":"https:\/\/paliskunnat.fi\/po\/wp-json\/wp\/v2\/pages\/429"}],"wp:attachment":[{"href":"https:\/\/paliskunnat.fi\/po\/wp-json\/wp\/v2\/media?parent=223"}],"curies":[{"name":"wp","href":"https:\/\/api.w.org\/{rel}","templated":true}]}}