{"id":2247,"date":"2015-01-09T21:20:03","date_gmt":"2015-01-09T19:20:03","guid":{"rendered":"http:\/\/80.69.171.23\/py\/?page_id=2247"},"modified":"2017-12-29T10:00:12","modified_gmt":"2017-12-29T10:00:12","slug":"tiedettemcalluuh","status":"publish","type":"page","link":"https:\/\/paliskunnat.fi\/po\/puasuitiaduh\/tiedettemcalluuh-uapisteijeeh\/tiedettemcalluuh\/","title":{"rendered":"Almol\u00e2\u0161 tie\u0111ettem\u010dalluuh"},"content":{"rendered":"<h2>Almol\u00e2\u0161 tie\u0111ettem\u010dalluuh<\/h2>\n<h3>Pu\u00e1suitie\u0111ettem\u010d\u00e1\u00e1llus<\/h3>\n<p><a href=\"https:\/\/paliskunnat.fi\/bo\/wp-content\/uploads\/2015\/01\/poroesite_kansi.jpg\" rel=\"lightbox[2247]\"><br \/>\n<\/a><a href=\"https:\/\/paliskunnat.fi\/bo\/wp-content\/uploads\/2015\/01\/poroesite_kansi.jpg\" rel=\"rel=&quot;nobox&quot;\" rel=\"lightbox[2247]\"><img loading=\"lazy\" decoding=\"async\" class=\"alignnone wp-image-3159 size-full\" src=\"https:\/\/paliskunnat.fi\/bo\/wp-content\/uploads\/2015\/01\/poroesite_kansi.jpg\" alt=\"poroesite_kansi\" width=\"108\" height=\"150\" \/><br \/>\n<\/a>Suom\u00e2kiel\u00e2n\u00a0(<a href=\"https:\/\/paliskunnat.fi\/bo\/wp-content\/uploads\/2014\/12\/poro_suomi_web.pdf\">PDF<\/a> 2250 kt)<br \/>\nE\u014bg\u00e2l\u00e2\u0161kiel\u00e2n\u00a0(<a href=\"https:\/\/paliskunnat.fi\/bo\/wp-content\/uploads\/2014\/12\/reindeer_english_web.pdf\">PDF<\/a> 2570 kt)<br \/>\nRuo\u0161\u0161\u00e2kiel\u00e2n\u00a0(<a href=\"https:\/\/paliskunnat.fi\/bo\/wp-content\/uploads\/2014\/12\/reindeer_russian_web.pdf\">PDF<\/a> 2647 kt)<\/p>\n<h3>Pu\u00e1sui jotoluvv\u00e2st -tie\u0111ettem\u010d\u00e1\u00e1llus<\/h3>\n<p>Suom\u00e2kiel\u00e2n (<a href=\"https:\/\/paliskunnat.fi\/bo\/wp-content\/uploads\/2014\/12\/poro_liikenteessa.pdf\">PDF<\/a> 1822 kt)<\/p>\n<p>&nbsp;<\/p>\n<p>&nbsp;<\/p>\n","protected":false},"excerpt":{"rendered":"<p>Almol\u00e2\u0161 tie\u0111ettem\u010dalluuh Pu\u00e1suitie\u0111ettem\u010d\u00e1\u00e1llus Suom\u00e2kiel\u00e2n\u00a0(PDF 2250 kt) E\u014bg\u00e2l\u00e2\u0161kiel\u00e2n\u00a0(PDF 2570 kt) Ruo\u0161\u0161\u00e2kiel\u00e2n\u00a0(PDF 2647 kt) Pu\u00e1sui jotoluvv\u00e2st -tie\u0111ettem\u010d\u00e1\u00e1llus Suom\u00e2kiel\u00e2n (PDF 1822 kt) &nbsp; &nbsp;<\/p>\n","protected":false},"author":1,"featured_media":0,"parent":1109,"menu_order":0,"comment_status":"open","ping_status":"closed","template":"","meta":{"footnotes":""},"class_list":["post-2247","page","type-page","status-publish","hentry"],"_links":{"self":[{"href":"https:\/\/paliskunnat.fi\/po\/wp-json\/wp\/v2\/pages\/2247","targetHints":{"allow":["GET"]}}],"collection":[{"href":"https:\/\/paliskunnat.fi\/po\/wp-json\/wp\/v2\/pages"}],"about":[{"href":"https:\/\/paliskunnat.fi\/po\/wp-json\/wp\/v2\/types\/page"}],"author":[{"embeddable":true,"href":"https:\/\/paliskunnat.fi\/po\/wp-json\/wp\/v2\/users\/1"}],"replies":[{"embeddable":true,"href":"https:\/\/paliskunnat.fi\/po\/wp-json\/wp\/v2\/comments?post=2247"}],"version-history":[{"count":2,"href":"https:\/\/paliskunnat.fi\/po\/wp-json\/wp\/v2\/pages\/2247\/revisions"}],"predecessor-version":[{"id":5535,"href":"https:\/\/paliskunnat.fi\/po\/wp-json\/wp\/v2\/pages\/2247\/revisions\/5535"}],"up":[{"embeddable":true,"href":"https:\/\/paliskunnat.fi\/po\/wp-json\/wp\/v2\/pages\/1109"}],"wp:attachment":[{"href":"https:\/\/paliskunnat.fi\/po\/wp-json\/wp\/v2\/media?parent=2247"}],"curies":[{"name":"wp","href":"https:\/\/api.w.org\/{rel}","templated":true}]}}