{"id":2262,"date":"2015-01-09T21:30:56","date_gmt":"2015-01-09T19:30:56","guid":{"rendered":"http:\/\/80.69.171.23\/py\/?page_id=2262"},"modified":"2024-03-11T10:45:50","modified_gmt":"2024-03-11T08:45:50","slug":"uapisteijeeh","status":"publish","type":"page","link":"https:\/\/paliskunnat.fi\/po\/puasuitiaduh\/tiedettemcalluuh-uapisteijeeh\/uapisteijeeh\/","title":{"rendered":"U\u00e1pisteijeeh eenn\u00e2mkevttim\u00e2n"},"content":{"rendered":"<h2>U\u00e1pisteijeeh eenn\u00e2mkevttim\u00e2n<\/h2>\n<p>U\u00e1pisteijee pu\u00e1suitu\u00e1lu hi\u00e4jusmist eenn\u00e2mkevttimprojektijn &#8211; <a href=\"http:\/\/www.paliskunnat.fi\/poroyva\/\">Poro YVA<\/a><\/p>\n<p>Suom\u00e2kiel\u00e2n (<a href=\"https:\/\/paliskunnat.fi\/po\/wp-content\/uploads\/2015\/03\/PoroYVA_2014_FI_web.pdf\">PDF<\/a> 2117 kt)<\/p>\n<p>E\u014bg\u00e2l\u00e2skiel\u00e2n\u00a0(<a href=\"https:\/\/paliskunnat.fi\/po\/wp-content\/uploads\/2015\/03\/PoroYVA_2014_EN_web.pdf\">PDF<\/a>\u00a01487 kt)<\/p>\n<p>Ruo\u0161\u00e2kiel\u00e2n\u00a0(<a href=\"https:\/\/paliskunnat.fi\/po\/wp-content\/uploads\/2015\/03\/PoroYVA_RU_web.pdf\">PDF<\/a> 2258 kt)<\/p>\n<p>&nbsp;<\/p>\n","protected":false},"excerpt":{"rendered":"<p>U\u00e1pisteijeeh eenn\u00e2mkevttim\u00e2n U\u00e1pisteijee pu\u00e1suitu\u00e1lu hi\u00e4jusmist eenn\u00e2mkevttimprojektijn &#8211; Poro YVA Suom\u00e2kiel\u00e2n (PDF 2117 kt) E\u014bg\u00e2l\u00e2skiel\u00e2n\u00a0(PDF\u00a01487 kt) Ruo\u0161\u00e2kiel\u00e2n\u00a0(PDF 2258 kt) &nbsp;<\/p>\n","protected":false},"author":1,"featured_media":0,"parent":1109,"menu_order":3,"comment_status":"open","ping_status":"closed","template":"","meta":{"footnotes":""},"class_list":["post-2262","page","type-page","status-publish","hentry"],"_links":{"self":[{"href":"https:\/\/paliskunnat.fi\/po\/wp-json\/wp\/v2\/pages\/2262","targetHints":{"allow":["GET"]}}],"collection":[{"href":"https:\/\/paliskunnat.fi\/po\/wp-json\/wp\/v2\/pages"}],"about":[{"href":"https:\/\/paliskunnat.fi\/po\/wp-json\/wp\/v2\/types\/page"}],"author":[{"embeddable":true,"href":"https:\/\/paliskunnat.fi\/po\/wp-json\/wp\/v2\/users\/1"}],"replies":[{"embeddable":true,"href":"https:\/\/paliskunnat.fi\/po\/wp-json\/wp\/v2\/comments?post=2262"}],"version-history":[{"count":3,"href":"https:\/\/paliskunnat.fi\/po\/wp-json\/wp\/v2\/pages\/2262\/revisions"}],"predecessor-version":[{"id":6078,"href":"https:\/\/paliskunnat.fi\/po\/wp-json\/wp\/v2\/pages\/2262\/revisions\/6078"}],"up":[{"embeddable":true,"href":"https:\/\/paliskunnat.fi\/po\/wp-json\/wp\/v2\/pages\/1109"}],"wp:attachment":[{"href":"https:\/\/paliskunnat.fi\/po\/wp-json\/wp\/v2\/media?parent=2262"}],"curies":[{"name":"wp","href":"https:\/\/api.w.org\/{rel}","templated":true}]}}