{"id":2275,"date":"2015-01-09T21:45:11","date_gmt":"2015-01-09T19:45:11","guid":{"rendered":"http:\/\/80.69.171.23\/py\/?page_id=2275"},"modified":"2017-12-29T07:38:39","modified_gmt":"2017-12-29T07:38:39","slug":"projekteh-joodoost","status":"publish","type":"page","link":"https:\/\/paliskunnat.fi\/po\/projekteh\/ovttasbargoguimmiid-proseavttat\/projekteh-joodoost\/","title":{"rendered":"Projekteh, moh l\u00e1\u00e1 joo\u0111oost"},"content":{"rendered":"<h2>Ovt\u00e2spargokuoimij tu\u00e1imee projekteh<\/h2>\n<h3>Pu\u00e1suip\u00e4rttiv\u00e1rutt\u00e2s\u00e2i vaikutt\u00e2sah -kieddiiskos<\/h3>\n<p><a href=\"http:\/\/www.varoporoa.fi\/study\/\">Pu\u00e1suip\u00e4rttiv\u00e1rutt\u00e2s\u00e2i vaikutt\u00e2sah<\/a>, kieddi-iskos (PoroFOT) projektist porg\u00e2p pu\u00e1suipaartij kepidem oovd\u00e2n. Taat t\u00e1b\u00e1htuv\u00e1 kyevti vuovvijn:<\/p>\n<p>1) Jotol\u00e2hvaah\u00e2g\u00e1rvu\u0161t\u00e2lleeh (pu\u00e1suiulmuuh) piejih pu\u00e1suipaartijd elektronl\u00e2\u0161 k\u00e1\u00e1rt\u00e1n, kost ti\u00e4tu sird\u00e2\u0161uv\u00e1 ki\u00e4inu ool\u00e2, el. u\u0111\u0111\u00e2sumosij avdoi TMC-navigaattorrustigij larm\u00e2d\u00e2s\u00e2n: (elleeh ki\u00e4inu alne)<\/p>\n<p>2) Proojeekt mield porg\u00e2\u0111 reaali\u00e1ig\u00e1s\u00e2\u0161 v\u00e1ruttem oovd\u00e2n poccui pirr\u00e2 jiermipuhelin peht.<\/p>\n<p><a href=\"https:\/\/paliskunnat.fi\/po\/wp-content\/uploads\/2015\/01\/varo_poroa.jpg\" rel=\"lightbox[2275]\"><img loading=\"lazy\" decoding=\"async\" class=\"wp-image-4067 alignnone\" src=\"https:\/\/paliskunnat.fi\/po\/wp-content\/uploads\/2015\/01\/varo_poroa.jpg\" alt=\"varoporoa.fi\" width=\"460\" height=\"288\" srcset=\"https:\/\/paliskunnat.fi\/po\/wp-content\/uploads\/2015\/01\/varo_poroa.jpg 800w, https:\/\/paliskunnat.fi\/po\/wp-content\/uploads\/2015\/01\/varo_poroa-300x188.jpg 300w, https:\/\/paliskunnat.fi\/po\/wp-content\/uploads\/2015\/01\/varo_poroa-768x480.jpg 768w\" sizes=\"auto, (max-width: 460px) 100vw, 460px\" \/><\/a><\/p>\n<p>Proojeekt u\u00e1ivirutt\u00e2deijee lii Liikenteen turvallisuusvirasto (Trafi). Eres rutt\u00e2deijeeh l\u00e1\u00e1 Lappi j\u00e1 Davveba\u0111aeana EJB-ku\u00e1vd\u00e1\u00e1h, Jotol\u00e2htoim\u00e2tt\u00e2h j\u00e1 palg\u00e2sij ovt\u00e2stus. Proojeekt haald\u00e2\u0161 Teknologia tutk\u00e2ml\u00e1j\u00e1d\u00e2s (VTT) j\u00e1 ton ol\u00e1\u0161uttem\u00e1ig\u00e1d\u00e2h lii 1.8.2013-31.10.2015. Proojeekt proojeektjo\u0111etteijen lii Elina Aittoniemi, sajeti\u00e4tu\u00e4\u0161\u0161itobden Ahti Lahtela j\u00e1 ovt\u00e2stus ovd\u00e2steijen stivrimju\u00e1vhust Matti S\u00e4rkel\u00e4.<\/p>\n<h3>Pu\u00e1suiaai\u0111ij pivdoelleetorvol\u00e2\u0161vuot\u00e2 -proojeekt<\/h3>\n<p>Pu\u00e1suiaai\u0111ij pivdoelleetorvol\u00e2\u0161vuo\u0111\u00e2 -proojeekt ulmen lii puovt\u00e2di\u0111 ti\u00e4\u0111u pivdoellei pee\u0161kitmist ai\u0111ijd. Erom\u00e2\u0161\u00e1vt eenn\u00e2mluudijd herkkil\u00e1vt lamm\u00e2\u0161uveh teikk\u00e2 j\u00e4\u00e4mih pee\u0161kitmist aai\u0111ijn. Nubbe t\u00e1\u00e1hust meiddei sorv\u00e2elleeh vah\u00e2gitteh aai\u0111ijd j\u00e1 lasetteh aai\u0111ij tivvoomt\u00e1\u00e1rbu. Projektist vi\u00e4rd\u00e1d\u00e2lloo jie\u0161kote-uvl\u00e1g\u00e1n merkkimvuovij pehtilvuo\u0111\u00e2 esti\u0111 pee\u0161kitmijd toi huksim- j\u00e1 materiaalku\u00e1st\u00e1d\u00e2s\u00e2i j\u00e1 eres jie\u0161vuo\u0111\u00e2i t\u00e1\u00e1hust.<\/p>\n<p>Ulmen lii selv\u00e2tti\u0111 nanos, pir\u00e2sustevl\u00e2\u0161 j\u00e1 ku\u00e1st\u00e1d\u00e2spehtilis merkkimvyevi pee\u0161kitmij kepidem tiet. Projekt\u00e2n v\u00e4ljejum tutk\u00e2m\u00e4\u00e4i\u0111ih l\u00e1\u00e1 Lappi eenn\u00e2mkoddeest Ru\u00e1vinjaarg\u00e2st Ucjuuh\u00e2n. Proojeekt u\u00e1ivirutt\u00e2dem pu\u00e1t\u00e1 Laapi EJB-ku\u00e1vd\u00e1\u00e1 peht Euroop ovdedemrutt\u00e2r\u00e1\u00e1just j\u00e1 eres rutt\u00e2deijeeh l\u00e1\u00e1 Laapi oll\u00e2op\u00e2tt\u00e2h, Meccihald\u00e2tt\u00e2s j\u00e1 Pivdoellee- j\u00e1 kyelitutk\u00e2ml\u00e1j\u00e1d\u00e2s. Proojeekt haald\u00e2\u0161 Laapi oll\u00e2op\u00e2ttuv arkt\u00e2l\u00e2\u0161 ku\u00e1vd\u00e1\u0161 j\u00e1 taan ol\u00e1\u0161uttem\u00e1ig\u00e1d\u00e2h lii 1\/2014 \u2013 4\/2015. Projektist proojeektjo\u0111etteijen lii Markku Vierel\u00e4, s\u00e4mitige ovd\u00e2steijen stivrimju\u00e1vhust lii Heikki Paltto j\u00e1 ovt\u00e2stus ovd\u00e2steijen Matti S\u00e4rkel\u00e4.<\/p>\n<p>&nbsp;<\/p>\n","protected":false},"excerpt":{"rendered":"<p>Ovt\u00e2spargokuoimij tu\u00e1imee projekteh Pu\u00e1suip\u00e4rttiv\u00e1rutt\u00e2s\u00e2i vaikutt\u00e2sah -kieddiiskos Pu\u00e1suip\u00e4rttiv\u00e1rutt\u00e2s\u00e2i vaikutt\u00e2sah, kieddi-iskos (PoroFOT) projektist porg\u00e2p pu\u00e1suipaartij kepidem oovd\u00e2n. Taat t\u00e1b\u00e1htuv\u00e1 kyevti vuovvijn: 1) Jotol\u00e2hvaah\u00e2g\u00e1rvu\u0161t\u00e2lleeh (pu\u00e1suiulmuuh) piejih pu\u00e1suipaartijd elektronl\u00e2\u0161 k\u00e1\u00e1rt\u00e1n, kost ti\u00e4tu sird\u00e2\u0161uv\u00e1 ki\u00e4inu ool\u00e2, el. u\u0111\u0111\u00e2sumosij avdoi TMC-navigaattorrustigij larm\u00e2d\u00e2s\u00e2n: (elleeh ki\u00e4inu alne) 2) Proojeekt mield porg\u00e2\u0111 reaali\u00e1ig\u00e1s\u00e2\u0161 v\u00e1ruttem oovd\u00e2n poccui pirr\u00e2 jiermipuhelin peht. Proojeekt u\u00e1ivirutt\u00e2deijee lii Liikenteen turvallisuusvirasto [&hellip;]<\/p>\n","protected":false},"author":1,"featured_media":0,"parent":458,"menu_order":0,"comment_status":"open","ping_status":"closed","template":"","meta":{"footnotes":""},"class_list":["post-2275","page","type-page","status-publish","hentry"],"_links":{"self":[{"href":"https:\/\/paliskunnat.fi\/po\/wp-json\/wp\/v2\/pages\/2275","targetHints":{"allow":["GET"]}}],"collection":[{"href":"https:\/\/paliskunnat.fi\/po\/wp-json\/wp\/v2\/pages"}],"about":[{"href":"https:\/\/paliskunnat.fi\/po\/wp-json\/wp\/v2\/types\/page"}],"author":[{"embeddable":true,"href":"https:\/\/paliskunnat.fi\/po\/wp-json\/wp\/v2\/users\/1"}],"replies":[{"embeddable":true,"href":"https:\/\/paliskunnat.fi\/po\/wp-json\/wp\/v2\/comments?post=2275"}],"version-history":[{"count":2,"href":"https:\/\/paliskunnat.fi\/po\/wp-json\/wp\/v2\/pages\/2275\/revisions"}],"predecessor-version":[{"id":5506,"href":"https:\/\/paliskunnat.fi\/po\/wp-json\/wp\/v2\/pages\/2275\/revisions\/5506"}],"up":[{"embeddable":true,"href":"https:\/\/paliskunnat.fi\/po\/wp-json\/wp\/v2\/pages\/458"}],"wp:attachment":[{"href":"https:\/\/paliskunnat.fi\/po\/wp-json\/wp\/v2\/media?parent=2275"}],"curies":[{"name":"wp","href":"https:\/\/api.w.org\/{rel}","templated":true}]}}