{"id":237,"date":"2014-08-27T15:49:29","date_gmt":"2014-08-27T12:49:29","guid":{"rendered":"http:\/\/80.69.171.23\/py\/?page_id=237"},"modified":"2024-03-11T10:33:34","modified_gmt":"2024-03-11T08:33:34","slug":"puasuiparlament","status":"publish","type":"page","link":"https:\/\/paliskunnat.fi\/po\/organisaatio-ja-haldattas\/puasuiparlament\/","title":{"rendered":"Pu\u00e1suiparlament"},"content":{"rendered":"<h2>Pu\u00e1suiparlament<\/h2>\n<p>Pu\u00e1suiparlament lii Palg\u00e2sij ovt\u00e2stus ih\u00e1s\u00e2\u0161 ovd\u00e2steijee\u010du\u00e1kkim. \u010cu\u00e1kkimist kevttih meridi\u0111#v\u00e4ldi palg\u00e2seh, maid ovd\u00e2steh pu\u00e1suiom\u00e2steijeeh, palg\u00e2sij pu\u00e1suilovoi mield.<\/p>\n\n\t\t<style type=\"text\/css\">\n\t\t\t#gallery-1 {\n\t\t\t\tmargin: auto;\n\t\t\t}\n\t\t\t#gallery-1 .gallery-item {\n\t\t\t\tfloat: left;\n\t\t\t\tmargin-top: 10px;\n\t\t\t\ttext-align: center;\n\t\t\t\twidth: 33%;\n\t\t\t}\n\t\t\t#gallery-1 img {\n\t\t\t\tborder: 2px solid #cfcfcf;\n\t\t\t}\n\t\t\t#gallery-1 .gallery-caption {\n\t\t\t\tmargin-left: 0;\n\t\t\t}\n\t\t\t\/* see gallery_shortcode() in wp-includes\/media.php *\/\n\t\t<\/style>\n\t\t<div id='gallery-1' class='gallery galleryid-237 gallery-columns-3 gallery-size-thumbnail'><dl class='gallery-item'>\n\t\t\t<dt class='gallery-icon landscape'>\n\t\t\t\t<a href='https:\/\/paliskunnat.fi\/po\/wp-content\/uploads\/2014\/08\/kuva05a.jpg' rel=\"lightbox[237]\"><img loading=\"lazy\" decoding=\"async\" width=\"150\" height=\"150\" src=\"https:\/\/paliskunnat.fi\/po\/wp-content\/uploads\/2014\/08\/kuva05a-150x150.jpg\" class=\"attachment-thumbnail size-thumbnail\" alt=\"\" \/><\/a>\n\t\t\t<\/dt><\/dl><dl class='gallery-item'>\n\t\t\t<dt class='gallery-icon landscape'>\n\t\t\t\t<a href='https:\/\/paliskunnat.fi\/po\/wp-content\/uploads\/2014\/08\/kuva01a.jpg' rel=\"lightbox[237]\"><img loading=\"lazy\" decoding=\"async\" width=\"150\" height=\"150\" src=\"https:\/\/paliskunnat.fi\/po\/wp-content\/uploads\/2014\/08\/kuva01a-150x150.jpg\" class=\"attachment-thumbnail size-thumbnail\" alt=\"\" \/><\/a>\n\t\t\t<\/dt><\/dl><dl class='gallery-item'>\n\t\t\t<dt class='gallery-icon portrait'>\n\t\t\t\t<a href='https:\/\/paliskunnat.fi\/po\/wp-content\/uploads\/2014\/08\/kuva06a.jpg' rel=\"lightbox[237]\"><img loading=\"lazy\" decoding=\"async\" width=\"150\" height=\"150\" src=\"https:\/\/paliskunnat.fi\/po\/wp-content\/uploads\/2014\/08\/kuva06a-150x150.jpg\" class=\"attachment-thumbnail size-thumbnail\" alt=\"\" \/><\/a>\n\t\t\t<\/dt><\/dl><br style=\"clear: both\" \/><dl class='gallery-item'>\n\t\t\t<dt class='gallery-icon landscape'>\n\t\t\t\t<a href='https:\/\/paliskunnat.fi\/po\/wp-content\/uploads\/2014\/08\/P1110642.jpg' rel=\"lightbox[237]\"><img loading=\"lazy\" decoding=\"async\" width=\"150\" height=\"150\" src=\"https:\/\/paliskunnat.fi\/po\/wp-content\/uploads\/2014\/08\/P1110642-150x150.jpg\" class=\"attachment-thumbnail size-thumbnail\" alt=\"\" \/><\/a>\n\t\t\t<\/dt><\/dl><dl class='gallery-item'>\n\t\t\t<dt class='gallery-icon landscape'>\n\t\t\t\t<a href='https:\/\/paliskunnat.fi\/po\/wp-content\/uploads\/2014\/08\/kuva1a.jpg' rel=\"lightbox[237]\"><img loading=\"lazy\" decoding=\"async\" width=\"150\" height=\"150\" src=\"https:\/\/paliskunnat.fi\/po\/wp-content\/uploads\/2014\/08\/kuva1a-150x150.jpg\" class=\"attachment-thumbnail size-thumbnail\" alt=\"\" \/><\/a>\n\t\t\t<\/dt><\/dl><dl class='gallery-item'>\n\t\t\t<dt class='gallery-icon landscape'>\n\t\t\t\t<a href='https:\/\/paliskunnat.fi\/po\/wp-content\/uploads\/2014\/08\/kuva3a.jpg' rel=\"lightbox[237]\"><img loading=\"lazy\" decoding=\"async\" width=\"150\" height=\"150\" src=\"https:\/\/paliskunnat.fi\/po\/wp-content\/uploads\/2014\/08\/kuva3a-150x150.jpg\" class=\"attachment-thumbnail size-thumbnail\" alt=\"\" \/><\/a>\n\t\t\t<\/dt><\/dl><br style=\"clear: both\" \/>\n\t\t<\/div>\n\n<p>Vuosmu\u0161 pu\u00e1suiparlament u\u00e1rnejui ive 1948. Taan \u00e4\u00e4igi Pu\u00e1suiparlament lii kyehti#peivi pu\u00e1suiviev\u00e2 ive teh\u00e1lumos t\u00e1b\u00e1htus. Tot u\u00e1rnejuvvoo t\u00e1v\u00e1l\u00e1vt kesim\u00e1\u00e1nu vuosmu\u0161 vuossarg\u00e2 j\u00e1 majebarg\u00e2. Saijeen lii vu\u00e1h\u00e1dutt\u00e1m Ru\u00e1vinjarg\u00e2. Pu\u00e1suiparlament \u010du\u00e1kkee suull\u00e2n 350-450 u\u00e1s\u00e1listee. U\u00e1s\u00e1listeeh l\u00e1\u00e1 pu\u00e1suitu\u00e1lu \u00e1\u00e1mm\u00e1tulmuuh, stat\u00e2hald\u00e2tt\u00e2s seervij ovd\u00e2steijeeh, totkeeh, politijkk\u00e1reh j\u00e1 i\u00e4r\u00e1seh, ki\u00e4h l\u00e1\u00e1 kiddiistum pu\u00e1suitu\u00e1lust.<\/p>\n<p>Vuosmuu \u010du\u00e1kkimpeeivi pu\u00e1suiparlameentist kuull\u00e2p stat\u00e2hald\u00e2tt\u00e2s tierv\u00e2svuo\u0111\u00e2id j\u00e1 \u00e4\u0161\u0161itobdeeluv\u00e2lduv\u00e2id, moi teeman l\u00e1\u00e1 pu\u00e1suitu\u00e1lust ku\u00e1s-uv \u00e4igikyevdilis \u00e4\u0161\u0161iub\u00e2l\u00e2\u0161vuo\u0111ah. Parlamentsah\u00e2vu\u00e1ruid almostitti\u0111 Poromies-l\u00e4\u00e4\u0111ist. Nubbe \u010du\u00e1kkimpeeivi kie\u0111\u00e2vu\u0161\u0161\u00e2p ovt\u00e2stus ihemu\u0161t\u00e2lus, rutt\u00e2tu\u00e1lu j\u00e1 ekonomia- j\u00e1 toim\u00e2vu\u00e1v\u00e1\u00e1meh.<\/p>\n","protected":false},"excerpt":{"rendered":"<p>Pu\u00e1suiparlament Pu\u00e1suiparlament lii Palg\u00e2sij ovt\u00e2stus ih\u00e1s\u00e2\u0161 ovd\u00e2steijee\u010du\u00e1kkim. \u010cu\u00e1kkimist kevttih meridi\u0111#v\u00e4ldi palg\u00e2seh, maid ovd\u00e2steh pu\u00e1suiom\u00e2steijeeh, palg\u00e2sij pu\u00e1suilovoi mield. Vuosmu\u0161 pu\u00e1suiparlament u\u00e1rnejui ive 1948. Taan \u00e4\u00e4igi Pu\u00e1suiparlament lii kyehti#peivi pu\u00e1suiviev\u00e2 ive teh\u00e1lumos t\u00e1b\u00e1htus. Tot u\u00e1rnejuvvoo t\u00e1v\u00e1l\u00e1vt kesim\u00e1\u00e1nu vuosmu\u0161 vuossarg\u00e2 j\u00e1 majebarg\u00e2. Saijeen lii vu\u00e1h\u00e1dutt\u00e1m Ru\u00e1vinjarg\u00e2. Pu\u00e1suiparlament \u010du\u00e1kkee suull\u00e2n 350-450 u\u00e1s\u00e1listee. U\u00e1s\u00e1listeeh l\u00e1\u00e1 pu\u00e1suitu\u00e1lu \u00e1\u00e1mm\u00e1tulmuuh, stat\u00e2hald\u00e2tt\u00e2s seervij ovd\u00e2steijeeh, [&hellip;]<\/p>\n","protected":false},"author":1,"featured_media":0,"parent":3945,"menu_order":7,"comment_status":"open","ping_status":"closed","template":"","meta":{"footnotes":""},"class_list":["post-237","page","type-page","status-publish","hentry"],"_links":{"self":[{"href":"https:\/\/paliskunnat.fi\/po\/wp-json\/wp\/v2\/pages\/237","targetHints":{"allow":["GET"]}}],"collection":[{"href":"https:\/\/paliskunnat.fi\/po\/wp-json\/wp\/v2\/pages"}],"about":[{"href":"https:\/\/paliskunnat.fi\/po\/wp-json\/wp\/v2\/types\/page"}],"author":[{"embeddable":true,"href":"https:\/\/paliskunnat.fi\/po\/wp-json\/wp\/v2\/users\/1"}],"replies":[{"embeddable":true,"href":"https:\/\/paliskunnat.fi\/po\/wp-json\/wp\/v2\/comments?post=237"}],"version-history":[{"count":4,"href":"https:\/\/paliskunnat.fi\/po\/wp-json\/wp\/v2\/pages\/237\/revisions"}],"predecessor-version":[{"id":6066,"href":"https:\/\/paliskunnat.fi\/po\/wp-json\/wp\/v2\/pages\/237\/revisions\/6066"}],"up":[{"embeddable":true,"href":"https:\/\/paliskunnat.fi\/po\/wp-json\/wp\/v2\/pages\/3945"}],"wp:attachment":[{"href":"https:\/\/paliskunnat.fi\/po\/wp-json\/wp\/v2\/media?parent=237"}],"curies":[{"name":"wp","href":"https:\/\/api.w.org\/{rel}","templated":true}]}}