{"id":2616,"date":"2015-02-23T13:45:06","date_gmt":"2015-02-23T11:45:06","guid":{"rendered":"http:\/\/80.69.171.23\/py\/?page_id=2616"},"modified":"2024-03-11T10:45:08","modified_gmt":"2024-03-11T08:45:08","slug":"tutkamtiaduh","status":"publish","type":"page","link":"https:\/\/paliskunnat.fi\/po\/puasuitiaduh\/tutkamtiaduh\/","title":{"rendered":"Tutk\u00e2mti\u00e4\u0111uh"},"content":{"rendered":"<h2>Tutk\u00e2mti\u00e4\u0111uh poccust j\u00e1 pu\u00e1suitu\u00e1lust<\/h2>\n<p><strong>Lu\u00e1nduriggod\u00e2hku\u00e1vd\u00e1\u00e1 olgosadald\u00e2huucc\u00e2m<br \/>\n<\/strong><strong>Luonnonvarakeskuksen julkaisuhaku<\/strong><\/p>\n<p><a href=\"http:\/\/jukuri.luke.fi\/search?query=%28poro%29%20OR%20%28reindeer%29&amp;submit=Hae\">jukuri.luke.fi<\/a><\/p>\n<p><strong>Rangifer-tie\u0111\u00e2olgosadald\u00e2h<br \/>\n<\/strong><strong>Rangifer-tiedejulkaisu<\/strong><\/p>\n<p>Taa\u017e\u00e2 poccui j\u00e1 karibui vu\u00e1ijum tie\u0111\u00e2olgosadald\u00e2h. Luuh\u00e2mn\u00e1\u00e1l\u00e1n \u010dujott\u00e2s\u00e2st: <a href=\"http:\/\/septentrio.uit.no\/index.php\/rangifer\/index\">http:\/\/www.ub.uit.no\/baser\/rangifer<\/a><\/p>\n<p>&nbsp;<\/p>\n<p>&nbsp;<\/p>\n<p>&nbsp;<\/p>\n","protected":false},"excerpt":{"rendered":"<p>Tutk\u00e2mti\u00e4\u0111uh poccust j\u00e1 pu\u00e1suitu\u00e1lust Lu\u00e1nduriggod\u00e2hku\u00e1vd\u00e1\u00e1 olgosadald\u00e2huucc\u00e2m Luonnonvarakeskuksen julkaisuhaku jukuri.luke.fi Rangifer-tie\u0111\u00e2olgosadald\u00e2h Rangifer-tiedejulkaisu Taa\u017e\u00e2 poccui j\u00e1 karibui vu\u00e1ijum tie\u0111\u00e2olgosadald\u00e2h. Luuh\u00e2mn\u00e1\u00e1l\u00e1n \u010dujott\u00e2s\u00e2st: http:\/\/www.ub.uit.no\/baser\/rangifer &nbsp; &nbsp; &nbsp;<\/p>\n","protected":false},"author":1,"featured_media":0,"parent":179,"menu_order":0,"comment_status":"open","ping_status":"closed","template":"","meta":{"footnotes":""},"class_list":["post-2616","page","type-page","status-publish","hentry"],"_links":{"self":[{"href":"https:\/\/paliskunnat.fi\/po\/wp-json\/wp\/v2\/pages\/2616","targetHints":{"allow":["GET"]}}],"collection":[{"href":"https:\/\/paliskunnat.fi\/po\/wp-json\/wp\/v2\/pages"}],"about":[{"href":"https:\/\/paliskunnat.fi\/po\/wp-json\/wp\/v2\/types\/page"}],"author":[{"embeddable":true,"href":"https:\/\/paliskunnat.fi\/po\/wp-json\/wp\/v2\/users\/1"}],"replies":[{"embeddable":true,"href":"https:\/\/paliskunnat.fi\/po\/wp-json\/wp\/v2\/comments?post=2616"}],"version-history":[{"count":11,"href":"https:\/\/paliskunnat.fi\/po\/wp-json\/wp\/v2\/pages\/2616\/revisions"}],"predecessor-version":[{"id":6077,"href":"https:\/\/paliskunnat.fi\/po\/wp-json\/wp\/v2\/pages\/2616\/revisions\/6077"}],"up":[{"embeddable":true,"href":"https:\/\/paliskunnat.fi\/po\/wp-json\/wp\/v2\/pages\/179"}],"wp:attachment":[{"href":"https:\/\/paliskunnat.fi\/po\/wp-json\/wp\/v2\/media?parent=2616"}],"curies":[{"name":"wp","href":"https:\/\/api.w.org\/{rel}","templated":true}]}}