{"id":280,"date":"2014-08-29T11:33:10","date_gmt":"2014-08-29T08:33:10","guid":{"rendered":"http:\/\/80.69.171.23\/py\/?page_id=280"},"modified":"2024-03-11T10:31:36","modified_gmt":"2024-03-11T08:31:36","slug":"ohtavuotatiaduh","status":"publish","type":"page","link":"https:\/\/paliskunnat.fi\/po\/organisaatio-ja-haldattas\/ohtavuotatiaduh\/","title":{"rendered":"Oht\u00e2vuot\u00e2ti\u00e4\u0111uh"},"content":{"rendered":"<h2>Oht\u00e2vuot\u00e2ti\u00e4\u0111uh<\/h2>\n<h3>Post\u00e2\u010dujott\u00e2s:<\/h3>\n<p>Palg\u00e2sij ovt\u00e2stus<br \/>\nPL 8168 96101<br \/>\nRu\u00e1vinjarg\u00e2<\/p>\n<h3>Eellim\u010dujott\u00e2s:<\/h3>\n<p>Koskikatu 33 A<br \/>\n96100 Rovaniemi<\/p>\n<p><iframe loading=\"lazy\" style=\"border: 0;\" src=\"https:\/\/www.google.com\/maps\/embed?pb=!1m18!1m12!1m3!1d12721.380243447416!2d25.738921976954355!3d66.51196017000365!2m3!1f0!2f0!3f0!3m2!1i1024!2i768!4f13.1!3m3!1m2!1s0x442b4b8c5ef9044f%3A0xab51e3814533eb92!2sPaliskuntain+yhdistys!5e0!3m2!1sfi!2sfi!4v1409389539713\" width=\"650\" height=\"400\" frameborder=\"0\"><\/iframe><\/p>\n<h3>Ti\u00e4\u0111ui luov\u00e2ttem tutk\u00e2mki\u00e4vtun:<\/h3>\n<p>Ti\u00e4tut\u00e1ttum Palg\u00e2sij ovt\u00e2stus registeris (printtim v\u00e1r\u00e1s, <a href=\"https:\/\/paliskunnat.fi\/bo\/wp-content\/uploads\/2014\/10\/tietopyynto_py_rekisterista.pdf\">PDF-ti\u00e4tuvu\u00e1rkk\u00e1<\/a> 77 kt, suom\u00e2kiel\u00e2n)<\/p>\n<p>Ti\u00e4tut\u00e1ttum Palg\u00e2sij ovt\u00e2stus registeris (pu\u00e1ht\u00e1 nu\u00e1b\u00e1smitti\u0111, <a href=\"https:\/\/paliskunnat.fi\/bo\/wp-content\/uploads\/2014\/11\/tietopyynto_py_rekisterista.doc\">Word-ti\u00e4tuvu\u00e1rkk\u00e1<\/a> 194 kt, suom\u00e2kiel\u00e2n)<\/p>\n<p>&nbsp;<\/p>\n<p>&nbsp;<\/p>\n<p><!--more--><\/p>\n<h2>Puhelin j\u00e1 \u0161le\u0111g\u00e2post\u00e2<\/h2>\n<p>Puhelin: +358 16\u00a0331 6000<br \/>\n&#x6b;i&#x72;&#106;&#x61;&#97;m&#x6f;&#64;&#x70;&#97;l&#x69;&#115;&#x6b;&#117;n&#x6e;a&#x74;&#46;&#x66;&#x69;<br \/>\nToim\u00e2tt\u00e2h lii \u00e1vus aarg\u00e2i<br \/>\ntme. 8:00 &#8211; 16:00<\/p>\n<h2>Poromies-l\u00e4\u00e4\u0111i<\/h2>\n<p><a href=\"https:\/\/paliskunnat.fi\/po\/wp-content\/uploads\/2023\/12\/Poromies-lehti-mediakortti-2024.pdf\">Mediakortt\u00e2 2024<\/a> (suom\u00e2kiel\u00e2n)<br \/>\nToim\u00e2tt\u00e2s\u010d\u00e4llee (puhelin):<br \/>\n+358 400 633\u00a0159<\/p>\n<h2>WWW-lii\u014bkah:<\/h2>\n<p><a href=\"http:\/\/www.pororeseptit.fi\/\">www.pororeseptit.fi<\/a><\/p>\n<p><a href=\"https:\/\/www.facebook.com\/Paliskuntainyhdistys\">www.facebook.com\/<br \/>\nPaliskuntainyhdistys<\/a><\/p>\n<p><a href=\"https:\/\/www.facebook.com\/porokilpailijat\">www.facebook.com\/<br \/>\nporokilpailijat<\/a><\/p>\n<p><a href=\"http:\/\/www.facebook.com\/Pororeseptit\">www.facebook.com\/<br \/>\n<\/a><a style=\"line-height: 1.5;\" href=\"http:\/\/www.facebook.com\/Pororeseptit\">Pororeseptit<\/a><\/p>\n<p>&nbsp;<\/p>\n","protected":false},"excerpt":{"rendered":"<p>Oht\u00e2vuot\u00e2ti\u00e4\u0111uh Post\u00e2\u010dujott\u00e2s: Palg\u00e2sij ovt\u00e2stus PL 8168 96101 Ru\u00e1vinjarg\u00e2 Eellim\u010dujott\u00e2s: Koskikatu 33 A 96100 Rovaniemi Ti\u00e4\u0111ui luov\u00e2ttem tutk\u00e2mki\u00e4vtun: Ti\u00e4tut\u00e1ttum Palg\u00e2sij ovt\u00e2stus registeris (printtim v\u00e1r\u00e1s, PDF-ti\u00e4tuvu\u00e1rkk\u00e1 77 kt, suom\u00e2kiel\u00e2n) Ti\u00e4tut\u00e1ttum Palg\u00e2sij ovt\u00e2stus registeris (pu\u00e1ht\u00e1 nu\u00e1b\u00e1smitti\u0111, Word-ti\u00e4tuvu\u00e1rkk\u00e1 194 kt, suom\u00e2kiel\u00e2n) &nbsp; &nbsp;<\/p>\n","protected":false},"author":1,"featured_media":0,"parent":3945,"menu_order":2,"comment_status":"open","ping_status":"closed","template":"","meta":{"footnotes":""},"class_list":["post-280","page","type-page","status-publish","hentry"],"_links":{"self":[{"href":"https:\/\/paliskunnat.fi\/po\/wp-json\/wp\/v2\/pages\/280","targetHints":{"allow":["GET"]}}],"collection":[{"href":"https:\/\/paliskunnat.fi\/po\/wp-json\/wp\/v2\/pages"}],"about":[{"href":"https:\/\/paliskunnat.fi\/po\/wp-json\/wp\/v2\/types\/page"}],"author":[{"embeddable":true,"href":"https:\/\/paliskunnat.fi\/po\/wp-json\/wp\/v2\/users\/1"}],"replies":[{"embeddable":true,"href":"https:\/\/paliskunnat.fi\/po\/wp-json\/wp\/v2\/comments?post=280"}],"version-history":[{"count":8,"href":"https:\/\/paliskunnat.fi\/po\/wp-json\/wp\/v2\/pages\/280\/revisions"}],"predecessor-version":[{"id":6065,"href":"https:\/\/paliskunnat.fi\/po\/wp-json\/wp\/v2\/pages\/280\/revisions\/6065"}],"up":[{"embeddable":true,"href":"https:\/\/paliskunnat.fi\/po\/wp-json\/wp\/v2\/pages\/3945"}],"wp:attachment":[{"href":"https:\/\/paliskunnat.fi\/po\/wp-json\/wp\/v2\/media?parent=280"}],"curies":[{"name":"wp","href":"https:\/\/api.w.org\/{rel}","templated":true}]}}