{"id":284,"date":"2014-08-29T11:37:14","date_gmt":"2014-08-29T08:37:14","guid":{"rendered":"http:\/\/80.69.171.23\/py\/?page_id=284"},"modified":"2025-10-29T09:26:50","modified_gmt":"2025-10-29T07:26:50","slug":"poromies","status":"publish","type":"page","link":"https:\/\/paliskunnat.fi\/po\/organisaatio-ja-haldattas\/poromies\/","title":{"rendered":"Poromies-l\u00e4\u00e4\u0111i"},"content":{"rendered":"<h2>Poromies-l\u00e4\u00e4\u0111i<\/h2>\n<p>Poromies lii pu\u00e1suitu\u00e1lu \u00e1\u00e1mm\u00e1tl\u00e4\u00e4\u0111i. Tot lii \u010dallum sehe i\u00e4l\u00e1tt\u00e2s\u00e2in pargee pajeulmuid, \u010don\u00e2sju\u00e1vhoid j\u00e1 puohh\u00e1id, ki\u00e4h l\u00e1\u00e1 kiddiistum pu\u00e1suitu\u00e1lun kullee aa\u0161ijn.<\/p>\n<p>Vuosmu\u0161 Poromies almostui ive 1931. L\u00e4\u00e4\u0111i ij almostum iivijn 1939 j\u00e1 1944 j\u00e1 iveh 1945-47 l\u00e1\u00e1 merkkejum oht\u00e2n ihekerdin. Mudoi l\u00e4\u00e4\u0111i lii almostum jyevdil\u00e1vt ih\u00e1s\u00e1vt.<\/p>\n<p>U\u00e1ivitoim\u00e2tteijee: Hanna Nurmi<\/p>\n<p>Toim\u00e2tt\u00e2s\u010d\u00e4llee: Tarja Konstig<\/p>\n<h2><a href=\"https:\/\/paliskunnat.fi\/po\/wp-content\/uploads\/2018\/12\/poromieslehti.jpg\" rel=\"lightbox[284]\"><img loading=\"lazy\" decoding=\"async\" class=\"alignnone wp-image-5694\" src=\"https:\/\/paliskunnat.fi\/po\/wp-content\/uploads\/2018\/12\/poromieslehti.jpg\" alt=\"Poromies-l\u00e4\u00e4\u0111i\" width=\"460\" height=\"307\" srcset=\"https:\/\/paliskunnat.fi\/po\/wp-content\/uploads\/2018\/12\/poromieslehti.jpg 1100w, https:\/\/paliskunnat.fi\/po\/wp-content\/uploads\/2018\/12\/poromieslehti-300x200.jpg 300w, https:\/\/paliskunnat.fi\/po\/wp-content\/uploads\/2018\/12\/poromieslehti-768x512.jpg 768w, https:\/\/paliskunnat.fi\/po\/wp-content\/uploads\/2018\/12\/poromieslehti-1024x682.jpg 1024w\" sizes=\"auto, (max-width: 460px) 100vw, 460px\" \/><\/a><\/h2>\n<p><!--more--><\/p>\n<h2><strong>Tiil\u00e1\u00e1 Poromies-l\u00e4\u00e4\u0111i<\/strong><\/h2>\n<p>Tiil\u00e1\u00e1 teddili\u0111 Poromies-l\u00e4\u00e4\u0111i \u0161le\u0111g\u00e2poost\u00e2in: &#107;&#x69;&#114;&#x6a;&#97;&#x61;m&#x6f;&#64;&#x70;a&#108;&#x69;&#115;&#x6b;&#117;&#x6e;&#110;&#x61;t&#x2e;f&#x69;<\/p>\n<p><img decoding=\"async\" src=\"https:\/\/feed.lehtiluukku.fi\/cover?id=634\" alt=\"\" \/><\/p>\n<h2>Mediakortt\u00e2<\/h2>\n<p><a href=\"https:\/\/paliskunnat.fi\/po\/wp-content\/uploads\/2024\/11\/poromies-lehti-mediakortti-2025.pdf\">Mediakortti 2025<\/a><\/p>\n<p>Almott\u00e2svu\u00e1bdu:<br \/>\ntarja&#46;konstig&#64;paliskunna&#116;&#46;&#102;&#105;<br \/>\n0400 633 159<\/p>\n<h2>Toim\u00e2tt\u00e2skodde<\/h2>\n<p>Nurmi Hanna<br \/>\n&#8212;&#8212;&#8212;&#8212;&#8212;&#8211;<br \/>\nAngeli Maaren<br \/>\nHeikkil\u00e4 Elisa<br \/>\nJortikka Aarre<br \/>\nKela Sarai-Natalia<br \/>\nKonstig Tarja<br \/>\nSanaksenaho Vilma<br \/>\nUkkola Viola<\/p>\n","protected":false},"excerpt":{"rendered":"<p>Poromies-lehti on poroalan ammattilehti. Se ilmestyy kuudesti vuodessa. Ensimm\u00e4inen Poromies ilmestyi vuonna 1931. <\/p>\n","protected":false},"author":1,"featured_media":0,"parent":3945,"menu_order":3,"comment_status":"open","ping_status":"closed","template":"","meta":{"footnotes":""},"class_list":["post-284","page","type-page","status-publish","hentry"],"_links":{"self":[{"href":"https:\/\/paliskunnat.fi\/po\/wp-json\/wp\/v2\/pages\/284","targetHints":{"allow":["GET"]}}],"collection":[{"href":"https:\/\/paliskunnat.fi\/po\/wp-json\/wp\/v2\/pages"}],"about":[{"href":"https:\/\/paliskunnat.fi\/po\/wp-json\/wp\/v2\/types\/page"}],"author":[{"embeddable":true,"href":"https:\/\/paliskunnat.fi\/po\/wp-json\/wp\/v2\/users\/1"}],"replies":[{"embeddable":true,"href":"https:\/\/paliskunnat.fi\/po\/wp-json\/wp\/v2\/comments?post=284"}],"version-history":[{"count":24,"href":"https:\/\/paliskunnat.fi\/po\/wp-json\/wp\/v2\/pages\/284\/revisions"}],"predecessor-version":[{"id":6143,"href":"https:\/\/paliskunnat.fi\/po\/wp-json\/wp\/v2\/pages\/284\/revisions\/6143"}],"up":[{"embeddable":true,"href":"https:\/\/paliskunnat.fi\/po\/wp-json\/wp\/v2\/pages\/3945"}],"wp:attachment":[{"href":"https:\/\/paliskunnat.fi\/po\/wp-json\/wp\/v2\/media?parent=284"}],"curies":[{"name":"wp","href":"https:\/\/api.w.org\/{rel}","templated":true}]}}