{"id":287,"date":"2014-08-29T11:43:49","date_gmt":"2014-08-29T08:43:49","guid":{"rendered":"http:\/\/80.69.171.23\/py\/?page_id=287"},"modified":"2018-01-19T13:34:37","modified_gmt":"2018-01-19T11:34:37","slug":"rajiaaidih","status":"publish","type":"page","link":"https:\/\/paliskunnat.fi\/po\/organisaatio-ja-haldattas\/rajiaaidih\/","title":{"rendered":"R\u00e4ji\u00e4\u00e4i\u0111ih"},"content":{"rendered":"<h2>V\u00e4ldikuudij ri\u00e4\u0111h\u00e2\u0161 r\u00e4jipu\u00e1suieest\u00e2aai\u0111ijd<\/h2>\n<p>Palg\u00e2sij ovt\u00e2stus v\u00e4stid r\u00e4jipu\u00e1suieest\u00e2aai\u0111ijd paijeentooll\u00e2mist j\u00e1 vu\u00e1\u0111utivvoomist v\u00e4ldikode raajijn eenn\u00e2m- j\u00e1 vyevditu\u00e1luministeri\u00f6 pargokojosis. Pu\u00e1sui\u00e4\u00e4i\u0111ih l\u00e1\u00e1 huksejum Ruo\u0161\u00e2 j\u00e1 Taa\u017e\u00e2 raajijd. Toi ulmen lii tu\u00e1rju\u0111 poccui ku\u00e1\u0111uttem j\u00e1 cogg\u00e2\u0111 poccui varriist\u00e2ll\u00e2m v\u00e4ldikuudij raajij paijeel. Taa\u017e\u00e2 \u00e4\u00e4i\u0111i paijeentooll\u00e2p jyohhum ovd\u00e2sv\u00e1st\u00e1d\u00e2sku\u00e1vlui mield. Ruo\u0161\u00e2 r\u00e4\u00e4jist pu\u00e1suicogg\u00e2maai\u0111ij huksimist j\u00e1 paijeentooll\u00e2mist v\u00e4stid Suom\u00e2.<\/p>\n\n\t\t<style type=\"text\/css\">\n\t\t\t#gallery-1 {\n\t\t\t\tmargin: auto;\n\t\t\t}\n\t\t\t#gallery-1 .gallery-item {\n\t\t\t\tfloat: left;\n\t\t\t\tmargin-top: 10px;\n\t\t\t\ttext-align: center;\n\t\t\t\twidth: 33%;\n\t\t\t}\n\t\t\t#gallery-1 img {\n\t\t\t\tborder: 2px solid #cfcfcf;\n\t\t\t}\n\t\t\t#gallery-1 .gallery-caption {\n\t\t\t\tmargin-left: 0;\n\t\t\t}\n\t\t\t\/* see gallery_shortcode() in wp-includes\/media.php *\/\n\t\t<\/style>\n\t\t<div id='gallery-1' class='gallery galleryid-287 gallery-columns-3 gallery-size-thumbnail'><dl class='gallery-item'>\n\t\t\t<dt class='gallery-icon landscape'>\n\t\t\t\t<a href='https:\/\/paliskunnat.fi\/po\/wp-content\/uploads\/2014\/08\/aitakuva_01.jpg' rel=\"lightbox[287]\"><img loading=\"lazy\" decoding=\"async\" width=\"150\" height=\"150\" src=\"https:\/\/paliskunnat.fi\/po\/wp-content\/uploads\/2014\/08\/aitakuva_01-150x150.jpg\" class=\"attachment-thumbnail size-thumbnail\" alt=\"\" \/><\/a>\n\t\t\t<\/dt><\/dl><dl class='gallery-item'>\n\t\t\t<dt class='gallery-icon landscape'>\n\t\t\t\t<a href='https:\/\/paliskunnat.fi\/po\/wp-content\/uploads\/2014\/08\/aitakuva_02.jpg' rel=\"lightbox[287]\"><img loading=\"lazy\" decoding=\"async\" width=\"150\" height=\"150\" src=\"https:\/\/paliskunnat.fi\/po\/wp-content\/uploads\/2014\/08\/aitakuva_02-150x150.jpg\" class=\"attachment-thumbnail size-thumbnail\" alt=\"\" \/><\/a>\n\t\t\t<\/dt><\/dl><dl class='gallery-item'>\n\t\t\t<dt class='gallery-icon portrait'>\n\t\t\t\t<a href='https:\/\/paliskunnat.fi\/po\/wp-content\/uploads\/2014\/08\/aitakuva_03.jpg' rel=\"lightbox[287]\"><img loading=\"lazy\" decoding=\"async\" width=\"150\" height=\"150\" src=\"https:\/\/paliskunnat.fi\/po\/wp-content\/uploads\/2014\/08\/aitakuva_03-150x150.jpg\" class=\"attachment-thumbnail size-thumbnail\" alt=\"\" \/><\/a>\n\t\t\t<\/dt><\/dl><br style=\"clear: both\" \/><dl class='gallery-item'>\n\t\t\t<dt class='gallery-icon landscape'>\n\t\t\t\t<a href='https:\/\/paliskunnat.fi\/po\/wp-content\/uploads\/2014\/08\/aitakuva_04.jpg' rel=\"lightbox[287]\"><img loading=\"lazy\" decoding=\"async\" width=\"150\" height=\"150\" src=\"https:\/\/paliskunnat.fi\/po\/wp-content\/uploads\/2014\/08\/aitakuva_04-150x150.jpg\" class=\"attachment-thumbnail size-thumbnail\" alt=\"\" \/><\/a>\n\t\t\t<\/dt><\/dl><dl class='gallery-item'>\n\t\t\t<dt class='gallery-icon landscape'>\n\t\t\t\t<a href='https:\/\/paliskunnat.fi\/po\/wp-content\/uploads\/2014\/08\/aitakuva_05.jpg' rel=\"lightbox[287]\"><img loading=\"lazy\" decoding=\"async\" width=\"150\" height=\"150\" src=\"https:\/\/paliskunnat.fi\/po\/wp-content\/uploads\/2014\/08\/aitakuva_05-150x150.jpg\" class=\"attachment-thumbnail size-thumbnail\" alt=\"\" \/><\/a>\n\t\t\t<\/dt><\/dl><dl class='gallery-item'>\n\t\t\t<dt class='gallery-icon landscape'>\n\t\t\t\t<a href='https:\/\/paliskunnat.fi\/po\/wp-content\/uploads\/2014\/08\/aitakuva_06.jpg' rel=\"lightbox[287]\"><img loading=\"lazy\" decoding=\"async\" width=\"150\" height=\"150\" src=\"https:\/\/paliskunnat.fi\/po\/wp-content\/uploads\/2014\/08\/aitakuva_06-150x150.jpg\" class=\"attachment-thumbnail size-thumbnail\" alt=\"\" \/><\/a>\n\t\t\t<\/dt><\/dl><br style=\"clear: both\" \/>\n\t\t<\/div>\n\n<p>&nbsp;<\/p>\n<p>Ruo\u0161\u00e2 j\u00e1 Taa\u017e\u00e2 raajijn l\u00e1\u00e1 ohtsis 1200 kilomeetterid \u00e4\u00e4i\u0111i. Ruo\u0161\u0161\u00e2 r\u00e4\u00e4jist lii \u00e4\u00e4i\u0111i 750 km j\u00e1 Taa\u017e\u00e2 r\u00e4\u00e4jist 450 km. Huksim- j\u00e1 tivvoomkoloh m\u00e1ksojeh pu\u00e1suitu\u00e1lulaav\u00e2 (848\/1990) 39.3 \u00a7 mield staat\u00e2 vaarijn. \u00c4\u00e4i\u0111ih vu\u00e1\u0111uduveh riijk\u00e2i kosk\u00e2sijd stat\u00e2sop\u00e2mu\u0161\u0161\u00e1id.<\/p>\n<p>Palg\u00e2sij ovt\u00e2stus palv\u00e2lus\u00e2st l\u00e1\u00e1 54 u\u00e1si\u00e1ig\u00e1sii \u00e4i\u0111iulmuu 20 sier\u00e2 palg\u00e2sid ku\u00e1vlust cogg\u00e2maai\u0111ij j\u00e1 pargoeenn\u00e2maass\u00e2mvi\u00e4sui huksim j\u00e1 tivvoom v\u00e1r\u00e1s. Vu\u00e1\u0111utivvoom\u00e2n p\u00e1lkk\u00e1\u00e1ttuvvoo toos lasseen ih\u00e1s\u00e1vt tarb\u00e2\u0161l\u00e2\u0161 meeri i\u0161epargoju\u00e1vkku. Pargo joo\u0111eet j\u00e1 u\u00e1rnee \u00e4i\u0111ipargojo\u0111etteijee.<\/p>\n<p>\u00c4i\u0111iulmui j\u00e1 pargonjune ki\u00e4vtust l\u00e1\u00e1 19 pargoeenn\u00e2maass\u00e2mvi\u00e4su a\u0111ai tuuv\u00e1\u00e1. Tuuv\u00e1\u00e1h lii \u010di\u010d\u010d\u00e2m kield\u00e2d j\u00e1 14 sier\u00e2 palg\u00e2sid ku\u00e1vlust.<\/p>\n<p>Laseti\u00e4\u0111u: <a href=\"https:\/\/paliskunnat.fi\/py\/organisaatio\/yhteystiedot\/henkilokunta\/#Henttunen\">\u00e4i\u0111ipargojo\u0111etteijest<\/a><\/p>\n<p>&nbsp;<\/p>\n<p><!--more--><\/p>\n<h2>Kilpajuoksua kuuraa vastaan<\/h2>\n<p><a href=\"https:\/\/www.youtube.com\/watch?v=lUNrOKJPTWw\"><img loading=\"lazy\" decoding=\"async\" class=\"alignnone wp-image-898 size-full\" src=\"http:\/\/paliskunnat.fi\/bo\/wp-content\/uploads\/2014\/08\/aitamiehet.jpg\" alt=\"Aitamiehet h\u00e4rveli -video\" width=\"150\" height=\"114\" \/><br \/>\n<\/a>Aitamiehet ty\u00f6ss\u00e4\u00e4n\u00a0(<a href=\"https:\/\/www.youtube.com\/watch?v=lUNrOKJPTWw\">Youtube<\/a>)<\/p>\n","protected":false},"excerpt":{"rendered":"<p>V\u00e4ldikuudij ri\u00e4\u0111h\u00e2\u0161 r\u00e4jipu\u00e1suieest\u00e2aai\u0111ijd Palg\u00e2sij ovt\u00e2stus v\u00e4stid r\u00e4jipu\u00e1suieest\u00e2aai\u0111ijd paijeentooll\u00e2mist j\u00e1 vu\u00e1\u0111utivvoomist v\u00e4ldikode raajijn eenn\u00e2m- j\u00e1 vyevditu\u00e1luministeri\u00f6 pargokojosis. Pu\u00e1sui\u00e4\u00e4i\u0111ih l\u00e1\u00e1 huksejum Ruo\u0161\u00e2 j\u00e1 Taa\u017e\u00e2 raajijd. Toi ulmen lii tu\u00e1rju\u0111 poccui ku\u00e1\u0111uttem j\u00e1 cogg\u00e2\u0111 poccui varriist\u00e2ll\u00e2m v\u00e4ldikuudij raajij paijeel. Taa\u017e\u00e2 \u00e4\u00e4i\u0111i paijeentooll\u00e2p jyohhum ovd\u00e2sv\u00e1st\u00e1d\u00e2sku\u00e1vlui mield. Ruo\u0161\u00e2 r\u00e4\u00e4jist pu\u00e1suicogg\u00e2maai\u0111ij huksimist j\u00e1 paijeentooll\u00e2mist v\u00e4stid Suom\u00e2. &nbsp; Ruo\u0161\u00e2 j\u00e1 Taa\u017e\u00e2 raajijn [&hellip;]<\/p>\n","protected":false},"author":1,"featured_media":0,"parent":3945,"menu_order":4,"comment_status":"open","ping_status":"closed","template":"","meta":{"footnotes":""},"class_list":["post-287","page","type-page","status-publish","hentry"],"_links":{"self":[{"href":"https:\/\/paliskunnat.fi\/po\/wp-json\/wp\/v2\/pages\/287","targetHints":{"allow":["GET"]}}],"collection":[{"href":"https:\/\/paliskunnat.fi\/po\/wp-json\/wp\/v2\/pages"}],"about":[{"href":"https:\/\/paliskunnat.fi\/po\/wp-json\/wp\/v2\/types\/page"}],"author":[{"embeddable":true,"href":"https:\/\/paliskunnat.fi\/po\/wp-json\/wp\/v2\/users\/1"}],"replies":[{"embeddable":true,"href":"https:\/\/paliskunnat.fi\/po\/wp-json\/wp\/v2\/comments?post=287"}],"version-history":[{"count":6,"href":"https:\/\/paliskunnat.fi\/po\/wp-json\/wp\/v2\/pages\/287\/revisions"}],"predecessor-version":[{"id":5642,"href":"https:\/\/paliskunnat.fi\/po\/wp-json\/wp\/v2\/pages\/287\/revisions\/5642"}],"up":[{"embeddable":true,"href":"https:\/\/paliskunnat.fi\/po\/wp-json\/wp\/v2\/pages\/3945"}],"wp:attachment":[{"href":"https:\/\/paliskunnat.fi\/po\/wp-json\/wp\/v2\/media?parent=287"}],"curies":[{"name":"wp","href":"https:\/\/api.w.org\/{rel}","templated":true}]}}