{"id":311,"date":"2014-08-29T13:24:23","date_gmt":"2014-08-29T10:24:23","guid":{"rendered":"http:\/\/80.69.171.23\/py\/?page_id=311"},"modified":"2018-01-19T13:35:52","modified_gmt":"2018-01-19T11:35:52","slug":"puasuitutkamkardi","status":"publish","type":"page","link":"https:\/\/paliskunnat.fi\/po\/organisaatio-ja-haldattas\/puasuitutkamkardi\/","title":{"rendered":"Pu\u00e1suitutk\u00e2mk\u00e4rdi"},"content":{"rendered":"<h2>Kutuharju pu\u00e1suitutk\u00e2mk\u00e4rd<strong>i<\/strong><\/h2>\n<p>Palg\u00e2sij ovt\u00e2stus huol\u00e2tt\u00e2m pu\u00e1suitutk\u00e2mk\u00e4rdi lii Aanaar kield\u00e2st, Kutuharjust. Tot lii maailmvij\u0111osiih \u00e1inooki\u00e4rd\u00e1s\u00e2\u0161 j\u00e1 tobbeen porg\u00e2p almugijkosk\u00e2siih merh\u00e2\u0161ittees pu\u00e1suitutk\u00e2m.<\/p>\n\n\t\t<style type=\"text\/css\">\n\t\t\t#gallery-1 {\n\t\t\t\tmargin: auto;\n\t\t\t}\n\t\t\t#gallery-1 .gallery-item {\n\t\t\t\tfloat: left;\n\t\t\t\tmargin-top: 10px;\n\t\t\t\ttext-align: center;\n\t\t\t\twidth: 33%;\n\t\t\t}\n\t\t\t#gallery-1 img {\n\t\t\t\tborder: 2px solid #cfcfcf;\n\t\t\t}\n\t\t\t#gallery-1 .gallery-caption {\n\t\t\t\tmargin-left: 0;\n\t\t\t}\n\t\t\t\/* see gallery_shortcode() in wp-includes\/media.php *\/\n\t\t<\/style>\n\t\t<div id='gallery-1' class='gallery galleryid-311 gallery-columns-3 gallery-size-thumbnail'><dl class='gallery-item'>\n\t\t\t<dt class='gallery-icon landscape'>\n\t\t\t\t<a href='https:\/\/paliskunnat.fi\/po\/wp-content\/uploads\/2014\/08\/kuva011.jpg' rel=\"lightbox[311]\"><img loading=\"lazy\" decoding=\"async\" width=\"150\" height=\"150\" src=\"https:\/\/paliskunnat.fi\/po\/wp-content\/uploads\/2014\/08\/kuva011-150x150.jpg\" class=\"attachment-thumbnail size-thumbnail\" alt=\"\" \/><\/a>\n\t\t\t<\/dt><\/dl><dl class='gallery-item'>\n\t\t\t<dt class='gallery-icon landscape'>\n\t\t\t\t<a href='https:\/\/paliskunnat.fi\/po\/wp-content\/uploads\/2014\/08\/kuva031.jpg' rel=\"lightbox[311]\"><img loading=\"lazy\" decoding=\"async\" width=\"150\" height=\"150\" src=\"https:\/\/paliskunnat.fi\/po\/wp-content\/uploads\/2014\/08\/kuva031-150x150.jpg\" class=\"attachment-thumbnail size-thumbnail\" alt=\"\" \/><\/a>\n\t\t\t<\/dt><\/dl><dl class='gallery-item'>\n\t\t\t<dt class='gallery-icon portrait'>\n\t\t\t\t<a href='https:\/\/paliskunnat.fi\/po\/wp-content\/uploads\/2014\/08\/kuva04.jpg' rel=\"lightbox[311]\"><img loading=\"lazy\" decoding=\"async\" width=\"150\" height=\"150\" src=\"https:\/\/paliskunnat.fi\/po\/wp-content\/uploads\/2014\/08\/kuva04-150x150.jpg\" class=\"attachment-thumbnail size-thumbnail\" alt=\"\" \/><\/a>\n\t\t\t<\/dt><\/dl><br style=\"clear: both\" \/><dl class='gallery-item'>\n\t\t\t<dt class='gallery-icon landscape'>\n\t\t\t\t<a href='https:\/\/paliskunnat.fi\/po\/wp-content\/uploads\/2014\/08\/kuva05.jpg' rel=\"lightbox[311]\"><img loading=\"lazy\" decoding=\"async\" width=\"150\" height=\"150\" src=\"https:\/\/paliskunnat.fi\/po\/wp-content\/uploads\/2014\/08\/kuva05-150x150.jpg\" class=\"attachment-thumbnail size-thumbnail\" alt=\"\" \/><\/a>\n\t\t\t<\/dt><\/dl><dl class='gallery-item'>\n\t\t\t<dt class='gallery-icon landscape'>\n\t\t\t\t<a href='https:\/\/paliskunnat.fi\/po\/wp-content\/uploads\/2014\/08\/kuva06.jpg' rel=\"lightbox[311]\"><img loading=\"lazy\" decoding=\"async\" width=\"150\" height=\"150\" src=\"https:\/\/paliskunnat.fi\/po\/wp-content\/uploads\/2014\/08\/kuva06-150x150.jpg\" class=\"attachment-thumbnail size-thumbnail\" alt=\"\" \/><\/a>\n\t\t\t<\/dt><\/dl><dl class='gallery-item'>\n\t\t\t<dt class='gallery-icon landscape'>\n\t\t\t\t<a href='https:\/\/paliskunnat.fi\/po\/wp-content\/uploads\/2014\/08\/kuva07.jpg' rel=\"lightbox[311]\"><img loading=\"lazy\" decoding=\"async\" width=\"150\" height=\"150\" src=\"https:\/\/paliskunnat.fi\/po\/wp-content\/uploads\/2014\/08\/kuva07-150x150.jpg\" class=\"attachment-thumbnail size-thumbnail\" alt=\"\" \/><\/a>\n\t\t\t<\/dt><\/dl><br style=\"clear: both\" \/>\n\t\t<\/div>\n\n<p>&nbsp;<\/p>\n<p>Kutuharjust lii ovdil \u010doov\u010d\u00e2 njuovv\u00e2mij 170-200 poccuu. Ih\u00e1sij njuovv\u00e2mij ma\u014ba tutk\u00e2mpu\u00e1suik\u00e4\u00e4rdist lii 80-100 \u00e1\u00e1ldu, 10-40 vyessid j\u00e1 10-20 sarvesid.<\/p>\n<p>K\u00e4\u00e4rdi vijdod\u00e2h lii 43 ni\u00e4lj\u00e1d\u00e2skilomeetter j\u00e1 tot lii juhhum neelji laigos\u00e2n: Lauluv\u00e4\u00e4ri, Siniu\u00e1ivi, Pi\u0161kv\u00e4\u00e4ri j\u00e1 Maantielohko. Lauluv\u00e4\u00e4rist j\u00e1 Siniu\u00e1ivist laigosist poccuuh ku\u00e1tuh keessiv j\u00e1 \u010doh\u010duv. Pi\u0161kv\u00e4\u00e4ri j\u00e1 Maantielohko l\u00e1\u00e1 poccui t\u00e4lviku\u00e1ttumen\u00e2meh.<\/p>\n<p>Lah-uv kiddiistum tooh\u00e2\u0111 tutk\u00e2m Kutuharju pu\u00e1suitutk\u00e2mk\u00e4\u00e4rdist? V\u00e1\u00e1ldi oht\u00e2vuo\u0111\u00e2!<\/p>\n<p>Laseti\u00e4\u0111uh <a href=\"https:\/\/paliskunnat.fi\/py\/organisaatio\/yhteystiedot\/henkilokunta\/#kutuharju\">pu\u00e1suitutk\u00e2mk\u00e4rditip\u0161oost<\/a><\/p>\n<p>&nbsp;<\/p>\n<p>&nbsp;<\/p>\n","protected":false},"excerpt":{"rendered":"<p>Kutuharju pu\u00e1suitutk\u00e2mk\u00e4rdi Palg\u00e2sij ovt\u00e2stus huol\u00e2tt\u00e2m pu\u00e1suitutk\u00e2mk\u00e4rdi lii Aanaar kield\u00e2st, Kutuharjust. Tot lii maailmvij\u0111osiih \u00e1inooki\u00e4rd\u00e1s\u00e2\u0161 j\u00e1 tobbeen porg\u00e2p almugijkosk\u00e2siih merh\u00e2\u0161ittees pu\u00e1suitutk\u00e2m. &nbsp; Kutuharjust lii ovdil \u010doov\u010d\u00e2 njuovv\u00e2mij 170-200 poccuu. Ih\u00e1sij njuovv\u00e2mij ma\u014ba tutk\u00e2mpu\u00e1suik\u00e4\u00e4rdist lii 80-100 \u00e1\u00e1ldu, 10-40 vyessid j\u00e1 10-20 sarvesid. K\u00e4\u00e4rdi vijdod\u00e2h lii 43 ni\u00e4lj\u00e1d\u00e2skilomeetter j\u00e1 tot lii juhhum neelji laigos\u00e2n: Lauluv\u00e4\u00e4ri, Siniu\u00e1ivi, Pi\u0161kv\u00e4\u00e4ri j\u00e1 [&hellip;]<\/p>\n","protected":false},"author":1,"featured_media":0,"parent":3945,"menu_order":5,"comment_status":"open","ping_status":"closed","template":"","meta":{"footnotes":""},"class_list":["post-311","page","type-page","status-publish","hentry"],"_links":{"self":[{"href":"https:\/\/paliskunnat.fi\/po\/wp-json\/wp\/v2\/pages\/311","targetHints":{"allow":["GET"]}}],"collection":[{"href":"https:\/\/paliskunnat.fi\/po\/wp-json\/wp\/v2\/pages"}],"about":[{"href":"https:\/\/paliskunnat.fi\/po\/wp-json\/wp\/v2\/types\/page"}],"author":[{"embeddable":true,"href":"https:\/\/paliskunnat.fi\/po\/wp-json\/wp\/v2\/users\/1"}],"replies":[{"embeddable":true,"href":"https:\/\/paliskunnat.fi\/po\/wp-json\/wp\/v2\/comments?post=311"}],"version-history":[{"count":4,"href":"https:\/\/paliskunnat.fi\/po\/wp-json\/wp\/v2\/pages\/311\/revisions"}],"predecessor-version":[{"id":5643,"href":"https:\/\/paliskunnat.fi\/po\/wp-json\/wp\/v2\/pages\/311\/revisions\/5643"}],"up":[{"embeddable":true,"href":"https:\/\/paliskunnat.fi\/po\/wp-json\/wp\/v2\/pages\/3945"}],"wp:attachment":[{"href":"https:\/\/paliskunnat.fi\/po\/wp-json\/wp\/v2\/media?parent=311"}],"curies":[{"name":"wp","href":"https:\/\/api.w.org\/{rel}","templated":true}]}}