{"id":3463,"date":"2015-04-22T14:35:03","date_gmt":"2015-04-22T11:35:03","guid":{"rendered":"http:\/\/80.69.171.23\/py\/?page_id=3463"},"modified":"2017-12-27T14:06:24","modified_gmt":"2017-12-27T14:06:24","slug":"pilttaregistereh","status":"publish","type":"page","link":"https:\/\/paliskunnat.fi\/po\/ravvim\/pilttaregistereh\/","title":{"rendered":"Pilttaregistereh"},"content":{"rendered":"<h3>Ravvuid ma\u0111h\u00e2\u0161empoccui pilttamist<\/h3>\n<p>Poccui peljijd kiddejum pilttaid ki\u00e4vttoo lasemerkk\u00e2n poccui tubd\u00e2mist. Lasemeerhah l\u00e1\u00e1 tarb\u00e2\u0161liih ovd\u00e2merkk\u00e2n ko vu\u00e1bd\u00e1 ellee, jo merkkejum poccuid. Palg\u00e2sij ovt\u00e2stus peht tiil\u00e1jum pilttain ki\u00e4vttoo kyehti ivne: fisk\u00e2d-ru\u00e1n\u00e1\u00e1 puoh poccuin j\u00e1 ruops\u00e2d \u0161ov\u00e2ttemsarvesijn. Piilta orespi\u00e4l\u00e1n ti\u00e4ddoo palg\u00e2s nummeer j\u00e1 muttojeijee registernummeer. Ni\u014b\u00e1l\u00e2spi\u00e4l\u00e1n pi\u00e4l\u00e1n pu\u00e1suiom\u00e2steijee pu\u00e1ht\u00e1 pieij\u00e2\u0111 tubd\u00e2mti\u00e4\u0111uid. Piiltah l\u00e1\u00e1 jurb\u00e2 teikk\u00e2 nju\u00e1lguroobd\u00e2gij h\u00e1m\u00e1siih. Jurb\u00e2 piiltaid m\u00e1tt\u00e1 kyehtnub\u00e1loh merkk\u00e2d j\u00e1 nj\u00e1lguroobd\u00e2g h\u00e1m\u00e1lijd k\u00e1vcc\u00e1\u00e1.<\/p>\n<p><a href=\"http:\/\/paliskunnat.fi\/bo\/wp-content\/uploads\/2014\/10\/piltat-aa.jpg\" rel=\"lightbox[397]\"><img loading=\"lazy\" decoding=\"async\" class=\"alignnone wp-image-1745\" src=\"http:\/\/paliskunnat.fi\/bo\/wp-content\/uploads\/2014\/10\/piltat-aa.jpg\" alt=\"Piiltah\" width=\"500\" height=\"275\" srcset=\"https:\/\/paliskunnat.fi\/po\/wp-content\/uploads\/2014\/10\/piltat-aa.jpg 1000w, https:\/\/paliskunnat.fi\/po\/wp-content\/uploads\/2014\/10\/piltat-aa-300x165.jpg 300w, https:\/\/paliskunnat.fi\/po\/wp-content\/uploads\/2014\/10\/piltat-aa-768x422.jpg 768w\" sizes=\"auto, (max-width: 500px) 100vw, 500px\" \/><\/a><\/p>\n<p>Ovt\u00e2stus cuvnii tiil\u00e1jum piiltah merkkejuvvojeh pilttaregister\u00e2n, je\u0111e pu\u00e1suiom\u00e2steijee k\u00e1vnoo registerist pilttanumer\u00e1in. Muide ko Palg\u00e2sij ovt\u00e2stus peht tiil\u00e1jum piiltain ij tolluu virg\u00e1l\u00e2\u0161 register.<\/p>\n<p>Palg\u00e2sijd ovt\u00e2stus tu\u00e1llee virg\u00e1l\u00e2\u0161 register ma\u0111h\u00e2\u0161em- j\u00e1 ki\u0161tott\u00e2ll\u00e2mpoccuin.<\/p>\n<h3>R\u00e1vvagat turismabohccuid biltemis<\/h3>\n<p>Pu\u00e1sui, mii pilttajuvvoo, kalga le\u0111e paijeel 3-ih\u00e1s\u00e2\u0161 orespu\u00e1sui, sarves teikk\u00e2 ergi, ma\u0111h\u00e2\u0161emki\u00e4vtun tammum j\u00e1 tuo\u0111\u00e2\u0161ti\u0111 ma\u0111h\u00e2\u0161empu\u00e1sujin ki\u00e4vtu. Tammum ma\u0111h\u00e2\u0161empu\u00e1sui pu\u00e1ht\u00e1 lai\u0111i\u0111, le\u014bgi\u0111 j\u00e1 kevtti\u0111 keessimpoccun. Pu\u00e1sui lii h\u00e1rj\u00e1n\u00e2m olmoo\u0161ju\u00e1vhoid j\u00e1 tot ki\u00e4vttoo ma\u0111h\u00e2\u0161emtooim\u00e2st.<\/p>\n<p>Tuurismpu\u00e1suipiltta \u00a0u\u00e1\u017e\u017eoo pu\u00e1sui puovt\u00e2d ekonom\u00e2lii \u00e4\u00e4vhi i\u00e4ig\u00e1dsis. Tuurismpu\u00e1suiregister tu\u00e1llee Palg\u00e2sijd ovt\u00e2stus. Ma\u0111h\u00e2\u0161empoccuu i\u00e4ig\u00e1deh kalgeh almotti\u0111 t\u00e1ll\u00e2n ovt\u00e2stus\u00e2n, jis poccuu pi\u00e4ijoo medd\u00e2l ma\u0111h\u00e2\u0161emki\u00e4vtust, tot vu\u00e1bdoo, nju\u00e1vvoo teikk\u00e2 j\u00e1\u00e1m\u00e1 mudoi.<\/p>\n<p>&nbsp;<\/p>\n<p>Laseti\u00e4\u0111ui pilttain j\u00e1 pilttaregisterist: <a href=\"https:\/\/paliskunnat.fi\/py\/organisaatio\/yhteystiedot\/henkilokunta\/\">toim\u00e2tt\u00e2h\u010d\u00e4llee<\/a><\/p>\n","protected":false},"excerpt":{"rendered":"<p>Ravvuid ma\u0111h\u00e2\u0161empoccui pilttamist Poccui peljijd kiddejum pilttaid ki\u00e4vttoo lasemerkk\u00e2n poccui tubd\u00e2mist. Lasemeerhah l\u00e1\u00e1 tarb\u00e2\u0161liih ovd\u00e2merkk\u00e2n ko vu\u00e1bd\u00e1 ellee, jo merkkejum poccuid. Palg\u00e2sij ovt\u00e2stus peht tiil\u00e1jum pilttain ki\u00e4vttoo kyehti ivne: fisk\u00e2d-ru\u00e1n\u00e1\u00e1 puoh poccuin j\u00e1 ruops\u00e2d \u0161ov\u00e2ttemsarvesijn. Piilta orespi\u00e4l\u00e1n ti\u00e4ddoo palg\u00e2s nummeer j\u00e1 muttojeijee registernummeer. Ni\u014b\u00e1l\u00e2spi\u00e4l\u00e1n pi\u00e4l\u00e1n pu\u00e1suiom\u00e2steijee pu\u00e1ht\u00e1 pieij\u00e2\u0111 tubd\u00e2mti\u00e4\u0111uid. Piiltah l\u00e1\u00e1 jurb\u00e2 teikk\u00e2 nju\u00e1lguroobd\u00e2gij h\u00e1m\u00e1siih. [&hellip;]<\/p>\n","protected":false},"author":1,"featured_media":0,"parent":3944,"menu_order":4,"comment_status":"open","ping_status":"closed","template":"","meta":{"footnotes":""},"class_list":["post-3463","page","type-page","status-publish","hentry"],"_links":{"self":[{"href":"https:\/\/paliskunnat.fi\/po\/wp-json\/wp\/v2\/pages\/3463","targetHints":{"allow":["GET"]}}],"collection":[{"href":"https:\/\/paliskunnat.fi\/po\/wp-json\/wp\/v2\/pages"}],"about":[{"href":"https:\/\/paliskunnat.fi\/po\/wp-json\/wp\/v2\/types\/page"}],"author":[{"embeddable":true,"href":"https:\/\/paliskunnat.fi\/po\/wp-json\/wp\/v2\/users\/1"}],"replies":[{"embeddable":true,"href":"https:\/\/paliskunnat.fi\/po\/wp-json\/wp\/v2\/comments?post=3463"}],"version-history":[{"count":5,"href":"https:\/\/paliskunnat.fi\/po\/wp-json\/wp\/v2\/pages\/3463\/revisions"}],"predecessor-version":[{"id":5407,"href":"https:\/\/paliskunnat.fi\/po\/wp-json\/wp\/v2\/pages\/3463\/revisions\/5407"}],"up":[{"embeddable":true,"href":"https:\/\/paliskunnat.fi\/po\/wp-json\/wp\/v2\/pages\/3944"}],"wp:attachment":[{"href":"https:\/\/paliskunnat.fi\/po\/wp-json\/wp\/v2\/media?parent=3463"}],"curies":[{"name":"wp","href":"https:\/\/api.w.org\/{rel}","templated":true}]}}