{"id":385,"date":"2014-10-20T10:37:32","date_gmt":"2014-10-20T07:37:32","guid":{"rendered":"http:\/\/80.69.171.23\/py\/?page_id=385"},"modified":"2017-12-27T13:37:16","modified_gmt":"2017-12-27T13:37:16","slug":"puaasuitualuravvim","status":"publish","type":"page","link":"https:\/\/paliskunnat.fi\/po\/ravvim\/puaasuitualuravvim\/","title":{"rendered":"Pu\u00e1suitu\u00e1luravvim"},"content":{"rendered":"<h2>Pu\u00e1suitu\u00e1luravvim<\/h2>\n<p>Ravvip palg\u00e2sijd j\u00e1 pu\u00e1suiulmuid puoh pu\u00e1suitu\u00e1lun kyeskee aa\u0161ijn.<\/p>\n<p>Porg\u00e2p palg\u00e2s\u00e1id \u00e4i\u0111ikolo\u00e1rvu\u0161t\u00e2lmijd j\u00e1 i\u0161edep t\u00e1\u00e1rbu mield ci\u00e4lkk\u00e1mu\u0161\u00e2id \u010d\u00e4limist. Pu\u00e1sui-i\u00e4ig\u00e1dijd porg\u00e2p m\u00e4ksimvalm\u00e2\u0161vuot\u00e2\u00e1rvu\u0161t\u00e2lmijd j\u00e1 i\u00e4l\u00e1tt\u00e2svu\u00e1v\u00e1\u00e1mijd \u00e4lgimtoorj\u00e2- j\u00e1 rutt\u00e2demuc\u00e2mu\u0161\u0161\u00e1id.<\/p>\n<p>&nbsp;<\/p>\n<p>Laseti\u00e4\u0111uh:\u00a0<a href=\"https:\/\/paliskunnat.fi\/py\/organisaatio\/yhteystiedot\/henkilokunta\/\">Pu\u00e1suitu\u00e1lur\u00e4vvejeijeeh<\/a><\/p>\n","protected":false},"excerpt":{"rendered":"<p>Pu\u00e1suitu\u00e1luravvim Ravvip palg\u00e2sijd j\u00e1 pu\u00e1suiulmuid puoh pu\u00e1suitu\u00e1lun kyeskee aa\u0161ijn. Porg\u00e2p palg\u00e2s\u00e1id \u00e4i\u0111ikolo\u00e1rvu\u0161t\u00e2lmijd j\u00e1 i\u0161edep t\u00e1\u00e1rbu mield ci\u00e4lkk\u00e1mu\u0161\u00e2id \u010d\u00e4limist. Pu\u00e1sui-i\u00e4ig\u00e1dijd porg\u00e2p m\u00e4ksimvalm\u00e2\u0161vuot\u00e2\u00e1rvu\u0161t\u00e2lmijd j\u00e1 i\u00e4l\u00e1tt\u00e2svu\u00e1v\u00e1\u00e1mijd \u00e4lgimtoorj\u00e2- j\u00e1 rutt\u00e2demuc\u00e2mu\u0161\u0161\u00e1id. &nbsp; Laseti\u00e4\u0111uh:\u00a0Pu\u00e1suitu\u00e1lur\u00e4vvejeijeeh<\/p>\n","protected":false},"author":1,"featured_media":0,"parent":3944,"menu_order":1,"comment_status":"open","ping_status":"closed","template":"","meta":{"footnotes":""},"class_list":["post-385","page","type-page","status-publish","hentry"],"_links":{"self":[{"href":"https:\/\/paliskunnat.fi\/po\/wp-json\/wp\/v2\/pages\/385","targetHints":{"allow":["GET"]}}],"collection":[{"href":"https:\/\/paliskunnat.fi\/po\/wp-json\/wp\/v2\/pages"}],"about":[{"href":"https:\/\/paliskunnat.fi\/po\/wp-json\/wp\/v2\/types\/page"}],"author":[{"embeddable":true,"href":"https:\/\/paliskunnat.fi\/po\/wp-json\/wp\/v2\/users\/1"}],"replies":[{"embeddable":true,"href":"https:\/\/paliskunnat.fi\/po\/wp-json\/wp\/v2\/comments?post=385"}],"version-history":[{"count":4,"href":"https:\/\/paliskunnat.fi\/po\/wp-json\/wp\/v2\/pages\/385\/revisions"}],"predecessor-version":[{"id":5381,"href":"https:\/\/paliskunnat.fi\/po\/wp-json\/wp\/v2\/pages\/385\/revisions\/5381"}],"up":[{"embeddable":true,"href":"https:\/\/paliskunnat.fi\/po\/wp-json\/wp\/v2\/pages\/3944"}],"wp:attachment":[{"href":"https:\/\/paliskunnat.fi\/po\/wp-json\/wp\/v2\/media?parent=385"}],"curies":[{"name":"wp","href":"https:\/\/api.w.org\/{rel}","templated":true}]}}