{"id":388,"date":"2014-10-20T10:38:23","date_gmt":"2014-10-20T07:38:23","guid":{"rendered":"http:\/\/80.69.171.23\/py\/?page_id=388"},"modified":"2017-12-27T14:08:43","modified_gmt":"2017-12-27T14:08:43","slug":"skovlim","status":"publish","type":"page","link":"https:\/\/paliskunnat.fi\/po\/ravvim\/skovlim\/","title":{"rendered":"\u0160kovlim"},"content":{"rendered":"<h2>\u0160kovlim<\/h2>\n<p>Palg\u00e2sijd ovt\u00e2stus u\u00e1rnee u\u0111\u0111\u00e2 j\u00e1 esk\u00e2nalg\u00e2tt\u00e2m pu\u00e1suiom\u00e2steijeid j\u00e1 hald\u00e2ttuv jes\u00e2n\u00e1id \u0161kovlim palg\u00e2s hald\u00e2tt\u00e2s\u00e2st toim\u00e2mist. Rutt\u00e2tu\u00e1lleid \u0161kovlip taarb\u00e2\u0161dijn.<\/p>\n<p>Palg\u00e2sijd ovt\u00e2stus u\u00e1rnee ih\u00e1s\u00e1vt pu\u00e1suiom\u00e2steijei j\u00e1 v\u00e4ripu\u00e1suiom\u00e2steijei \u0161kovlimpeeivij j\u00e1 njuov\u00e2d\u00e2hhoovd\u00e2i \u0161kovlimpeeivij. Lasseen ornip \u0161kovlim eres ju\u00e1vhoid jotol\u00e2hvaah\u00e2g\u00e1rvu\u0161t\u00e2ll\u00e2malmai toim\u00e2mist, poccui ellen joo\u0111eetmist j\u00e1 eres pu\u00e1suitu\u00e1lun kyeskee aa\u0161ijn.<\/p>\n<p>Koij\u00e2d laseti\u00e4\u0111uid \u0161kovliimijn j\u00e1 mu\u0161t\u00e2l ideaid m\u00e1h\u0111ulijn \u0161kovlimt\u00e1rboin: <a href=\"https:\/\/paliskunnat.fi\/py\/organisaatio\/yhteystiedot\/henkilokunta\/\">pu\u00e1suitu\u00e1lur\u00e4vvejeijeeh<\/a><\/p>\n<p>&nbsp;<\/p>\n<p>&nbsp;<\/p>\n<p>&nbsp;<\/p>\n","protected":false},"excerpt":{"rendered":"<p>\u0160kovlim Palg\u00e2sijd ovt\u00e2stus u\u00e1rnee u\u0111\u0111\u00e2 j\u00e1 esk\u00e2nalg\u00e2tt\u00e2m pu\u00e1suiom\u00e2steijeid j\u00e1 hald\u00e2ttuv jes\u00e2n\u00e1id \u0161kovlim palg\u00e2s hald\u00e2tt\u00e2s\u00e2st toim\u00e2mist. Rutt\u00e2tu\u00e1lleid \u0161kovlip taarb\u00e2\u0161dijn. Palg\u00e2sijd ovt\u00e2stus u\u00e1rnee ih\u00e1s\u00e1vt pu\u00e1suiom\u00e2steijei j\u00e1 v\u00e4ripu\u00e1suiom\u00e2steijei \u0161kovlimpeeivij j\u00e1 njuov\u00e2d\u00e2hhoovd\u00e2i \u0161kovlimpeeivij. Lasseen ornip \u0161kovlim eres ju\u00e1vhoid jotol\u00e2hvaah\u00e2g\u00e1rvu\u0161t\u00e2ll\u00e2malmai toim\u00e2mist, poccui ellen joo\u0111eetmist j\u00e1 eres pu\u00e1suitu\u00e1lun kyeskee aa\u0161ijn. Koij\u00e2d laseti\u00e4\u0111uid \u0161kovliimijn j\u00e1 mu\u0161t\u00e2l ideaid m\u00e1h\u0111ulijn \u0161kovlimt\u00e1rboin: pu\u00e1suitu\u00e1lur\u00e4vvejeijeeh &nbsp; &nbsp; [&hellip;]<\/p>\n","protected":false},"author":1,"featured_media":0,"parent":3944,"menu_order":5,"comment_status":"open","ping_status":"closed","template":"","meta":{"footnotes":""},"class_list":["post-388","page","type-page","status-publish","hentry"],"_links":{"self":[{"href":"https:\/\/paliskunnat.fi\/po\/wp-json\/wp\/v2\/pages\/388","targetHints":{"allow":["GET"]}}],"collection":[{"href":"https:\/\/paliskunnat.fi\/po\/wp-json\/wp\/v2\/pages"}],"about":[{"href":"https:\/\/paliskunnat.fi\/po\/wp-json\/wp\/v2\/types\/page"}],"author":[{"embeddable":true,"href":"https:\/\/paliskunnat.fi\/po\/wp-json\/wp\/v2\/users\/1"}],"replies":[{"embeddable":true,"href":"https:\/\/paliskunnat.fi\/po\/wp-json\/wp\/v2\/comments?post=388"}],"version-history":[{"count":3,"href":"https:\/\/paliskunnat.fi\/po\/wp-json\/wp\/v2\/pages\/388\/revisions"}],"predecessor-version":[{"id":5410,"href":"https:\/\/paliskunnat.fi\/po\/wp-json\/wp\/v2\/pages\/388\/revisions\/5410"}],"up":[{"embeddable":true,"href":"https:\/\/paliskunnat.fi\/po\/wp-json\/wp\/v2\/pages\/3944"}],"wp:attachment":[{"href":"https:\/\/paliskunnat.fi\/po\/wp-json\/wp\/v2\/media?parent=388"}],"curies":[{"name":"wp","href":"https:\/\/api.w.org\/{rel}","templated":true}]}}