{"id":393,"date":"2014-10-20T10:43:55","date_gmt":"2014-10-20T07:43:55","guid":{"rendered":"http:\/\/80.69.171.23\/py\/?page_id=393"},"modified":"2017-12-27T13:23:50","modified_gmt":"2017-12-27T13:23:50","slug":"paikkitiatumateriaaleh","status":"publish","type":"page","link":"https:\/\/paliskunnat.fi\/po\/ravvim\/puaasuitualuravvim\/paikkitiatumateriaaleh\/","title":{"rendered":"P\u00e4ikkiti\u00e4tumateriaaleh"},"content":{"rendered":"<h2>Pu\u00e1suitu\u00e1lu p\u00e4ikkiti\u00e4tumateriaaleh<\/h2>\n<p>Pu\u00e1suitu\u00e1lu sajeti\u00e4tumateriaaleh, poroGIS-materiaaleh, l\u00e1\u00e1 \u010du\u00e1kkejum puoh palg\u00e2sijn 2000-lovo aalg\u00e2st. Materiaal\u00e2n lep merkkejum eereeb eres jie\u0161kote-uvl\u00e1g\u00e1n poccui ku\u00e1ttumen\u00e2meh, ku\u00e1ttumvarriist\u00e2ll\u00e2m j\u00e1 pu\u00e1suitu\u00e1lu infrastruktuur. Materiaalij rievtih kuleh \u00e4\u0161\u0161iu\u00e1s\u00e1l\u00e2\u0161 palg\u00e2s\u00e2n j\u00e1 taid pu\u00e1ht\u00e1 u\u00e1\u017e\u017eu\u0111 ki\u00e4vtun palg\u00e2s kirj\u00e1lijn luuvijn. Materiaal ij lah puoh palg\u00e2sij puot\u00e2 u\u0111\u00e2smittum.<\/p>\n<p>Kevttimlopeuc\u00e2mu\u0161 u\u00e1\u017e\u017eu Palg\u00e2sij ovt\u00e2stus\u00e2st. Tom kalga tevdi\u0111 j\u00e1 toos kalga u\u00e1\u017e\u017eu\u0111 palg\u00e2s pu\u00e1sui-i\u0161\u0161eed vu\u00e1l\u00e1\u010d\u00e1\u00e1llus. Tevdum j\u00e1 vu\u00e1l\u00e1\u010dallum uc\u00e2mu\u0161 toim\u00e2ttuvvoo Palg\u00e2sij ovt\u00e2stus\u00e2n. Ovt\u00e2stus tooim\u00e2t materiaal kevttimlove hald\u00e2\u0161eijeid Shapefile-h\u00e4\u00e4mist.<\/p>\n<p>Palg\u00e2sij ovt\u00e2stus\u00e2st k\u00e1vnoo meid palg\u00e2sij r\u00e4jimateriaal.<\/p>\n<p>Pu\u00e1suitu\u00e1lu sajeti\u00e4\u0111ui lep u\u0111\u00e2smitt\u00e1m Suom\u00e2 pir\u00e2sku\u00e1vd\u00e1\u00e1 j\u00e1 Pivdoellee- j\u00e1 kyelitu\u00e1lu tutk\u00e2ml\u00e1j\u00e1d\u00e2s (taan \u00e4\u00e4igi Lu\u00e1nduriggod\u00e2hku\u00e1vd\u00e1\u0161) POROT-projektist. Ton proojeektku\u00e1vlun l\u00e2i Ru\u00e1vinjarg\u00e2 j\u00e1 nuortt\u00e2-Laapi eenn\u00e2mkode ku\u00e1vlu.<\/p>\n<p>Kevttimlopeuc\u00e2mu\u0161\u00a0<a href=\"https:\/\/paliskunnat.fi\/py\/wp-content\/uploads\/2014\/10\/tietopyynto_py_rekisterista.pdf\">tietopyynto_py_rekisterista<\/a><\/p>\n<p>&nbsp;<\/p>\n<p>Laseti\u00e4\u0111uh: <a href=\"https:\/\/paliskunnat.fi\/py\/organisaatio\/yhteystiedot\/henkilokunta\/\">Pu\u00e1suitu\u00e1lur\u00e4vvejeijeeh<\/a><\/p>\n","protected":false},"excerpt":{"rendered":"<p>[L\u00e4hde: Word 24.7.2014]<\/p>\n","protected":false},"author":1,"featured_media":0,"parent":385,"menu_order":3,"comment_status":"open","ping_status":"closed","template":"","meta":{"footnotes":""},"class_list":["post-393","page","type-page","status-publish","hentry"],"_links":{"self":[{"href":"https:\/\/paliskunnat.fi\/po\/wp-json\/wp\/v2\/pages\/393","targetHints":{"allow":["GET"]}}],"collection":[{"href":"https:\/\/paliskunnat.fi\/po\/wp-json\/wp\/v2\/pages"}],"about":[{"href":"https:\/\/paliskunnat.fi\/po\/wp-json\/wp\/v2\/types\/page"}],"author":[{"embeddable":true,"href":"https:\/\/paliskunnat.fi\/po\/wp-json\/wp\/v2\/users\/1"}],"replies":[{"embeddable":true,"href":"https:\/\/paliskunnat.fi\/po\/wp-json\/wp\/v2\/comments?post=393"}],"version-history":[{"count":3,"href":"https:\/\/paliskunnat.fi\/po\/wp-json\/wp\/v2\/pages\/393\/revisions"}],"predecessor-version":[{"id":5371,"href":"https:\/\/paliskunnat.fi\/po\/wp-json\/wp\/v2\/pages\/393\/revisions\/5371"}],"up":[{"embeddable":true,"href":"https:\/\/paliskunnat.fi\/po\/wp-json\/wp\/v2\/pages\/385"}],"wp:attachment":[{"href":"https:\/\/paliskunnat.fi\/po\/wp-json\/wp\/v2\/media?parent=393"}],"curies":[{"name":"wp","href":"https:\/\/api.w.org\/{rel}","templated":true}]}}