{"id":3944,"date":"2014-08-05T17:17:00","date_gmt":"2014-08-05T17:17:00","guid":{"rendered":"http:\/\/80.69.171.23\/py\/?page_id=2"},"modified":"2017-12-27T12:53:01","modified_gmt":"2017-12-27T12:53:01","slug":"ravvim","status":"publish","type":"page","link":"https:\/\/paliskunnat.fi\/po\/ravvim\/","title":{"rendered":"Ravvim"},"content":{"rendered":"<h2>Ravvim j\u00e1 \u00e4\u0161\u0161itobdeepalv\u00e2lusah<\/h2>\n<p>Palg\u00e2sij ovt\u00e2stus f\u00e1\u00e1l\u00e1 \u00e4\u0161\u0161itobdee pu\u00e1suitu\u00e1lu ravvim pu\u00e1suitu\u00e1lleid j\u00e1 \u010don\u00e2sju\u00e1vhoid.<\/p>\n<p>Ovt\u00e2stus pargoju\u00e1vkku tu\u00e1im\u00e1 pu\u00e1suitu\u00e1lu \u00e4\u0161\u0161itobden eresl\u00e1g\u00e1n pargoju\u00e1vhuin j\u00e1 r\u00e1\u0111\u00e1d\u00e2lm\u00e1in j\u00e1 oovd\u00e2npu\u00e1ht\u00e1 pu\u00e1suitu\u00e1lu sier\u00e2 u\u00e1inuin maa\u014bg\u00e2l\u00e1g\u00e1n t\u00e1b\u00e1htus\u00e2in j\u00e1 til\u00e1l\u00e2\u0161vuo\u0111\u00e2in. Pu\u00e1suitu\u00e1lust pargee ulmuid f\u00e1lloo \u0161kovlim ih\u00e1s\u00e1vt t\u00e1\u00e1rbu j\u00e1 tile mield.<\/p>\n<p>&nbsp;<\/p>\n<p>Koij\u00e2d laseti\u00e4\u0111ui j\u00e1 i\u00e4vtut \u0161kovliimijd\u00a0<a href=\"https:\/\/paliskunnat.fi\/py\/organisaatio\/yhteystiedot\/henkilokunta\/\">pu\u00e1suitu\u00e1lur\u00e4vvejeijeid<\/a><\/p>\n<p>&nbsp;<\/p>\n","protected":false},"excerpt":{"rendered":"<p>Ravvim j\u00e1 \u00e4\u0161\u0161itobdeepalv\u00e2lusah Palg\u00e2sij ovt\u00e2stus f\u00e1\u00e1l\u00e1 \u00e4\u0161\u0161itobdee pu\u00e1suitu\u00e1lu ravvim pu\u00e1suitu\u00e1lleid j\u00e1 \u010don\u00e2sju\u00e1vhoid. Ovt\u00e2stus pargoju\u00e1vkku tu\u00e1im\u00e1 pu\u00e1suitu\u00e1lu \u00e4\u0161\u0161itobden eresl\u00e1g\u00e1n pargoju\u00e1vhuin j\u00e1 r\u00e1\u0111\u00e1d\u00e2lm\u00e1in j\u00e1 oovd\u00e2npu\u00e1ht\u00e1 pu\u00e1suitu\u00e1lu sier\u00e2 u\u00e1inuin maa\u014bg\u00e2l\u00e1g\u00e1n t\u00e1b\u00e1htus\u00e2in j\u00e1 til\u00e1l\u00e2\u0161vuo\u0111\u00e2in. Pu\u00e1suitu\u00e1lust pargee ulmuid f\u00e1lloo \u0161kovlim ih\u00e1s\u00e1vt t\u00e1\u00e1rbu j\u00e1 tile mield. &nbsp; Koij\u00e2d laseti\u00e4\u0111ui j\u00e1 i\u00e4vtut \u0161kovliimijd\u00a0pu\u00e1suitu\u00e1lur\u00e4vvejeijeid &nbsp;<\/p>\n","protected":false},"author":1,"featured_media":0,"parent":0,"menu_order":3,"comment_status":"open","ping_status":"closed","template":"","meta":{"footnotes":""},"class_list":["post-3944","page","type-page","status-publish","hentry"],"_links":{"self":[{"href":"https:\/\/paliskunnat.fi\/po\/wp-json\/wp\/v2\/pages\/3944","targetHints":{"allow":["GET"]}}],"collection":[{"href":"https:\/\/paliskunnat.fi\/po\/wp-json\/wp\/v2\/pages"}],"about":[{"href":"https:\/\/paliskunnat.fi\/po\/wp-json\/wp\/v2\/types\/page"}],"author":[{"embeddable":true,"href":"https:\/\/paliskunnat.fi\/po\/wp-json\/wp\/v2\/users\/1"}],"replies":[{"embeddable":true,"href":"https:\/\/paliskunnat.fi\/po\/wp-json\/wp\/v2\/comments?post=3944"}],"version-history":[{"count":5,"href":"https:\/\/paliskunnat.fi\/po\/wp-json\/wp\/v2\/pages\/3944\/revisions"}],"predecessor-version":[{"id":5366,"href":"https:\/\/paliskunnat.fi\/po\/wp-json\/wp\/v2\/pages\/3944\/revisions\/5366"}],"wp:attachment":[{"href":"https:\/\/paliskunnat.fi\/po\/wp-json\/wp\/v2\/media?parent=3944"}],"curies":[{"name":"wp","href":"https:\/\/api.w.org\/{rel}","templated":true}]}}