{"id":3945,"date":"2014-08-05T18:23:44","date_gmt":"2014-08-05T18:23:44","guid":{"rendered":"http:\/\/80.69.171.23\/py\/?page_id=4"},"modified":"2019-11-29T14:04:48","modified_gmt":"2019-11-29T12:04:48","slug":"organisaatio-ja-haldattas","status":"publish","type":"page","link":"https:\/\/paliskunnat.fi\/po\/organisaatio-ja-haldattas\/","title":{"rendered":"Organisaatio j\u00e1 hald\u00e2tt\u00e2s"},"content":{"rendered":"<h2>Pu\u00e1suitu\u00e1lu organisaatio j\u00e1 hald\u00e2tt\u00e2s<\/h2>\n<p>Pu\u00e1suitu\u00e1lu kul\u00e1 <a href=\"http:\/\/mmm.fi\/etusivu\">eenn\u00e2m- j\u00e1 vyevdipi\u0111oministeri\u00f6<\/a> (suom\u00e2kiel\u00e2n) hald\u00e2tt\u00e2ssu\u00e1rg\u00e1n j\u00e1 tom heiviit pu\u00e1suitu\u00e1lulaah\u00e2 (<a href=\"https:\/\/www.finlex.fi\/fi\/laki\/ajantasa\/1990\/19900848\">848\/1990<\/a>, suom\u00e2kiel\u00e2n). Pu\u00e1suitu\u00e1lu lii pi\u00e4rguhygieniariehtinjuolg\u00e2dus\u00e2id j\u00e1 torj\u00e2politiik peht u\u00e1si eenn\u00e2mtu\u00e1lusektor. EU pu\u00e1suitu\u00e1lu mi\u00e4ru\u0161t\u00e2lloo purr\u00e2mu\u0161k\u00e1lvupuovt\u00e2dmin.<\/p>\n<p><a href=\"https:\/\/paliskunnat.fi\/po\/wp-content\/uploads\/2019\/11\/puasuitualu_organisaatio_haldattas.jpg\" rel=\"lightbox[3945]\"><img loading=\"lazy\" decoding=\"async\" class=\"wp-image-5732\" src=\"https:\/\/paliskunnat.fi\/po\/wp-content\/uploads\/2019\/11\/puasuitualu_organisaatio_haldattas.jpg\" alt=\"Pu\u00e1suitu\u00e1lu organisaatio j\u00e1 hald\u00e2tt\u00e2s\" width=\"460\" height=\"286\" srcset=\"https:\/\/paliskunnat.fi\/po\/wp-content\/uploads\/2019\/11\/puasuitualu_organisaatio_haldattas.jpg 1200w, https:\/\/paliskunnat.fi\/po\/wp-content\/uploads\/2019\/11\/puasuitualu_organisaatio_haldattas-300x186.jpg 300w, https:\/\/paliskunnat.fi\/po\/wp-content\/uploads\/2019\/11\/puasuitualu_organisaatio_haldattas-1024x636.jpg 1024w, https:\/\/paliskunnat.fi\/po\/wp-content\/uploads\/2019\/11\/puasuitualu_organisaatio_haldattas-768x477.jpg 768w\" sizes=\"auto, (max-width: 460px) 100vw, 460px\" \/><\/a><\/p>\n<p>&nbsp;<\/p>\n","protected":false},"excerpt":{"rendered":"<p>Pu\u00e1suitu\u00e1lu organisaatio j\u00e1 hald\u00e2tt\u00e2s Pu\u00e1suitu\u00e1lu kul\u00e1 eenn\u00e2m- j\u00e1 vyevdipi\u0111oministeri\u00f6 (suom\u00e2kiel\u00e2n) hald\u00e2tt\u00e2ssu\u00e1rg\u00e1n j\u00e1 tom heiviit pu\u00e1suitu\u00e1lulaah\u00e2 (848\/1990, suom\u00e2kiel\u00e2n). Pu\u00e1suitu\u00e1lu lii pi\u00e4rguhygieniariehtinjuolg\u00e2dus\u00e2id j\u00e1 torj\u00e2politiik peht u\u00e1si eenn\u00e2mtu\u00e1lusektor. EU pu\u00e1suitu\u00e1lu mi\u00e4ru\u0161t\u00e2lloo purr\u00e2mu\u0161k\u00e1lvupuovt\u00e2dmin. &nbsp;<\/p>\n","protected":false},"author":1,"featured_media":0,"parent":0,"menu_order":1,"comment_status":"open","ping_status":"closed","template":"","meta":{"footnotes":""},"class_list":["post-3945","page","type-page","status-publish","hentry"],"_links":{"self":[{"href":"https:\/\/paliskunnat.fi\/po\/wp-json\/wp\/v2\/pages\/3945","targetHints":{"allow":["GET"]}}],"collection":[{"href":"https:\/\/paliskunnat.fi\/po\/wp-json\/wp\/v2\/pages"}],"about":[{"href":"https:\/\/paliskunnat.fi\/po\/wp-json\/wp\/v2\/types\/page"}],"author":[{"embeddable":true,"href":"https:\/\/paliskunnat.fi\/po\/wp-json\/wp\/v2\/users\/1"}],"replies":[{"embeddable":true,"href":"https:\/\/paliskunnat.fi\/po\/wp-json\/wp\/v2\/comments?post=3945"}],"version-history":[{"count":12,"href":"https:\/\/paliskunnat.fi\/po\/wp-json\/wp\/v2\/pages\/3945\/revisions"}],"predecessor-version":[{"id":5736,"href":"https:\/\/paliskunnat.fi\/po\/wp-json\/wp\/v2\/pages\/3945\/revisions\/5736"}],"wp:attachment":[{"href":"https:\/\/paliskunnat.fi\/po\/wp-json\/wp\/v2\/media?parent=3945"}],"curies":[{"name":"wp","href":"https:\/\/api.w.org\/{rel}","templated":true}]}}