{"id":397,"date":"2014-10-20T10:48:24","date_gmt":"2014-10-20T07:48:24","guid":{"rendered":"http:\/\/80.69.171.23\/py\/?page_id=397"},"modified":"2018-01-17T13:58:05","modified_gmt":"2018-01-17T13:58:05","slug":"puasuimeerhah","status":"publish","type":"page","link":"https:\/\/paliskunnat.fi\/po\/ravvim\/puasuimeerhah\/","title":{"rendered":"Pu\u00e1suimeerhah"},"content":{"rendered":"<h2>Pu\u00e1suimeerhah<\/h2>\n<p>Poccuu om\u00e2stuvvoo j\u00e1 jyehi poccuu peeljih merkkejuvvoo om\u00e2steijest registeerejum virg\u00e1lijn pu\u00e1suimerh\u00e1in. Palg\u00e2sijd ovt\u00e2stus tu\u00e1llee pu\u00e1suimerkk\u00e2register j\u00e1 tu\u00e1im\u00e1 virgeom\u00e2h\u00e2\u017e\u017e\u00e2n pu\u00e1suimerkk\u00e2aa\u0161ijn (PHL <a href=\"http:\/\/www.finlex.fi\/fi\/laki\/ajantasa\/1990\/19900848\">848\/1990<\/a>).<\/p>\n<p>Pu\u00e1suimeerh\u00e2i s\u00e4\u00e4nih kovvejuvvoo sehe kuuvijn j\u00e1 s\u00e1n\u00e1l\u00e1vt. Jyehi pu\u00e1suimerkk\u00e2 lii jieij\u00e2sl\u00e1g\u00e1n ku\u00e1lus jie\u0161kote-uvl\u00e1g\u00e1n saanijn. Peljimerkk\u00e2 luuh\u00e2m \u00e1lgoo u\u00e1lgis peeljist, peelji keejist maddui. Ki\u00e4vtust meerhah l\u00e1\u00e1 suull\u00e2n 12 000.<\/p>\n<p><a href=\"https:\/\/paliskunnat.fi\/po\/wp-content\/uploads\/2018\/01\/puasuimekka.jpg\" rel=\"lightbox[397]\"><img loading=\"lazy\" decoding=\"async\" class=\"alignnone wp-image-5608\" src=\"https:\/\/paliskunnat.fi\/po\/wp-content\/uploads\/2018\/01\/puasuimekka.jpg\" alt=\"\" width=\"460\" height=\"435\" srcset=\"https:\/\/paliskunnat.fi\/po\/wp-content\/uploads\/2018\/01\/puasuimekka.jpg 898w, https:\/\/paliskunnat.fi\/po\/wp-content\/uploads\/2018\/01\/puasuimekka-300x284.jpg 300w, https:\/\/paliskunnat.fi\/po\/wp-content\/uploads\/2018\/01\/puasuimekka-768x727.jpg 768w\" sizes=\"auto, (max-width: 460px) 100vw, 460px\" \/><\/a><\/p>\n<p>Pu\u00e1suimeerh\u00e2i s\u00e4\u00e4nih l\u00e1\u00e1: s\u00e4\u00e4rgis, ceehis, kie\u0161k\u00e2, ha\u014bg\u00e2, rasta, kyeveer, luoddiist\u00e2h, sn\u00e1ittu, skiv\u014be, \u010duv\u00e2st\u00e2h\/\u010duhhumpelji, kie\u0161k\u00e2njavkke, vyestinjavkke, luoddiist\u00e2h j\u00e1 r\u00e4igi, lodekozz\u00e2, tijl\u00e2, kyehti kie\u0161k\u00e2 ma\u014baluv\u00e2i, kie\u0161k\u00e2 j\u00e1 kie\u0161k\u00e2 siis\u00e2 sehe stuorr\u00e2 ceehis. Saanij oovd\u00e2stm\u00e1in u\u00e1\u017e\u017eu jie\u0161kote-uvl\u00e1g\u00e1n pu\u00e1suimeerh\u00e2id. Lasseen pu\u00e1ht\u00e1 kevtti\u0111 Palg\u00e2sijd ovt\u00e2stus tuhhiitt\u00e2m lasemeerh\u00e2, mii lii piltta.<\/p>\n<p>&nbsp;<\/p>\n<p>Laseti\u00e4\u0111uh pu\u00e1suimerh\u00e1in j\u00e1 merkk\u00e2registerist: <a href=\"https:\/\/paliskunnat.fi\/py\/organisaatio\/yhteystiedot\/henkilokunta\/\">Njuno\u0161 \u010d\u00e4llee<\/a><\/p>\n","protected":false},"excerpt":{"rendered":"<p>[L\u00e4hde: Word 24.7.2014]<\/p>\n","protected":false},"author":1,"featured_media":0,"parent":3944,"menu_order":3,"comment_status":"open","ping_status":"closed","template":"","meta":{"footnotes":""},"class_list":["post-397","page","type-page","status-publish","hentry"],"_links":{"self":[{"href":"https:\/\/paliskunnat.fi\/po\/wp-json\/wp\/v2\/pages\/397","targetHints":{"allow":["GET"]}}],"collection":[{"href":"https:\/\/paliskunnat.fi\/po\/wp-json\/wp\/v2\/pages"}],"about":[{"href":"https:\/\/paliskunnat.fi\/po\/wp-json\/wp\/v2\/types\/page"}],"author":[{"embeddable":true,"href":"https:\/\/paliskunnat.fi\/po\/wp-json\/wp\/v2\/users\/1"}],"replies":[{"embeddable":true,"href":"https:\/\/paliskunnat.fi\/po\/wp-json\/wp\/v2\/comments?post=397"}],"version-history":[{"count":5,"href":"https:\/\/paliskunnat.fi\/po\/wp-json\/wp\/v2\/pages\/397\/revisions"}],"predecessor-version":[{"id":5609,"href":"https:\/\/paliskunnat.fi\/po\/wp-json\/wp\/v2\/pages\/397\/revisions\/5609"}],"up":[{"embeddable":true,"href":"https:\/\/paliskunnat.fi\/po\/wp-json\/wp\/v2\/pages\/3944"}],"wp:attachment":[{"href":"https:\/\/paliskunnat.fi\/po\/wp-json\/wp\/v2\/media?parent=397"}],"curies":[{"name":"wp","href":"https:\/\/api.w.org\/{rel}","templated":true}]}}