{"id":399,"date":"2014-10-20T10:49:31","date_gmt":"2014-10-20T07:49:31","guid":{"rendered":"http:\/\/80.69.171.23\/py\/?page_id=399"},"modified":"2019-02-22T16:45:02","modified_gmt":"2019-02-22T14:45:02","slug":"eennamkevttim","status":"publish","type":"page","link":"https:\/\/paliskunnat.fi\/po\/ravvim\/eennamkevttim\/","title":{"rendered":"Eenn\u00e2mkevttim"},"content":{"rendered":"<h2>Eenn\u00e2mkevttim pu\u00e1suitu\u00e1luku\u00e1vlust<\/h2>\n<p>Pu\u00e1sui lii smieretteijee, mii taarb\u00e2\u0161 maa\u014bg\u00e2l\u00e1g\u00e1n purr\u00e2mu\u0161\u0161addoid ihevarriist\u00e2ll\u00e2mstis sier\u00e2 mudoin. Pu\u00e1suitu\u00e1lu vu\u00e1\u0111uduv\u00e1 lu\u00e1ndu ku\u00e1ttumen\u00e2m\u00e1id j\u00e1 poccuu rijj\u00e2 ku\u00e1\u0111utm\u00e2n tain: pu\u00e1sui oc\u00e1 j\u00e1 k\u00e1vn\u00e1 purr\u00e2mu\u0161\u00e2s jie\u0161 lu\u00e1ndust, pu\u00e1sui \u00e1vh\u00e1st\u00e2l suull\u00e2n 350 sier\u00e2 purr\u00e2mu\u0161\u0161addod. Merh\u00e2\u0161ittees u\u00e1si poccuu purr\u00e2mu\u0161\u0161adoin, erom\u00e2\u0161\u00e1vt jeevil, \u0161adda meecijn. Poccui kesiku\u00e1ttumen\u00e2meh l\u00e1\u00e1 jeegih, kiedih j\u00e1 \u0161adol\u00e2\u0161 aaj\u00e2kuorah. \u010coh\u010duv poccuuh \u010dokk\u00e2neh vuovdijd puurr\u00e2\u0111 kuobb\u00e2rijd.<\/p>\n<p>Pu\u00e1suitu\u00e1lu taarb\u00e2\u0161 vij\u0111es j\u00e1 maa\u014bg\u00e2pi\u00e4l\u00e1lijd ku\u00e1ttumen\u00e2mijd v\u00e2i tot pu\u00e1ht\u00e1 toim\u00e2\u0111 ekolog\u00e2l\u00e1vt, sosiaall\u00e1vt, kulttuurl\u00e1vt j\u00e1 ekonom\u00e2l\u00e1vt hi\u00e4ivulijn vuovvijn.<\/p>\n<p><a href=\"https:\/\/paliskunnat.fi\/bo\/wp-content\/uploads\/2014\/10\/poroja_Saarisel\u00e4ll\u00e4.jpg\" rel=\"lightbox[399]\"><img loading=\"lazy\" decoding=\"async\" class=\"alignnone wp-image-1749\" src=\"https:\/\/paliskunnat.fi\/bo\/wp-content\/uploads\/2014\/10\/poroja_Saarisel\u00e4ll\u00e4.jpg\" alt=\"Kesikuolgah poccuuh Su\u00e1lui\u010dielgi vieltijn keessiv 2013.\" width=\"500\" height=\"321\" srcset=\"https:\/\/paliskunnat.fi\/po\/wp-content\/uploads\/2014\/10\/poroja_Saarisel\u00e4ll\u00e4.jpg 1000w, https:\/\/paliskunnat.fi\/po\/wp-content\/uploads\/2014\/10\/poroja_Saarisel\u00e4ll\u00e4-300x193.jpg 300w, https:\/\/paliskunnat.fi\/po\/wp-content\/uploads\/2014\/10\/poroja_Saarisel\u00e4ll\u00e4-768x493.jpg 768w\" sizes=\"auto, (max-width: 500px) 100vw, 500px\" \/><\/a><\/p>\n<p>Eres eenn\u00e2mkevttim vaaigut pu\u00e1suitu\u00e1lun eereeb i\u00e4rr\u00e1s purr\u00e2mu\u0161resursij teikk\u00e2 ku\u00e1ttumen\u00e2mij ki\u00e4pp\u00e1nm\u00e2n j\u00e1 cuovkk\u00e2nm\u00e2n, poccui ku\u00e1ttumvarriist\u00e2ll\u00e2m hem\u00e2d\u00e2s\u00e2id j\u00e1 nub\u00e1stuumijd j\u00e1 pu\u00e1suitu\u00e1lu tooim\u00e2 hettim\u00e2n j\u00e1 eresmu\u00e1\u0111usij luhottesvuo\u0111\u00e2i lasanem\u00e2n. Eenn\u00e2mkevttimist i\u00e4 lah \u010du\u00e1vumu\u0161ah tu\u0161e pu\u00e1suitu\u00e1lusi\u00e4rv\u00e1duv ekonom\u00e2lijd toim\u00e2i\u00e4vttoid, mut meiddei kulttuur\u00e2n.<\/p>\n<p>Pu\u00e1suitu\u00e1lu lii su\u00e1rj\u00e1\u00e1vis lu\u00e1ndust j\u00e1 vu\u00e1\u0111uduv\u00e1 u\u0111\u00e2smeijei lu\u00e1nduriggoduv\u00e2i nanos \u00e1vh\u00e1st\u00e2lm\u00e2n. Pu\u00e1suitu\u00e1lu i\u00e4vttoid vaigutteijee eenn\u00e2mkevttim h\u00e4\u00e4mih l\u00e1\u00e1 vu\u00e1\u0111ujurdust puoh pu\u00e1suitu\u00e1luku\u00e1vlu lu\u00e1nduriggoduv\u00e2i \u00e1vh\u00e1st\u00e2lm\u00e2n kyeskee tooimah. Ku\u00e1vd\u00e1\u00e1h vaigutteijeeh l\u00e1\u00e1 vyevditu\u00e1lu, ku\u00e1ivutt\u00e2htoim\u00e2, piegg\u00e2- j\u00e1 \u010d\u00e4civyeimi, lav\u014bepuovt\u00e2dem, ma\u0111h\u00e2\u0161em j\u00e1 eresmu\u00e1\u0111usiih suoj\u00e2lemku\u00e1vluh.<\/p>\n<p>Pyeremus ku\u00e1ttumeenn\u00e2m lii tu\u00e1rvi viij\u0111es, oht\u00e2l\u00e2\u0161 j\u00e1 maa\u014bg\u00e2pi\u00e4l\u00e1l\u00e2\u0161. Pu\u00e1sui k\u00e1vn\u00e1 tobbeen eresmu\u00e1\u0111usijd purr\u00e2mu\u0161\u0161addoid j\u00e1 \u010diev\u00e2rd jyehi siijvost. \u0160iev ku\u00e1ttumen\u00e2mist pu\u00e1sui u\u00e1\u017e\u017eu tu\u00e1rvi purr\u00e2mu\u0161 j\u00e1 tobbeen lii ku\u00e1ttumr\u00e1\u00e1vhu massivlii ulmuutoim\u00e2itt\u00e1\u00e1. Poccui ku\u00e1ttumen\u00e2meh l\u00e1\u00e1 pyeremuuh suoj\u00e2lemku\u00e1vluin, kost eres eenn\u00e2mkevttim lii raijum. Pu\u00e1suitu\u00e1lu lii aktiivl\u00e1vt ku\u00e1skul\u00e2\u0161 eresmu\u00e1\u0111usii laav\u00e2st meridum eenn\u00e2mkevttim kie\u0111\u00e2vu\u0161mijn, tego kaavaamij eres tassijn (eenn\u00e2mkoddekaavam, almol\u00e2\u0161 kaavam, sajatt\u00e2hkaavam), projektij pir\u00e2svaikutt\u00e2s\u00e2i \u00e1rvu\u0161t\u00e2lmist, suoj\u00e2lemku\u00e1vluid tip\u0161o- j\u00e1 kevttimvu\u00e1v\u00e1\u00e1mijn, maalm\u00e2uucc\u00e2m- j\u00e1 ku\u00e1ivutt\u00e2hlopeprosesijn j\u00e1 jotoluv vu\u00e1v\u00e1mist (ki\u00e4inu- j\u00e1 luodd\u00e2vu\u00e1v\u00e1\u00e1meh).<\/p>\n<p>Palg\u00e2sij ovt\u00e2stus tu\u00e1im\u00e1 pu\u00e1suitu\u00e1luko\u010d\u010d\u00e2mu\u0161\u00e2i \u00e4\u0161\u0161itobden j\u00e1 \u00e4\u0161\u0161iu\u00e1s\u00e1lij palg\u00e2sij i\u0161\u0161een sier\u00e2 eenn\u00e2mkevttim kie\u0111\u00e2vu\u0161mist, addel ci\u00e4lkk\u00e1mu\u0161\u00e2id j\u00e1 u\u00e1s\u00e1list r\u00e1\u0111\u00e1d\u00e2lm\u00e1id, stivrimju\u00e1vhoid j\u00e1 ovdedempargoju\u00e1vhoid j\u00e1 \u010du\u00e1gg\u00e1 ti\u00e4\u0111uid eresmu\u00e1\u0111us\u00e2\u0161 eenn\u00e2mkevttimhaamij vaikutt\u00e2s\u00e2st pu\u00e1suitu\u00e1lun.<\/p>\n<p><a href=\"https:\/\/www.finlex.fi\/fi\/laki\/ajantasa\/1990\/19900848#P53\">Pu\u00e1suitu\u00e1lulaav\u00e2\u00a053 \u00a7\u00a0<\/a>mield staat\u00e2 en\u00e2mij kyeskee, pu\u00e1suitu\u00e1lun \u010dielg\u00e2s\u00e1vt vaigutteijee tooim\u00e2id vu\u00e1v\u00e1\u00e1dijn kalga ain r\u00e1\u0111\u00e1d\u00e2ll\u00e2\u0111 \u00e4\u0161\u0161iom\u00e1h\u00e1\u00e1 palg\u00e2s ovd\u00e2steijeiguin. R\u00e1\u0111\u00e1d\u00e2lmijn palg\u00e2s oovd\u00e2st pu\u00e1sui-i\u0161\u0161eed.<\/p>\n<p><!--more--><\/p>\n<h2>PoroYVA<\/h2>\n<p><a href=\"https:\/\/www.paliskunnat.fi\/poroyva\/\">PoroYVA-u\u00e1pisteijee<\/a> (suom\u00e2kiel\u00e2n) lii tiev\u00e2sl\u00e2\u0161 ti\u00e4tuk\u00e4ldee pu\u00e1suitu\u00e1lu hi\u00e4jusmist eenn\u00e2mkevttimprojektijn.<\/p>\n","protected":false},"excerpt":{"rendered":"<p>[L\u00e4hde: Word 24.7.2014]<\/p>\n","protected":false},"author":1,"featured_media":0,"parent":3944,"menu_order":2,"comment_status":"open","ping_status":"closed","template":"","meta":{"footnotes":""},"class_list":["post-399","page","type-page","status-publish","hentry"],"_links":{"self":[{"href":"https:\/\/paliskunnat.fi\/po\/wp-json\/wp\/v2\/pages\/399","targetHints":{"allow":["GET"]}}],"collection":[{"href":"https:\/\/paliskunnat.fi\/po\/wp-json\/wp\/v2\/pages"}],"about":[{"href":"https:\/\/paliskunnat.fi\/po\/wp-json\/wp\/v2\/types\/page"}],"author":[{"embeddable":true,"href":"https:\/\/paliskunnat.fi\/po\/wp-json\/wp\/v2\/users\/1"}],"replies":[{"embeddable":true,"href":"https:\/\/paliskunnat.fi\/po\/wp-json\/wp\/v2\/comments?post=399"}],"version-history":[{"count":4,"href":"https:\/\/paliskunnat.fi\/po\/wp-json\/wp\/v2\/pages\/399\/revisions"}],"predecessor-version":[{"id":5699,"href":"https:\/\/paliskunnat.fi\/po\/wp-json\/wp\/v2\/pages\/399\/revisions\/5699"}],"up":[{"embeddable":true,"href":"https:\/\/paliskunnat.fi\/po\/wp-json\/wp\/v2\/pages\/3944"}],"wp:attachment":[{"href":"https:\/\/paliskunnat.fi\/po\/wp-json\/wp\/v2\/media?parent=399"}],"curies":[{"name":"wp","href":"https:\/\/api.w.org\/{rel}","templated":true}]}}