{"id":401,"date":"2014-10-20T10:51:15","date_gmt":"2014-10-20T07:51:15","guid":{"rendered":"http:\/\/80.69.171.23\/py\/?page_id=401"},"modified":"2017-12-27T13:47:29","modified_gmt":"2017-12-27T13:47:29","slug":"vyevditualu","status":"publish","type":"page","link":"https:\/\/paliskunnat.fi\/po\/ravvim\/eennamkevttim\/vyevditualu\/","title":{"rendered":"Vyevditu\u00e1lu"},"content":{"rendered":"<h2>Vyevditu\u00e1lu<\/h2>\n<p>Pu\u00e1suitu\u00e1lu ki\u0161tott\u00e2l teh\u00e1lumos reesuursstis, vij\u0111es ku\u00e1ttumen\u00e2m\u00e1in, eres eenn\u00e2mkevttim\u00e1in. Viij\u0111\u00e1sumos vaigutteijee eenn\u00e2mkevttee lii vyevditu\u00e1lu. Meccihald\u00e2tt\u00e2s vyevditu\u00e1lu vyevdien\u00e2mijn 71 % l\u00e1\u00e1 pu\u00e1suitu\u00e1luku\u00e1vlu.<\/p>\n<p>Vyevdipalg\u00e2sijn vuovdij merh\u00e2\u0161ume erom\u00e2\u0161\u00e1vt t\u00e4lviku\u00e1ttumen\u00e2mijn lii tuo\u0111\u00e2i stuorr\u00e2. Poccuuh v\u00e4ljejeh t\u00e4lviv purr\u00e2mu\u0161\u0161\u00e2n vuoss\u00e2mu\u017e\u017e\u00e2n jeevil j\u00e1 to\u014b\u014b\u00e2sijd. Jeevil merh\u00e2\u0161ume lupt\u00e2n t\u00e4\u00e4lvi mield ko jeevil lii \u00e4lkkee \u00e1vh\u00e1st\u00e2ll\u00e2\u0111 j\u00e1 tot siskeeld ennuv \u010di\u0111\u0111\u00e2hydraattijd. Pivdoellee- j\u00e1 kyelitu\u00e1lu Tutk\u00e2ml\u00e1j\u00e1d\u00e2s j\u00e1 vyevditutk\u00e2ml\u00e1j\u00e1d\u00e2s (taan \u00e4\u00e4igi <a href=\"http:\/\/www.luke.fi\/kalat-ja-riista\/\">Lu\u00e1nduriggod\u00e2hku\u00e1vd\u00e1\u0161<\/a>) maa\u014bg\u00e2i tutk\u00e2mij mield jeevil meeri lii stu\u00e1rr\u00e1\u00e1bijn pu\u00e1ris vuovdijn ko nuor\u00e2 \u0161odd\u00e2demvuovdijn.<\/p>\n\n\t\t<style type=\"text\/css\">\n\t\t\t#gallery-1 {\n\t\t\t\tmargin: auto;\n\t\t\t}\n\t\t\t#gallery-1 .gallery-item {\n\t\t\t\tfloat: left;\n\t\t\t\tmargin-top: 10px;\n\t\t\t\ttext-align: center;\n\t\t\t\twidth: 33%;\n\t\t\t}\n\t\t\t#gallery-1 img {\n\t\t\t\tborder: 2px solid #cfcfcf;\n\t\t\t}\n\t\t\t#gallery-1 .gallery-caption {\n\t\t\t\tmargin-left: 0;\n\t\t\t}\n\t\t\t\/* see gallery_shortcode() in wp-includes\/media.php *\/\n\t\t<\/style>\n\t\t<div id='gallery-1' class='gallery galleryid-401 gallery-columns-3 gallery-size-thumbnail'><dl class='gallery-item'>\n\t\t\t<dt class='gallery-icon landscape'>\n\t\t\t\t<a href='https:\/\/paliskunnat.fi\/po\/wp-content\/uploads\/2014\/10\/Metsanmuokkaus1.jpg' rel=\"lightbox[401]\"><img loading=\"lazy\" decoding=\"async\" width=\"150\" height=\"150\" src=\"https:\/\/paliskunnat.fi\/po\/wp-content\/uploads\/2014\/10\/Metsanmuokkaus1-150x150.jpg\" class=\"attachment-thumbnail size-thumbnail\" alt=\"\" \/><\/a>\n\t\t\t<\/dt><\/dl><dl class='gallery-item'>\n\t\t\t<dt class='gallery-icon landscape'>\n\t\t\t\t<a href='https:\/\/paliskunnat.fi\/po\/wp-content\/uploads\/2014\/10\/MetsanmuokkausB.jpg' rel=\"lightbox[401]\"><img loading=\"lazy\" decoding=\"async\" width=\"150\" height=\"150\" src=\"https:\/\/paliskunnat.fi\/po\/wp-content\/uploads\/2014\/10\/MetsanmuokkausB-150x150.jpg\" class=\"attachment-thumbnail size-thumbnail\" alt=\"\" \/><\/a>\n\t\t\t<\/dt><\/dl><dl class='gallery-item'>\n\t\t\t<dt class='gallery-icon landscape'>\n\t\t\t\t<a href='https:\/\/paliskunnat.fi\/po\/wp-content\/uploads\/2014\/10\/Porot_kaivoksella.jpg' rel=\"lightbox[401]\"><img loading=\"lazy\" decoding=\"async\" width=\"150\" height=\"150\" src=\"https:\/\/paliskunnat.fi\/po\/wp-content\/uploads\/2014\/10\/Porot_kaivoksella-150x150.jpg\" class=\"attachment-thumbnail size-thumbnail\" alt=\"\" \/><\/a>\n\t\t\t<\/dt><\/dl><br style=\"clear: both\" \/><dl class='gallery-item'>\n\t\t\t<dt class='gallery-icon landscape'>\n\t\t\t\t<a href='https:\/\/paliskunnat.fi\/po\/wp-content\/uploads\/2014\/10\/poroja_hakkuulla.jpg' rel=\"lightbox[401]\"><img loading=\"lazy\" decoding=\"async\" width=\"150\" height=\"150\" src=\"https:\/\/paliskunnat.fi\/po\/wp-content\/uploads\/2014\/10\/poroja_hakkuulla-150x150.jpg\" class=\"attachment-thumbnail size-thumbnail\" alt=\"\" \/><\/a>\n\t\t\t<\/dt><\/dl>\n\t\t\t<br style='clear: both' \/>\n\t\t<\/div>\n\n<p>&nbsp;<\/p>\n<p>Ki\u0111\u0111\u00e2t\u00e4\u00e4lvi, ko cu\u00e1\u014bui lii meendu koor\u00e2s \u010diev\u00e2rdi\u0111 purr\u00e2mu\u0161 kavn\u00e2m\u00e2n, pu\u00e1sui \u0161i\u00e4\u0161t\u00e1 \u010diev\u00e2rdem kole energia j\u00e1 pur\u00e2\u0161ku\u00e1t jievj\u00e2m, moh l\u00e1\u00e1 Vyevditutk\u00e2ml\u00e1j\u00e1d\u00e2s tutk\u00e2mij mield i\u00e4n\u00e1\u00e1\u0161 pu\u00e1ris ku\u00e1cceevuovdijn. Pu\u00e1sui \u00e1vh\u00e1st\u00e2l muor\u00e2 oovsijn j\u00e1 ru\u014bgoost \u0161oddi\u0161 jievj\u00e2m lasseen meid muot\u00e2 j\u00e1 pieg\u00e2 ko\u010d\u010d\u00e2m jievj\u00e2m.<\/p>\n<p>Jyehi palg\u00e2sist pi\u00e4mmoo u\u00e1si poccuin lasepi\u00e4mmoin t\u00e4lviv. Lasepi\u00e4mmu t\u00e1rbu \u0161adda jyehi palg\u00e2s teikk\u00e2 siijd\u00e2 ku\u00e1ttumen\u00e2mijn. Ir\u00e2tt\u00e2svyevdiku\u00e1vluin lasepi\u00e4mm\u00e2m lii velttidmettum poccuid tooll\u00e2m \u0161iev oornigist t\u00e4\u00e4lvi paijeel. Lasepi\u00e4mm\u00e2m adeluvvoo kaardijn j\u00e1 ku\u00e1ttumen\u00e2mijn. Poccuuh piergejeh \u0161iev oornigist t\u00e4\u00e4lvi lasepi\u00e4mm\u00e2mtt\u00e1\u00e1 taggaar ku\u00e1vlust kost l\u00e1\u00e1 tu\u00e1rvi vij\u0111es oht\u00e2l\u00e2\u0161 pu\u00e1ris vuovdijd, tego jie\u0161kote-uvl\u00e1g\u00e1n suoj\u00e2lemku\u00e1vluin, kost jeevil j\u00e1 jievj\u00e2m \u0161addeh ain pyereest.<\/p>\n<h3>Vyevditu\u00e1lu vaaigut pu\u00e1suitu\u00e1lun erom\u00e2\u0161\u00e1vt ku\u00e1ttumen\u00e2mij nub\u00e1stus\u00e2i peht, ko tot keeppid poccuid teh\u00e1lij t\u00e4lviku\u00e1ttumen\u00e2mij vijdoduv\u00e2id j\u00e1 hi\u00e4jud tai tile:<\/h3>\n<ul>\n<li>Oht\u00e2liih ku\u00e1ttumen\u00e2meh cuovkk\u00e2neh<\/li>\n<li>Ko vuovdijd \u010duopp\u00e2\u0111, jievj\u00e2m \u0161odd\u00e2mvu\u00e1\u0111u l\u00e1ppoo<\/li>\n<li>Eenn\u00e2m kie\u0111\u00e2vu\u0161\u0161\u00e2m: jevileh j\u00e1 to\u014b\u014b\u00e2seh v\u00e1\u00e1nnup<\/li>\n<li>\u010cuop\u00e2tt\u00e2hpas\u00e2tt\u00e2sah hettejeh jeevil \u0161odd\u00e2m<\/li>\n<li>\u010cuop\u00e2ttuv\u00e2in suonj\u00e2rdem-, laht\u00e2vuot\u00e2-, lieg\u00e2svuot\u00e2- j\u00e1 piegg\u00e2tileh muttojeh. Jeevil ki\u0161tott\u00e2ll\u00e2m eres \u0161adoin \u010dovg\u00e2s<\/li>\n<li>Jolg\u00e2dis ku\u00e1vluin muot\u00e2 kara pieg\u00e2 vaikutt\u00e2s\u00e2st, mii hettee poccuu \u010diev\u00e2rdem (ki\u0111\u0111\u00e2t\u00e4lvi)<\/li>\n<\/ul>\n<h3>Vyevditu\u00e1lu vaaigut maid pu\u00e1suipargoid<\/h3>\n<ul>\n<li>Jal\u014beseh, \u010duop\u00e2tt\u00e2hpas\u00e2tt\u00e2sah, h\u00e4rvidem, povn\u00e2m, aijui rugg\u00e2m j\u00e1 liijk\u00e1s suohis vaseh hettejeh poccuid j\u00e1 pu\u00e1suiulmui varriist\u00e2ll\u00e2m ku\u00e1ttumen\u00e2mijn.<\/li>\n<\/ul>\n<h3>Vyevditu\u00e1lu positiivliih vaikutt\u00e2sah pu\u00e1suitu\u00e1lun<\/h3>\n<ul>\n<li>Harvim\u010duop\u00e2ttuvah: u\u00e1inus pu\u00e1rr\u00e1n j\u00e1 \u010duov\u00e2 meeri lassaan; jeevil \u00e1vh\u00e1st\u00e2l j\u00e1 jotteem pu\u00e1suipargoin lii \u00e4lkkeebeh<\/li>\n<li>Mecciki\u00e4inuh \u00e4lkkeeditteh pu\u00e1suipargoid<\/li>\n<li>Addel pargo seso\u014bkij mield meid pu\u00e1suitu\u00e1lleid (kalvem, njask\u00e2m, ma\u0161inpargoh)<\/li>\n<\/ul>\n<h3>Pu\u00e1suitu\u00e1lu hu\u00e1mm\u00e1\u0161um\u00e1n v\u00e4ldim vyevditu\u00e1lust<\/h3>\n<p>U\u0111\u0111\u00e2\u00a0<a href=\"http:\/\/www.finlex.fi\/fi\/laki\/ajantasa\/1996\/19961093\">vyevdilaav\u00e2st<\/a> (1093\/1996) vyevdiom\u00e2steijeeh pyehtih meridi\u0111 \u010duopp\u00e2m \u00e4lgimist j\u00e1 vuovdij varriist\u00e2ll\u00e2maaigijn. Meiddei \u010du\u00e1ggim\u010duop\u00e2ttuvah j\u00e1 ucc\u00e2r\u00e4igi\u010duop\u00e2ttuvah l\u00e1\u00e1 m\u00e1h\u0111ul\u00e1vt j\u00e1 lu\u00e1ndul\u00e2\u0161 u\u0111\u00e2smittem m\u00e1h\u0111ul\u00e2\u0161vuo\u0111ah j\u00e1 sier\u00e2r\u00e1htuseh vyevdi \u0161odd\u00e2dmist u\u00e1\u017e\u017euh n\u00e1vt pyerebijd i\u00e4vtuid. \u010cu\u00e1ggim\u010duop\u00e2ttuv\u00e2i kevttim vyevditu\u00e1lust lasetti\u010d\u010dii vuovdij loovdem, j\u00e1 n\u00e1vt jievj\u00e2m sird\u00e2\u010d\u010dem u\u0111\u0111\u00e2 muor\u00e2puolv\u00e2n li\u010dij \u00e4lkkeb. Meiddei eenn\u00e2m kie\u0111\u00e2vu\u0161\u0161\u00e2m ij talle tarb\u00e2\u0161uu, ko poccui ku\u00e1ttumen\u00e2meh si\u00e4iluu\u010d\u010dii pyerebeht meid vyevdiir\u00e2tt\u00e2sen\u00e2mijn.<\/p>\n<p>&nbsp;<\/p>\n","protected":false},"excerpt":{"rendered":"<p>L\u00e5hde Yammer<br \/>\nAnne Ollila, Rovaniemi 11\/2013[Mets\u00e4hallitus ja sopimusperusteinen yhteisty\u00f6]. PowerPoint.<\/p>\n","protected":false},"author":1,"featured_media":0,"parent":399,"menu_order":1,"comment_status":"open","ping_status":"closed","template":"","meta":{"footnotes":""},"class_list":["post-401","page","type-page","status-publish","hentry"],"_links":{"self":[{"href":"https:\/\/paliskunnat.fi\/po\/wp-json\/wp\/v2\/pages\/401","targetHints":{"allow":["GET"]}}],"collection":[{"href":"https:\/\/paliskunnat.fi\/po\/wp-json\/wp\/v2\/pages"}],"about":[{"href":"https:\/\/paliskunnat.fi\/po\/wp-json\/wp\/v2\/types\/page"}],"author":[{"embeddable":true,"href":"https:\/\/paliskunnat.fi\/po\/wp-json\/wp\/v2\/users\/1"}],"replies":[{"embeddable":true,"href":"https:\/\/paliskunnat.fi\/po\/wp-json\/wp\/v2\/comments?post=401"}],"version-history":[{"count":5,"href":"https:\/\/paliskunnat.fi\/po\/wp-json\/wp\/v2\/pages\/401\/revisions"}],"predecessor-version":[{"id":5386,"href":"https:\/\/paliskunnat.fi\/po\/wp-json\/wp\/v2\/pages\/401\/revisions\/5386"}],"up":[{"embeddable":true,"href":"https:\/\/paliskunnat.fi\/po\/wp-json\/wp\/v2\/pages\/399"}],"wp:attachment":[{"href":"https:\/\/paliskunnat.fi\/po\/wp-json\/wp\/v2\/media?parent=401"}],"curies":[{"name":"wp","href":"https:\/\/api.w.org\/{rel}","templated":true}]}}