{"id":403,"date":"2014-10-20T10:52:13","date_gmt":"2014-10-20T07:52:13","guid":{"rendered":"http:\/\/80.69.171.23\/py\/?page_id=403"},"modified":"2017-12-27T13:49:34","modified_gmt":"2017-12-27T13:49:34","slug":"kuaivuttahtoima","status":"publish","type":"page","link":"https:\/\/paliskunnat.fi\/po\/ravvim\/eennamkevttim\/kuaivuttahtoima\/","title":{"rendered":"Ku\u00e1ivutt\u00e2htoim\u00e2"},"content":{"rendered":"<h2>Ku\u00e1ivutt\u00e2htoim\u00e2<\/h2>\n<p>Ku\u00e1ivutt\u00e2hr\u00e1ht\u00e1l\u00e2\u0161vuo\u0111\u00e2 jotelis lasanem tavveen huol\u00e2stut. Erom\u00e2\u0161\u00e1vt palo toovv\u00e2t majemuin iivijn t\u00e1b\u00e1htum vij\u0111es ku\u00e1ivutt\u00e2htooim\u00e2 tov\u00e2tt\u00e2m pir\u00e2skatastrofeh Suom\u00e2st j\u00e1 maailmist. Ku\u00e1ivutt\u00e2htoim\u00e2m pu\u00e1suitu\u00e1luku\u00e1vlust lii ain risk\u00e2 pu\u00e1suitu\u00e1lun. Riska stu\u00e1rud\u00e2h lii kidd\u00e2 ku\u00e1ivutt\u00e2htooim\u00e2st j\u00e1 ton sajattuvv\u00e2st.<\/p>\n\n\t\t<style type=\"text\/css\">\n\t\t\t#gallery-1 {\n\t\t\t\tmargin: auto;\n\t\t\t}\n\t\t\t#gallery-1 .gallery-item {\n\t\t\t\tfloat: left;\n\t\t\t\tmargin-top: 10px;\n\t\t\t\ttext-align: center;\n\t\t\t\twidth: 33%;\n\t\t\t}\n\t\t\t#gallery-1 img {\n\t\t\t\tborder: 2px solid #cfcfcf;\n\t\t\t}\n\t\t\t#gallery-1 .gallery-caption {\n\t\t\t\tmargin-left: 0;\n\t\t\t}\n\t\t\t\/* see gallery_shortcode() in wp-includes\/media.php *\/\n\t\t<\/style>\n\t\t<div id='gallery-1' class='gallery galleryid-403 gallery-columns-3 gallery-size-thumbnail'><dl class='gallery-item'>\n\t\t\t<dt class='gallery-icon landscape'>\n\t\t\t\t<a href='https:\/\/paliskunnat.fi\/po\/wp-content\/uploads\/2014\/10\/kevitsa_1.jpg' rel=\"lightbox[403]\"><img loading=\"lazy\" decoding=\"async\" width=\"150\" height=\"150\" src=\"https:\/\/paliskunnat.fi\/po\/wp-content\/uploads\/2014\/10\/kevitsa_1-150x150.jpg\" class=\"attachment-thumbnail size-thumbnail\" alt=\"\" \/><\/a>\n\t\t\t<\/dt><\/dl><dl class='gallery-item'>\n\t\t\t<dt class='gallery-icon landscape'>\n\t\t\t\t<a href='https:\/\/paliskunnat.fi\/po\/wp-content\/uploads\/2014\/10\/kevitsa_2.jpg' rel=\"lightbox[403]\"><img loading=\"lazy\" decoding=\"async\" width=\"150\" height=\"150\" src=\"https:\/\/paliskunnat.fi\/po\/wp-content\/uploads\/2014\/10\/kevitsa_2-150x150.jpg\" class=\"attachment-thumbnail size-thumbnail\" alt=\"\" \/><\/a>\n\t\t\t<\/dt><\/dl><dl class='gallery-item'>\n\t\t\t<dt class='gallery-icon landscape'>\n\t\t\t\t<a href='https:\/\/paliskunnat.fi\/po\/wp-content\/uploads\/2014\/10\/Kemin_kromikaivos_2013a.jpg' rel=\"lightbox[403]\"><img loading=\"lazy\" decoding=\"async\" width=\"150\" height=\"150\" src=\"https:\/\/paliskunnat.fi\/po\/wp-content\/uploads\/2014\/10\/Kemin_kromikaivos_2013a-150x150.jpg\" class=\"attachment-thumbnail size-thumbnail\" alt=\"\" \/><\/a>\n\t\t\t<\/dt><\/dl><br style=\"clear: both\" \/>\n\t\t<\/div>\n\n<p>&nbsp;<\/p>\n<p>Pu\u00e1suitu\u00e1luku\u00e1vlust tu\u00e1imih Agnico Eagle Kitt\u00e2l Kolleku\u00e1ivutt\u00e2h j\u00e1 Su\u00e1\u0111ikyl\u00e1st kanadal\u00e2\u0161 First Quantum Minerals Kevitsa ma\u014bg\u00e2meetaalku\u00e1ivutt\u00e2h, mast laigoh nikkel, veeigi, platina j\u00e1 palladium. Kevitsa lii Suom\u00e2 stu\u00e1rr\u00e1\u00e1mus ku\u00e1ivutt\u00e2h, ko Kevitsast laigoh ivveest 10 miljovn tonnid maalm\u00e2 j\u00e1 63 miljovn tonnid sij\u0111okee\u0111gi.<\/p>\n<p>Su\u00e1\u0111ikyl\u00e1 Pahtavaara kolleku\u00e1ivutt\u00e2h toim\u00e2n nuuv\u00e2i ko\u014bkurss\u00e2n 2014. Ko\u014bkurs l\u00e2i ku\u00e1lm\u00e1d Pahtavaara historj\u00e1st.<\/p>\n<p>Kuhes ovd\u00e1n\u00e2m ku\u00e1ivutt\u00e2hprojektij valm\u00e2\u0161t\u00e2lmeh lii Hannukainen Kolarist, Ranua Suhankost, Suov\u00e2kuo\u0161k\u00e2 Soklist, Guoss\u00e1n Juomasuost j\u00e1 Taivalkoski Mustavaarast. Lasseen pu\u00e1suitu\u00e1luku\u00e1vlu pirr\u00e2 pargoo malm\u00e2uucc\u00e2m.<\/p>\n<p>Ku\u00e1ivutt\u00e2htoim\u00e2 vaaigut merh\u00e2\u0161ittee ennuv pu\u00e1suitu\u00e1lun. Karvemettum vaikutt\u00e2sah l\u00e1\u00e1 njuolg\u00e2dis j\u00e1 epinjuolg\u00e2dis ku\u00e1ttumen\u00e2mij mon\u00e2tt\u00e2sah, hem\u00e2d\u00e2sah, ku\u00e1ttumvarriist\u00e2ll\u00e2m moiven j\u00e1 tai mield pargomere j\u00e1 ku\u00e1st\u00e1d\u00e2s\u00e2i lupt\u00e2nem. Lasan\u00e2m jotol\u00e2h toovv\u00e2t merh\u00e2\u0161itteid v\u00e4disvuo\u0111\u00e2id. V\u00e1dd\u00e1sumosij muuneeld leijee vaikutt\u00e2sah j\u00e1 riiskah laht\u00e2seh \u00e1vuslaigoduv kovjim\u00e2n, sehe ku\u00e1ttumen\u00e2mij\u00a0 j\u00e1 \u010d\u00e1c\u00e1duv\u00e2i nyeskidm\u00e2n lusismetallij, suonj\u00e2rdeijee amn\u00e2soosij j\u00e1 eres pir\u00e2snu\u00e1sk\u00e1d\u00e2s\u00e2i hald\u00e2\u0161emettum lavd\u00e2m mield. Ku\u00e1ivutt\u00e2htooim\u00e2 vaikutt\u00e2s\u00e2id j\u00e1 riisk\u00e2id kalga-uv muuneeld \u00e1rvu\u0161t\u00e2ll\u00e2\u0111 t\u00e1rkk\u00e1.<\/p>\n<p>Pu\u00e1suitu\u00e1lu pu\u00e1tteevuot\u00e2 lii su\u00e1rj\u00e1\u00e1v\u00e2\u0161 tu\u00e1rvi putes j\u00e1 vij\u0111es lu\u00e1nduku\u00e1ttumen\u00e2mijn. Taid si\u00e4ilum v\u00e1\u00e1t\u00e1 jyehi r\u00e1ht\u00e1l\u00e2\u0161vuo\u0111\u00e2st, j\u00e1 erom\u00e2\u0161\u00e1vt stuorr\u00e2 pir\u00e2sriisk\u00e2i siskeldeijee ku\u00e1ivutt\u00e2htooim\u00e2in stuorr\u00e2 ovd\u00e2sv\u00e1st\u00e1d\u00e2s pir\u00e2sko\u010d\u010d\u00e2mu\u0161\u00e2in, j\u00e1 teetis ovt\u00e2spargo \u00e4\u0161\u0161iu\u00e1s\u00e1lij palg\u00e2sijguin proojeektvu\u00e1v\u00e1mijn jyehi proojeekt aalg\u00e2 r\u00e4\u00e4jist.<\/p>\n<p>&nbsp;<\/p>\n","protected":false},"excerpt":{"rendered":"<p>Marjan juttu kaivoksista 3\/2011 Poromies-lehti?<\/p>\n","protected":false},"author":1,"featured_media":0,"parent":399,"menu_order":2,"comment_status":"open","ping_status":"closed","template":"","meta":{"footnotes":""},"class_list":["post-403","page","type-page","status-publish","hentry"],"_links":{"self":[{"href":"https:\/\/paliskunnat.fi\/po\/wp-json\/wp\/v2\/pages\/403","targetHints":{"allow":["GET"]}}],"collection":[{"href":"https:\/\/paliskunnat.fi\/po\/wp-json\/wp\/v2\/pages"}],"about":[{"href":"https:\/\/paliskunnat.fi\/po\/wp-json\/wp\/v2\/types\/page"}],"author":[{"embeddable":true,"href":"https:\/\/paliskunnat.fi\/po\/wp-json\/wp\/v2\/users\/1"}],"replies":[{"embeddable":true,"href":"https:\/\/paliskunnat.fi\/po\/wp-json\/wp\/v2\/comments?post=403"}],"version-history":[{"count":3,"href":"https:\/\/paliskunnat.fi\/po\/wp-json\/wp\/v2\/pages\/403\/revisions"}],"predecessor-version":[{"id":5389,"href":"https:\/\/paliskunnat.fi\/po\/wp-json\/wp\/v2\/pages\/403\/revisions\/5389"}],"up":[{"embeddable":true,"href":"https:\/\/paliskunnat.fi\/po\/wp-json\/wp\/v2\/pages\/399"}],"wp:attachment":[{"href":"https:\/\/paliskunnat.fi\/po\/wp-json\/wp\/v2\/media?parent=403"}],"curies":[{"name":"wp","href":"https:\/\/api.w.org\/{rel}","templated":true}]}}