{"id":406,"date":"2014-10-20T10:53:14","date_gmt":"2014-10-20T07:53:14","guid":{"rendered":"http:\/\/80.69.171.23\/py\/?page_id=406"},"modified":"2017-12-27T13:51:17","modified_gmt":"2017-12-27T13:51:17","slug":"pieggavyeimi","status":"publish","type":"page","link":"https:\/\/paliskunnat.fi\/po\/ravvim\/eennamkevttim\/pieggavyeimi\/","title":{"rendered":"Piegg\u00e2vyeimi"},"content":{"rendered":"<h2><strong>Piegg\u00e2vyeimi<\/strong><\/h2>\n<p>Piegg\u00e2vyeimirustigij vaikutt\u00e2s poccuid j\u00e1 pu\u00e1suitu\u00e1lun i\u00e4 val mist Suom\u00e2st eidu tuubd\u00e2. Olos piegg\u00e2rustigeh lii ma\u0111h\u00e2\u0161emku\u00e1vd\u00e1\u00e1st Muoniost j\u00e1 I\u00e4nuduv Lammasu\u00e1ivist l\u00e1\u00e1 tu\u0161e kulm\u00e2 ucc\u00e2 vyeimiruustig. Tervola Varevaara vyeimirustigeh l\u00e1\u00e1 aaib\u00e2s ni\u00e4lj\u00e1\u0161ki\u00e4inu pi\u00e4ll\u00e1st, tego meid Simo vyeimirustigeh. Maa\u014bgah piegg\u00e2vyeimiruustigprojekteh l\u00e1\u00e1 kuitt\u00e2g joo\u0111oost pu\u00e1suitu\u00e1luku\u00e1vlust j\u00e1 aldemus iivijn u\u00e1\u017e\u017eup lase feeriimijd maht poccuuh reagisteh vyeimirustig\u00e1id.<\/p>\n<p>Ruot\u00e2st tohhum GPS-\u010du\u00e1vvumtutk\u00e2meh j\u00e1 poccui po\u0161k\u00e2tutk\u00e2meh adeleh jo \u010dujott\u00e2s\u00e2i poccuid reagistmist. Poccuuh viggeh karve\u0111 piegg\u00e2vyeimiruustigku\u00e1vluid sehe rustigijd huksiidijn j\u00e1 toi toim\u00e2m \u00e4\u00e4igi.\u00a0 Poccuuh l\u00e1\u00e1 heerkih hem\u00e2d\u00e2ss\u00e1id erom\u00e2\u0161\u00e1vt kyeddim\u00e4igin. Poccui lattim\u00e2n vaigutteh maa\u014bgah tahheeh, tego ku\u00e1vlu i\u00e4rr\u00e1s infrastruktuur teikk\u00e2 hem\u00e2d\u00e2s, ku\u00e1ttumeenn\u00e2mtijpp\u00e2 j\u00e1 sajanpu\u00e1ttee ku\u00e1ttumen\u00e2meh.<\/p>\n<p>Erom\u00e2\u0161\u00e1vt kesiku\u00e1ttumen\u00e2mij, kyeddimku\u00e1vluid, kevttim j\u00e1 poccui jotoluvah pyehtih muttu\u0111 piegg\u00e2vyeimirustigij tiet. Vyeimirustigij saijeem kosk\u00e2vuo\u0111\u00e2st ku\u00e1ttumen\u00e2m\u00e1id j\u00e1 toi ki\u00e4vtun lii ku\u00e1vd\u00e1\u00e1 sajattuvv\u00e2st ko \u00e1rvu\u0161t\u00e2ll\u00e2p vyeimirustigij vaikutt\u00e2s\u00e2id. Piegg\u00e2vyeimiruustigprojektijd kalga-uv ke\u010d\u010d\u00e2\u0111 ain ovt\u00e2sk\u00e2s t\u00e1b\u00e1htuss\u00e2n. Proojeektvu\u00e1v\u00e1m alg\u00e2mudoi r\u00e4\u00e4jist kalga selv\u00e2tti\u0111, maggaar vaikutt\u00e2sah m\u00e1h\u0111ul\u00e1vt l\u00e1\u00e1 j\u00e1 pu\u00e1ht\u00e1-uv tain vu\u00e1v\u00e1mijn kepidi\u0111. Poccui GPS-\u010du\u00e1vvum ovdil proojeekt, huksiidijn j\u00e1 vyeimirustigij ki\u00e4vtu \u00e4igin pu\u00e1t\u00e1 lasetti\u0111 merh\u00e2\u0161ittee ennuv ti\u00e4\u0111u poccuid reagistmist j\u00e1 ku\u00e1ttumen\u00e2mij ki\u00e4vtu nub\u00e1stuumijn.<\/p>\n<p>Ive 2014 loop\u00e2st Suom\u00e2st lijjii tooim\u00e2st 230 piegg\u00e2vyeimirustigid, maid tiev\u00e2sl\u00e2\u0161 kapasiteet lii 627 MW. Toh puovt\u00e2dii suull\u00e2n 1,3 prooseent Suom\u00e2st ive 2014 kevttum \u0161lee\u0111g\u00e2st (Suom\u00e2 piegg\u00e2vyeimiruustigovt\u00e2stus rs.). Piegg\u00e2vyeimirustigeh l\u00e1\u00e1 u\u00e1si pargo- j\u00e1 i\u00e4l\u00e1tt\u00e2sministeri\u00f6 kuhes \u00e4igikoosk\u00e2 \u0161o\u014b\u014b\u00e2d\u00e2h- j\u00e1 energiastrategia. Ton ulmen lii lupti\u0111 piegg\u00e2vyeimiruustig tiev\u00e2sl\u00e2\u0161 kapasiteet 2500 megawattad ih\u00e1n 2020 r\u00e4i.<\/p>\n<p>Puoh pu\u00e1suitu\u00e1luku\u00e1vlu vu\u00e1v\u00e1jum piegg\u00e2vyeimiprojekteh i\u00e4 vaa\u0111\u00e2 pir\u00e2svaikutt\u00e2s\u00e2i \u00e1rvu\u0161t\u00e2ll\u00e2m. Keeppid mittokaava projektijd ke\u010d\u010d\u00e2li\u0111 ol\u00e1\u0161utti\u0111 tu\u0161e kaavaam\u00e1in. Vaikutt\u00e2sah pu\u00e1suitu\u00e1lun kalga kuitt\u00e2g ain \u00e1rvu\u0161t\u00e2ll\u00e2\u0111 j\u00e1 v\u00e4ldi\u0111 hu\u00e1mm\u00e1\u0161um\u00e1n proojeektvu\u00e1v\u00e1m aalg\u00e2 r\u00e4\u00e4jist. Pu\u00e1suitu\u00e1lu j\u00e1 lu\u00e1ndu u\u00e1inust ucemust\u00e1\u00e1 h\u00e1\u00e1itu \u0161adda talle ko piegg\u00e2vyeimirustigeh huksejuvvoo jo muuneeld huksejum ku\u00e1vlun.<\/p>\n<p>&nbsp;<\/p>\n<p>&nbsp;<\/p>\n<p>&nbsp;<\/p>\n","protected":false},"excerpt":{"rendered":"<p>Piegg\u00e2vyeimi Piegg\u00e2vyeimirustigij vaikutt\u00e2s poccuid j\u00e1 pu\u00e1suitu\u00e1lun i\u00e4 val mist Suom\u00e2st eidu tuubd\u00e2. Olos piegg\u00e2rustigeh lii ma\u0111h\u00e2\u0161emku\u00e1vd\u00e1\u00e1st Muoniost j\u00e1 I\u00e4nuduv Lammasu\u00e1ivist l\u00e1\u00e1 tu\u0161e kulm\u00e2 ucc\u00e2 vyeimiruustig. Tervola Varevaara vyeimirustigeh l\u00e1\u00e1 aaib\u00e2s ni\u00e4lj\u00e1\u0161ki\u00e4inu pi\u00e4ll\u00e1st, tego meid Simo vyeimirustigeh. Maa\u014bgah piegg\u00e2vyeimiruustigprojekteh l\u00e1\u00e1 kuitt\u00e2g joo\u0111oost pu\u00e1suitu\u00e1luku\u00e1vlust j\u00e1 aldemus iivijn u\u00e1\u017e\u017eup lase feeriimijd maht poccuuh reagisteh vyeimirustig\u00e1id. Ruot\u00e2st tohhum GPS-\u010du\u00e1vvumtutk\u00e2meh [&hellip;]<\/p>\n","protected":false},"author":1,"featured_media":0,"parent":399,"menu_order":3,"comment_status":"open","ping_status":"closed","template":"","meta":{"footnotes":""},"class_list":["post-406","page","type-page","status-publish","hentry"],"_links":{"self":[{"href":"https:\/\/paliskunnat.fi\/po\/wp-json\/wp\/v2\/pages\/406","targetHints":{"allow":["GET"]}}],"collection":[{"href":"https:\/\/paliskunnat.fi\/po\/wp-json\/wp\/v2\/pages"}],"about":[{"href":"https:\/\/paliskunnat.fi\/po\/wp-json\/wp\/v2\/types\/page"}],"author":[{"embeddable":true,"href":"https:\/\/paliskunnat.fi\/po\/wp-json\/wp\/v2\/users\/1"}],"replies":[{"embeddable":true,"href":"https:\/\/paliskunnat.fi\/po\/wp-json\/wp\/v2\/comments?post=406"}],"version-history":[{"count":2,"href":"https:\/\/paliskunnat.fi\/po\/wp-json\/wp\/v2\/pages\/406\/revisions"}],"predecessor-version":[{"id":5391,"href":"https:\/\/paliskunnat.fi\/po\/wp-json\/wp\/v2\/pages\/406\/revisions\/5391"}],"up":[{"embeddable":true,"href":"https:\/\/paliskunnat.fi\/po\/wp-json\/wp\/v2\/pages\/399"}],"wp:attachment":[{"href":"https:\/\/paliskunnat.fi\/po\/wp-json\/wp\/v2\/media?parent=406"}],"curies":[{"name":"wp","href":"https:\/\/api.w.org\/{rel}","templated":true}]}}