{"id":408,"date":"2014-10-20T10:54:36","date_gmt":"2014-10-20T07:54:36","guid":{"rendered":"http:\/\/80.69.171.23\/py\/?page_id=408"},"modified":"2017-12-27T13:52:49","modified_gmt":"2017-12-27T13:52:49","slug":"lavnepuovtadem","status":"publish","type":"page","link":"https:\/\/paliskunnat.fi\/po\/ravvim\/eennamkevttim\/lavnepuovtadem\/","title":{"rendered":"Lav\u014bepuovt\u00e2dem"},"content":{"rendered":"<h2>Lav\u014bepuovt\u00e2dem<\/h2>\n<p>Jeegih l\u00e1\u00e1 teh\u00e1l\u00e2\u0161 kesiku\u00e1ttumen\u00e2meh j\u00e1 kyeddimku\u00e1vluh poccuid j\u00e1. \u0160adol\u00e2\u0161 jeegijn lii valjeest purr\u00e2mu\u0161. Jolg\u00e2dis j\u00e1 pieg\u00e2st en\u00e2min toh ki\u00e4sutteh poccuid uucc\u00e2\u0111 syeji tiivrijn.<\/p>\n<p>Lav\u014bepuovt\u00e2demku\u00e1vloid roggoo t\u00e1v\u00e1l\u00e1vt \u010die\u014b\u00e2lis, ci\u00e4gusroobdah ravvijd, mast \u010d\u00e4ciu\u00e1ivi lupt\u00e2n pajas. Ravvijn r\u00e4vis poccuu jyelgih i\u00e4 ole mo\u0111e \u010doo\u0111\u00e2 poon\u00e1n, vyesi ij tomgin verd maid r\u00e4vis pu\u00e1sui. Poccui jotoluv\u00e2id potk\u00e2neijeid ravvijd ko\u010d\u010d\u00e2m poccuu lii t\u00e1vj\u00e1 v\u00e4\u00e4dis teikk\u00e2 m\u00e1h\u0111uttem peess\u00e2\u0111 raavist medd\u00e2l. Erom\u00e2\u0161\u00e1vt vyesih hevv\u00e2neh lav\u014bepuovt\u00e2demku\u00e1vlui ravvijd.<\/p>\n<p><a href=\"https:\/\/paliskunnat.fi\/bo\/wp-content\/uploads\/2014\/10\/turvesuon_oja.jpg\" rel=\"lightbox[408]\"><img loading=\"lazy\" decoding=\"async\" class=\"alignnone wp-image-1779\" src=\"https:\/\/paliskunnat.fi\/bo\/wp-content\/uploads\/2014\/10\/turvesuon_oja.jpg\" alt=\"Lav\u014bejeegi ci\u00e4gus robd\u00e2 j\u00e1 var\u00e2l\u00e2\u0161 ku\u00e1ivutt\u00e2h\" width=\"500\" height=\"362\" srcset=\"https:\/\/paliskunnat.fi\/po\/wp-content\/uploads\/2014\/10\/turvesuon_oja.jpg 900w, https:\/\/paliskunnat.fi\/po\/wp-content\/uploads\/2014\/10\/turvesuon_oja-300x217.jpg 300w, https:\/\/paliskunnat.fi\/po\/wp-content\/uploads\/2014\/10\/turvesuon_oja-768x556.jpg 768w\" sizes=\"auto, (max-width: 500px) 100vw, 500px\" \/><\/a><\/p>\n<p>Lav\u014bepuovt\u00e2dem vu\u00e1v\u00e1\u00e1dijn lii teh\u00e1l\u00e2\u0161 et \u00e4\u0161\u0161iom\u00e2h\u00e2\u0161 palg\u00e2s lii proojeekt alg\u00e2mudoi r\u00e4\u00e4jist mieldi. Poccui vah\u00e2gijd kalga ke\u010d\u010d\u00e2li\u0111 esti\u0111 huksiim\u00e1in ramppijd tu\u00e1rvi t\u00e1vj\u00e1. Motomin pu\u00e1ht\u00e1 meid puovt\u00e2demku\u00e1vlu \u00e1i\u0111um le\u0111e tarb\u00e2\u0161l\u00e2\u0161. \u00c1i\u0111um tarb\u00e2sl\u00e2\u0161vuo\u0111\u00e2st j\u00e1 vaikutt\u00e2ss\u00e1in lii ain pyeri sav\u00e2st\u00e2ll\u00e2\u0111 \u00e4\u0161\u0161iom\u00e2h\u00e2\u0161 palg\u00e2sijn.<\/p>\n<p>Lav\u014bepuovt\u00e2demku\u00e1vlu monnj\u00e2keevv\u00e2m stivrejuvvoo kaavam j\u00e1 eres eenn\u00e2mkevttim vu\u00e1v\u00e1m vuovvijn nuuvt, et tot ij toov\u00e2t lasehem\u00e2d\u00e2s\u00e2id pu\u00e1suitu\u00e1lun. Lav\u014bepuovt\u00e2dmist ki\u00e4s\u00e1d\u00e2ttum en\u00e2meh kalgeh ovd\u00e2saajeest mac\u00e2tti\u0111 lu\u00e1ndutil\u00e1n. Eres t\u00e1rgutt\u00e2s\u00e2n valdum ku\u00e1vlui ki\u00e4vtust ij u\u00e1\u017eu pu\u00e1tti\u0111 palg\u00e2s\u00e2n koloid teikk\u00e2 pisov\u00e2\u0161 ku\u00e1vlumon\u00e2tt\u00e2s\u00e2id.<\/p>\n<p>Lav\u014bepuovt\u00e2demku\u00e1vlui monnj\u00e2keevv\u00e2m eenn\u00e2mtu\u00e1luen\u00e2min ij heivii pu\u00e1suitu\u00e1luku\u00e1vlun, tastko tot pu\u00e1vt\u00e1\u010d\u010dij tov\u00e2tti\u0111 merettem \u00e1i\u0111umkenig\u00e2svuo\u0111\u00e2id j\u00e1 koloid \u00e4\u0161\u0161iom\u00e2h\u00e2\u0161 palg\u00e2s\u00e2n.<\/p>\n<p>&nbsp;<\/p>\n","protected":false},"excerpt":{"rendered":"<p>Lav\u014bepuovt\u00e2dem Jeegih l\u00e1\u00e1 teh\u00e1l\u00e2\u0161 kesiku\u00e1ttumen\u00e2meh j\u00e1 kyeddimku\u00e1vluh poccuid j\u00e1. \u0160adol\u00e2\u0161 jeegijn lii valjeest purr\u00e2mu\u0161. Jolg\u00e2dis j\u00e1 pieg\u00e2st en\u00e2min toh ki\u00e4sutteh poccuid uucc\u00e2\u0111 syeji tiivrijn. Lav\u014bepuovt\u00e2demku\u00e1vloid roggoo t\u00e1v\u00e1l\u00e1vt \u010die\u014b\u00e2lis, ci\u00e4gusroobdah ravvijd, mast \u010d\u00e4ciu\u00e1ivi lupt\u00e2n pajas. Ravvijn r\u00e4vis poccuu jyelgih i\u00e4 ole mo\u0111e \u010doo\u0111\u00e2 poon\u00e1n, vyesi ij tomgin verd maid r\u00e4vis pu\u00e1sui. Poccui jotoluv\u00e2id potk\u00e2neijeid ravvijd ko\u010d\u010d\u00e2m [&hellip;]<\/p>\n","protected":false},"author":1,"featured_media":0,"parent":399,"menu_order":4,"comment_status":"open","ping_status":"closed","template":"","meta":{"footnotes":""},"class_list":["post-408","page","type-page","status-publish","hentry"],"_links":{"self":[{"href":"https:\/\/paliskunnat.fi\/po\/wp-json\/wp\/v2\/pages\/408","targetHints":{"allow":["GET"]}}],"collection":[{"href":"https:\/\/paliskunnat.fi\/po\/wp-json\/wp\/v2\/pages"}],"about":[{"href":"https:\/\/paliskunnat.fi\/po\/wp-json\/wp\/v2\/types\/page"}],"author":[{"embeddable":true,"href":"https:\/\/paliskunnat.fi\/po\/wp-json\/wp\/v2\/users\/1"}],"replies":[{"embeddable":true,"href":"https:\/\/paliskunnat.fi\/po\/wp-json\/wp\/v2\/comments?post=408"}],"version-history":[{"count":4,"href":"https:\/\/paliskunnat.fi\/po\/wp-json\/wp\/v2\/pages\/408\/revisions"}],"predecessor-version":[{"id":5395,"href":"https:\/\/paliskunnat.fi\/po\/wp-json\/wp\/v2\/pages\/408\/revisions\/5395"}],"up":[{"embeddable":true,"href":"https:\/\/paliskunnat.fi\/po\/wp-json\/wp\/v2\/pages\/399"}],"wp:attachment":[{"href":"https:\/\/paliskunnat.fi\/po\/wp-json\/wp\/v2\/media?parent=408"}],"curies":[{"name":"wp","href":"https:\/\/api.w.org\/{rel}","templated":true}]}}