{"id":410,"date":"2014-10-20T10:55:29","date_gmt":"2014-10-20T07:55:29","guid":{"rendered":"http:\/\/80.69.171.23\/py\/?page_id=410"},"modified":"2018-01-19T13:09:10","modified_gmt":"2018-01-19T11:09:10","slug":"lavvarahkadeapmi","status":"publish","type":"page","link":"https:\/\/paliskunnat.fi\/po\/ravvim\/eennamkevttim\/lavvarahkadeapmi\/","title":{"rendered":"L\u00e1vvar\u00e1hkadeapmi"},"content":{"rendered":"<h2>Kaavam<\/h2>\n<p>Pu\u00e1suitu\u00e1lulaah\u00e2 (PHL <a href=\"http:\/\/www.finlex.fi\/fi\/laki\/ajantasa\/1990\/19900848\">848\/1990<\/a>) lii sier\u00e2laah\u00e2, mon kalga v\u00e4ldi\u0111 hu\u00e1mm\u00e1\u0161um\u00e1n kaavamr\u00e4htimist j\u00e1 eres pu\u00e1suitu\u00e1luku\u00e1vlu t\u00e1b\u00e1htuvvee tooim\u00e2st. Pu\u00e1suitu\u00e1lu kannattemvuo\u0111\u00e2 v\u00e1t\u00e1m\u00e2\u0161\u0161\u00e2n j\u00e1 vu\u00e1\u0111\u0111un lii rijj\u00e2 ku\u00e1ttumriehti (<a href=\"http:\/\/www.finlex.fi\/fi\/laki\/ajantasa\/1990\/19900848#P3\">PHL 3 \u00a7<\/a>) Rijj\u00e2 ku\u00e1ttumriehti lii u\u00e1ivildum j\u00e1 tubd\u00e2stittum pisovis riehtin. Tot addel poccuid rievti v\u00e4ldi\u0111 purr\u00e2mu\u0161ah rijj\u00e2 lu\u00e1ndu, spiek\u00e2stuv\u00e2i taas lii luv\u00e2ld\u00e2llum laav\u00e2st.<\/p>\n<p>Lasseen v\u00e4ldikodel\u00e2\u0161 <a href=\"http:\/\/www.ymparisto.fi\/fi-FI\/Elinymparisto_ja_kaavoitus\/Maankayton_suunnittelujarjestelma\/Valtakunnalliset_alueidenkayttotavoitteet\">guovlluidgeavahanulbmilat<\/a>\u00a0u\u00e1ssin eenn\u00e2m kevttim- j\u00e1 huksimlaav\u00e2 (MRL <a href=\"http:\/\/www.finlex.fi\/fi\/laki\/ajantasa\/1999\/19990132\">132\/1999<\/a>) \u010du\u00e1vu ku\u00e1vluikevttim vu\u00e1v\u00e1moornig, turv\u00e2steh pu\u00e1sui-i\u00e4l\u00e1tt\u00e2s ku\u00e1vluiki\u00e4vtu i\u00e4vtuid.<\/p>\n<p>Pu\u00e1suitu\u00e1lun \u0161addee vaikutt\u00e2s\u00e2id t\u00e1b\u00e1htus\u00e2i mield seelv\u00e2tdijn kalga \u00e4\u00e4\u0161ist r\u00e1\u0111\u00e1d\u00e2ll\u00e2\u0111 \u00e4\u0161\u0161iom\u00e2h\u00e2\u0161 palg\u00e2s\u00e1in. Taas kenig\u00e2t pu\u00e1suitu\u00e1lulaah\u00e2 (<a href=\"http:\/\/www.finlex.fi\/fi\/laki\/ajantasa\/1990\/19900848#P53\">PHL 53 \u00a7<\/a>). \u00c4\u0161\u0161iom\u00e2h\u00e2\u0161 palg\u00e2s oovd\u00e2st <a href=\"https:\/\/paliskunnat.fi\/py\/poroisannat\/\">pu\u00e1sui-i\u0161\u0161eed<\/a>.<\/p>\n<p>Kaavaamist \u010don\u00e2sju\u00e1vkkusav\u00e2st\u00e2lmeh lii pyeri \u00e4lgih jo \u010dielg\u00e2demmuddoost. Kield\u00e2kaavaamist (eenn\u00e2mkoddekaavam kenig\u00e2t) r\u00e1\u0111\u00e1d\u00e2lmijd kalga orni\u0111 majemust\u00e1\u00e1 valm\u00e2\u0161t\u00e2ll\u00e2mmateriaal u\u00e1inusist orroom ma\u014ba. Tain pu\u00e1ht\u00e1 moonn\u00e2\u0111 \u010doo\u0111\u00e2 m\u00e1h\u0111ulii palg\u00e2s ci\u00e4lkk\u00e1mu\u0161 teikk\u00e2 palg\u00e2s oovd\u00e2npu\u00e1ht\u00e1m vaikutt\u00e2s\u00e2id kaavaamist j\u00e1 tai hu\u00e1mm\u00e1\u0161um\u00e1n v\u00e4ldim (ki\u00e4pp\u00e1nem) kaavaamist. Palg\u00e2s\u00e1in pu\u00e1ht\u00e1 r\u00e1\u0111\u00e1d\u00e2ll\u00e2\u0111 meid ovdil valm\u00e2\u0161t\u00e2ll\u00e2mmateriaal u\u00e1inus\u00e2n pieij\u00e2m j\u00e1 nubbe h\u00e4\u00e4vi ovdil i\u00e4vtuttemmudo u\u00e1inus\u00e2n pieij\u00e2m, tego vu\u00e1h\u00e1dutt\u00e1m kie\u0111\u00e2vu\u0161\u0161\u00e2mvyehi Laapi ku\u00e1vlu eenn\u00e2mkoddekaavaamist lii. Paalg\u00e2s j\u00e1 Palg\u00e2sij ovt\u00e2stus l\u00e1\u00e1 lama\u0161 f\u00e1\u00e1rust kield\u00e2- j\u00e1 eenn\u00e2mkoddekaavaamist laav\u00e2st meridum virgeom\u00e2h\u00e2\u0161r\u00e1\u0111\u00e1d\u00e2lm\u00e1in, mii lii lama\u0161 \u0161iev vyehi vis\u00e1smitti\u0111 pu\u00e1suitu\u00e1lu hu\u00e1mm\u00e1\u0161um\u00e1n v\u00e4ldim.<\/p>\n<p>Jis proojeekt tov\u00e2tti\u0111 i\u00e4l\u00e1tt\u00e2s\u00e2n vah\u00e2gijd, kalga vah\u00e2gijd kepidi\u0111 ucemuu mi\u00e4r\u00e1n j\u00e1 t\u00e4sidi\u0111. Taat v\u00e1\u00e1t\u00e1 proojeekttu\u00e1imee j\u00e1 i\u00e4l\u00e1tt\u00e2s kosk\u00e2sijd r\u00e1\u0111\u00e1d\u00e2lmijd. R\u00e1\u0111\u00e1d\u00e2lmijn kalga \u010du\u00e1vvu\u0111 pyeri r\u00e1\u0111\u00e1d\u00e2ll\u00e2mvi\u00e4ruid. Taat u\u00e1ivild, et vu\u00e1v\u00e1m\u00e1in r\u00e1\u0111\u00e1d\u00e2lloo talle, ko toid lii m\u00e1h\u0111ul\u00e2\u0161 vaigutti\u0111. Lopp\u00e2pu\u00e1\u0111usin \u010d\u00e1lloo kirj\u00e1l\u00e2\u0161 sop\u00e2mu\u0161 tast, maht projektist pu\u00e1tteid hem\u00e2d\u00e2s\u00e2id kepidi\u0111 j\u00e1 t\u00e4\u00e4siv\u00e1vt j\u00e1 maht taid kalga \u010du\u00e1vvu\u0111 j\u00e1 maht \u010du\u00e1vvum pu\u00e1tus\u00e1id kalga reagisti\u0111.<\/p>\n<h3>Kaava vaikutt\u00e2sah pu\u00e1suitu\u00e1lun<\/h3>\n<p>Pu\u00e1suitu\u00e1lu vu\u00e1\u0111uduv\u00e1 rijj\u00e2 ku\u00e1tum\u00e2n: pu\u00e1suitu\u00e1lulaav\u00e2 (PHL 848\/1990) <a href=\"https:\/\/www.finlex.fi\/fi\/laki\/ajantasa\/1990\/19900848#P3\">3 \u00a7<\/a> mield pu\u00e1suitu\u00e1loin u\u00e1\u017e\u017eu porg\u00e2\u0111 pu\u00e1suitu\u00e1luku\u00e1vlu eenn\u00e2m om\u00e2stem- j\u00e1 hald\u00e2tt\u00e2srievtist peerusth\u00e1nn\u00e1\u00e1. Pu\u00e1suitu\u00e1lu lii toim\u00e2ku\u00e1vlustis vij\u0111es eenn\u00e2mkevttee. Puoh eres eenn\u00e2mkevttim pu\u00e1suitu\u00e1luku\u00e1vlu vaaigut ain een\u00e2b ucceeb pu\u00e1suitu\u00e1lu v\u00e1t\u00e1m\u00e2\u0161\u0161\u00e1id.\u00a0 Pu\u00e1suitu\u00e1luku\u00e1vlust eenn\u00e2mkevttim soov\u00e2dvuot\u00e2 lii erom\u00e2\u0161 ku\u00e1vd\u00e1\u0161 ko\u010d\u010d\u00e2mu\u0161.<\/p>\n<p>Kaavaamist lii vuolg\u00e2saijeen jie\u0161kote-uvl\u00e1g\u00e1n ku\u00e1vluikevttim intressij j\u00e1 t\u00e1\u00e1rbui su\u00e1v\u00e2ttem. Kaavamproseseh tu\u00e1imih ku\u00e1vluiki\u00e4vtu vu\u00e1v\u00e1m vu\u00e1ruvaikutt\u00e2s kosk\u00e2u\u00e1mmin. Kaavaamist lii meid riehtivaikutt\u00e2s\u00e2id. Pu\u00e1suitu\u00e1luku\u00e1vlu vu\u00e1ruvaikutt\u00e2svuot\u00e2 lii keev\u00e2tl\u00e1vt ol\u00e1\u0161utt\u00e1m jie\u0161kote-uvl\u00e1g\u00e1n u\u00e1s\u00e1listee vu\u00e1v\u00e1m- j\u00e1 r\u00e1\u0111\u00e1d\u00e2ll\u00e2mprosesijn. Kaavaamist kalga tom lasseen kevtti\u0111 \u00e4vkkin palg\u00e2sij sajeti\u00e4tumateriaal, mii mu\u0161t\u00e2l pu\u00e1suitu\u00e1lu ku\u00e1vd\u00e1in ku\u00e1ttum- j\u00e1 toim\u00e2ku\u00e1vluin.<\/p>\n<p>V\u00e4ldikodel\u00e2\u0161 ku\u00e1vluikevttimulmijn ke\u010d\u010d\u00e2luvvoo vis\u00e1smitti\u0111 v\u00e4ldikodel\u00e1vt merh\u00e2\u0161ittees aa\u0161ij hu\u00e1mm\u00e1\u0161um\u00e1n v\u00e4ldim kaavaamist j\u00e1 staat\u00e2 virgeom\u00e2h\u00e1i toim\u00e2mist. V\u00e4ldikodel\u00e2\u0161 ku\u00e1vluikevttimulme lii eenn\u00e2m kevttim- j\u00e1 huksimlaah\u00e2n vu\u00e1\u0111uduvvee minister mi\u00e4r\u00e1d\u00e2s (30.11.2000 j\u00e1 13.11.2008). Staat\u00e2 virgeom\u00e2h\u00e1\u00e1h kalgeh toim\u00e2stis hi\u00e4jusmi\u0111 v\u00e4ldikodel\u00e2\u0161 ku\u00e1vluikevttimuulmijd, ovdedeh tain ol\u00e1\u0161uttem j\u00e1 \u00e1rvu\u0161t\u00e2ll\u00e2p toim\u00e2idis vaikutt\u00e2s\u00e2i ku\u00e1vlur\u00e1htus j\u00e1 ku\u00e1vlui ki\u00e4vtu u\u00e1inust (<a href=\"https:\/\/www.finlex.fi\/fi\/laki\/ajantasa\/1999\/19990132#P24\">MRL 24.1 \u00a7<\/a>). Eenn\u00e2mkode vu\u00e1v\u00e1mist j\u00e1 eres ku\u00e1vluiki\u00e4vtu vu\u00e1v\u00e1mist kalga huol\u00e2tti\u0111 v\u00e4ldikodel\u00e2\u0161 ku\u00e1vluikevttimuulmijd hi\u00e4jusmist nuuvt, et ovdeduvvoo toi ol\u00e1\u0161uttem (<a href=\"https:\/\/www.finlex.fi\/fi\/laki\/ajantasa\/1999\/19990132#P24\">MRL 24.2 \u00a7<\/a>). Kenig\u00e2svuot\u00e2 ku\u00e1sk\u00e1 vuoig\u00e2dvuot\u00e2l\u00e1vt puoh kaavam.<\/p>\n<p>V\u00e4ldikodel\u00e2\u0161 ku\u00e1vluikevttimuulmij \u201cLu\u00e1ndu- j\u00e1 kulttuurpir\u00e2sin erom\u00e2\u0161 ku\u00e1vlutiev\u00e2sl\u00e2\u0161vuo\u0111ah\u201d -lovo almolij uulmij mield: \u201c- Ku\u00e1vlui sier\u00e2jie\u0161vyevih tubd\u00e2stuvvoo j\u00e1 ku\u00e1vluikevttim heiviittoo t\u00e4siti\u00e4dul\u00e1vt ohtii spiek\u00e2sti\u0111 lu\u00e1ndutiilij, lu\u00e1ndu kierd\u00e2mnaavc\u00e2i j\u00e1 kulttuur\u00e1\u00e1rvui turv\u00e2stem tiet. Si\u00e4mm\u00e1\u00e1 \u00e4\u00e4igi tu\u00e1rjup lu\u00e1ndutiilijd sov\u00e2d\u00e2tt\u00e2m jie\u0161l\u00e1g\u00e1n sijd\u00e2- j\u00e1 kulttuurpirr\u00e2sij si\u00e4iludem tiev\u00e2sl\u00e2\u017e\u017e\u00e2n. \u2013 Pu\u00e1suitu\u00e1luku\u00e1vlu kalga turv\u00e2sti\u0111 pu\u00e1suitu\u00e1lu ku\u00e1vluiki\u00e4vt\u00e2\u0161 i\u00e4vtuid.\u201d<\/p>\n<p>Projektij kaavaamij alg\u00e2muddoost kalga tubd\u00e2\u0111 vu\u00e1v\u00e1m\u00e2n kyeskee v\u00e4ldikodel\u00e2\u0161 ku\u00e1vluikevttimuulmijd. V\u00e4ldikodel\u00e2\u0161 ku\u00e1vluikevttimulme heiviittemist kalga hu\u00e1m\u00e1\u0161i\u0111, et jie\u0161kote-uvl\u00e1g\u00e1n ku\u00e1vluiki\u00e4vtu ulmijd i\u00e4 lah pieijum kosk\u00e2vuo\u0111\u00e2l\u00e2\u0161 teh\u00e1l\u00e2\u0161oornig\u00e2n. Toh l\u00e1\u00e1 kosk\u00e2nis alg\u00e2vu\u00e1\u0111ul\u00e1vt si\u00e4mm\u00e1\u00e1 \u00e1rvusiih. N\u00e1vt \u010du\u00e1vdusijd kalga ke\u010d\u010d\u00e2li\u0111 \u010du\u00e1vdi\u0111 nuuvt j\u00e1 tain m\u00e1h\u0111ul\u00e2\u0161vuo\u0111\u00e2in, moin kyehti teikk\u00e2 t\u00e4\u00e4vjib ulme pu\u00e1ht\u00e1 ol\u00e1\u0161u\u0111 nuuvt pyereest ko m\u00e1h\u0111ul\u00e1vt. M\u00e1h\u0111ulijd ruoss\u00e2l\u00e2\u0161vuo\u0111\u00e2id kalga ag\u00e2st\u00e2ll\u00e2\u0111 huol\u00e2l\u00e1vt kaavam\u010dielgiitt\u00e2s\u00e2st.<\/p>\n<p>Almol\u00e2\u0161 kaavaamist stivroo si\u00e4rv\u00e1d\u00e2hr\u00e1htus. Almol\u00e2\u0161 kaavast vu\u00e1v\u00e1m t\u00e4rkkivuot\u00e2 m\u00e1h\u0111ulist pu\u00e1suitu\u00e1lun kyeskee ku\u00e1vluikevttim\u010du\u00e1vdusij tooh\u00e2m. Si\u00e4rv\u00e1d\u00e2hr\u00e1htus\u00e2n kyeskee \u010du\u00e1vdusijn lii t\u00e1vj\u00e1 hu\u00e1m\u00e1\u0161ittee vaikutt\u00e2s pu\u00e1suitu\u00e1lun, t\u00e1v\u00e1l\u00e1vt jie\u0161kote-uvl\u00e1g\u00e1n hem\u00e2d\u00e2svaikutt\u00e2s\u00e2i t\u00e1v\u00e1l\u00e2\u017e\u017e\u00e2n \u0161odd\u00e2m tiet. Hem\u00e2d\u00e2svaikutt\u00e2s pu\u00e1ht\u00e1 pu\u00e1tti\u0111 oovd\u00e2n ovd\u00e2merkk\u00e2n huksim\u00e2n v\u00e4ridum ku\u00e1vlui sajattuv, pi\u0161temettum huksimist medd\u00e2l pieijum ku\u00e1vlui teikk\u00e2 jotol\u00e2h\u00e2n kyeskee ku\u00e1vluv\u00e4rid\u00e2s\u00e2i j\u00e1 jotol\u00e2hku\u00e1vlui ki\u00e4vtust vaigutteijee hem\u00e2d\u00e2s\u00e2i h\u00e4\u00e4mist. Almol\u00e2\u0161 kaav\u00e2st kalga tubd\u00e2\u0111 vu\u00e1v\u00e1jum ku\u00e1vlu rooli pu\u00e1suitu\u00e1lust j\u00e1 tooh\u00e2p ton mield tarb\u00e2\u0161lijd ku\u00e1vluv\u00e4rid\u00e2s\u00e2id j\u00e1 mi\u00e4r\u00e1d\u00e2s\u00e2id.<\/p>\n<p>&nbsp;<\/p>\n<p>Laseti\u00e4\u0111uh: <a href=\"https:\/\/paliskunnat.fi\/py\/organisaatio\/yhteystiedot\/henkilokunta\/\">Pu\u00e1suitu\u00e1lur\u00e4vvejeijeeh<\/a><\/p>\n<p>&nbsp;<\/p>\n<p>&nbsp;<\/p>\n<p>&nbsp;<\/p>\n","protected":false},"excerpt":{"rendered":"<p>Kaavam Pu\u00e1suitu\u00e1lulaah\u00e2 (PHL 848\/1990) lii sier\u00e2laah\u00e2, mon kalga v\u00e4ldi\u0111 hu\u00e1mm\u00e1\u0161um\u00e1n kaavamr\u00e4htimist j\u00e1 eres pu\u00e1suitu\u00e1luku\u00e1vlu t\u00e1b\u00e1htuvvee tooim\u00e2st. Pu\u00e1suitu\u00e1lu kannattemvuo\u0111\u00e2 v\u00e1t\u00e1m\u00e2\u0161\u0161\u00e2n j\u00e1 vu\u00e1\u0111\u0111un lii rijj\u00e2 ku\u00e1ttumriehti (PHL 3 \u00a7) Rijj\u00e2 ku\u00e1ttumriehti lii u\u00e1ivildum j\u00e1 tubd\u00e2stittum pisovis riehtin. Tot addel poccuid rievti v\u00e4ldi\u0111 purr\u00e2mu\u0161ah rijj\u00e2 lu\u00e1ndu, spiek\u00e2stuv\u00e2i taas lii luv\u00e2ld\u00e2llum laav\u00e2st. Lasseen v\u00e4ldikodel\u00e2\u0161 guovlluidgeavahanulbmilat\u00a0u\u00e1ssin eenn\u00e2m kevttim- j\u00e1 huksimlaav\u00e2 [&hellip;]<\/p>\n","protected":false},"author":1,"featured_media":0,"parent":399,"menu_order":5,"comment_status":"open","ping_status":"closed","template":"","meta":{"footnotes":""},"class_list":["post-410","page","type-page","status-publish","hentry"],"_links":{"self":[{"href":"https:\/\/paliskunnat.fi\/po\/wp-json\/wp\/v2\/pages\/410","targetHints":{"allow":["GET"]}}],"collection":[{"href":"https:\/\/paliskunnat.fi\/po\/wp-json\/wp\/v2\/pages"}],"about":[{"href":"https:\/\/paliskunnat.fi\/po\/wp-json\/wp\/v2\/types\/page"}],"author":[{"embeddable":true,"href":"https:\/\/paliskunnat.fi\/po\/wp-json\/wp\/v2\/users\/1"}],"replies":[{"embeddable":true,"href":"https:\/\/paliskunnat.fi\/po\/wp-json\/wp\/v2\/comments?post=410"}],"version-history":[{"count":6,"href":"https:\/\/paliskunnat.fi\/po\/wp-json\/wp\/v2\/pages\/410\/revisions"}],"predecessor-version":[{"id":5637,"href":"https:\/\/paliskunnat.fi\/po\/wp-json\/wp\/v2\/pages\/410\/revisions\/5637"}],"up":[{"embeddable":true,"href":"https:\/\/paliskunnat.fi\/po\/wp-json\/wp\/v2\/pages\/399"}],"wp:attachment":[{"href":"https:\/\/paliskunnat.fi\/po\/wp-json\/wp\/v2\/media?parent=410"}],"curies":[{"name":"wp","href":"https:\/\/api.w.org\/{rel}","templated":true}]}}