{"id":412,"date":"2014-10-20T10:56:19","date_gmt":"2014-10-20T07:56:19","guid":{"rendered":"http:\/\/80.69.171.23\/py\/?page_id=412"},"modified":"2017-12-27T13:59:03","modified_gmt":"2017-12-27T13:59:03","slug":"cacivyeimi","status":"publish","type":"page","link":"https:\/\/paliskunnat.fi\/po\/ravvim\/eennamkevttim\/cacivyeimi\/","title":{"rendered":"\u010c\u00e4civyeimi"},"content":{"rendered":"<h2>\u010c\u00e4civyeimi<\/h2>\n<p>Lokka j\u00e1 Porttipahta tahojaavrij vu\u00e1l\u00e1 paccii vij\u0111es ku\u00e1ttumen\u00e2meh iivijn 1967 j\u00e1 1970. En\u00e2mij kevttim\u00e2n h\u00e1rj\u00e1n\u00e2m poccuuh vuolgii jotteeh. Taid vie\u017e\u017eii iivij \u00e4\u00e4igi joba \u010duo\u0111ij kilomeetterij ke\u010d\u010din. Poccuuh vyej\u00e2dii tahojaavrijd lav\u014bepu\u00e1rreid j\u00e1 hevv\u00e2nii. Tahoj\u00e4\u00e4vrih nub\u00e1stuttii mietim\u00e1i ku\u00e1vlu pirr\u00e2s, kulttuur j\u00e1 sosiaallii r\u00e1\u00e1htus. Njuolg\u00e2dis ekonom\u00e2l\u00e2\u0161 mon\u00e2tt\u00e2sah lijjii viij\u0111es, i\u00e4ge sajanm\u00e1\u00e1vsuid mon\u00e2tt\u00e2s\u00e2in lah ku\u00e1ssin \u00e1\u0161\u00e1l\u00e1vt huol\u00e2tt\u00e2m. Ihepoojij mield ku\u00e1vlu i\u00e4l\u00e1tt\u00e2sah lii h\u00e1rj\u00e1n\u00e2m til\u00e1l\u00e2\u0161vuot\u00e2n p\u00e1\u00e1gu oovd\u00e2st, mut tahojaavrij r\u00e4htim kuo\u0111ij p\u00e1ih\u00e1lijd ulmuid elim\u00e2n pisov\u00e2\u0161 uddoid.<\/p>\n<p>Vij\u0111es feerejum tahoj\u00e4vrivah\u00e2gijn huol\u00e2h\u00e1nn\u00e1\u00e1 pu\u00e1suitu\u00e1luku\u00e1vlu sav\u00e2stitteh t\u00e1vj\u00e1 pu\u00e1\u0111\u0111umj\u00e4\u00e4vrih Kollaja j\u00e1 Kemihaara (oovdi\u0161 Vuotos). Kuohtuin tahojaavrijn li\u010d\u010dii pisovis, vij\u0111es j\u00e1 merh\u00e2\u0161ittees vaah\u00e2gl\u00e2\u0161 pir\u00e2svaikutt\u00e2sah. Kollaja pu\u00e1\u0111\u0111um\u00e4\u00e4ldis va\u0111\u00e2\u010d\u010dii kuo\u0161k\u00e2isuoj\u00e2lemlaav\u00e2 leh\u00e2stem. Kemihaara \u00e1ld\u00e1 vu\u00e1l\u00e1 p\u00e1s\u00e1\u010d\u010dii ennuv Natura-ku\u00e1vluh.<\/p>\n<p>Kollaja \u00e4ldisvu\u00e1v\u00e1m lii Pudasj\u00e4rvist, Kollaja palg\u00e2s en\u00e2mijn. Kemihaara \u00e4\u00e4ldis vuod Hirvasniemi palg\u00e2s en\u00e2mijn Pelkosenniemist. \u00c1ld\u00e1i vu\u00e1l\u00e1 p\u00e4ccee en\u00e2mij merh\u00e2\u0161ume pu\u00e1suitu\u00e1lun lii styeres, en\u00e2mijn lii poccuid r\u00e1vh\u00e1l\u00e2\u0161vuo\u0111\u00e2. \u00c1ld\u00e1h tu\u00e1lvu\u010d\u010dii palg\u00e2sijd ku\u00e1vd\u00e1\u0161 kesiku\u00e1ttum- j\u00e1 kyeddimen\u00e2mijd j\u00e1 sehhii\u010d\u010dii puohr\u00e2kk\u00e2n en\u00e2mij ku\u00e1ttumvarriist\u00e2ll\u00e2m. Hirvasniemi paalg\u00e2s pu\u00e1vt\u00e1\u010d\u010dij Kemihaara \u00e1ld\u00e1 tiet ju\u00e1h\u00e1si\u0111 kyevti u\u00e1s\u00e1n, j\u00e1 talle ku\u00e1vlu pu\u00e1suitu\u00e1lu kolg\u00e2\u010d\u010dij orni\u0111 puohr\u00e2kk\u00e2n u\u0111\u0111\u00e2sist.<\/p>\n<p>Veikk\u00e2 \u00e4ldisvu\u00e1v\u00e1\u00e1meh l\u00e1\u00e1 u\u00e1ivi\u00e4\u00e4\u0161ist Hirvasniemi j\u00e1 Kollaja palg\u00e2sij ku\u00e1vluin, vaikutt\u00e2sah ol\u00e1\u010d\u010dii meid r\u00e1nnj\u00e1palg\u00e2s\u00e1id. Pu\u00e1suitu\u00e1lun vaigutteijee t\u00e1v\u00e1liih vaikutt\u00e2sah li\u010d\u010dii: pu\u00e1suitu\u00e1lu estum, pu\u00e1suitu\u00e1lupargoi \u0161odd\u00e2m v\u00e1dd\u00e1subbon, pargoh lasaneh j\u00e1 pu\u00e1suitu\u00e1lust kevttum kiddiist om\u00e2d\u00e2h\u00e2n kyeskee vah\u00e2geh. Ku\u00e1ttumen\u00e2mij mon\u00e2tt\u00e2sah tov\u00e2tti\u010d\u010dii pu\u00e1suimeerij njeeij\u00e2m. Lasseen \u00e1ld\u00e1i stuorr\u00e2 \u010d\u00e4ssu\u00e1ivi t\u00e4\u00e4si mols\u00e2\u0161udd\u00e2m porg\u00e2\u010d\u010dii jie\u014b\u00e2in ervidmettum jotteeh nuuvt poccuid ko pajeulmuid. Meiddei jotol\u00e2h lasani\u010d\u010dii ku\u00e1vlust j\u00e1 tov\u00e2tti\u010d\u010dii luhottesvuo\u0111\u00e2id.<\/p>\n<p>Pu\u00e1suitu\u00e1lu u\u00e1inust \u00e4ldisprojektijn l\u00e1\u00e1 maa\u014bgah negatiivliih vaikutt\u00e2sah, i\u00e4ge taid tov\u00e2tt\u00e2m ekonom\u00e2l\u00e2\u0161 mon\u00e2tt\u00e2s\u00e2id i\u00e4l\u00e1tt\u00e2s\u00e2n pyevti hilgo\u0111. Pu\u00e1suitu\u00e1lu vyestilist kuohtuid \u00e4ldisprojektijd. Projekteh l\u00e1\u00e1 meid vyeimist leijee lah\u00e2as\u00e2ttem vu\u00e1st\u00e1.<\/p>\n<p>&nbsp;<\/p>\n<p>&nbsp;<\/p>\n","protected":false},"excerpt":{"rendered":"<p>\u010c\u00e4civyeimi Lokka j\u00e1 Porttipahta tahojaavrij vu\u00e1l\u00e1 paccii vij\u0111es ku\u00e1ttumen\u00e2meh iivijn 1967 j\u00e1 1970. En\u00e2mij kevttim\u00e2n h\u00e1rj\u00e1n\u00e2m poccuuh vuolgii jotteeh. Taid vie\u017e\u017eii iivij \u00e4\u00e4igi joba \u010duo\u0111ij kilomeetterij ke\u010d\u010din. Poccuuh vyej\u00e2dii tahojaavrijd lav\u014bepu\u00e1rreid j\u00e1 hevv\u00e2nii. Tahoj\u00e4\u00e4vrih nub\u00e1stuttii mietim\u00e1i ku\u00e1vlu pirr\u00e2s, kulttuur j\u00e1 sosiaallii r\u00e1\u00e1htus. Njuolg\u00e2dis ekonom\u00e2l\u00e2\u0161 mon\u00e2tt\u00e2sah lijjii viij\u0111es, i\u00e4ge sajanm\u00e1\u00e1vsuid mon\u00e2tt\u00e2s\u00e2in lah ku\u00e1ssin \u00e1\u0161\u00e1l\u00e1vt huol\u00e2tt\u00e2m. Ihepoojij [&hellip;]<\/p>\n","protected":false},"author":1,"featured_media":0,"parent":399,"menu_order":6,"comment_status":"open","ping_status":"closed","template":"","meta":{"footnotes":""},"class_list":["post-412","page","type-page","status-publish","hentry"],"_links":{"self":[{"href":"https:\/\/paliskunnat.fi\/po\/wp-json\/wp\/v2\/pages\/412","targetHints":{"allow":["GET"]}}],"collection":[{"href":"https:\/\/paliskunnat.fi\/po\/wp-json\/wp\/v2\/pages"}],"about":[{"href":"https:\/\/paliskunnat.fi\/po\/wp-json\/wp\/v2\/types\/page"}],"author":[{"embeddable":true,"href":"https:\/\/paliskunnat.fi\/po\/wp-json\/wp\/v2\/users\/1"}],"replies":[{"embeddable":true,"href":"https:\/\/paliskunnat.fi\/po\/wp-json\/wp\/v2\/comments?post=412"}],"version-history":[{"count":2,"href":"https:\/\/paliskunnat.fi\/po\/wp-json\/wp\/v2\/pages\/412\/revisions"}],"predecessor-version":[{"id":5399,"href":"https:\/\/paliskunnat.fi\/po\/wp-json\/wp\/v2\/pages\/412\/revisions\/5399"}],"up":[{"embeddable":true,"href":"https:\/\/paliskunnat.fi\/po\/wp-json\/wp\/v2\/pages\/399"}],"wp:attachment":[{"href":"https:\/\/paliskunnat.fi\/po\/wp-json\/wp\/v2\/media?parent=412"}],"curies":[{"name":"wp","href":"https:\/\/api.w.org\/{rel}","templated":true}]}}