{"id":420,"date":"2014-10-20T13:32:53","date_gmt":"2014-10-20T10:32:53","guid":{"rendered":"http:\/\/80.69.171.23\/py\/?page_id=420"},"modified":"2018-01-17T12:26:33","modified_gmt":"2018-01-17T12:26:33","slug":"palgasij-tiaduh","status":"publish","type":"page","link":"https:\/\/paliskunnat.fi\/po\/palgaseh\/palgasij-tiaduh\/","title":{"rendered":"Palg\u00e2sij ti\u00e4\u0111uh"},"content":{"rendered":"<h2><strong>Palg\u00e2sij ti\u00e4\u0111uh<\/strong><\/h2>\n<p>Palg\u00e2seh l\u00e1\u00e1 numeristum oornignumer\u00e1in 1-57. Palg\u00e2sij meeri muls\u00e2\u0161uv\u00e1 palg\u00e2sij ovt\u00e2stuumij j\u00e1 ju\u00e1h\u00e1smij mield. Pu\u00e1suitu\u00e1luive 2014-2015 loop\u00e2st (10\/2015) palg\u00e2seh lijjii 54.<\/p>\n<p><a href=\"https:\/\/paliskunnat.fi\/po\/wp-content\/uploads\/2018\/01\/palgaseh_numerijnis.jpg\" rel=\"lightbox[420]\"><img loading=\"lazy\" decoding=\"async\" class=\"alignnone wp-image-5596\" src=\"https:\/\/paliskunnat.fi\/po\/wp-content\/uploads\/2018\/01\/palgaseh_numerijnis.jpg\" alt=\"\" width=\"460\" height=\"472\" srcset=\"https:\/\/paliskunnat.fi\/po\/wp-content\/uploads\/2018\/01\/palgaseh_numerijnis.jpg 900w, https:\/\/paliskunnat.fi\/po\/wp-content\/uploads\/2018\/01\/palgaseh_numerijnis-293x300.jpg 293w, https:\/\/paliskunnat.fi\/po\/wp-content\/uploads\/2018\/01\/palgaseh_numerijnis-768x788.jpg 768w\" sizes=\"auto, (max-width: 460px) 100vw, 460px\" \/><\/a><\/p>\n<p>&nbsp;<\/p>\n<p>&nbsp;<\/p>\n<p>&nbsp;<\/p>\n","protected":false},"excerpt":{"rendered":"<p>Palg\u00e2sij ti\u00e4\u0111uh Palg\u00e2seh l\u00e1\u00e1 numeristum oornignumer\u00e1in 1-57. Palg\u00e2sij meeri muls\u00e2\u0161uv\u00e1 palg\u00e2sij ovt\u00e2stuumij j\u00e1 ju\u00e1h\u00e1smij mield. Pu\u00e1suitu\u00e1luive 2014-2015 loop\u00e2st (10\/2015) palg\u00e2seh lijjii 54. &nbsp; &nbsp; &nbsp;<\/p>\n","protected":false},"author":1,"featured_media":0,"parent":6,"menu_order":2,"comment_status":"open","ping_status":"closed","template":"paliskuntasivut.php","meta":{"footnotes":""},"class_list":["post-420","page","type-page","status-publish","hentry"],"_links":{"self":[{"href":"https:\/\/paliskunnat.fi\/po\/wp-json\/wp\/v2\/pages\/420","targetHints":{"allow":["GET"]}}],"collection":[{"href":"https:\/\/paliskunnat.fi\/po\/wp-json\/wp\/v2\/pages"}],"about":[{"href":"https:\/\/paliskunnat.fi\/po\/wp-json\/wp\/v2\/types\/page"}],"author":[{"embeddable":true,"href":"https:\/\/paliskunnat.fi\/po\/wp-json\/wp\/v2\/users\/1"}],"replies":[{"embeddable":true,"href":"https:\/\/paliskunnat.fi\/po\/wp-json\/wp\/v2\/comments?post=420"}],"version-history":[{"count":3,"href":"https:\/\/paliskunnat.fi\/po\/wp-json\/wp\/v2\/pages\/420\/revisions"}],"predecessor-version":[{"id":5597,"href":"https:\/\/paliskunnat.fi\/po\/wp-json\/wp\/v2\/pages\/420\/revisions\/5597"}],"up":[{"embeddable":true,"href":"https:\/\/paliskunnat.fi\/po\/wp-json\/wp\/v2\/pages\/6"}],"wp:attachment":[{"href":"https:\/\/paliskunnat.fi\/po\/wp-json\/wp\/v2\/media?parent=420"}],"curies":[{"name":"wp","href":"https:\/\/api.w.org\/{rel}","templated":true}]}}