{"id":422,"date":"2014-10-20T13:35:32","date_gmt":"2014-10-20T10:35:32","guid":{"rendered":"http:\/\/80.69.171.23\/py\/?page_id=422"},"modified":"2021-08-17T17:04:59","modified_gmt":"2021-08-17T14:04:59","slug":"palgas-tooimah","status":"publish","type":"page","link":"https:\/\/paliskunnat.fi\/po\/palgaseh\/palgas-tooimah\/","title":{"rendered":"Palg\u00e2s tooimah"},"content":{"rendered":"<h2>Palg\u00e2s tooimah j\u00e1 sisk\u00e1ld\u00e2s organisaatio<\/h2>\n<p>Palg\u00e2s toim\u00e1id kuleh pu\u00e1suitu\u00e1lulaav\u00e2 (<a href=\"https:\/\/www.finlex.fi\/fi\/laki\/ajantasa\/1990\/19900848#P7\">PHL 7 \u00a7<\/a>) mield huol\u00e2tti\u0111 palg\u00e2s u\u00e1s\u00e1lij poccui ku\u00e1\u0111utmist palg\u00e2s en\u00e2mijn, koccee\u0111 pu\u00e1suitu\u00e1lun kullee tooim\u00e2i ol\u00e1\u0161ume, esti\u0111 palg\u00e2s u\u00e1s\u00e1lij poccui tooh\u00e2mist vaah\u00e2g j\u00e1 jotteem nubbe palg\u00e2s en\u00e2m\u00e1id j\u00e1 ol\u00e1\u0161utti\u0111 eres laav\u00e2st, njuolg\u00e2dus\u00e2in j\u00e1 mi\u00e4r\u00e1d\u00e2s\u00e2in adelum tooim\u00e2id.<\/p>\n<p><a href=\"https:\/\/paliskunnat.fi\/po\/wp-content\/uploads\/2021\/08\/palgas-haldattas.png\" rel=\"lightbox[422]\"><img loading=\"lazy\" decoding=\"async\" class=\"alignnone wp-image-5810\" src=\"https:\/\/paliskunnat.fi\/po\/wp-content\/uploads\/2021\/08\/palgas-haldattas.png\" alt=\"Palg\u00e2s hald\u00e2tt\u00e2s\" width=\"460\" height=\"227\" srcset=\"https:\/\/paliskunnat.fi\/po\/wp-content\/uploads\/2021\/08\/palgas-haldattas.png 1100w, https:\/\/paliskunnat.fi\/po\/wp-content\/uploads\/2021\/08\/palgas-haldattas-300x148.png 300w, https:\/\/paliskunnat.fi\/po\/wp-content\/uploads\/2021\/08\/palgas-haldattas-1024x506.png 1024w, https:\/\/paliskunnat.fi\/po\/wp-content\/uploads\/2021\/08\/palgas-haldattas-768x380.png 768w\" sizes=\"auto, (max-width: 460px) 100vw, 460px\" \/><\/a><\/p>\n<p>Toim\u00e2ulmuuh nom\u00e2ttuvvojeh palg\u00e2sij siste eresmu\u00e1\u0111usii pu\u00e1suitu\u00e1lu toim\u00e1id. Pu\u00e1sui-i\u0161\u0161eed koc\u00e1 toim\u00e2ulmui tooim\u00e2id. Ovdil toim\u00e2sis \u00e4lgim pu\u00e1sui-i\u0161\u0161eed, v\u00e4ripu\u00e1sui-i\u0161\u0161eed, pargojo\u0111etteijee j\u00e1 pyg\u00e1lysij lohhee kalgeh vu\u00e1l\u00e1\u010d\u00e4\u00e4lli\u0111 t\u00e1h\u00e1d\u00e2s (<a href=\"https:\/\/www.finlex.fi\/fi\/laki\/ajantasa\/1990\/19900848#P51\">PHL 51 \u00a7<\/a>), mii heiviittoo t\u00e4\u00e4rhib pu\u00e1suitu\u00e1luas\u00e2tt\u00e2s (883\/1990) <a href=\"https:\/\/www.finlex.fi\/fi\/laki\/ajantasa\/1990\/19900883#P10\">10 \u00a7:st<\/a>.<\/p>\n<p>&nbsp;<\/p>\n<p>&nbsp;<\/p>\n","protected":false},"excerpt":{"rendered":"<p>Palg\u00e2s tooimah j\u00e1 sisk\u00e1ld\u00e2s organisaatio Palg\u00e2s toim\u00e1id kuleh pu\u00e1suitu\u00e1lulaav\u00e2 (PHL 7 \u00a7) mield huol\u00e2tti\u0111 palg\u00e2s u\u00e1s\u00e1lij poccui ku\u00e1\u0111utmist palg\u00e2s en\u00e2mijn, koccee\u0111 pu\u00e1suitu\u00e1lun kullee tooim\u00e2i ol\u00e1\u0161ume, esti\u0111 palg\u00e2s u\u00e1s\u00e1lij poccui tooh\u00e2mist vaah\u00e2g j\u00e1 jotteem nubbe palg\u00e2s en\u00e2m\u00e1id j\u00e1 ol\u00e1\u0161utti\u0111 eres laav\u00e2st, njuolg\u00e2dus\u00e2in j\u00e1 mi\u00e4r\u00e1d\u00e2s\u00e2in adelum tooim\u00e2id. Toim\u00e2ulmuuh nom\u00e2ttuvvojeh palg\u00e2sij siste eresmu\u00e1\u0111usii pu\u00e1suitu\u00e1lu toim\u00e1id. Pu\u00e1sui-i\u0161\u0161eed koc\u00e1 toim\u00e2ulmui [&hellip;]<\/p>\n","protected":false},"author":1,"featured_media":0,"parent":6,"menu_order":1,"comment_status":"open","ping_status":"closed","template":"","meta":{"footnotes":""},"class_list":["post-422","page","type-page","status-publish","hentry"],"_links":{"self":[{"href":"https:\/\/paliskunnat.fi\/po\/wp-json\/wp\/v2\/pages\/422","targetHints":{"allow":["GET"]}}],"collection":[{"href":"https:\/\/paliskunnat.fi\/po\/wp-json\/wp\/v2\/pages"}],"about":[{"href":"https:\/\/paliskunnat.fi\/po\/wp-json\/wp\/v2\/types\/page"}],"author":[{"embeddable":true,"href":"https:\/\/paliskunnat.fi\/po\/wp-json\/wp\/v2\/users\/1"}],"replies":[{"embeddable":true,"href":"https:\/\/paliskunnat.fi\/po\/wp-json\/wp\/v2\/comments?post=422"}],"version-history":[{"count":13,"href":"https:\/\/paliskunnat.fi\/po\/wp-json\/wp\/v2\/pages\/422\/revisions"}],"predecessor-version":[{"id":5812,"href":"https:\/\/paliskunnat.fi\/po\/wp-json\/wp\/v2\/pages\/422\/revisions\/5812"}],"up":[{"embeddable":true,"href":"https:\/\/paliskunnat.fi\/po\/wp-json\/wp\/v2\/pages\/6"}],"wp:attachment":[{"href":"https:\/\/paliskunnat.fi\/po\/wp-json\/wp\/v2\/media?parent=422"}],"curies":[{"name":"wp","href":"https:\/\/api.w.org\/{rel}","templated":true}]}}