{"id":429,"date":"2014-10-30T13:29:29","date_gmt":"2014-10-30T11:29:29","guid":{"rendered":"http:\/\/80.69.171.23\/py\/?page_id=429"},"modified":"2021-02-25T10:10:08","modified_gmt":"2021-02-25T08:10:08","slug":"palgasij-ovtastus","status":"publish","type":"page","link":"https:\/\/paliskunnat.fi\/po\/organisaatio-ja-haldattas\/palgasij-ovtastus\/","title":{"rendered":"Palg\u00e2sij ovt\u00e2stus"},"content":{"rendered":"<h2>Palg\u00e2sij ovt\u00e2stus<\/h2>\n<p>Palg\u00e2sij ovt\u00e2stus lii pu\u00e1suitu\u00e1lu stivrim-, ravvim- j\u00e1 \u00e4\u0161\u0161itobdeeservi.<\/p>\n<p>Palg\u00e2sij ovt\u00e2stus toim\u00e2m lii pu\u00e1suitu\u00e1lulaav\u00e2 (<a href=\"https:\/\/www.finlex.fi\/fi\/laki\/ajantasa\/1990\/19900848#P20\">PHL 848\/1990<\/a>) mield:<\/p>\n<ol>\n<li>toim\u00e2\u0111 palg\u00e2sij oht\u00e2vuo\u0111\u00e2\u010don\u00e2sin;<\/li>\n<li>ovdedi\u0111 pu\u00e1suitu\u00e1lu;<\/li>\n<li>ovdedi\u0111 pu\u00e1suitu\u00e1lu tutk\u00e2m, pu\u00e1suitu\u00e1lun kyeskee ke\u010d\u010d\u00e2lemtooim\u00e2 j\u00e1 poccuuj\u00e1ludem; sehe<\/li>\n<li>toim\u00e2tteh eres toos heiviittum teikk\u00e2 meridum tooim\u00e2i (<a href=\"https:\/\/www.finlex.fi\/fi\/laki\/ajantasa\/1990\/19900848#P20\">PHL 20.1 \u00a7<\/a>).<\/li>\n<\/ol>\n<p>Palg\u00e2sijd ovt\u00e2stus:<\/p>\n<ul>\n<li>R\u00e4vvee palg\u00e2sijd, pu\u00e1suiom\u00e2steijeid, \u010don\u00e2sju\u00e1vhuid j\u00e1 aalmugjes\u00e2nijd poccuid kyeskee ko\u010d\u010d\u00e2m\u00e2\u0161\u00e2in<\/li>\n<li>Almostit <a href=\"https:\/\/paliskunnat.fi\/po\/organisaatio-ja-haldattas\/poromies\/\">Poromies<u>-l\u00e4\u00e4\u0111i<\/u> <\/a>j\u00e1 eres pu\u00e1suitu\u00e1lu ti\u00e4tumateriaal<\/li>\n<li>U\u00e1rnee r\u00e1\u0111\u00e1d\u00e2ll\u00e2m-, ti\u00e4tujyehim- j\u00e1 \u0161kovlimtil\u00e1l\u00e2\u0161vuo\u0111\u00e2id<\/li>\n<li>Taha alguid lah\u00e2as\u00e2ttem j\u00e1 hald\u00e2tt\u00e2s syergist pu\u00e1suitu\u00e1lu ovdedem tiet<\/li>\n<li>Oovded palg\u00e2sijd ovt\u00e2stooim\u00e2<\/li>\n<li>Vaaigut pu\u00e1suitu\u00e1lun \u010don\u00e2d\u00e2ttee eres i\u00e4l\u00e1tt\u00e2ss\u00e1id j\u00e1 \u010don\u00e2sju\u00e1vhoid pu\u00e1suitu\u00e1lu toim\u00e2mi\u00e4vtui si\u00e4iluttem tiet.<\/li>\n<li>Tu\u00e1rju pu\u00e1suitu\u00e1lu tutk\u00e2mtooim\u00e2 j\u00e1 tu\u00e1llee Kutuharju <a href=\"https:\/\/paliskunnat.fi\/po\/organisaatio-ja-haldattas\/puasuitutkamkardi\/\">pu\u00e1suitutk\u00e2mk\u00e4\u00e4rdi<\/a><\/li>\n<li>V\u00e4stid v\u00e4ldikuudij kosk\u00e2s\u00e2\u0161 <a href=\"https:\/\/paliskunnat.fi\/po\/organisaatio-ja-haldattas\/rajiaaidih\/\">r\u00e4jipu\u00e1suieest\u00e2aai\u0111ijn<\/a><\/li>\n<li>Tu\u00e1im\u00e1 virgeom\u00e2h\u00e2\u017e\u017e\u00e2n <a href=\"https:\/\/paliskunnat.fi\/po\/ravvim\/puasuimeerhah\/\">pu\u00e1suimerkk\u00e2aa\u0161ijn<\/a><\/li>\n<\/ul>\n<p>Palg\u00e2sij ovt\u00e2stus jes\u00e2neh l\u00e1\u00e1 puoh palg\u00e2seh laav\u00e2st meridum.<\/p>\n<p><a href=\"https:\/\/paliskunnat.fi\/po\/wp-content\/uploads\/2018\/11\/po_organisaatio.png\" rel=\"lightbox[429]\"><img loading=\"lazy\" decoding=\"async\" class=\"alignnone wp-image-5653\" src=\"https:\/\/paliskunnat.fi\/po\/wp-content\/uploads\/2018\/11\/po_organisaatio.png\" alt=\"\" width=\"460\" height=\"292\" srcset=\"https:\/\/paliskunnat.fi\/po\/wp-content\/uploads\/2018\/11\/po_organisaatio.png 1100w, https:\/\/paliskunnat.fi\/po\/wp-content\/uploads\/2018\/11\/po_organisaatio-300x191.png 300w, https:\/\/paliskunnat.fi\/po\/wp-content\/uploads\/2018\/11\/po_organisaatio-768x488.png 768w, https:\/\/paliskunnat.fi\/po\/wp-content\/uploads\/2018\/11\/po_organisaatio-1024x651.png 1024w\" sizes=\"auto, (max-width: 460px) 100vw, 460px\" \/><\/a><\/p>\n<p>Palg\u00e2seh kevttih meridemv\u00e4\u00e4ldis ovt\u00e2stus \u010du\u00e1kkimist (<a href=\"https:\/\/www.finlex.fi\/fi\/laki\/ajantasa\/1990\/19900848#P20\">PHL 20.2 \u00a7<\/a>). Ovt\u00e2stus hald\u00e2tt\u00e2h j\u00e1 air\u00e2s\u010du\u00e1kkim tuhhiitteh ih\u00e1s\u00e1vt toim\u00e2vu\u00e1v\u00e1m j\u00e1 budjeti\u00e4vtutt\u00e2s, moin pu\u00e1tih oovd\u00e2n Palg\u00e2sij ovt\u00e2stus tooimah. Palg\u00e2sij ovt\u00e2stus eidus\u00e2\u0161 \u010du\u00e1kkim, a\u0111ai <a href=\"https:\/\/paliskunnat.fi\/po\/organisaatio-ja-haldattas\/puasuiparlament\/\">Pu\u00e1suiparlament<\/a>, tu\u00e1lloo ohtii ivveest kesim\u00e1\u00e1nu aalg\u00e2st.<\/p>\n<p><a href=\"http:\/\/www.ely-keskus.fi\/fi\/web\/ely-saame\/\">Laapi i\u00e4l\u00e1tt\u00e2s-, jotol\u00e2h- j\u00e1 pir\u00e2sku\u00e1vd\u00e1\u0161<\/a> v\u00e4stid Palg\u00e2sij ovt\u00e2stus pu\u00e1\u0111usstivrimist. Ih\u00e1s\u00e1vt tohhum pu\u00e1\u0111ussop\u00e2mu\u0161\u00e2st mi\u00e4ru\u0161t\u00e2lloo ovt\u00e2stus t\u00e4rhibijd tooim\u00e2id.<\/p>\n<p>&nbsp;<\/p>\n<p>&nbsp;<\/p>\n<p>&nbsp;<\/p>\n","protected":false},"excerpt":{"rendered":"<p>Palg\u00e2sij ovt\u00e2stus Palg\u00e2sij ovt\u00e2stus lii pu\u00e1suitu\u00e1lu stivrim-, ravvim- j\u00e1 \u00e4\u0161\u0161itobdeeservi. Palg\u00e2sij ovt\u00e2stus toim\u00e2m lii pu\u00e1suitu\u00e1lulaav\u00e2 (PHL 848\/1990) mield: toim\u00e2\u0111 palg\u00e2sij oht\u00e2vuo\u0111\u00e2\u010don\u00e2sin; ovdedi\u0111 pu\u00e1suitu\u00e1lu; ovdedi\u0111 pu\u00e1suitu\u00e1lu tutk\u00e2m, pu\u00e1suitu\u00e1lun kyeskee ke\u010d\u010d\u00e2lemtooim\u00e2 j\u00e1 poccuuj\u00e1ludem; sehe toim\u00e2tteh eres toos heiviittum teikk\u00e2 meridum tooim\u00e2i (PHL 20.1 \u00a7). Palg\u00e2sijd ovt\u00e2stus: R\u00e4vvee palg\u00e2sijd, pu\u00e1suiom\u00e2steijeid, \u010don\u00e2sju\u00e1vhuid j\u00e1 aalmugjes\u00e2nijd poccuid kyeskee ko\u010d\u010d\u00e2m\u00e2\u0161\u00e2in Almostit Poromies-l\u00e4\u00e4\u0111i [&hellip;]<\/p>\n","protected":false},"author":1,"featured_media":0,"parent":3945,"menu_order":1,"comment_status":"open","ping_status":"closed","template":"","meta":{"footnotes":""},"class_list":["post-429","page","type-page","status-publish","hentry"],"_links":{"self":[{"href":"https:\/\/paliskunnat.fi\/po\/wp-json\/wp\/v2\/pages\/429","targetHints":{"allow":["GET"]}}],"collection":[{"href":"https:\/\/paliskunnat.fi\/po\/wp-json\/wp\/v2\/pages"}],"about":[{"href":"https:\/\/paliskunnat.fi\/po\/wp-json\/wp\/v2\/types\/page"}],"author":[{"embeddable":true,"href":"https:\/\/paliskunnat.fi\/po\/wp-json\/wp\/v2\/users\/1"}],"replies":[{"embeddable":true,"href":"https:\/\/paliskunnat.fi\/po\/wp-json\/wp\/v2\/comments?post=429"}],"version-history":[{"count":18,"href":"https:\/\/paliskunnat.fi\/po\/wp-json\/wp\/v2\/pages\/429\/revisions"}],"predecessor-version":[{"id":5767,"href":"https:\/\/paliskunnat.fi\/po\/wp-json\/wp\/v2\/pages\/429\/revisions\/5767"}],"up":[{"embeddable":true,"href":"https:\/\/paliskunnat.fi\/po\/wp-json\/wp\/v2\/pages\/3945"}],"wp:attachment":[{"href":"https:\/\/paliskunnat.fi\/po\/wp-json\/wp\/v2\/media?parent=429"}],"curies":[{"name":"wp","href":"https:\/\/api.w.org\/{rel}","templated":true}]}}