{"id":45,"date":"2014-08-07T20:36:42","date_gmt":"2014-08-07T17:36:42","guid":{"rendered":"http:\/\/80.69.171.23\/py\/?page_id=45"},"modified":"2018-01-19T12:37:05","modified_gmt":"2018-01-19T10:37:05","slug":"njuolgadusah","status":"publish","type":"page","link":"https:\/\/paliskunnat.fi\/po\/organisaatio-ja-haldattas\/palgasij-ovtastus\/njuolgadusah\/","title":{"rendered":"Palg\u00e2sij ovt\u00e2stus njuolg\u00e2dusah"},"content":{"rendered":"<h2>Palg\u00e2sij ovt\u00e2stus njuolg\u00e2dusah<\/h2>\n<h3>1 \u00a7<\/h3>\n<p>Palg\u00e2sij ovt\u00e2stus p\u00e4ikkin lii Ru\u00e1vinjaarg\u00e2 kaavpug j\u00e1 ovt\u00e2stus toim\u00e2mvijdod\u00e2hh\u00e2n lii pu\u00e1suitu\u00e1lulaav\u00e2st 2 \u00a7:st u\u00e1ivildum pu\u00e1suitu\u00e1luku\u00e1vlu. Ovt\u00e2stus jes\u00e2n\u00e1in lii meridum pu\u00e1suitu\u00e1lulaav\u00e2st 20 \u00a7 2 momentist.<\/p>\n<h3>2 \u00a7<\/h3>\n<p>Ovt\u00e2stus ulmen lii toim\u00e2tti\u0111 toos pu\u00e1suitu\u00e1lulaav\u00e2 j\u00e1 pu\u00e1suitu\u00e1luas\u00e2tt\u00e2s mield kullee tooim\u00e2id. Uulmij ol\u00e1\u0161uttem v\u00e1r\u00e1s ovt\u00e2stus:<\/p>\n<ul>\n<li>addel pu\u00e1suitu\u00e1lun kyeskee ravvim<\/li>\n<li>tu\u00e1rjoo j\u00e1 taha pu\u00e1suitu\u00e1lun kyeskee ke\u010d\u010d\u00e2lemtooim\u00e2 j\u00e1 tu\u00e1llee pu\u00e1suitutk\u00e2mk\u00e4\u00e4rdi;<\/li>\n<li>taha poccuuj\u00e1ludem j\u00e1 u\u00e1rnee poccuuj\u00e1ludemki\u0161toid<\/li>\n<li>h\u00e1\u00e1h\u00e1 anon pu\u00e1suitu\u00e1lun kyeskee ti\u00e4\u0111uid j\u00e1 \u010du\u00e1vu syergi ovd\u00e1nem p\u00e4ikkien\u00e2mist j\u00e1 olgoen\u00e2mijn<\/li>\n<li>taha olgosadelemtooim\u00e2 j\u00e1 u\u00e1rnee ravvim-, tie\u0111ettem- j\u00e1 \u0161kovlimtil\u00e1l\u00e2\u0161vuo\u0111\u00e2i, pu\u00e1suipeeivij, pu\u00e1suiki\u0161toi j\u00e1 \u010d\u00e1it\u00e1lduv\u00e2i sehe puovt\u00e2d \u00e4ic\u00e2stemmateriaal j\u00e1 opp\u00e2materiaal;<\/li>\n<li>taha algui lah\u00e2as\u00e2ttem j\u00e1 hald\u00e2tt\u00e2s syergist pu\u00e1suitu\u00e1lu ovdedem tiet<\/li>\n<li>oovded palg\u00e2sijd ovt\u00e2stooim\u00e2 j\u00e1 vaaigut pu\u00e1suitu\u00e1lun kyeskee i\u00e4l\u00e1tt\u00e2ss\u00e1id pu\u00e1suitu\u00e1lu toim\u00e2naavc\u00e2i si\u00e4iluttem tiet<\/li>\n<li>j\u00e1 tooim\u00e2t eres tooim\u00e2id, maid ovt\u00e2stus pargoi tip\u0161om v\u00e1\u00e1t\u00e1<\/li>\n<\/ul>\n<h3>3 \u00a7<\/h3>\n<p>Ovt\u00e2stus eidusii \u010du\u00e1kkim tu\u00e1lloo kesim\u00e1\u00e1nust ton peeivi, mon hald\u00e2tt\u00e2h meerrid. Paijeelmi\u00e4r\u00e1l\u00e2\u0161 \u010du\u00e1kkim tu\u00e1lloo, ko hald\u00e2tt\u00e2h u\u00e1in\u00e1 tom tarb\u00e2\u0161l\u00e2\u017e\u017e\u00e2n teikk\u00e2 ucemust\u00e1\u00e1 lovv\u00e1\u00e1du\u00e1si ovt\u00e2stus jes\u00e2nijn pivd\u00e1 tom ti\u00e4tu \u00e4\u00e4\u0161i kie\u0111\u00e2vu\u0161\u0161\u00e2m v\u00e1r\u00e1s.<\/p>\n<h3>4 \u00a7<\/h3>\n<p>Ko\u010d\u010dom ovt\u00e2stus \u010du\u00e1kkim\u00e2n toim\u00e2ttuvvoo palg\u00e2s\u00e1id reiv\u00e1in, mii kalga vuolg\u00e2ttu\u0111 ucemust\u00e1\u00e1 kyehti oho ovdil \u010du\u00e1kkimpeeivi. Reeiv\u00e2st kalga \u010du\u00e1\u017e\u017eu\u0111 \u00e4\u00e4\u0161ih, moh kie\u0111\u00e2vu\u0161\u0161ojeh \u010du\u00e1kkimist. Eres ti\u00e4\u0111\u00e1tt\u00e2sah ovt\u00e2stus jes\u00e2n\u00e1id toim\u00e2ttuvvojeh reeiv\u00e2 peht.<\/p>\n<h3>5 \u00a7<\/h3>\n<p>Mi\u00e4r\u00e1d\u00e2s tooh\u00e2mist ovt\u00e2stus \u010du\u00e1kkimist lii meridum pu\u00e1suitu\u00e1lulaav\u00e2st 20 \u00a7 2 momentist. Ovt\u00e2stus \u010du\u00e1kkim leeh\u00e2st ovt\u00e2stus saav\u00e2jo\u0111etteijee teikk\u00e2 suu estuudijn v\u00e4risaav\u00e2jo\u0111etteijee teikk\u00e2 hald\u00e2ttuv siste hald\u00e2ttuv valjim jeess\u00e2n. \u010cu\u00e1kkim\u00e2n v\u00e4ljejuvvoo kulm\u00e2 saav\u00e2jo\u0111etteijee, kyehti \u010d\u00e4llee, kyehti pevdikirjet\u00e4rhisteijee j\u00e1 kyehti jien\u00e2irekinistee.<\/p>\n<p>Ovt\u00e2stus eidusii \u010du\u00e1kkimist:<\/p>\n<ul>\n<li>selv\u00e2ttuvvoo \u010du\u00e1kkim lav\u00e2l\u00e2\u0161vuot\u00e2;<\/li>\n<li>nannejuvvoo ovd\u00e2steijee- j\u00e1 jien\u00e2stemloho;<\/li>\n<li>v\u00e4ljejuvvoo \u010du\u00e1kkim\u00e2n saav\u00e2jo\u0111etteijeeh;<\/li>\n<li>v\u00e4ljejuvvoo \u010du\u00e1kkim\u00e2n \u010d\u00e4\u00e4lli\u0111;<\/li>\n<li>v\u00e4ljejuvvoo kyehti pevdikirjet\u00e4rhisteijee;<\/li>\n<li>v\u00e4ljejuvvoo kyehti jien\u00e2irekinistee;<\/li>\n<li>\u010d\u00e1ittoo oovdeb toim\u00e2paje ihemu\u0161t\u00e2lus, rutt\u00e2tu\u00e1lu, rutt\u00e2tu\u00e1lut\u00e4rhisteijei ci\u00e4lkk\u00e1mu\u0161 j\u00e1 nannejuvvoo rutt\u00e2tu\u00e1lulop\u00e2ttem;<\/li>\n<li>meriduvvoo ovd\u00e2sv\u00e1st\u00e1d\u00e2srijj\u00e2vuo\u0111\u00e2 mie\u0111eetmist hald\u00e2tt\u00e2h\u00e2n j\u00e1 eres rutt\u00e2tu\u00e1lukenig\u00e2s\u00e1id j\u00e1 eres tooim\u00e2i pirr\u00e2, moi ihemu\u0161t\u00e2lus, rutt\u00e2tu\u00e1lu j\u00e1 rutt\u00e2tu\u00e1lut\u00e4rhisteijei ci\u00e4lkk\u00e1mu\u0161 adeleh m\u00e1h\u0111ul\u00e1vt t\u00e1\u00e1rbu;<\/li>\n<li>v\u00e4ljejuvvoo \u010du\u00e1vuv\u00e1\u00e1 kalenderih\u00e1n kulm\u00e2 rutt\u00e2tu\u00e1lut\u00e4rhisteijee, ki\u00e4in oht\u00e2 kalga le\u0111e k\u00e4vppiseervi (kauppakamari) tuhhiitt\u00e2m rutt\u00e2pi\u0111ot\u00e4rhisteijee, j\u00e1 sijj\u00e2n v\u00e4riulmuuh;<\/li>\n<li>nannejuvvoo tooim\u00e2 aldas\u00e2\u0161iivij hald\u00e2\u0161em linj\u00e1id j\u00e1 \u010du\u00e1vuv\u00e1\u00e1 toim\u00e2ive toim\u00e2vu\u00e1v\u00e1m;<\/li>\n<li>nannejuvvoo budjet \u010du\u00e1vuv\u00e1\u00e1 toim\u00e2ih\u00e1n;<\/li>\n<li>meriduvvoo ovt\u00e2stus \u010du\u00e1kkim\u00e2n u\u00e1s\u00e1listei \u010du\u00e1kkimpaalhijn j\u00e1 m\u00e4tkikoloi sajanm\u00e1\u00e1vsuin;<\/li>\n<li>meriduvvoo ovt\u00e2stus saav\u00e2jo\u0111etteijee, v\u00e4risaav\u00e2jo\u0111etteijee, hald\u00e2ttuv jes\u00e2nij j\u00e1 rutt\u00e2tu\u00e1lut\u00e4rhisteijei paalhijn;<\/li>\n<li>v\u00e4ljejuvvoo ovt\u00e2stus saav\u00e2jo\u0111etteijee j\u00e1 v\u00e4risaav\u00e2jo\u0111etteijee toim\u00e2paje loop\u00e2st kulm\u00e2 \u010du\u00e1vuv\u00e1\u00e1 toim\u00e2ih\u00e1n.<\/li>\n<li>v\u00e4ljejuvvoo hald\u00e2ttuv jes\u00e2neh (kyehtnub\u00e1loh) kulm\u00e2 ih\u00e1n;<\/li>\n<li>nannejuvvoo nubbe palg\u00e2s\u00e2n kullee poccui tip\u0161oost perrum tip\u0161om\u00e1\u00e1vsu stu\u00e1rud\u00e2h.<\/li>\n<\/ul>\n<p>Ovt\u00e2stus \u010du\u00e1kkimist kie\u0111\u00e2vu\u0161\u0161oo lasseen toi vu\u00e1\u0111ujurduul\u00e2\u0161 j\u00e1 vij\u0111\u00e1ht vaigutteijee aa\u0161ijd, maid ovt\u00e2stus hald\u00e2tt\u00e2h v\u00e1ld\u00e1 \u010du\u00e1kkim\u00e2n sehe aa\u0161ijd, maid ucemust\u00e1\u00e1 lovv\u00e1\u00e1du\u00e1si \u010du\u00e1kkim jien\u00e2meereest haalijd v\u00e4ldi\u0111 ovt\u00e2stus \u010du\u00e1kkim kie\u0111\u00e2vu\u0161m\u00e2n.<\/p>\n<h3>6 \u00a7<\/h3>\n<p>Ovt\u00e2stus hald\u00e2tt\u00e2h\u00e2n kuleh ovt\u00e2stus saav\u00e2jo\u0111etteijee, ovt\u00e2stus v\u00e4risaav\u00e2jo\u0111etteijee j\u00e1 12 jeess\u00e2n mi\u00e4t\u00e1 pu\u00e1suitu\u00e1luku\u00e1vlu pu\u00e1suilovoi mield sehe eenn\u00e2m- j\u00e1 vyevditu\u00e1luministeri\u00f6 merid\u00e2m staat\u00e2 ovd\u00e2steijee j\u00e1 s\u00e4\u00e4mi parlament nom\u00e2ttum s\u00e4mmilij ovd\u00e2steijee. Ovt\u00e2stus toim\u00e2jo\u0111etteijest lii riehti le\u0111e f\u00e1\u00e1rust hald\u00e2ttuv \u010du\u00e1kkimijn.<\/p>\n<h3>7 \u00a7<\/h3>\n<p>Hald\u00e2tt\u00e2h \u010dokk\u00e2n saav\u00e2jo\u0111etteijee teikk\u00e2 suu estuudijn v\u00e4risaav\u00e2jo\u0111etteijee ko\u010d\u010domist. Hald\u00e2ttuvv\u00e2st lii meridemv\u00e4ldi, ko saav\u00e2jo\u0111etteijee teikk\u00e2 v\u00e4risaav\u00e2jo\u0111etteijee j\u00e1 ucemust\u00e1\u00e1 peeli jes\u00e2nijn le\u0111e f\u00e1\u00e1rust. \u010cu\u00e1kkim mi\u00e4r\u00e1d\u00e2ss\u00e2n ki\u00e4\u010d\u010doo tot u\u00e1ivil, mon een\u00e2bloho adelum jien\u00e2in lii kyeddi\u0111. Jien\u00e2id mon\u00e2dijn t\u00e1\u00e1s\u00e1n, \u010du\u00e1vd\u00e1 saav\u00e2jo\u0111etteijee jien\u00e2 eereeb persovnvaalj\u00e2in vyerbi. Hald\u00e2tt\u00e2h aas\u00e2t pargov\u00e1ljukode.<\/p>\n<h3>8 \u00a7<\/h3>\n<p>Hald\u00e2ttuv pargon lii:<\/p>\n<ul>\n<li>jo\u0111etti\u0111 ovt\u00e2stus tooim\u00e2 j\u00e1 vak\u0161u\u0111 pu\u00e1suitu\u00e1lu hi\u00e4\u0111u;<\/li>\n<li>ko\u010d\u010do\u0111 ovt\u00e2stus \u010du\u00e1kkim\u00e2n, valm\u00e2\u0161t\u00e2ll\u00e2\u0111 toos oovd\u00e2npyehtee aa\u0161ijd j\u00e1 ol\u00e1\u0161utti\u0111 tom mi\u00e4r\u00e1d\u00e2s\u00e2id;<\/li>\n<li>viirg\u00e1npieij\u00e2\u0111 j\u00e1 pieij\u00e2\u0111 medd\u00e2l ovt\u00e2stus toim\u00e2jo\u0111etteijee j\u00e1 eres toim\u00e2ulmuid sehe meridi\u0111 sii paalhijn;<\/li>\n<li>r\u00e4hti\u0111 staat\u00e2torj\u00e2virgeom\u00e2h\u00e1id i\u00e4vtutt\u00e2s torjuin, moh kalgeh mie\u0111ettu\u0111 ovt\u00e2stus\u00e2n j\u00e1 r\u00e4hti\u0111 \u010dielgiitt\u00e2s\u00e2i torjuid kevttimist;<\/li>\n<li>pi\u00e4r\u00e1nke\u010d\u010d\u00e2\u0111 ovt\u00e2stus om\u00e2duv j\u00e1 tooll\u00e2\u0111 sehe tast j\u00e1 ovt\u00e2stus\u00e2n pu\u00e1\u0111uin j\u00e1 koloin rutt\u00e2tu\u00e1lu j\u00e1 r\u00e1ht\u00e1 ihemu\u0161t\u00e2lus j\u00e1 rutt\u00e2pi\u0111olop\u00e2ttem;<\/li>\n<li>huol\u00e2t ovt\u00e2stus olgosadelemtooim\u00e2st; sehe<\/li>\n<li>meerrid pu\u00e1suimeerh\u00e2id tuhhiitmist, medd\u00e2lkeessimist j\u00e1 heitugist, j\u00e1 huol\u00e2t mi\u00e4r\u00e1d\u00e2s\u00e2i ti\u00e4tunaddelmist pu\u00e1suitu\u00e1luas\u00e2tt\u00e2s 18 \u00a7:s meridum taavijn. Hald\u00e2ttuv pargov\u00e1ljukodde taha tain pargoin, maid hald\u00e2tt\u00e2h v\u00e1ljukood\u00e1n meerrid.<\/li>\n<\/ul>\n<h3>9 \u00a7<\/h3>\n<p>Ovt\u00e2stus noom\u00e2 \u010d\u00e1\u00e1l\u00e1 saav\u00e2jo\u0111etteijee teikk\u00e2 toim\u00e2jo\u0111etteijee ohtuu.<\/p>\n<h3>10 \u00a7<\/h3>\n<p>Ovt\u00e2stus rutt\u00e2tu\u00e1lu meriduvvoo kalenderih\u00e1s\u00e1vt. rutt\u00e2pi\u0111olop\u00e2ttem j\u00e1 eres ovt\u00e2stus \u00e4\u0161\u0161itiip\u0161on kullee \u00e4\u0161\u0161ikirjeh kalgeh njuh\u010d\u00e2m\u00e1\u00e1nu 15. peeivi r\u00e4i toim\u00e2ttu\u0111 rutt\u00e2pi\u0111ot\u00e4rhisteijeid, ki\u00e4h kalgeh adeli\u0111 hald\u00e2tt\u00e2h\u00e2n mu\u0161t\u00e2lus\u00e2s rutt\u00e2tu\u00e1lu j\u00e1 hald\u00e2tt\u00e2s t\u00e4\u00e4rhistmist ovdil cu\u00e1\u014buim\u00e1\u00e1nu 15. peeivi.<\/p>\n<h3>11 \u00a7<\/h3>\n<p>Ovt\u00e2stus mi\u00e4r\u00e1d\u00e2ss\u00e1id muttuuttemuc\u00e2mist lii meridum pu\u00e1suitu\u00e1lulaav\u00e2 45 \u00a7:s j\u00e1 pu\u00e1suitu\u00e1luas\u00e2tt\u00e2s 22 \u00a7:st<\/p>\n<h3>12 \u00a7<\/h3>\n<p>Jis ovt\u00e2stus toim\u00e2m noh\u00e1, ovt\u00e2stus vaarijd kalga kevtti\u0111 taggaar seervi tu\u00e1rjum\u00e2n, mii parga pu\u00e1suitu\u00e1lu ovdedem oovd\u00e2n Suom\u00e2st.<\/p>\n<h3>13 \u00a7<\/h3>\n<p>Ovt\u00e2stus njuolg\u00e2dus\u00e2i nub\u00e1stuttemist merideh ovt\u00e2stus eidusii teikk\u00e2 paijeelmi\u00e4r\u00e1lii \u010du\u00e1kkimist j\u00e1 nub\u00e1stuttem v\u00e1\u00e1t\u00e1, et ton lii kyeddi\u0111 ucemust\u00e1\u00e1 kulm\u00e2 ni\u00e4lj\u00e1d\u00e2su\u00e1si adelum jien\u00e2in. Mi\u00e4r\u00e1d\u00e2s kalga nanneju\u0111 eenn\u00e2m- j\u00e1 vyevdipi\u0111oministeri\u00f6st.<\/p>\n<h3>14 \u00a7<\/h3>\n<p>Taah njuolg\u00e2dusah pu\u00e1tih vu\u00e1im\u00e1n 20. peeivi skamm\u00e2m\u00e1\u00e1nust 1990. Njuolg\u00e2dusah l\u00e1\u00e1 tohhejum Palg\u00e2sij ovt\u00e2stus paijeelmi\u00e4r\u00e1l\u00e2\u0161 ovd\u00e2steijee\u010du\u00e1kkimist 29.10.1990.<\/p>\n<p>&nbsp;<\/p>\n","protected":false},"excerpt":{"rendered":"<p>Palg\u00e2sij ovt\u00e2stus njuolg\u00e2dusah 1 \u00a7 Palg\u00e2sij ovt\u00e2stus p\u00e4ikkin lii Ru\u00e1vinjaarg\u00e2 kaavpug j\u00e1 ovt\u00e2stus toim\u00e2mvijdod\u00e2hh\u00e2n lii pu\u00e1suitu\u00e1lulaav\u00e2st 2 \u00a7:st u\u00e1ivildum pu\u00e1suitu\u00e1luku\u00e1vlu. Ovt\u00e2stus jes\u00e2n\u00e1in lii meridum pu\u00e1suitu\u00e1lulaav\u00e2st 20 \u00a7 2 momentist. 2 \u00a7 Ovt\u00e2stus ulmen lii toim\u00e2tti\u0111 toos pu\u00e1suitu\u00e1lulaav\u00e2 j\u00e1 pu\u00e1suitu\u00e1luas\u00e2tt\u00e2s mield kullee tooim\u00e2id. Uulmij ol\u00e1\u0161uttem v\u00e1r\u00e1s ovt\u00e2stus: addel pu\u00e1suitu\u00e1lun kyeskee ravvim tu\u00e1rjoo j\u00e1 taha pu\u00e1suitu\u00e1lun kyeskee [&hellip;]<\/p>\n","protected":false},"author":1,"featured_media":0,"parent":429,"menu_order":2,"comment_status":"open","ping_status":"closed","template":"","meta":{"footnotes":""},"class_list":["post-45","page","type-page","status-publish","hentry"],"_links":{"self":[{"href":"https:\/\/paliskunnat.fi\/po\/wp-json\/wp\/v2\/pages\/45","targetHints":{"allow":["GET"]}}],"collection":[{"href":"https:\/\/paliskunnat.fi\/po\/wp-json\/wp\/v2\/pages"}],"about":[{"href":"https:\/\/paliskunnat.fi\/po\/wp-json\/wp\/v2\/types\/page"}],"author":[{"embeddable":true,"href":"https:\/\/paliskunnat.fi\/po\/wp-json\/wp\/v2\/users\/1"}],"replies":[{"embeddable":true,"href":"https:\/\/paliskunnat.fi\/po\/wp-json\/wp\/v2\/comments?post=45"}],"version-history":[{"count":3,"href":"https:\/\/paliskunnat.fi\/po\/wp-json\/wp\/v2\/pages\/45\/revisions"}],"predecessor-version":[{"id":5633,"href":"https:\/\/paliskunnat.fi\/po\/wp-json\/wp\/v2\/pages\/45\/revisions\/5633"}],"up":[{"embeddable":true,"href":"https:\/\/paliskunnat.fi\/po\/wp-json\/wp\/v2\/pages\/429"}],"wp:attachment":[{"href":"https:\/\/paliskunnat.fi\/po\/wp-json\/wp\/v2\/media?parent=45"}],"curies":[{"name":"wp","href":"https:\/\/api.w.org\/{rel}","templated":true}]}}