{"id":450,"date":"2014-10-30T15:29:42","date_gmt":"2014-10-30T13:29:42","guid":{"rendered":"http:\/\/80.69.171.23\/py\/?page_id=450"},"modified":"2017-12-29T07:20:52","modified_gmt":"2017-12-29T07:20:52","slug":"bo-proseavttat","status":"publish","type":"page","link":"https:\/\/paliskunnat.fi\/po\/projekteh\/bo-proseavttat\/","title":{"rendered":"Palg\u00e2sij ovt\u00e2stus projekteh"},"content":{"rendered":"<h2>Palg\u00e2sij ovt\u00e2stus projekteh<\/h2>\n<p>Palg\u00e2sijd ovt\u00e2stus aalgij ovdedemproojeekttooim\u00e2 ive 1999.<\/p>\n<p>Iivij mield proojeekttooim\u00e2 h\u00e4\u00e4mi lii muttum. Alg\u00e2iivijn ol\u00e1\u0161uttijm pu\u00e1suiprojektijd jie\u010d\u00e2nis. Tast ma\u014ba tooim\u00e2n pottii ovt\u00e2spargokyeimin f\u00e1\u00e1run eres u\u00e1sipeelijd, tego opp\u00e2l\u00e1j\u00e1d\u00e2s\u00e2id j\u00e1 kield\u00e2id, v\u00e4ldim\u00e1in motomijd projektijd sii haaldun. Majemuin iivijn lep vu\u00e1ijum pu\u00e1suiproojeekttooim\u00e2 pehtilis vu\u00e1v\u00e1m\u00e2n, koordinistem\u00e2n j\u00e1 proojeektrutt\u00e2dem uucc\u00e2m i\u0161\u0161eedm\u00e2n. Projekteh l\u00e1\u00e1 ol\u00e1\u0161uttum u\u00e1ivi\u00e4\u00e4\u0161ist eres seervij peht.<\/p>\n<p>Palg\u00e2sij ovt\u00e2stus proojeekttoim\u00e2 lii lama\u0161 virkkuu j\u00e1 lep u\u00e1\u017e\u017eum \u00e1\u00e1ig\u00e1n taam peht maa\u014bg\u00e2id puorijd oovdedmijd eereeb i\u00e4rr\u00e1s pi\u00e4rguoovdedmist. Pu\u00e1tteevuo\u0111\u00e2 h\u00e1stusin proojeekttooim\u00e2 oovdedmist \u0161adda palg\u00e2sij jieij\u00e2s proojeekttooim\u00e2i joton finnim. P\u00e1ih\u00e1l\u00e2\u0161 t\u00e1\u00e1rbuin vyelgee projekteh v\u00e4stidi\u010d\u010dii pyeremus\u00e1vt sier\u00e2 ku\u00e1vlu \u00e4\u00e4igit\u00e1s\u00e1s\u00e2\u0161 t\u00e1rboid. Palg\u00e2sijn ij lah t\u00e1vj\u00e1 tu\u00e1rvi stuorr\u00e2 resurseh hald\u00e2\u0161i\u0111 projektijd, mut potential\u00e2l\u00e2\u0161 proojeektvu\u00e1v\u00e1\u00e1mij tahheeid j\u00e1 projektij jo\u0111etteijeid k\u00e1vnoo jyehi palg\u00e2sist. Projektij hald\u00e2\u0161eijen heivii\u010d\u010dij pyereest meid miinii eres p\u00e1ih\u00e1l\u00e2\u0161 tahhee, ovd\u00e2merkk\u00e2n kield\u00e2. Taggaar proojeekt ol\u00e1\u0161utt\u00e1\u010dij meid EU aldavuot\u00e2prinsiipijd.<\/p>\n<p>&nbsp;<\/p>\n<p>&nbsp;<\/p>\n","protected":false},"excerpt":{"rendered":"<p>Palg\u00e2sij ovt\u00e2stus projekteh Palg\u00e2sijd ovt\u00e2stus aalgij ovdedemproojeekttooim\u00e2 ive 1999. Iivij mield proojeekttooim\u00e2 h\u00e4\u00e4mi lii muttum. Alg\u00e2iivijn ol\u00e1\u0161uttijm pu\u00e1suiprojektijd jie\u010d\u00e2nis. Tast ma\u014ba tooim\u00e2n pottii ovt\u00e2spargokyeimin f\u00e1\u00e1run eres u\u00e1sipeelijd, tego opp\u00e2l\u00e1j\u00e1d\u00e2s\u00e2id j\u00e1 kield\u00e2id, v\u00e4ldim\u00e1in motomijd projektijd sii haaldun. Majemuin iivijn lep vu\u00e1ijum pu\u00e1suiproojeekttooim\u00e2 pehtilis vu\u00e1v\u00e1m\u00e2n, koordinistem\u00e2n j\u00e1 proojeektrutt\u00e2dem uucc\u00e2m i\u0161\u0161eedm\u00e2n. Projekteh l\u00e1\u00e1 ol\u00e1\u0161uttum u\u00e1ivi\u00e4\u00e4\u0161ist eres seervij peht. [&hellip;]<\/p>\n","protected":false},"author":1,"featured_media":0,"parent":193,"menu_order":1,"comment_status":"open","ping_status":"closed","template":"","meta":{"footnotes":""},"class_list":["post-450","page","type-page","status-publish","hentry"],"_links":{"self":[{"href":"https:\/\/paliskunnat.fi\/po\/wp-json\/wp\/v2\/pages\/450","targetHints":{"allow":["GET"]}}],"collection":[{"href":"https:\/\/paliskunnat.fi\/po\/wp-json\/wp\/v2\/pages"}],"about":[{"href":"https:\/\/paliskunnat.fi\/po\/wp-json\/wp\/v2\/types\/page"}],"author":[{"embeddable":true,"href":"https:\/\/paliskunnat.fi\/po\/wp-json\/wp\/v2\/users\/1"}],"replies":[{"embeddable":true,"href":"https:\/\/paliskunnat.fi\/po\/wp-json\/wp\/v2\/comments?post=450"}],"version-history":[{"count":1,"href":"https:\/\/paliskunnat.fi\/po\/wp-json\/wp\/v2\/pages\/450\/revisions"}],"predecessor-version":[{"id":5498,"href":"https:\/\/paliskunnat.fi\/po\/wp-json\/wp\/v2\/pages\/450\/revisions\/5498"}],"up":[{"embeddable":true,"href":"https:\/\/paliskunnat.fi\/po\/wp-json\/wp\/v2\/pages\/193"}],"wp:attachment":[{"href":"https:\/\/paliskunnat.fi\/po\/wp-json\/wp\/v2\/media?parent=450"}],"curies":[{"name":"wp","href":"https:\/\/api.w.org\/{rel}","templated":true}]}}