{"id":454,"date":"2014-10-30T15:36:12","date_gmt":"2014-10-30T13:36:12","guid":{"rendered":"http:\/\/80.69.171.23\/py\/?page_id=454"},"modified":"2017-12-29T07:28:03","modified_gmt":"2017-12-29T07:28:03","slug":"projekteh-joodoost","status":"publish","type":"page","link":"https:\/\/paliskunnat.fi\/po\/projekteh\/bo-proseavttat\/projekteh-joodoost\/","title":{"rendered":"Projekteh, moh l\u00e1\u00e1 joo\u0111oost"},"content":{"rendered":"<h2>Palg\u00e2sij ovt\u00e2stus tu\u00e1imee projekteh<\/h2>\n<p>Palg\u00e2sij ovt\u00e2stus\u00e2st l\u00e1\u00e1 joo\u0111oost kyehti jieij\u00e2s isk\u00e2m, moid ij lah val uccum ulguubeln proojeektrutt\u00e2dem.<\/p>\n<p>Ive 2012 aalgijm <a href=\"http:\/\/www.porotyot.fi\/\">www.porotyot.fi<\/a> -ke\u010d\u010d\u00e2lem, mast palg\u00e2seh jiejah almotteh sajeti\u00e4tuheiviitt\u00e2s i\u0161\u0161ijn \u00e4\u00e4igit\u00e1s\u00e1s\u00e2\u0161 ti\u00e4\u0111uid pu\u00e1suipargoin mi\u00e4c\u00e1steijeid. Ulmen lii muuneeld esti\u0111 mi\u00e4c\u00e1steijeid, erom\u00e2\u0161\u00e1vt mi\u00e4c\u00e1stempennuid, j\u00e1 poccui mu\u00e1lkk\u00e1\u00e1s teiv\u00e2dmijd. Ke\u010d\u010d\u00e2lem lii joo\u0111oost oovce palg\u00e2sist Kosk\u00e2-Laapi ku\u00e1vlust, kost mi\u00e4c\u00e1stempennuuh tov\u00e2tteh erom\u00e2\u0161 ennuv pu\u00e1suivah\u00e2gijd ih\u00e1s\u00e1vt. Alg\u00e2pu\u00e1tuseh l\u00e1\u00e1 ku\u00e1htuliih.<\/p>\n<p>Nubbe ke\u010d\u010dalm\u00e2d ulmen lii muuneeld esti\u0111 jotol\u00e2hvah\u00e2gijd. Ki\u0111\u0111uv 2014 isk\u00e2dui \u00e4i\u0111ipoccui \u010doorvij m\u00e1\u00e1l\u00e1m \u0161irott\u00e2sspraymaal\u00e1in. Ke\u010d\u010d\u00e2lem ki\u00e4suttij ennuv ulmuid j\u00e1 laavd\u00e2i ti\u00e4tuviermij j\u00e1 sosiaall\u00e2\u0161 media peht ub\u00e2 maailm median. U\u0111\u0111\u00e2sub ke\u010d\u010d\u00e2lmist almottuvvojii puoh eenn\u00e2moosijn, meid Aasiast, Afrikast j\u00e1 maad\u00e2-Amerikast. \u010coorvij m\u00e1\u00e1l\u00e1m\u00e2n j\u00e1 si\u00e4mm\u00e1st poccuid j\u00e1 pu\u00e1suitu\u00e1lun lii ke\u010d\u010d\u00e2lem mield i\u00e4ll\u00e1m u\u00e1p\u00e1smuumin kyehtlov almugijkosk\u00e2sijd kuvvimju\u00e1vhuid j\u00e1 u\u0111\u0111\u00e2 u\u00e1p\u00e1smuumijd lii sooppum ain. Maal\u00e2 pisom poccui \u010dorvijn pu\u00e1vt\u00e1\u010d\u010dij le\u0111e pyereb, mut ovdedempargoh jo\u0111hi\u017eeh ain. \u0160irott\u00e2smaal\u00e2ke\u010d\u010d\u00e2lem lii kuitt\u00e2g jo t\u00e4\u00e4l u\u00e1\u017e\u017eum \u00e1\u00e1ig\u00e1n puoh stu\u00e1rr\u00e1\u00e1mus jotol\u00e2h\u010duovviitt\u00e2skampanja.<\/p>\n<p>&nbsp;<\/p>\n<p>&nbsp;<\/p>\n","protected":false},"excerpt":{"rendered":"<p>Palg\u00e2sij ovt\u00e2stus tu\u00e1imee projekteh Palg\u00e2sij ovt\u00e2stus\u00e2st l\u00e1\u00e1 joo\u0111oost kyehti jieij\u00e2s isk\u00e2m, moid ij lah val uccum ulguubeln proojeektrutt\u00e2dem. Ive 2012 aalgijm www.porotyot.fi -ke\u010d\u010d\u00e2lem, mast palg\u00e2seh jiejah almotteh sajeti\u00e4tuheiviitt\u00e2s i\u0161\u0161ijn \u00e4\u00e4igit\u00e1s\u00e1s\u00e2\u0161 ti\u00e4\u0111uid pu\u00e1suipargoin mi\u00e4c\u00e1steijeid. Ulmen lii muuneeld esti\u0111 mi\u00e4c\u00e1steijeid, erom\u00e2\u0161\u00e1vt mi\u00e4c\u00e1stempennuid, j\u00e1 poccui mu\u00e1lkk\u00e1\u00e1s teiv\u00e2dmijd. Ke\u010d\u010d\u00e2lem lii joo\u0111oost oovce palg\u00e2sist Kosk\u00e2-Laapi ku\u00e1vlust, kost mi\u00e4c\u00e1stempennuuh tov\u00e2tteh erom\u00e2\u0161 [&hellip;]<\/p>\n","protected":false},"author":1,"featured_media":0,"parent":450,"menu_order":1,"comment_status":"open","ping_status":"closed","template":"","meta":{"footnotes":""},"class_list":["post-454","page","type-page","status-publish","hentry"],"_links":{"self":[{"href":"https:\/\/paliskunnat.fi\/po\/wp-json\/wp\/v2\/pages\/454","targetHints":{"allow":["GET"]}}],"collection":[{"href":"https:\/\/paliskunnat.fi\/po\/wp-json\/wp\/v2\/pages"}],"about":[{"href":"https:\/\/paliskunnat.fi\/po\/wp-json\/wp\/v2\/types\/page"}],"author":[{"embeddable":true,"href":"https:\/\/paliskunnat.fi\/po\/wp-json\/wp\/v2\/users\/1"}],"replies":[{"embeddable":true,"href":"https:\/\/paliskunnat.fi\/po\/wp-json\/wp\/v2\/comments?post=454"}],"version-history":[{"count":3,"href":"https:\/\/paliskunnat.fi\/po\/wp-json\/wp\/v2\/pages\/454\/revisions"}],"predecessor-version":[{"id":5501,"href":"https:\/\/paliskunnat.fi\/po\/wp-json\/wp\/v2\/pages\/454\/revisions\/5501"}],"up":[{"embeddable":true,"href":"https:\/\/paliskunnat.fi\/po\/wp-json\/wp\/v2\/pages\/450"}],"wp:attachment":[{"href":"https:\/\/paliskunnat.fi\/po\/wp-json\/wp\/v2\/media?parent=454"}],"curies":[{"name":"wp","href":"https:\/\/api.w.org\/{rel}","templated":true}]}}