{"id":456,"date":"2014-10-30T15:37:40","date_gmt":"2014-10-30T13:37:40","guid":{"rendered":"http:\/\/80.69.171.23\/py\/?page_id=456"},"modified":"2017-12-29T07:33:05","modified_gmt":"2017-12-29T07:33:05","slug":"cadahan-proseavttat","status":"publish","type":"page","link":"https:\/\/paliskunnat.fi\/po\/projekteh\/bo-proseavttat\/cadahan-proseavttat\/","title":{"rendered":"\u010ca\u0111ahuvvon pro\u0161eavttat"},"content":{"rendered":"<h2>Palg\u00e2sij ovt\u00e2stus ol\u00e1\u0161utt\u00e1m projekteh<\/h2>\n<h3>Poccuupi\u00e4rgu 2020<\/h3>\n<p>Palg\u00e2sij ovt\u00e2stus ol\u00e1\u0161ut\u00e1m EU \u2013u\u00e1sirutt\u00e2dem Poccuupi\u00e4rgu puovt\u00e2dem, ovdedem j\u00e1 \u0161kovlim \u0161iev vyevih ih\u00e1n 2020-proojeekt (Poccuupi\u00e4rgu 2020) nuuv\u00e2i 30.9.2014. Tast huksejui ovdedem raamih poccuupi\u00e4rgu puovt\u00e2dm\u00e2n, oovdedm\u00e2n j\u00e1 poccuupi\u00e4rgusyergi \u0161kovliim\u00e2n pu\u00e1ttee EU-ohjelm\u00e1ig\u00e1d\u00e2h\u00e2n. Proojeekt joo\u0111hij 2000-lovo aalg\u00e2st tohhum poccuupi\u00e4rgusyergi ovdedempargo. Tast ol\u00e1\u0161uttui vij\u0111es t\u00e1\u00e1l\u00e1\u00e1 tile \u010dielg\u00e2d\u00e2s j\u00e1 t\u00e1rbukarttim. T\u00e1rbukarttimijn luptui teh\u00e1lumosijd teemaid j\u00e1 h\u00e1stusijd ovdedemtooim\u00e2i v\u00e1r\u00e1s.<\/p>\n<p>Ihepele proojeekt rutt\u00e2dij Laapi ELY-ku\u00e1vd\u00e1\u0161 EU t\u00e1lul\u00e2\u0161ku\u00e1vlu ovdedem eenn\u00e2mtu\u00e1lurutt\u00e2r\u00e1\u00e1just. Proojeektjo\u0111etteijen l\u00e2i Anna-Riikka Lavia. Pu\u00e1suitu\u00e1lu ovd\u00e2steijen stivrimju\u00e1vhust l\u00e1in Janne Mustonen j\u00e1 Antti Vuollu, ovt\u00e2stus ovd\u00e2steijen Jukka Knuuti j\u00e1 Matti S\u00e4rkel\u00e4.<\/p>\n<h3>PoroYVA -proojeekt<\/h3>\n<p>Jie\u0161kote-uvl\u00e1g\u00e1n r\u00e1ht\u00e1l\u00e2\u0161vuo\u0111\u00e2l\u00e2\u0161 eenn\u00e2mki\u00e4vtun, nuuvtko ku\u00e1ivutt\u00e2htooim\u00e2n sehe lav\u014be- j\u00e1 piegg\u00e2vyeimipuovt\u00e2dm\u00e2n laht\u00e2seijee projekteh l\u00e1\u00e1 lasan\u00e2m pu\u00e1suitu\u00e1luku\u00e1vlu majemuin iivijn jotel\u00e1vt. R\u00e1ht\u00e1l\u00e2\u0161vuo\u0111\u00e2l\u00e2\u0161 eenn\u00e2mkevttim hi\u00e4jud aain\u00e2skin pu\u00e1suitu\u00e1lu eellimi\u00e4vtuid ko cyevkkee ku\u00e1ttumen\u00e2mijd j\u00e1 toovv\u00e2t pu\u00e1suitu\u00e1lun lasepargo\u00a0 j\u00e1 -ku\u00e1st\u00e1d\u00e2s\u00e2id. Pyeredi\u0111 pu\u00e1suitu\u00e1lu tile j\u00e1 muuneeld esti\u0111 vahagijd, Palg\u00e2sij ovt\u00e2stsus raahtij u\u00e1pisteijee pu\u00e1suitu\u00e1lu kej\u00e2dm\u00e2n eenn\u00e2mkevttimprojekt\u00e1in (PoroYVA-u\u00e1pisteijee). U\u00e1pisteijee r\u00e4htim\u00e2n u\u00e1s\u00e1listii sier\u00e2 eenn\u00e2mkevttein j\u00e1 virgeom\u00e2h\u00e1in h\u00e4mmejum pargoju\u00e1vhu jes\u00e2neh.<\/p>\n<p>U\u00e1pisteijee lii valdum hu\u00e1mm\u00e1\u0161um\u00e1n eereeb i\u00e4rr\u00e1s pir\u00e2sministeri\u00f6 j\u00e1 pargo- j\u00e1 i\u00e4l\u00e1tt\u00e2sministeri\u00f6 Kaivosten YVA-u\u00e1pisteijee peividmist, maalm\u00e2uucc\u00e2m j\u00e1 ku\u00e1ivutt\u00e2htooim\u00e2 suoj\u00e2lemku\u00e1vluin sehe s\u00e4mmilij p\u00e4ikkiku\u00e1vlust j\u00e1 pu\u00e1suitu\u00e1luku\u00e1vlu-u\u00e1pisteijee peividmist.<\/p>\n<p>Proojeekt rutt\u00e2dui Laapi lito hald\u00e2\u0161\u00e2m Laapi eenn\u00e2mkode ovdedemruu\u0111\u00e1in j\u00e1 tot ol\u00e1\u0161uttui 1.11-2011-28.2.2013. Proojeektjo\u0111etteijen l\u00e2i Marja Anttonen j\u00e1 ovt\u00e2stus ovd\u00e2steijen stivrimju\u00e1vhust l\u00e2i Matti S\u00e4rkel\u00e4.<\/p>\n<p>Pir\u00e2sministeri\u00f6 jurg\u00e2litij u\u00e1pisteijee eng\u00e2l\u00e2\u0161- j\u00e1 ruo\u0161\u00e2kiel\u00e2n. (<a href=\"http:\/\/www.paliskunnat.fi\/poroyva\/\">PoroYVA<\/a> -kiel\u00e2versioh)<\/p>\n<h3>PoroYVA -u\u00e1pisteijee lebbiim<\/h3>\n<p>PoroYVA -proojeekt jotkui lebbiimin PoroYVA -u\u00e1pisteijee ti\u00e4tu\u0161kovlim h\u00e4\u00e4mist sier\u00e2 eenn\u00e2mkevttee- j\u00e1 virgeom\u00e2h\u00e2\u0161ovd\u00e2steijeid. Proojeekt ol\u00e1\u0161uttui Laapi eenn\u00e2mkode ovdedemruu\u0111\u00e1in 1.10.2013-30.6.2014. Proojeektjo\u0111etteijen l\u00e2i Marja Anttonen j\u00e1 ovt\u00e2stus ovd\u00e2steijen stivrimju\u00e1vhust l\u00e2i Matti S\u00e4rkel\u00e4.<\/p>\n<h3>Poccuupi\u00e4rgu vu\u00e1bduovdedem<\/h3>\n<p>Poccuupi\u00e4rgu vu\u00e1bduovdedemprojektij l\u00e1\u00e1 ol\u00e1\u0161utt\u00e1m ive 2004 r\u00e4\u00e4jist ohtsis love. Projekteh l\u00e1\u00e1 lama\u0161 i\u00e4n\u00e1\u00e1\u0161 ive kukkosiih. Projektij mield lii ovdedum poccuupi\u00e4rgu tobdosvuo\u0111\u00e2, imago j\u00e1 maa\u014bg\u00e2pi\u00e4l\u00e1lijd kevttimvuovijd. T\u00e1\u00e1l\u00e1\u00e1 \u00e4\u00e4igi poccuupi\u00e4rgu lii oll\u00e2\u00e1rvus\u00e2\u0161 j\u00e1 tobdos kvaliteetl\u00e2\u0161 purr\u00e2mu\u0161 aamn\u00e2s.<\/p>\n<p>Vu\u00e1bduovdedemprojekt\u00e1in lii porgum j\u00e1 almottum eereeb i\u00e4rr\u00e1s pu\u00e1suireeseeptvihkoid j\u00e1 u\u00e1pisteijeid, ol\u00e1\u0161utt\u00e1m <a href=\"http:\/\/www.pororeseptit.fi\/\">www.pororeseptit.fi<\/a> -siij\u0111o, orniim pu\u00e1suikokk\u00e2ki\u0161toid j\u00e1 toim\u00e2tteijeekollimijd, orniim jie\u0161kote-uvl\u00e1g\u00e1n poccuupi\u00e4rgun j\u00e1 pu\u00e1suitu\u00e1lun u\u00e1p\u00e1smem til\u00e1l\u00e2\u0161vuo\u0111\u00e2id j\u00e1 mu\u0161t\u00e2lum poccuupi\u00e4rgu jie\u0161vuo\u0111\u00e1in maa\u014bg\u00e2l\u00e1g\u00e1n til\u00e1l\u00e2\u0161vuo\u0111\u00e2in, t\u00e1b\u00e1htus\u00e2in j\u00e1 artikk\u00e2islijn.<\/p>\n<p>Vuosmu\u0161 vu\u00e1bduovdedemproojeekt ol\u00e1\u0161uttui Laapi ELY-ku\u00e1vd\u00e1\u00e1 hald\u00e2\u0161\u00e2m ku\u00e1vlul\u00e2\u0161 eenn\u00e2mku\u00e1vlu ovdedemohjelm vaarijn. Ton ma\u014ba rutt\u00e2dem lii pu\u00e1tt\u00e1m eenn\u00e2m- j\u00e1 vyevdipi\u0111oministeri\u00f6 eenn\u00e2mtu\u00e1lupuohtui markk\u00e2nistem j\u00e1 puovt\u00e2dem ovdedem vaarijn. Projektijn proojeektjo\u0111etteijein l\u00e1\u00e1 lama\u0161 Erkki Vi\u00e4ru, Meeri Ylinampa, Pihla V\u00e4\u00e4n\u00e4nen j\u00e1 Matti Kotakorva. Projektijd \u010du\u00e1vvumju\u00e1vhuin l\u00e1\u00e1 lama\u0161 sehe stuorr\u00e2 j\u00e1 smavv\u00e2 poccuupi\u00e4rguovdedeijei ovd\u00e2steijeeh, ovt\u00e2stus ovd\u00e2steijen projektijn l\u00e1v\u00e1 lama\u0161 Pertti Viik j\u00e1 Anne Ollila.<\/p>\n<p>&nbsp;<\/p>\n<p>&nbsp;<\/p>\n<p>&nbsp;<\/p>\n","protected":false},"excerpt":{"rendered":"<p>Palg\u00e2sij ovt\u00e2stus ol\u00e1\u0161utt\u00e1m projekteh Poccuupi\u00e4rgu 2020 Palg\u00e2sij ovt\u00e2stus ol\u00e1\u0161ut\u00e1m EU \u2013u\u00e1sirutt\u00e2dem Poccuupi\u00e4rgu puovt\u00e2dem, ovdedem j\u00e1 \u0161kovlim \u0161iev vyevih ih\u00e1n 2020-proojeekt (Poccuupi\u00e4rgu 2020) nuuv\u00e2i 30.9.2014. Tast huksejui ovdedem raamih poccuupi\u00e4rgu puovt\u00e2dm\u00e2n, oovdedm\u00e2n j\u00e1 poccuupi\u00e4rgusyergi \u0161kovliim\u00e2n pu\u00e1ttee EU-ohjelm\u00e1ig\u00e1d\u00e2h\u00e2n. Proojeekt joo\u0111hij 2000-lovo aalg\u00e2st tohhum poccuupi\u00e4rgusyergi ovdedempargo. Tast ol\u00e1\u0161uttui vij\u0111es t\u00e1\u00e1l\u00e1\u00e1 tile \u010dielg\u00e2d\u00e2s j\u00e1 t\u00e1rbukarttim. T\u00e1rbukarttimijn luptui teh\u00e1lumosijd teemaid [&hellip;]<\/p>\n","protected":false},"author":1,"featured_media":0,"parent":450,"menu_order":2,"comment_status":"open","ping_status":"closed","template":"","meta":{"footnotes":""},"class_list":["post-456","page","type-page","status-publish","hentry"],"_links":{"self":[{"href":"https:\/\/paliskunnat.fi\/po\/wp-json\/wp\/v2\/pages\/456","targetHints":{"allow":["GET"]}}],"collection":[{"href":"https:\/\/paliskunnat.fi\/po\/wp-json\/wp\/v2\/pages"}],"about":[{"href":"https:\/\/paliskunnat.fi\/po\/wp-json\/wp\/v2\/types\/page"}],"author":[{"embeddable":true,"href":"https:\/\/paliskunnat.fi\/po\/wp-json\/wp\/v2\/users\/1"}],"replies":[{"embeddable":true,"href":"https:\/\/paliskunnat.fi\/po\/wp-json\/wp\/v2\/comments?post=456"}],"version-history":[{"count":2,"href":"https:\/\/paliskunnat.fi\/po\/wp-json\/wp\/v2\/pages\/456\/revisions"}],"predecessor-version":[{"id":5503,"href":"https:\/\/paliskunnat.fi\/po\/wp-json\/wp\/v2\/pages\/456\/revisions\/5503"}],"up":[{"embeddable":true,"href":"https:\/\/paliskunnat.fi\/po\/wp-json\/wp\/v2\/pages\/450"}],"wp:attachment":[{"href":"https:\/\/paliskunnat.fi\/po\/wp-json\/wp\/v2\/media?parent=456"}],"curies":[{"name":"wp","href":"https:\/\/api.w.org\/{rel}","templated":true}]}}