{"id":458,"date":"2014-10-30T15:39:03","date_gmt":"2014-10-30T13:39:03","guid":{"rendered":"http:\/\/80.69.171.23\/py\/?page_id=458"},"modified":"2017-12-29T07:35:18","modified_gmt":"2017-12-29T07:35:18","slug":"ovttasbargoguimmiid-proseavttat","status":"publish","type":"page","link":"https:\/\/paliskunnat.fi\/po\/projekteh\/ovttasbargoguimmiid-proseavttat\/","title":{"rendered":"Ovt\u00e2spargokuoimij projekteh"},"content":{"rendered":"<h2><strong>Ovt\u00e2spargokuoimij projekteh<\/strong><\/h2>\n<p>Eereeb i\u00e4rr\u00e1s opp\u00e2l\u00e1j\u00e1d\u00e2sah, sektortutk\u00e2ml\u00e1j\u00e1d\u00e2sah j\u00e1 kieldah l\u00e1\u00e1 lama\u0161 aktiivliih tu\u00e1imeeh pu\u00e1suiprojektij ol\u00e1\u0161uttemist j\u00e1 ovt\u00e2spargokyeimih.<\/p>\n","protected":false},"excerpt":{"rendered":"<p>Ovt\u00e2spargokuoimij projekteh Eereeb i\u00e4rr\u00e1s opp\u00e2l\u00e1j\u00e1d\u00e2sah, sektortutk\u00e2ml\u00e1j\u00e1d\u00e2sah j\u00e1 kieldah l\u00e1\u00e1 lama\u0161 aktiivliih tu\u00e1imeeh pu\u00e1suiprojektij ol\u00e1\u0161uttemist j\u00e1 ovt\u00e2spargokyeimih.<\/p>\n","protected":false},"author":1,"featured_media":0,"parent":193,"menu_order":2,"comment_status":"open","ping_status":"closed","template":"","meta":{"footnotes":""},"class_list":["post-458","page","type-page","status-publish","hentry"],"_links":{"self":[{"href":"https:\/\/paliskunnat.fi\/po\/wp-json\/wp\/v2\/pages\/458","targetHints":{"allow":["GET"]}}],"collection":[{"href":"https:\/\/paliskunnat.fi\/po\/wp-json\/wp\/v2\/pages"}],"about":[{"href":"https:\/\/paliskunnat.fi\/po\/wp-json\/wp\/v2\/types\/page"}],"author":[{"embeddable":true,"href":"https:\/\/paliskunnat.fi\/po\/wp-json\/wp\/v2\/users\/1"}],"replies":[{"embeddable":true,"href":"https:\/\/paliskunnat.fi\/po\/wp-json\/wp\/v2\/comments?post=458"}],"version-history":[{"count":1,"href":"https:\/\/paliskunnat.fi\/po\/wp-json\/wp\/v2\/pages\/458\/revisions"}],"predecessor-version":[{"id":5504,"href":"https:\/\/paliskunnat.fi\/po\/wp-json\/wp\/v2\/pages\/458\/revisions\/5504"}],"up":[{"embeddable":true,"href":"https:\/\/paliskunnat.fi\/po\/wp-json\/wp\/v2\/pages\/193"}],"wp:attachment":[{"href":"https:\/\/paliskunnat.fi\/po\/wp-json\/wp\/v2\/media?parent=458"}],"curies":[{"name":"wp","href":"https:\/\/api.w.org\/{rel}","templated":true}]}}