{"id":578,"date":"2014-11-05T14:17:40","date_gmt":"2014-11-05T12:17:40","guid":{"rendered":"http:\/\/80.69.171.23\/py\/?page_id=578"},"modified":"2026-03-04T12:30:40","modified_gmt":"2026-03-04T10:30:40","slug":"piatuvahageh","status":"publish","type":"page","link":"https:\/\/paliskunnat.fi\/po\/puasuivahageh\/piatuvahageh\/","title":{"rendered":"Pi\u00e4tuvah\u00e2geh"},"content":{"rendered":"<h2><strong>Pi\u00e4tuvah\u00e2geh<\/strong><\/h2>\n<p>Pu\u00e1suitu\u00e1luku\u00e1vlu l\u00e1\u00e1 aaigij \u010doo\u0111\u00e2 lama\u0161 pi\u00e4\u0111uh. Kee\u0111hih, kuob\u017eah, kuumpih j\u00e1 ku\u00e1skimeh l\u00e1\u00e1 ain v\u00e1ld\u00e1m poccuin u\u00e1sis. Majemui ihepuunij \u00e4\u00e4igi ub\u00e2 pu\u00e1suitu\u00e1luku\u00e1vlu lii lavd\u00e2m meid iilv\u00e2s.<\/p>\n<p>iilv\u00e2s j\u00e1 ketki l\u00e1\u00e1 pu\u00e1suitu\u00e1luku\u00e1vlu tiev\u00e2sl\u00e2\u0161 su\u00e1rj\u00e1\u00e1vuboin poccuin, tastko eres lu\u00e1ndul\u00e2\u0161 pi\u00e4mmu ij kavnuu toid ku\u00e1vlust. Meiddei kumppi j\u00e1 kuob\u017e\u00e2 pivnohisteh \u00e4lkkeht saall\u00e2s poccuu.<\/p>\n<p>Pi\u00e4tuvah\u00e2geh kuleh lu\u00e1ndul\u00e2\u017e\u017e\u00e2n u\u00e1ssin pu\u00e1suitu\u00e1lun. Pu\u00e1suiom\u00e2steijee parga konkreetlij pi\u00e4\u0111ui suoj\u00e2lempargo fal\u00e2min pi\u00e4\u0111oid pi\u00e4mu jieij\u00e2s om\u00e2duv\u00e2in. Staat\u00e2 kompenser sajanm\u00e1\u00e1vsui h\u00e4\u00e4mist pu\u00e1suiulmui u\u00e1si pi\u00e4\u0111ui kodd\u00e1m poccuid. U\u00e1iviu\u00e1si ekonom\u00e2l\u00e2\u0161 mon\u00e2tt\u00e2s\u00e2in p\u00e1\u00e1c\u00e1 kuitt\u00e2g pu\u00e1suiulmui. Pu\u00e1suiulmuuh l\u00e1\u00e1-uv Suom\u00e2st pi\u00e4\u0111ui suoj\u00e2lem stu\u00e1rr\u00e1\u00e1mus rutt\u00e2deijee.<\/p>\n<p><a href=\"https:\/\/paliskunnat.fi\/po\/wp-content\/uploads\/2026\/03\/2026_03_04_Piaduid_koddem_poccuuh.jpg\" rel=\"lightbox[578]\"><img loading=\"lazy\" decoding=\"async\" class=\"alignnone wp-image-6155\" src=\"https:\/\/paliskunnat.fi\/po\/wp-content\/uploads\/2026\/03\/2026_03_04_Piaduid_koddem_poccuuh.jpg\" alt=\"Pi\u00e4\u0111uid koddem poccuuh 1991-2025.\" width=\"460\" height=\"281\" srcset=\"https:\/\/paliskunnat.fi\/po\/wp-content\/uploads\/2026\/03\/2026_03_04_Piaduid_koddem_poccuuh.jpg 1200w, https:\/\/paliskunnat.fi\/po\/wp-content\/uploads\/2026\/03\/2026_03_04_Piaduid_koddem_poccuuh-300x183.jpg 300w, https:\/\/paliskunnat.fi\/po\/wp-content\/uploads\/2026\/03\/2026_03_04_Piaduid_koddem_poccuuh-1024x625.jpg 1024w, https:\/\/paliskunnat.fi\/po\/wp-content\/uploads\/2026\/03\/2026_03_04_Piaduid_koddem_poccuuh-768x469.jpg 768w\" sizes=\"auto, (max-width: 460px) 100vw, 460px\" \/><\/a><\/p>\n<p>Pehtilis j\u00e1 kuhh\u00e1\u00e1 jotkum pi\u00e4\u0111ui suoj\u00e2lempolitiik tiet pi\u00e4tun\u00e4\u00e4lih l\u00e1\u00e1 lasan\u00e2m merh\u00e2\u0161ittee ennuv j\u00e1 taan tiet maid pu\u00e1suitu\u00e1lu v\u00e4disvuo\u0111ah pi\u00e4\u0111uiguin l\u00e1\u00e1 lasan\u00e2m. Tileh eres pi\u00e4tu\u0161laj\u00e2iguin pu\u00e1suitu\u00e1luku\u00e1vlu sierr\u00e1 oosijn muttojeh \u010duuvtij. Stuorr\u00e2 vaigutteijeeh \u00e4\u00e4\u0161ist l\u00e1\u00e1 v\u00e4ldikuudij kosk\u00e2siih r\u00e4jiku\u00e1vluh j\u00e1 pu\u00e1suitu\u00e1luku\u00e1vlu maad\u00e2r\u00e4\u00e4ji, moi paijeel pi\u00e4\u0111uh joteh. Lasseen eenn\u00e2mtileh j\u00e1 jie\u0161kote-uvl\u00e1g\u00e1n suoj\u00e2lemku\u00e1vluh vaigutteh tiilijd sier\u00e2 n\u00e1\u00e1l\u00e1n eres ku\u00e1vluin. Merideijee vaigutteijee lii pi\u00e4tupolitiik, mii vu\u00e1\u0111uduv\u00e1 EU-mi\u00e4r\u00e1d\u00e2ss\u00e1id j\u00e1 eres almugijkosk\u00e2s\u00e1id sop\u00e2mu\u0161\u0161\u00e1id.<\/p>\n<p>Pi\u00e4\u0111ui koddem poccuin k\u00e1vnoo totkei arv\u00e2lus\u00e2i mield suull\u00e2n vi\u0111\u00e2d\u00e2s. Almoliih vah\u00e2geh mols\u00e2\u0161udeh ih\u00e1s\u00e1vt 25 000-35 000 pi\u00e4\u0111oid pur\u00e2tti\u0111 poccuu koosk\u00e2st. Erom\u00e2\u0161\u00e1vt sudes eenn\u00e2m \u00e4\u00e4igi vah\u00e2gij kavnum vij\u0111es en\u00e2mijn lii m\u00e1h\u0111uttem. Kee\u0111hi tov\u00e2tt\u00e2m vah\u00e2geh k\u00e1vnoo pehtilumos\u00e1vt, ko kee\u0111hi u\u00e1ivikoddem\u00e1ig\u00e1d\u00e2h lii t\u00e4lviv. Kuob\u017e\u00e2vah\u00e2geh vuod p\u00e4\u00e4cih kavnuuh\u00e1nn\u00e1\u00e1, ko kuob\u017e\u00e2 koddem\u00e1ig\u00e1d\u00e2h ti\u00e4iv\u00e1 si\u00e4mm\u00e1\u00e1 \u00e1\u00e1ig\u00e1n ko poccui kyeddim\u00e4igi ki\u0111\u0111\u00e2keessiv.<\/p>\n","protected":false},"excerpt":{"rendered":"<p>Pi\u00e4tuvah\u00e2geh Pu\u00e1suitu\u00e1luku\u00e1vlu l\u00e1\u00e1 aaigij \u010doo\u0111\u00e2 lama\u0161 pi\u00e4\u0111uh. Kee\u0111hih, kuob\u017eah, kuumpih j\u00e1 ku\u00e1skimeh l\u00e1\u00e1 ain v\u00e1ld\u00e1m poccuin u\u00e1sis. Majemui ihepuunij \u00e4\u00e4igi ub\u00e2 pu\u00e1suitu\u00e1luku\u00e1vlu lii lavd\u00e2m meid iilv\u00e2s. iilv\u00e2s j\u00e1 ketki l\u00e1\u00e1 pu\u00e1suitu\u00e1luku\u00e1vlu tiev\u00e2sl\u00e2\u0161 su\u00e1rj\u00e1\u00e1vuboin poccuin, tastko eres lu\u00e1ndul\u00e2\u0161 pi\u00e4mmu ij kavnuu toid ku\u00e1vlust. Meiddei kumppi j\u00e1 kuob\u017e\u00e2 pivnohisteh \u00e4lkkeht saall\u00e2s poccuu. Pi\u00e4tuvah\u00e2geh kuleh lu\u00e1ndul\u00e2\u017e\u017e\u00e2n u\u00e1ssin pu\u00e1suitu\u00e1lun. [&hellip;]<\/p>\n","protected":false},"author":1,"featured_media":0,"parent":177,"menu_order":1,"comment_status":"open","ping_status":"closed","template":"","meta":{"footnotes":""},"class_list":["post-578","page","type-page","status-publish","hentry"],"_links":{"self":[{"href":"https:\/\/paliskunnat.fi\/po\/wp-json\/wp\/v2\/pages\/578","targetHints":{"allow":["GET"]}}],"collection":[{"href":"https:\/\/paliskunnat.fi\/po\/wp-json\/wp\/v2\/pages"}],"about":[{"href":"https:\/\/paliskunnat.fi\/po\/wp-json\/wp\/v2\/types\/page"}],"author":[{"embeddable":true,"href":"https:\/\/paliskunnat.fi\/po\/wp-json\/wp\/v2\/users\/1"}],"replies":[{"embeddable":true,"href":"https:\/\/paliskunnat.fi\/po\/wp-json\/wp\/v2\/comments?post=578"}],"version-history":[{"count":22,"href":"https:\/\/paliskunnat.fi\/po\/wp-json\/wp\/v2\/pages\/578\/revisions"}],"predecessor-version":[{"id":6156,"href":"https:\/\/paliskunnat.fi\/po\/wp-json\/wp\/v2\/pages\/578\/revisions\/6156"}],"up":[{"embeddable":true,"href":"https:\/\/paliskunnat.fi\/po\/wp-json\/wp\/v2\/pages\/177"}],"wp:attachment":[{"href":"https:\/\/paliskunnat.fi\/po\/wp-json\/wp\/v2\/media?parent=578"}],"curies":[{"name":"wp","href":"https:\/\/api.w.org\/{rel}","templated":true}]}}