{"id":582,"date":"2014-11-05T14:24:07","date_gmt":"2014-11-05T12:24:07","guid":{"rendered":"http:\/\/80.69.171.23\/py\/?page_id=582"},"modified":"2022-02-10T13:25:27","modified_gmt":"2022-02-10T11:25:27","slug":"ketki","status":"publish","type":"page","link":"https:\/\/paliskunnat.fi\/po\/puasuivahageh\/piatuvahageh\/ketki\/","title":{"rendered":"Ketki"},"content":{"rendered":"<h2><strong>Ketki (Gulo gulo)<\/strong><\/h2>\n<p>Ketki kodd\u00e1 poccuid ive pirr\u00e2. Pehtilumos\u00e1vt tot kodd\u00e1 ki\u0111\u0111\u00e2t\u00e4\u00e4lvi. Ki\u00e4tk\u00e1n hi\u00e4ivulii lu\u00e1ndutiileest ohtuunis ketki pu\u00e1ht\u00e1 ki\u0161kodi\u0111 kyehtlov poccuu oovt\u00e2 iij\u00e2st. T\u00e1v\u00e1l\u00e1vt ketki k\u00e1sk\u00e1 poccuu niisk\u00e1n, tu\u00e1lvu ellee poccust njuoh\u010d\u00e2m j\u00e1 ku\u00e1\u0111\u00e1 lamm\u00e2\u0161um poccuu kill\u00e1\u0111. N\u00e1vt ketki huol\u00e2t purr\u00e2mu\u0161\u00e2s koddemtil\u00e1l\u00e2\u0161vuo\u0111\u00e2i hi\u00e4junem v\u00e1r\u00e1s. Ketki \u010du\u00e1gg\u00e1 olssis j\u00e1 \u010diivg\u00e2id pi\u00e4rgu hyenes peeivi v\u00e1r\u00e1s.<\/p>\n<p><a href=\"https:\/\/paliskunnat.fi\/po\/wp-content\/uploads\/2014\/11\/ahma_eu_kuva_01.jpg\" rel=\"lightbox[582]\"><img loading=\"lazy\" decoding=\"async\" class=\"alignnone wp-image-1711\" src=\"https:\/\/paliskunnat.fi\/po\/wp-content\/uploads\/2014\/11\/ahma_eu_kuva_01.jpg\" alt=\"Ketki (Gulo gulo)\" width=\"460\" height=\"345\" srcset=\"https:\/\/paliskunnat.fi\/po\/wp-content\/uploads\/2014\/11\/ahma_eu_kuva_01.jpg 1000w, https:\/\/paliskunnat.fi\/po\/wp-content\/uploads\/2014\/11\/ahma_eu_kuva_01-300x225.jpg 300w, https:\/\/paliskunnat.fi\/po\/wp-content\/uploads\/2014\/11\/ahma_eu_kuva_01-768x576.jpg 768w\" sizes=\"auto, (max-width: 460px) 100vw, 460px\" \/><\/a><\/p>\n<p>Ketki liih\u00e2d vij\u0111es en\u00e2mijn. Stu\u00e1rr\u00e1\u00e1muuh ketkivah\u00e2geh t\u00e1b\u00e1htuveh i\u00e4n\u00e1\u00e1\u0161 Tuod\u00e2r-Laapi ku\u00e1vlust. Vaah\u00e2gmereh l\u00e1\u00e1 lasan\u00e2m majemuin iivijn erom\u00e2\u0161\u00e1vt palg\u00e2sijn, moh l\u00e1\u00e1 Taa\u017e\u00e2 j\u00e1 Ruo\u0161\u00e2 vu\u00e1st\u00e1l\u00e2\u0161 raajijn.<\/p>\n<p>&nbsp;<\/p>\n<p>&nbsp;<\/p>\n<p><!--more--><\/p>\n<h2>Ketkin\u00e4\u00e4li tip\u0161ovu\u00e1v\u00e1m<\/h2>\n<p>EVM 19.6.2014 \u2013 suom\u00e2kiel\u00e2n (<a href=\"http:\/\/mmm.fi\/documents\/1410837\/1516659\/Ahmakannan_hoitosuunnitelma.pdf\/5138edc3-ed8d-4221-938e-6c41feab57d3\">PDF<\/a> 551 kt)<\/p>\n<h2>Ketki vu\u00e1rkk\u00e1 ellen<\/h2>\n<p>Ketki ki\u0161kod\u00e2m pu\u00e1sui ij pees\u00e2 lih\u00e2di\u0111, mut pu\u00e1ht\u00e1 si\u00e4ilu\u0111 jieg\u00e2st, vor\u00e2sin j\u00e1 sudesin kee\u0111hi purr\u00e2mu\u0161\u0161\u00e2n maa\u014bg\u00e2i peeivij. Keej\u00e2\u00a0<a href=\"http:\/\/vimeo.com\/54998054\">Vimeo-video<\/a>, kovvejeijee Aslak Paltto.<\/p>\n<h2>Kee\u0111hi maajeeld Kiet\u00e2ruott\u00e2sist<\/h2>\n<p>Kiet\u00e2ruott\u00e2s palg\u00e2s pu\u00e1suiom\u00e2steijee Tuomas I. Paloj\u00e4rvi mield kuor\u00e2min kee\u0111hi luod\u00e2id I\u00e4nuduv B\u00e1loj\u00e4\u00e4vrist \u00a0(<a href=\"https:\/\/www.youtube.com\/watch?v=QyOfrgpPtjw\">Youtube<\/a>). Lapin Kansa \u2013 almostittum 3\/2013.<\/p>\n<p>&nbsp;<\/p>\n<p>&nbsp;<\/p>\n<p>&nbsp;<\/p>\n","protected":false},"excerpt":{"rendered":"<p>Ketki (Gulo gulo) Ketki kodd\u00e1 poccuid ive pirr\u00e2. Pehtilumos\u00e1vt tot kodd\u00e1 ki\u0111\u0111\u00e2t\u00e4\u00e4lvi. Ki\u00e4tk\u00e1n hi\u00e4ivulii lu\u00e1ndutiileest ohtuunis ketki pu\u00e1ht\u00e1 ki\u0161kodi\u0111 kyehtlov poccuu oovt\u00e2 iij\u00e2st. T\u00e1v\u00e1l\u00e1vt ketki k\u00e1sk\u00e1 poccuu niisk\u00e1n, tu\u00e1lvu ellee poccust njuoh\u010d\u00e2m j\u00e1 ku\u00e1\u0111\u00e1 lamm\u00e2\u0161um poccuu kill\u00e1\u0111. N\u00e1vt ketki huol\u00e2t purr\u00e2mu\u0161\u00e2s koddemtil\u00e1l\u00e2\u0161vuo\u0111\u00e2i hi\u00e4junem v\u00e1r\u00e1s. Ketki \u010du\u00e1gg\u00e1 olssis j\u00e1 \u010diivg\u00e2id pi\u00e4rgu hyenes peeivi v\u00e1r\u00e1s. Ketki liih\u00e2d [&hellip;]<\/p>\n","protected":false},"author":1,"featured_media":0,"parent":578,"menu_order":1,"comment_status":"open","ping_status":"closed","template":"","meta":{"footnotes":""},"class_list":["post-582","page","type-page","status-publish","hentry"],"_links":{"self":[{"href":"https:\/\/paliskunnat.fi\/po\/wp-json\/wp\/v2\/pages\/582","targetHints":{"allow":["GET"]}}],"collection":[{"href":"https:\/\/paliskunnat.fi\/po\/wp-json\/wp\/v2\/pages"}],"about":[{"href":"https:\/\/paliskunnat.fi\/po\/wp-json\/wp\/v2\/types\/page"}],"author":[{"embeddable":true,"href":"https:\/\/paliskunnat.fi\/po\/wp-json\/wp\/v2\/users\/1"}],"replies":[{"embeddable":true,"href":"https:\/\/paliskunnat.fi\/po\/wp-json\/wp\/v2\/comments?post=582"}],"version-history":[{"count":8,"href":"https:\/\/paliskunnat.fi\/po\/wp-json\/wp\/v2\/pages\/582\/revisions"}],"predecessor-version":[{"id":5854,"href":"https:\/\/paliskunnat.fi\/po\/wp-json\/wp\/v2\/pages\/582\/revisions\/5854"}],"up":[{"embeddable":true,"href":"https:\/\/paliskunnat.fi\/po\/wp-json\/wp\/v2\/pages\/578"}],"wp:attachment":[{"href":"https:\/\/paliskunnat.fi\/po\/wp-json\/wp\/v2\/media?parent=582"}],"curies":[{"name":"wp","href":"https:\/\/api.w.org\/{rel}","templated":true}]}}