{"id":590,"date":"2014-11-05T14:47:40","date_gmt":"2014-11-05T12:47:40","guid":{"rendered":"http:\/\/80.69.171.23\/py\/?page_id=590"},"modified":"2022-02-13T11:40:39","modified_gmt":"2022-02-13T09:40:39","slug":"iilvas","status":"publish","type":"page","link":"https:\/\/paliskunnat.fi\/po\/puasuivahageh\/piatuvahageh\/iilvas\/","title":{"rendered":"Iilv\u00e2s"},"content":{"rendered":"<h2><strong>Iilv\u00e2s (Lynx lynx)<\/strong><\/h2>\n<p>Iilv\u00e2s lii lavd\u00e2m oles pu\u00e1suitu\u00e1luku\u00e1vlu, ku\u00e1vlu tavemus ossijd-uv. Tavveen ovdil tubd\u00e2mettum kiss\u00e1ellee lii \u0161odd\u00e2m t\u00e1v\u00e1l\u00e2\u017e\u017e\u00e2n jotel\u00e1vt. Si\u00e4mm\u00e1\u00e1 \u00e4\u00e4igi ilv\u00e2s tov\u00e2tt\u00e2m pu\u00e1suivah\u00e2gij meeri lii lasan\u00e2m. Pu\u00e1suitu\u00e1luku\u00e1vlust iilv\u00e2s lii su\u00e1rj\u00e1\u00e1vis poccust, ko eres purr\u00e2mu\u0161 lii ucc\u00e1\u00e1 fallum.<\/p>\n<p><a href=\"https:\/\/paliskunnat.fi\/po\/wp-content\/uploads\/2022\/02\/lynx.jpg\" rel=\"lightbox[590]\"><img loading=\"lazy\" decoding=\"async\" class=\"alignnone wp-image-5855\" src=\"https:\/\/paliskunnat.fi\/po\/wp-content\/uploads\/2022\/02\/lynx.jpg\" alt=\"Iilv\u00e2s - ilves - lynx\" width=\"460\" height=\"307\" srcset=\"https:\/\/paliskunnat.fi\/po\/wp-content\/uploads\/2022\/02\/lynx.jpg 1200w, https:\/\/paliskunnat.fi\/po\/wp-content\/uploads\/2022\/02\/lynx-300x200.jpg 300w, https:\/\/paliskunnat.fi\/po\/wp-content\/uploads\/2022\/02\/lynx-1024x683.jpg 1024w, https:\/\/paliskunnat.fi\/po\/wp-content\/uploads\/2022\/02\/lynx-768x512.jpg 768w\" sizes=\"auto, (max-width: 460px) 100vw, 460px\" \/><\/a><\/p>\n<p>Iilv\u00e2s kodd\u00e1 poccuid pirr\u00e2 ive. Saal\u00e2smereh lasaneh t\u00e4lviv \u010duuvtij, tastko iilv\u00e2s ij pyevti \u00e1vh\u00e1st\u00e2ll\u00e2\u0111 ji\u00e4\u014b\u014bum pi\u00e4rgu. Hi\u00e4jusu\u00e1lull\u00e2\u0161 kiss\u00e1ellee kalga kodde\u0111 ji\u00e4\u014b\u014bum saall\u00e2s sajan u\u0111\u0111\u00e2 saall\u00e2s. Nuuvtba iilv\u00e2s kodd\u00e1 puol\u00e2\u0161ij \u00e4\u00e4igi poccuid aktiivl\u00e1vt.<\/p>\n<p>Ilv\u00e2sist lii meid \u00e4\u00e4vhi, ko tot hoitt\u00e1\u00e1 pehtil\u00e1vt ku\u00e1vlu smav\u00e2spi\u00e4\u0111uid. N\u00e4\u00e4li stu\u00e1ruduv tip\u0161oost kalga kuitt\u00e2g ol\u00e1\u0161utti\u0111 aktiivl\u00e1vt n\u00e4lihald\u00e2\u0161em pu\u00e1suivah\u00e2gij estim tiet.<\/p>\n<p>&nbsp;<\/p>\n<p>&nbsp;<\/p>\n<p><!--more--><\/p>\n<h2>Ilv\u00e2sn\u00e4\u00e4li tip\u0161ovu\u00e1v\u00e1m<\/h2>\n<p>EVM 1\/2007 \u00a0(<a href=\"http:\/\/mmm.fi\/documents\/1410837\/1516659\/Ilveskannan+hoitosuunnitelma\/ab66f292-1d32-45f6-a78d-6ee228d89deb\">PDF<\/a> 498 kt, suom\u00e2kiel\u00e2n)<\/p>\n<p>&nbsp;<\/p>\n","protected":false},"excerpt":{"rendered":"<p>Iilv\u00e2s (Lynx lynx) Iilv\u00e2s lii lavd\u00e2m oles pu\u00e1suitu\u00e1luku\u00e1vlu, ku\u00e1vlu tavemus ossijd-uv. Tavveen ovdil tubd\u00e2mettum kiss\u00e1ellee lii \u0161odd\u00e2m t\u00e1v\u00e1l\u00e2\u017e\u017e\u00e2n jotel\u00e1vt. Si\u00e4mm\u00e1\u00e1 \u00e4\u00e4igi ilv\u00e2s tov\u00e2tt\u00e2m pu\u00e1suivah\u00e2gij meeri lii lasan\u00e2m. Pu\u00e1suitu\u00e1luku\u00e1vlust iilv\u00e2s lii su\u00e1rj\u00e1\u00e1vis poccust, ko eres purr\u00e2mu\u0161 lii ucc\u00e1\u00e1 fallum. Iilv\u00e2s kodd\u00e1 poccuid pirr\u00e2 ive. Saal\u00e2smereh lasaneh t\u00e4lviv \u010duuvtij, tastko iilv\u00e2s ij pyevti \u00e1vh\u00e1st\u00e2ll\u00e2\u0111 ji\u00e4\u014b\u014bum pi\u00e4rgu. Hi\u00e4jusu\u00e1lull\u00e2\u0161 [&hellip;]<\/p>\n","protected":false},"author":1,"featured_media":0,"parent":578,"menu_order":2,"comment_status":"open","ping_status":"closed","template":"","meta":{"footnotes":""},"class_list":["post-590","page","type-page","status-publish","hentry"],"_links":{"self":[{"href":"https:\/\/paliskunnat.fi\/po\/wp-json\/wp\/v2\/pages\/590","targetHints":{"allow":["GET"]}}],"collection":[{"href":"https:\/\/paliskunnat.fi\/po\/wp-json\/wp\/v2\/pages"}],"about":[{"href":"https:\/\/paliskunnat.fi\/po\/wp-json\/wp\/v2\/types\/page"}],"author":[{"embeddable":true,"href":"https:\/\/paliskunnat.fi\/po\/wp-json\/wp\/v2\/users\/1"}],"replies":[{"embeddable":true,"href":"https:\/\/paliskunnat.fi\/po\/wp-json\/wp\/v2\/comments?post=590"}],"version-history":[{"count":7,"href":"https:\/\/paliskunnat.fi\/po\/wp-json\/wp\/v2\/pages\/590\/revisions"}],"predecessor-version":[{"id":5856,"href":"https:\/\/paliskunnat.fi\/po\/wp-json\/wp\/v2\/pages\/590\/revisions\/5856"}],"up":[{"embeddable":true,"href":"https:\/\/paliskunnat.fi\/po\/wp-json\/wp\/v2\/pages\/578"}],"wp:attachment":[{"href":"https:\/\/paliskunnat.fi\/po\/wp-json\/wp\/v2\/media?parent=590"}],"curies":[{"name":"wp","href":"https:\/\/api.w.org\/{rel}","templated":true}]}}