{"id":595,"date":"2014-11-05T14:54:35","date_gmt":"2014-11-05T12:54:35","guid":{"rendered":"http:\/\/80.69.171.23\/py\/?page_id=595"},"modified":"2022-02-13T11:42:39","modified_gmt":"2022-02-13T09:42:39","slug":"kuobza","status":"publish","type":"page","link":"https:\/\/paliskunnat.fi\/po\/puasuivahageh\/piatuvahageh\/kuobza\/","title":{"rendered":"Kuob\u017e\u00e2"},"content":{"rendered":"<h2><strong>Kuob\u017e\u00e2<\/strong> (Ursus arctos)<\/h2>\n<p>Kuob\u017e\u00e2 kodd\u00e1 poccuid oles pu\u00e1suitu\u00e1luku\u00e1vlust tom \u00e4igin ko lii koc\u00e1min, mut erom\u00e2\u0161 stuorr\u00e2 vah\u00e2gijd tot taha i\u00e4loin ki\u0111\u0111uv j\u00e1 alg\u00e2keesist. Kuob\u017e\u00e2 purr\u00e2mu\u0161listoost l\u00e1\u00e1 vyesih, tastko kuob\u017e\u00e2i pi\u00e4rgupur\u00e2dem \u00e1ig\u00e1d\u00e2h j\u00e1 poccui kyeddim\u00e4igi teivih si\u00e4mm\u00e1\u00e1 ive\u00e1\u00e1ig\u00e1n, vyesi- j\u00e1 kesim\u00e1\u00e1nun.<\/p>\n<p><a href=\"https:\/\/paliskunnat.fi\/po\/wp-content\/uploads\/2022\/02\/brown-bear-pexels-rasmus-svinding.jpg\" rel=\"lightbox[595]\"><img loading=\"lazy\" decoding=\"async\" class=\"alignnone wp-image-5857\" src=\"https:\/\/paliskunnat.fi\/po\/wp-content\/uploads\/2022\/02\/brown-bear-pexels-rasmus-svinding.jpg\" alt=\"Kuob\u017e\u00e2 - Ursus arctos\" width=\"460\" height=\"305\" srcset=\"https:\/\/paliskunnat.fi\/po\/wp-content\/uploads\/2022\/02\/brown-bear-pexels-rasmus-svinding.jpg 1200w, https:\/\/paliskunnat.fi\/po\/wp-content\/uploads\/2022\/02\/brown-bear-pexels-rasmus-svinding-300x199.jpg 300w, https:\/\/paliskunnat.fi\/po\/wp-content\/uploads\/2022\/02\/brown-bear-pexels-rasmus-svinding-1024x679.jpg 1024w, https:\/\/paliskunnat.fi\/po\/wp-content\/uploads\/2022\/02\/brown-bear-pexels-rasmus-svinding-768x509.jpg 768w\" sizes=\"auto, (max-width: 460px) 100vw, 460px\" \/><\/a><\/p>\n<p>Kuob\u017e\u00e2 por\u00e1 sal\u00e2sist t\u00e1vj\u00e1 oll\u00e1s\u00e1vt, mii vaaigut rekinistum kuob\u017e\u00e2vah\u00e2gij mi\u00e4r\u00e1n. Kuob\u017e\u00e2 puurr\u00e2m poccust, erom\u00e2\u0161\u00e1vt ruopsisvyesist, ij t\u00e1v\u00e1l\u00e1vt p\u00e4\u00e4si mihheen ige n\u00e1vt pu\u00e1\u0111i kuob\u017e\u00e2vah\u00e2gijd lovottuvv\u00e1id. Kuob\u017e\u00e2 vaikutt\u00e2s poccuid u\u00e1inoo-uv \u010dielg\u00e2mus\u00e1vt vyesimon\u00e2tt\u00e2s\u00e2i j\u00e1 eres pu\u00e1suimon\u00e2tt\u00e2s\u00e2i h\u00e4\u00e4mist.<\/p>\n<p>&nbsp;<\/p>\n<p><!--more--><\/p>\n<h2>Kuob\u017e\u00e2n\u00e4\u00e4li tip\u0161ovu\u00e1v\u00e1m<\/h2>\n<p>EVM 2\/2007 (<a href=\"http:\/\/mmm.fi\/documents\/1410837\/1516659\/Karhukannan+hoitosuunnitelma+2_2007\/00bc40c6-1801-451f-8915-d8801b8b1286\">PDF<\/a>\u00a01374 kt, suom\u00e2kiel\u00e2n)<\/p>\n<p>&nbsp;<\/p>\n","protected":false},"excerpt":{"rendered":"<p>Kuob\u017e\u00e2 (Ursus arctos) Kuob\u017e\u00e2 kodd\u00e1 poccuid oles pu\u00e1suitu\u00e1luku\u00e1vlust tom \u00e4igin ko lii koc\u00e1min, mut erom\u00e2\u0161 stuorr\u00e2 vah\u00e2gijd tot taha i\u00e4loin ki\u0111\u0111uv j\u00e1 alg\u00e2keesist. Kuob\u017e\u00e2 purr\u00e2mu\u0161listoost l\u00e1\u00e1 vyesih, tastko kuob\u017e\u00e2i pi\u00e4rgupur\u00e2dem \u00e1ig\u00e1d\u00e2h j\u00e1 poccui kyeddim\u00e4igi teivih si\u00e4mm\u00e1\u00e1 ive\u00e1\u00e1ig\u00e1n, vyesi- j\u00e1 kesim\u00e1\u00e1nun. Kuob\u017e\u00e2 por\u00e1 sal\u00e2sist t\u00e1vj\u00e1 oll\u00e1s\u00e1vt, mii vaaigut rekinistum kuob\u017e\u00e2vah\u00e2gij mi\u00e4r\u00e1n. Kuob\u017e\u00e2 puurr\u00e2m poccust, erom\u00e2\u0161\u00e1vt ruopsisvyesist, [&hellip;]<\/p>\n","protected":false},"author":1,"featured_media":0,"parent":578,"menu_order":3,"comment_status":"open","ping_status":"closed","template":"","meta":{"footnotes":""},"class_list":["post-595","page","type-page","status-publish","hentry"],"_links":{"self":[{"href":"https:\/\/paliskunnat.fi\/po\/wp-json\/wp\/v2\/pages\/595","targetHints":{"allow":["GET"]}}],"collection":[{"href":"https:\/\/paliskunnat.fi\/po\/wp-json\/wp\/v2\/pages"}],"about":[{"href":"https:\/\/paliskunnat.fi\/po\/wp-json\/wp\/v2\/types\/page"}],"author":[{"embeddable":true,"href":"https:\/\/paliskunnat.fi\/po\/wp-json\/wp\/v2\/users\/1"}],"replies":[{"embeddable":true,"href":"https:\/\/paliskunnat.fi\/po\/wp-json\/wp\/v2\/comments?post=595"}],"version-history":[{"count":6,"href":"https:\/\/paliskunnat.fi\/po\/wp-json\/wp\/v2\/pages\/595\/revisions"}],"predecessor-version":[{"id":5858,"href":"https:\/\/paliskunnat.fi\/po\/wp-json\/wp\/v2\/pages\/595\/revisions\/5858"}],"up":[{"embeddable":true,"href":"https:\/\/paliskunnat.fi\/po\/wp-json\/wp\/v2\/pages\/578"}],"wp:attachment":[{"href":"https:\/\/paliskunnat.fi\/po\/wp-json\/wp\/v2\/media?parent=595"}],"curies":[{"name":"wp","href":"https:\/\/api.w.org\/{rel}","templated":true}]}}