{"id":597,"date":"2014-11-05T14:56:57","date_gmt":"2014-11-05T12:56:57","guid":{"rendered":"http:\/\/80.69.171.23\/py\/?page_id=597"},"modified":"2017-12-28T11:50:29","modified_gmt":"2017-12-28T11:50:29","slug":"kumppi","status":"publish","type":"page","link":"https:\/\/paliskunnat.fi\/po\/puasuivahageh\/piatuvahageh\/kumppi\/","title":{"rendered":"Kumppi"},"content":{"rendered":"<h2><strong>Kumppi (Canis lupus)<\/strong><\/h2>\n<p>Kumppi kodd\u00e1 poccuid pirr\u00e2 ive tobbeen, kost tot liih\u00e2d. En\u00e2mus vah\u00e2gijd t\u00e1b\u00e1htuv\u00e1 pu\u00e1suitu\u00e1luku\u00e1vlu nuortt\u00e2oosijn, kost v\u00e4disvuo\u0111\u00e2id toovv\u00e2t Ruo\u0161\u0161\u00e2 valjes j\u00e1 r\u00e4jiku\u00e1vlu pehtil\u00e1vt \u00e1vh\u00e1st\u00e2llee kumppin\u00e4\u00e4li.<\/p>\n<p>Kuumpij j\u00e1 poccui kuhes\u00e1ig\u00e1s\u00e2\u0161 oovt\u00e2steellim si\u00e4mm\u00e1\u00e1 ku\u00e1vlust lii m\u00e1h\u0111uttem. Pu\u00e1sui lii kuumpin meendu \u00e4lkkees saal\u00e2s j\u00e1 vah\u00e2geh lasaneh jotel\u00e1vt kierd\u00e2mettum mitoid. Kuumpij tov\u00e2tt\u00e2m pu\u00e1suivah\u00e2gij meeri lii oht\u00e2vuo\u0111\u00e2st pu\u00e1suitu\u00e1luku\u00e1vlun mie\u0111ettum kuumpij l\u00e4ppimluuvijn j\u00e1 l\u00e4ppimproosees luhostuumeest. Jis mi\u00e4r\u00e1d\u00e2s tooh\u00e2m j\u00e1 keev\u00e2tl\u00e2\u0161 pargo tu\u00e1imih pehtil\u00e1vt, meiddei vaah\u00e2gmere piso kierd\u00e2v\u00e2\u0161 t\u00e4\u00e4sist.<\/p>\n<p>Kumppi kul\u00e1 pu\u00e1suitu\u00e1luku\u00e1vlust, nube n\u00e1\u00e1l\u00e1n ko eres ku\u00e1vlust riijk\u00e2st, <a href=\"http:\/\/eur-lex.europa.eu\/legal-content\/EN\/TXT\/?uri=CELEX:31992L0043\">lu\u00e1ndudirektiv<\/a>, lahtos\u00e2n V (92\/43\/EEC), a\u0111ai ton lii m\u00e1h\u0111ul\u00e2\u0161 mi\u00e4c\u00e1sti\u0111. Kumppin\u00e4\u00e4li suoj\u00e2lem tiet kuumpij lih\u00e2dem u\u00e1rjir\u00e4\u00e4ji paijeel Ruot\u00e2n lii ke\u010d\u010dum teh\u00e1l\u00e2\u0161 ulmen. N\u00e1vt ke\u010d\u010d\u00e2leh esti\u0111 ruot\u00e2l\u00e2\u0161-taa\u017e\u00e2l\u00e2\u0161 kumppin\u00e4\u00e4li sis\u0161ov\u00e2ttem. Jottee nuor\u00e2 kuumpijn lii i\u00e4stuttes m\u00e1h\u0111ul\u00e2\u0161vuot\u00e2 lih\u00e2di\u0111 Suom\u00e2st Skandinavian, tastko muottuuttes eenn\u00e2m \u00e4\u00e4igi kuumpipivdem ij luhostuu ub\u00e2 spiek\u00e2st\u00e2hluuvijn. Kuumpih lih\u00e2deh-uv tutk\u00e2mij mield ih\u00e1s\u00e1vt r\u00e4\u00e4ji paijeel t\u00e1\u00e1l\u00e1\u00e1 \u00e4\u00e4igi suoj\u00e2lemuulmij u\u00e1inust tu\u00e1rvi.<\/p>\n<p>&nbsp;<\/p>\n<p>&nbsp;<\/p>\n<p><!--more--><\/p>\n<h2>Kumppin\u00e4\u00e4li tip\u0161ovu\u00e1v\u00e1m<\/h2>\n<p>EVM 11\/2005 (<a href=\"http:\/\/mmm.fi\/documents\/1410837\/1516659\/Susikannan_hoitosuunnitelma.pdf\/7fd2acc9-9cdf-4b06-a22e-55c07182883e\">PDF<\/a>\u00a01860 kt, suom\u00e2kiel\u00e2n)<\/p>\n<p>&nbsp;<\/p>\n<p>&nbsp;<\/p>\n","protected":false},"excerpt":{"rendered":"<p>Kumppi (Canis lupus) Kumppi kodd\u00e1 poccuid pirr\u00e2 ive tobbeen, kost tot liih\u00e2d. En\u00e2mus vah\u00e2gijd t\u00e1b\u00e1htuv\u00e1 pu\u00e1suitu\u00e1luku\u00e1vlu nuortt\u00e2oosijn, kost v\u00e4disvuo\u0111\u00e2id toovv\u00e2t Ruo\u0161\u0161\u00e2 valjes j\u00e1 r\u00e4jiku\u00e1vlu pehtil\u00e1vt \u00e1vh\u00e1st\u00e2llee kumppin\u00e4\u00e4li. Kuumpij j\u00e1 poccui kuhes\u00e1ig\u00e1s\u00e2\u0161 oovt\u00e2steellim si\u00e4mm\u00e1\u00e1 ku\u00e1vlust lii m\u00e1h\u0111uttem. Pu\u00e1sui lii kuumpin meendu \u00e4lkkees saal\u00e2s j\u00e1 vah\u00e2geh lasaneh jotel\u00e1vt kierd\u00e2mettum mitoid. Kuumpij tov\u00e2tt\u00e2m pu\u00e1suivah\u00e2gij meeri lii oht\u00e2vuo\u0111\u00e2st pu\u00e1suitu\u00e1luku\u00e1vlun [&hellip;]<\/p>\n","protected":false},"author":1,"featured_media":0,"parent":578,"menu_order":4,"comment_status":"open","ping_status":"closed","template":"","meta":{"footnotes":""},"class_list":["post-597","page","type-page","status-publish","hentry"],"_links":{"self":[{"href":"https:\/\/paliskunnat.fi\/po\/wp-json\/wp\/v2\/pages\/597","targetHints":{"allow":["GET"]}}],"collection":[{"href":"https:\/\/paliskunnat.fi\/po\/wp-json\/wp\/v2\/pages"}],"about":[{"href":"https:\/\/paliskunnat.fi\/po\/wp-json\/wp\/v2\/types\/page"}],"author":[{"embeddable":true,"href":"https:\/\/paliskunnat.fi\/po\/wp-json\/wp\/v2\/users\/1"}],"replies":[{"embeddable":true,"href":"https:\/\/paliskunnat.fi\/po\/wp-json\/wp\/v2\/comments?post=597"}],"version-history":[{"count":4,"href":"https:\/\/paliskunnat.fi\/po\/wp-json\/wp\/v2\/pages\/597\/revisions"}],"predecessor-version":[{"id":5433,"href":"https:\/\/paliskunnat.fi\/po\/wp-json\/wp\/v2\/pages\/597\/revisions\/5433"}],"up":[{"embeddable":true,"href":"https:\/\/paliskunnat.fi\/po\/wp-json\/wp\/v2\/pages\/578"}],"wp:attachment":[{"href":"https:\/\/paliskunnat.fi\/po\/wp-json\/wp\/v2\/media?parent=597"}],"curies":[{"name":"wp","href":"https:\/\/api.w.org\/{rel}","templated":true}]}}