{"id":599,"date":"2014-11-05T14:57:50","date_gmt":"2014-11-05T12:57:50","guid":{"rendered":"http:\/\/80.69.171.23\/py\/?page_id=599"},"modified":"2019-10-06T20:41:59","modified_gmt":"2019-10-06T17:41:59","slug":"kuaskim","status":"publish","type":"page","link":"https:\/\/paliskunnat.fi\/po\/puasuivahageh\/piatuvahageh\/kuaskim\/","title":{"rendered":"Ku\u00e1skim"},"content":{"rendered":"<h2><strong>Ku\u00e1skim\u00a0(Aquila chrysaetos)\u00a0<\/strong><\/h2>\n<p>Ku\u00e1skimij meeri pu\u00e1suitu\u00e1luku\u00e1vlust lii lasan\u00e2m alda ton alemuu mere: ku\u00e1skimij revireh l\u00e1\u00e1 tiev\u00e2. Taan mield meid ku\u00e1skimijd tov\u00e2tt\u00e2m pu\u00e1suivah\u00e2geh l\u00e1\u00e1 lasan\u00e2m. Ku\u00e1skim pivd\u00e1 v\u00e1ldu\u00e4\u00e4\u0161ist vuosijd, maid tot pu\u00e1ht\u00e1 fievridi\u0111 pierv\u00e2l\u00e2n. Ku\u00e1skim pu\u00e1ht\u00e1 kuitt\u00e2g kodde\u0111 meid r\u00e4vis poccuu kirdemin ton si\u00e4lg\u00e1n j\u00e1 raig\u00e2m\u00e1in koz\u00e2idis poccuu siij\u0111oi \u010doo\u0111\u00e2 ki\u00e4pp\u00e1id.<\/p>\n<p>Suom\u00e2 nanosumos ku\u00e1skimn\u00e4\u00e4li lii pu\u00e1suitu\u00e1luku\u00e1vlust. Pessee ku\u00e1skimij tov\u00e2tt\u00e2m vah\u00e2gijn m\u00e1ksoo palg\u00e2s\u00e2n reeviirvu\u00e1\u0111ul\u00e2\u0161 sajanm\u00e1\u00e1vsu. Mer\u00e2ku\u00e1skimeh i\u00e4 kuul\u00e2 sajanm\u00e1\u00e1vsu pirr\u00e2s\u00e2n. Mer\u00e2ku\u00e1skimn\u00e4\u00e4lih l\u00e1\u00e1 lasan\u00e2m erom\u00e2\u0161\u00e1vt tave stuorr\u00e2 jaavrij j\u00e1 tahojaavrij ku\u00e1vlust majemuin iivijn hu\u00e1m\u00e1\u0161ittee ennuv. Mer\u00e2ku\u00e1skim por\u00e1 u\u00e1ivi\u00e4\u00e4\u0161ist kyele, mut Laapist kyeli\u010d\u00e4\u00e4sih l\u00e1\u00e1 ji\u00e4\u014b\u014bum stuorr\u00e2 u\u00e1si ivveest. Mer\u00e2ku\u00e1skim tavveen ki\u00e4vtt\u00e1 purr\u00e2mu\u0161\u0161\u00e2n poccuu r\u00e1\u00e1\u0111ui lasseen meid jie\u0161 pivd\u00e1m poccuid. Tutk\u00e2mti\u00e4\u0111uid \u00e4\u00e4\u0161ist ij kuitt\u00e2g lah.<\/p>\n<p>&nbsp;<\/p>\n","protected":false},"excerpt":{"rendered":"<p>Ku\u00e1skim\u00a0(Aquila chrysaetos)\u00a0 Ku\u00e1skimij meeri pu\u00e1suitu\u00e1luku\u00e1vlust lii lasan\u00e2m alda ton alemuu mere: ku\u00e1skimij revireh l\u00e1\u00e1 tiev\u00e2. Taan mield meid ku\u00e1skimijd tov\u00e2tt\u00e2m pu\u00e1suivah\u00e2geh l\u00e1\u00e1 lasan\u00e2m. Ku\u00e1skim pivd\u00e1 v\u00e1ldu\u00e4\u00e4\u0161ist vuosijd, maid tot pu\u00e1ht\u00e1 fievridi\u0111 pierv\u00e2l\u00e2n. Ku\u00e1skim pu\u00e1ht\u00e1 kuitt\u00e2g kodde\u0111 meid r\u00e4vis poccuu kirdemin ton si\u00e4lg\u00e1n j\u00e1 raig\u00e2m\u00e1in koz\u00e2idis poccuu siij\u0111oi \u010doo\u0111\u00e2 ki\u00e4pp\u00e1id. Suom\u00e2 nanosumos ku\u00e1skimn\u00e4\u00e4li lii pu\u00e1suitu\u00e1luku\u00e1vlust. Pessee [&hellip;]<\/p>\n","protected":false},"author":1,"featured_media":0,"parent":578,"menu_order":5,"comment_status":"open","ping_status":"closed","template":"","meta":{"footnotes":""},"class_list":["post-599","page","type-page","status-publish","hentry"],"_links":{"self":[{"href":"https:\/\/paliskunnat.fi\/po\/wp-json\/wp\/v2\/pages\/599","targetHints":{"allow":["GET"]}}],"collection":[{"href":"https:\/\/paliskunnat.fi\/po\/wp-json\/wp\/v2\/pages"}],"about":[{"href":"https:\/\/paliskunnat.fi\/po\/wp-json\/wp\/v2\/types\/page"}],"author":[{"embeddable":true,"href":"https:\/\/paliskunnat.fi\/po\/wp-json\/wp\/v2\/users\/1"}],"replies":[{"embeddable":true,"href":"https:\/\/paliskunnat.fi\/po\/wp-json\/wp\/v2\/comments?post=599"}],"version-history":[{"count":6,"href":"https:\/\/paliskunnat.fi\/po\/wp-json\/wp\/v2\/pages\/599\/revisions"}],"predecessor-version":[{"id":5728,"href":"https:\/\/paliskunnat.fi\/po\/wp-json\/wp\/v2\/pages\/599\/revisions\/5728"}],"up":[{"embeddable":true,"href":"https:\/\/paliskunnat.fi\/po\/wp-json\/wp\/v2\/pages\/578"}],"wp:attachment":[{"href":"https:\/\/paliskunnat.fi\/po\/wp-json\/wp\/v2\/media?parent=599"}],"curies":[{"name":"wp","href":"https:\/\/api.w.org\/{rel}","templated":true}]}}