{"id":6,"date":"2014-08-05T18:24:11","date_gmt":"2014-08-05T18:24:11","guid":{"rendered":"http:\/\/80.69.171.23\/py\/?page_id=6"},"modified":"2022-02-21T16:02:20","modified_gmt":"2022-02-21T14:02:20","slug":"palgaseh","status":"publish","type":"page","link":"https:\/\/paliskunnat.fi\/po\/palgaseh\/","title":{"rendered":"Palg\u00e2seh"},"content":{"rendered":"<h2>Palg\u00e2seh<\/h2>\n<p>Pu\u00e1suitu\u00e1lulaav\u00e2in (<a href=\"https:\/\/www.finlex.fi\/fi\/laki\/ajantasa\/1990\/19900848\">848\/1990<\/a>) heiviittep pu\u00e1suitu\u00e1lu j\u00e1 mi\u00e4ru\u0161t\u00e2ll\u00e2p ku\u00e1vlu, kost pu\u00e1suitu\u00e1lu u\u00e1\u017e\u017eu h\u00e1rjutti\u0111 eenn\u00e2mom\u00e2stmis peerusth\u00e1nn\u00e1\u00e1. Pu\u00e1suitu\u00e1luku\u00e1vlu lii jyohhum 54 palg\u00e2s\u00e2n. Tavemus palg\u00e2sij ku\u00e1vlust staat\u00e2 en\u00e2meh h\u00e4mmejeh erom\u00e2\u0161\u00e1vt pu\u00e1suitu\u00e1lu v\u00e1r\u00e1s u\u00e1ivildum ku\u00e1vlu. Taan ku\u00e1vlust eenn\u00e2m ij u\u00e1\u017eu kevtti\u0111 nuuvt, et toh pyehtih mieldi merh\u00e2\u0161ittees hem\u00e2d\u00e2s pu\u00e1suitu\u00e1lun. Eenn\u00e2m luov\u00e2ttem teikk\u00e2 laiguuttem u\u00e1\u017e\u017eu t\u00e1b\u00e1htu\u0111 tu\u0161e toin i\u00e4vttoin, et eenn\u00e2mom\u00e2steijest teikk\u00e2 laiguutteijest ij lah riehti u\u00e1\u017e\u017eu\u0111 lonn\u00e1\u00e1s poccuid tov\u00e2tt\u00e2m vah\u00e2gijn.<\/p>\n<p><a href=\"https:\/\/paliskunnat.fi\/po\/wp-content\/uploads\/2022\/02\/suoma-palgaseh.jpg\" rel=\"lightbox[6]\"><img loading=\"lazy\" decoding=\"async\" class=\"alignnone wp-image-5864\" src=\"https:\/\/paliskunnat.fi\/po\/wp-content\/uploads\/2022\/02\/suoma-palgaseh.jpg\" alt=\"Suom\u00e2 palg\u00e2seh\" width=\"460\" height=\"467\" srcset=\"https:\/\/paliskunnat.fi\/po\/wp-content\/uploads\/2022\/02\/suoma-palgaseh.jpg 900w, https:\/\/paliskunnat.fi\/po\/wp-content\/uploads\/2022\/02\/suoma-palgaseh-295x300.jpg 295w, https:\/\/paliskunnat.fi\/po\/wp-content\/uploads\/2022\/02\/suoma-palgaseh-768x780.jpg 768w\" sizes=\"auto, (max-width: 460px) 100vw, 460px\" \/><\/a><\/p>\n<p>Palg\u00e2seh l\u00e1\u00e1 vijdoduv j\u00e1 pu\u00e1suilovoidis i\u00e4htun sier\u00e2stu\u00e1rus\u00e2\u0161 pu\u00e1suitu\u00e1luoht\u00e2duvah. Jyehi paalg\u00e2s lii u\u00e1s\u00e1lij \u010dokkim si\u00e4rv\u00e1d\u00e2h, mii v\u00e4stid pu\u00e1suitu\u00e1lust ku\u00e1vlustis. Jie\u0161kii-uv pu\u00e1suiom\u00e2steijee kulloo oovt\u00e2 palg\u00e2s\u00e2n. Poccuid u\u00e1\u017e\u017eu om\u00e2sti\u0111 Euroop ekonomiaku\u00e1vlu aalmugjeess\u00e2n, kii \u00e1\u00e1s\u00e1 ton kield\u00e2 raajij siste, moos paalg\u00e2s mottoom u\u00e1s\u00e1n teikk\u00e2 ub\u00e2 kulloo.<\/p>\n<p><a href=\"https:\/\/www.finlex.fi\/fi\/laki\/ajantasa\/1990\/19900848#P6\">Pu\u00e1suitu\u00e1lulaah\u00e2<\/a> heiviit palg\u00e2sij tooim\u00e2id j\u00e1 organisaatio. Palg\u00e2sij tooim\u00e2id joo\u0111eet palg\u00e2s almol\u00e2\u0161 \u010du\u00e1kkim valjim pu\u00e1sui-i\u0161\u0161eed. Lasseen palg\u00e2s almol\u00e2\u0161 \u010du\u00e1kkim v\u00e4ljee v\u00e4ripu\u00e1sui-i\u0161\u0161eed j\u00e1 nelji jeess\u00e2n hald\u00e2tt\u00e2h\u00e2n. Pu\u00e1sui-i\u0161\u0161eed v\u00e4ljee palg\u00e2s rutt\u00e2tu\u00e1llee. Puoh palg\u00e2seh l\u00e1\u00e1 Palg\u00e2sij ovt\u00e2stus jes\u00e2neh j\u00e1 palg\u00e2seh kevttih pu\u00e1sui-i\u0161\u0161eed peht jien\u00e2stemv\u00e4\u00e4ldi Palg\u00e2sij ovt\u00e2stus \u010du\u00e1kkimist palg\u00e2s pu\u00e1suilovo mield.<\/p>\n<p>Pu\u00e1suitu\u00e1luas\u00e2tt\u00e2s\u00e2st (<a href=\"https:\/\/www.finlex.fi\/fi\/laki\/ajantasa\/1990\/19900883\">883\/1990<\/a>) heiviittoo t\u00e1rkk\u00e1 eereeb eres pu\u00e1suiom\u00e2steijee j\u00e1 palg\u00e2s pargoin.<\/p>\n<p>&nbsp;<\/p>\n<p><!--more--><\/p>\n<h2>Palg\u00e2sij r\u00e4jikuvviimeh<\/h2>\n<p><a href=\"https:\/\/avi.fi\/asioi\/yritys-tai-yhteiso\/luvat-ilmoitukset-ja-hakemukset\/elaimet\/poroasiat\">Palg\u00e2sregister<\/a> j\u00e1 virg\u00e1l\u00e2\u0161 s\u00e1n\u00e1l\u00e2\u0161 r\u00e4jikuvviimeh GHD nettisiij\u0111oin.<\/p>\n<p>&nbsp;<\/p>\n","protected":false},"excerpt":{"rendered":"<p>sadfa sdfasf saf sadfasd fasdf sadf asdfsadfasdfsda<\/p>\n","protected":false},"author":1,"featured_media":0,"parent":0,"menu_order":2,"comment_status":"open","ping_status":"closed","template":"","meta":{"footnotes":""},"class_list":["post-6","page","type-page","status-publish","hentry"],"_links":{"self":[{"href":"https:\/\/paliskunnat.fi\/po\/wp-json\/wp\/v2\/pages\/6","targetHints":{"allow":["GET"]}}],"collection":[{"href":"https:\/\/paliskunnat.fi\/po\/wp-json\/wp\/v2\/pages"}],"about":[{"href":"https:\/\/paliskunnat.fi\/po\/wp-json\/wp\/v2\/types\/page"}],"author":[{"embeddable":true,"href":"https:\/\/paliskunnat.fi\/po\/wp-json\/wp\/v2\/users\/1"}],"replies":[{"embeddable":true,"href":"https:\/\/paliskunnat.fi\/po\/wp-json\/wp\/v2\/comments?post=6"}],"version-history":[{"count":13,"href":"https:\/\/paliskunnat.fi\/po\/wp-json\/wp\/v2\/pages\/6\/revisions"}],"predecessor-version":[{"id":5865,"href":"https:\/\/paliskunnat.fi\/po\/wp-json\/wp\/v2\/pages\/6\/revisions\/5865"}],"wp:attachment":[{"href":"https:\/\/paliskunnat.fi\/po\/wp-json\/wp\/v2\/media?parent=6"}],"curies":[{"name":"wp","href":"https:\/\/api.w.org\/{rel}","templated":true}]}}