{"id":606,"date":"2014-11-05T15:20:23","date_gmt":"2014-11-05T13:20:23","guid":{"rendered":"http:\/\/80.69.171.23\/py\/?page_id=606"},"modified":"2024-03-11T10:39:33","modified_gmt":"2024-03-11T08:39:33","slug":"cuavumusah","status":"publish","type":"page","link":"https:\/\/paliskunnat.fi\/po\/puasuivahageh\/piatuvahageh\/cuavumusah\/","title":{"rendered":"Vah\u00e2gij \u010du\u00e1vumu\u0161ah"},"content":{"rendered":"<h2>Vah\u00e2gij \u010du\u00e1vumu\u0161ah<\/h2>\n<p>Suom\u00e2st pi\u00e4\u0111ui tov\u00e2tt\u00e2m kavnum vah\u00e2gijn mest\u00e2 95 prosenttid \u010du\u00e1cc\u00e1 poccuid. Poccuid mon\u00e2ttep pi\u00e4\u0111oid ih\u00e1s\u00e1vt puohn\u00e2ss\u00e2n suull\u00e2n 25 000-35 000. T\u00e4in arv\u00e2luvvoo kavnu\u0111 suull\u00e2n vi\u0111\u00e2d\u00e2s meecist.<\/p>\n<p>Poccuuh ku\u00e1tuh vij\u0111es ku\u00e1vluin jie\u0161kote-uvl\u00e1g\u00e1n en\u00e2mijn. R\u00e1\u00e1tu l\u00e1ppoo meecist joteluboi pi\u00e4\u0111ui j\u00e1 eres r\u00e1\u00e1tu porree nj\u00e1\u00e1lm\u00e1n. Taan tiet stu\u00e1rr\u00e1\u00e1mus u\u00e1si pi\u00e4\u0111ui koddem poccuin p\u00e1\u00e1c\u00e1 kavnuuh\u00e1nn\u00e1\u00e1. Lasseen pi\u00e4tusajanm\u00e1\u00e1vsui u\u00e1\u017e\u017eum v\u00e1\u00e1t\u00e1 poccuu j\u00e4\u00e4mmimsuuj\u00e2 selv\u00e2ttem, mii peelestis v\u00e1\u00e1t\u00e1 r\u00e1\u00e1tu kavnum u\u00e1li vor\u00e2sin. Pu\u00e1r\u00e1sub r\u00e1\u00e1\u0111u j\u00e4\u00e4mmimsuuj\u00e2 lii t\u00e1vj\u00e1 m\u00e1h\u0111uttem tuo\u0111\u00e2\u0161ti\u0111, j\u00e1 talle meiddei sajanm\u00e1\u00e1vsu ij lah m\u00e1h\u0111ul\u00e2\u0161 u\u00e1\u017e\u017eu\u0111.<\/p>\n<p><a href=\"http:\/\/paliskunnat.fi\/bo\/wp-content\/uploads\/2014\/11\/petojentappamatporot.jpg\" rel=\"lightbox[606]\"><img loading=\"lazy\" decoding=\"async\" class=\"alignnone wp-image-1661\" src=\"http:\/\/paliskunnat.fi\/bo\/wp-content\/uploads\/2014\/11\/petojentappamatporot.jpg\" alt=\"Pi\u00e4\u0111ui koddem poccui u\u00e1ivih \u010doggum tuo\u0111\u00e2\u0161t\u00e2ss\u00e2n vah\u00e2gij oovd\u00e2st.\" width=\"500\" height=\"282\" srcset=\"https:\/\/paliskunnat.fi\/po\/wp-content\/uploads\/2014\/11\/petojentappamatporot.jpg 1000w, https:\/\/paliskunnat.fi\/po\/wp-content\/uploads\/2014\/11\/petojentappamatporot-300x169.jpg 300w, https:\/\/paliskunnat.fi\/po\/wp-content\/uploads\/2014\/11\/petojentappamatporot-768x432.jpg 768w\" sizes=\"auto, (max-width: 500px) 100vw, 500px\" \/><\/a><\/p>\n\n\t\t<style type=\"text\/css\">\n\t\t\t#gallery-1 {\n\t\t\t\tmargin: auto;\n\t\t\t}\n\t\t\t#gallery-1 .gallery-item {\n\t\t\t\tfloat: left;\n\t\t\t\tmargin-top: 10px;\n\t\t\t\ttext-align: center;\n\t\t\t\twidth: 33%;\n\t\t\t}\n\t\t\t#gallery-1 img {\n\t\t\t\tborder: 2px solid #cfcfcf;\n\t\t\t}\n\t\t\t#gallery-1 .gallery-caption {\n\t\t\t\tmargin-left: 0;\n\t\t\t}\n\t\t\t\/* see gallery_shortcode() in wp-includes\/media.php *\/\n\t\t<\/style>\n\t\t<div id='gallery-1' class='gallery galleryid-606 gallery-columns-3 gallery-size-thumbnail'><dl class='gallery-item'>\n\t\t\t<dt class='gallery-icon landscape'>\n\t\t\t\t<a href='https:\/\/paliskunnat.fi\/po\/wp-content\/uploads\/2014\/11\/mielenosoitus_a.jpg' rel=\"lightbox[606]\"><img loading=\"lazy\" decoding=\"async\" width=\"150\" height=\"150\" src=\"https:\/\/paliskunnat.fi\/po\/wp-content\/uploads\/2014\/11\/mielenosoitus_a-150x150.jpg\" class=\"attachment-thumbnail size-thumbnail\" alt=\"\" \/><\/a>\n\t\t\t<\/dt><\/dl><dl class='gallery-item'>\n\t\t\t<dt class='gallery-icon landscape'>\n\t\t\t\t<a href='https:\/\/paliskunnat.fi\/po\/wp-content\/uploads\/2014\/11\/mielenosoitus_c.jpg' rel=\"lightbox[606]\"><img loading=\"lazy\" decoding=\"async\" width=\"150\" height=\"150\" src=\"https:\/\/paliskunnat.fi\/po\/wp-content\/uploads\/2014\/11\/mielenosoitus_c-150x150.jpg\" class=\"attachment-thumbnail size-thumbnail\" alt=\"\" \/><\/a>\n\t\t\t<\/dt><\/dl><dl class='gallery-item'>\n\t\t\t<dt class='gallery-icon landscape'>\n\t\t\t\t<a href='https:\/\/paliskunnat.fi\/po\/wp-content\/uploads\/2014\/11\/mielenosoitus_b.jpg' rel=\"lightbox[606]\"><img loading=\"lazy\" decoding=\"async\" width=\"150\" height=\"150\" src=\"https:\/\/paliskunnat.fi\/po\/wp-content\/uploads\/2014\/11\/mielenosoitus_b-150x150.jpg\" class=\"attachment-thumbnail size-thumbnail\" alt=\"\" \/><\/a>\n\t\t\t<\/dt><\/dl><br style=\"clear: both\" \/>\n\t\t<\/div>\n\n<p>&nbsp;<\/p>\n<p>T\u00e4\u00e4lvih muot\u00e2luodah taheh m\u00e1h\u0111ul\u00e2\u017e\u017e\u00e2n pyerebeht pi\u00e4\u0111ui \u010du\u00e1vvum j\u00e1 r\u00e1\u00e1\u0111ui uucc\u00e2m. Muottuuttes \u00e4\u00e4igi pi\u00e4\u0111ui liih\u00e2dmij lii kuitt\u00e2g mest\u00e2 m\u00e1h\u0111uttem \u010du\u00e1vvu\u0111, ko luodah i\u00e4 vuottuu meecist. Pi\u00e4\u0111ui koddem poccuid kavnih-uv talle u\u00e1ivi\u00e4\u00e4\u0161ist heeviimist. mu\u00e1ddi pu\u00e1suitu\u00e1luku\u00e1vlu maad\u00e2palg\u00e2sijn l\u00e1\u00e1 ki\u00e4vtust nk. j\u00e4\u00e4mmimki\u00e4luh j\u00e1\u00e1mm\u00e1m poccui kavn\u00e2m v\u00e1r\u00e1s. Ki\u00e4lui mield r\u00e1\u00e1tu k\u00e1vnoo jotel\u00e1vt j\u00e1 tom j\u00e4\u00e4mmimsuuj\u00e2 lii m\u00e1h\u0111ul\u00e2\u0161 tuo\u0111\u00e2\u0161ti\u0111. pu\u00e1suimeerijn j\u00e1 hi\u00e4jus teknologia kuull\u00e2m tiet t\u00e1\u00e1l\u00e1\u0161teknologia ij kuitt\u00e2g faal\u00e2 vala i\u0161e v\u00e4disvuot\u00e2n puoh soojijn. Pi\u00e4tuvah\u00e2gij lasanem pu\u00e1suitu\u00e1luku\u00e1vlu lii u\u00e1ivi\u00e4\u00e4\u0161ist \u010du\u00e1vumu\u0161 stu\u00e1rrum pi\u00e4tunaalijn. Ih\u00e1s\u00e2\u0161 mols\u00e2\u0161udd\u00e2m \u010dyesitteh u\u00e1ivi\u00e4\u00e4\u0161is \u0161oo\u014bah, a\u0111ai pivdemtileh j\u00e1 eres purr\u00e2mu\u0161\u0161\u00e2n hi\u00e4ivulij saliellei u\u00e1\u017e\u017eum. Valjeeht s\u00e4pligiivijd ma\u014ba pi\u00e4\u0111ui tov\u00e2tt\u00e2m vah\u00e2geh orroo\u0111 lassaanmin ennuv. Taah l\u00e1\u00e1 \u010du\u00e1vumu\u0161 pi\u00e4\u0111ui \u010diivg\u00e2i erom\u00e2\u0161 pyeri si\u00e4ilumist jieg\u00e2st.<\/p>\n<p>Majemuin iivijn erom\u00e2\u0161\u00e1vt kee\u0111hi tov\u00e2tt\u00e2m pu\u00e1suivah\u00e2gij meeri lii lasan\u00e2m \u010duuvtij. Ive 2013 pi\u00e4\u0111ui koddem kavnum poccuin 68 prosenttid l\u00e2i kodd\u00e1m ketki. Meereest stu\u00e1rr\u00e1\u00e1muuh vah\u00e2geh lijjii S\u00e4mmilij p\u00e4ihiku\u00e1vlu tuod\u00e2rpalg\u00e2sijn. Meiddei nuortt\u00e2r\u00e4\u00e4ji palg\u00e2sijn kidd\u00e2 Anarist Suomussalmii vah\u00e2geh lijjii stu\u00e1rr\u00e1.<\/p>\n<p>Pi\u00e4\u0111uid tov\u00e2tt\u00e2m vah\u00e2geh vaigutti\u0111 pu\u00e1suitu\u00e1lun maa\u014bg\u00e2 vuovvijn. Vi\u00e4rr\u00e1\u00e1muin vaah\u00e2gku\u00e1vluin pi\u00e4tuv\u00e4disvuo\u0111\u00e2 vaigutti\u0111 ekonom\u00e2l\u00e2\u0161, sosiaall\u00e2\u0161 j\u00e1 psyykkis\u00e2\u0161 ti\u00e4ddu lii hu\u00e1m\u00e1\u0161ittee.<\/p>\n<p>&nbsp;<\/p>\n<p><!--more--><\/p>\n<h2>Pu\u00e1suitu\u00e1llei pyereestvaijeem a\u0161tuuh j\u00e1 i\u0161e t\u00e1\u00e1rbuh<\/h2>\n<p><a href=\"https:\/\/lauda.ulapland.fi\/bitstream\/handle\/10024\/61819\/Porohoitajien_hyvinvoinnin_uhat_ja_avun_tarpeetpdfA.pdf?sequence=4\">Anneli Pohjola &amp; Jarno Valkonen (toim.) 2012, Lapin yliopisto<\/a><\/p>\n","protected":false},"excerpt":{"rendered":"<p>Vah\u00e2gij \u010du\u00e1vumu\u0161ah Suom\u00e2st pi\u00e4\u0111ui tov\u00e2tt\u00e2m kavnum vah\u00e2gijn mest\u00e2 95 prosenttid \u010du\u00e1cc\u00e1 poccuid. Poccuid mon\u00e2ttep pi\u00e4\u0111oid ih\u00e1s\u00e1vt puohn\u00e2ss\u00e2n suull\u00e2n 25 000-35 000. T\u00e4in arv\u00e2luvvoo kavnu\u0111 suull\u00e2n vi\u0111\u00e2d\u00e2s meecist. Poccuuh ku\u00e1tuh vij\u0111es ku\u00e1vluin jie\u0161kote-uvl\u00e1g\u00e1n en\u00e2mijn. R\u00e1\u00e1tu l\u00e1ppoo meecist joteluboi pi\u00e4\u0111ui j\u00e1 eres r\u00e1\u00e1tu porree nj\u00e1\u00e1lm\u00e1n. Taan tiet stu\u00e1rr\u00e1\u00e1mus u\u00e1si pi\u00e4\u0111ui koddem poccuin p\u00e1\u00e1c\u00e1 kavnuuh\u00e1nn\u00e1\u00e1. Lasseen pi\u00e4tusajanm\u00e1\u00e1vsui u\u00e1\u017e\u017eum [&hellip;]<\/p>\n","protected":false},"author":1,"featured_media":0,"parent":578,"menu_order":6,"comment_status":"open","ping_status":"closed","template":"","meta":{"footnotes":""},"class_list":["post-606","page","type-page","status-publish","hentry"],"_links":{"self":[{"href":"https:\/\/paliskunnat.fi\/po\/wp-json\/wp\/v2\/pages\/606","targetHints":{"allow":["GET"]}}],"collection":[{"href":"https:\/\/paliskunnat.fi\/po\/wp-json\/wp\/v2\/pages"}],"about":[{"href":"https:\/\/paliskunnat.fi\/po\/wp-json\/wp\/v2\/types\/page"}],"author":[{"embeddable":true,"href":"https:\/\/paliskunnat.fi\/po\/wp-json\/wp\/v2\/users\/1"}],"replies":[{"embeddable":true,"href":"https:\/\/paliskunnat.fi\/po\/wp-json\/wp\/v2\/comments?post=606"}],"version-history":[{"count":7,"href":"https:\/\/paliskunnat.fi\/po\/wp-json\/wp\/v2\/pages\/606\/revisions"}],"predecessor-version":[{"id":6069,"href":"https:\/\/paliskunnat.fi\/po\/wp-json\/wp\/v2\/pages\/606\/revisions\/6069"}],"up":[{"embeddable":true,"href":"https:\/\/paliskunnat.fi\/po\/wp-json\/wp\/v2\/pages\/578"}],"wp:attachment":[{"href":"https:\/\/paliskunnat.fi\/po\/wp-json\/wp\/v2\/media?parent=606"}],"curies":[{"name":"wp","href":"https:\/\/api.w.org\/{rel}","templated":true}]}}