{"id":608,"date":"2014-11-05T15:21:55","date_gmt":"2014-11-05T13:21:55","guid":{"rendered":"http:\/\/80.69.171.23\/py\/?page_id=608"},"modified":"2024-03-11T10:40:12","modified_gmt":"2024-03-11T08:40:12","slug":"piatuvaahaglonaseh","status":"publish","type":"page","link":"https:\/\/paliskunnat.fi\/po\/puasuivahageh\/piatuvahageh\/piatuvaahaglonaseh\/","title":{"rendered":"Pi\u00e4tuvaah\u00e2glon\u00e1seh"},"content":{"rendered":"<h2>Pi\u00e4tuvaah\u00e2glon\u00e1seh<\/h2>\n<p>T\u00e1\u00e1l\u00e1\u0161 lonessysteem vu\u00e1\u0111uld \u00e1rvu\u0161t\u00e2lmij mield suull\u00e2n peeli pi\u00e4\u0111ui pu\u00e1suitu\u00e1lun tov\u00e2tt\u00e2m njuolg\u00e2 vah\u00e2gijn pyerettuvvoo vaah\u00e2gkill\u00e1jeijeid.<\/p>\n<p>Pi\u00e4\u0111u koddem poccuu i\u00e4ig\u00e1d\u00e2n teikk\u00e2 palg\u00e2s\u00e2n, ku\u00e1s i\u00e4ig\u00e1d ij pyevti selv\u00e2tti\u0111, m\u00e1ksoo lon\u00e1sijd pi\u00e4\u0111ui tov\u00e2tt\u00e2m vah\u00e2gijn. Njuolg\u00e2 ub\u00e2vah\u00e2g\u00e1id kuleh mon\u00e2ttum poccui j\u00e1 \u0161ov\u00e2ttempu\u00e1vtus lasseen paijeelmi\u00e4r\u00e1l\u00e2\u0161 ku\u00e1\u0111utmist teikk\u00e2 \u00e1i\u0111umist, vah\u00e2gij uc\u00e2mist j\u00e1 koloh, moh \u0161addeh vaah\u00e2g tov\u00e2tt\u00e2m pi\u00e4\u0111ui l\u00e4ppimprosesijn.<\/p>\n<p>Pi\u00e4\u0111uid tov\u00e2tt\u00e2m pu\u00e1suivah\u00e2gij lonesaagah ju\u00e1hhoo kuulm\u00e2 u\u00e1s\u00e1n: pu\u00e1suivah\u00e2g\u00e1id, vyesilappum\u00e2n j\u00e1 erom\u00e2\u0161 stuorr\u00e2 pu\u00e1suivah\u00e2g\u00e1id. Pu\u00e1suivah\u00e2geh sajanm\u00e1ksoo <a href=\"https:\/\/www.finlex.fi\/fi\/laki\/ajantasa\/2009\/20090105\">Pivdoelleevaah\u00e2glaav\u00e2\u00a0<\/a>(105\/2009) mield pu\u00e1suiom\u00e2steijeid teikk\u00e2 palg\u00e2s\u00e2n staat\u00e2 budjeti\u00e4vtutt\u00e2s mield. Jis lon\u00e1sijd ij pyevti m\u00e4ksi\u0111 tiev\u00e2sl\u00e1vt tu\u00e1lu\u00e1rvu ool\u00e1\u00e1dmuddoost, kepiduvvoo ju\u00e1h\u00e1sist lon\u00e1s\u00e2n vuoig\u00e2dvuo\u0111\u00e2l\u00e2\u0161\u00e2st si\u00e4mm\u00e1\u00e1 verd. Lasseen Suom\u00e2 EU:st pivd\u00e1m ih\u00e1s\u00e2\u0161 stu\u00e1rr\u00e1\u00e1mus meeri pu\u00e1suivah\u00e2gij sajanm\u00e4ksim\u00e2n aalmuglijn vaarijn lii t\u00e4\u00e4l 8 miljovn euro.<\/p>\n<p>Pu\u00e1suivah\u00e2gijn pu\u00e1ht\u00e1 sajanm\u00e4ksi\u0111 en\u00e2must\u00e1\u00e1 pi\u00e4\u0111u koddem teikk\u00e2 pi\u00e4tuvaah\u00e2g tiet kuddum poccuu \u00e1\u00e1rvu \u00e1rvusii mere pelnubkerdis\u00e2\u017e\u017e\u00e2n. Lasseen palg\u00e2s\u00e2n pu\u00e1ht\u00e1 m\u00e4ksi\u0111 pu\u00e1suiom\u00e2steijeid u\u00e1ivildum kyeddim j\u00e1 skamm\u00e2m\u00e1\u00e1nu majemuu peeivi kosk\u00e2s\u00e2\u0161 \u00e4\u00e4igist rekinistum aag\u00e2in meridum lonn\u00e1\u00e1s lappum vuosij tiet, taas suij\u00e2n l\u00e1\u00e1 pi\u00e4\u0111ui tov\u00e2tt\u00e2m vah\u00e2geh (<a href=\"https:\/\/www.finlex.fi\/fi\/laki\/ajantasa\/2009\/20090105\">Pivdoelleevaah\u00e2glaah\u00e2<\/a> 14 \u00a7 1 mom.).<\/p>\n<p>T\u00e1lul\u00e2\u0161ku\u00e1vlutoim\u00e2tt\u00e2h addel t\u00e4rhibijd mi\u00e4r\u00e1d\u00e2s\u00e2id pu\u00e1suivah\u00e2gij lon\u00e1sijn kevttum \u00e1\u00e1rvuin pu\u00e1sui\u0161laaj\u00e2i mield ucemust\u00e1\u00e1 jyehi vii\u0111\u00e2d ive. \u00c1rvu mi\u00e4ru\u0161t\u00e2lloo pu\u00e1sui\u0161laaj\u00e2 kosk\u00e2mi\u00e4rul\u00e2\u0161 ti\u00e4du j\u00e1 pu\u00e1sui\u0161laaj\u00e2 \u0161ov\u00e2ttemki\u00e4rdum sehe poccuupi\u00e4rgu puovt\u00e2deijeehade mield. (<a href=\"https:\/\/www.finlex.fi\/fi\/laki\/ajantasa\/2009\/20090105\">Pivdoelleevaah\u00e2glaah\u00e2<\/a> 13 \u00a7 3 mom.) Vyesivah\u00e2gij rekinistemist kevttum poccuupi\u00e4rgu puovt\u00e2deijeehadde kalga meridu\u0111 kulm\u00e2 majemuu pu\u00e1suitu\u00e1luive puovt\u00e2deijeehadde kosk\u00e2\u00e1\u00e1rvust. (<a href=\"https:\/\/www.finlex.fi\/fi\/laki\/ajantasa\/2009\/20090105\">Pivdoelleevaah\u00e2glaah\u00e2<\/a> 14 \u00a7 3 mom.)<\/p>\n<p>Vyesivaah\u00e2gsajanm\u00e1ksu rekinistoo palg\u00e2sij mield poccuupi\u00e4rgu puovt\u00e2deijeehade j\u00e1 pu\u00e1suitu\u00e1luku\u00e1vlun \u00e1rvu\u0161t\u00e2llum kyeddimprooseent, palg\u00e2s ku\u00e1vlu \u00e1\u00e1ldui mere sehe palg\u00e2s ku\u00e1vlun \u00e1rvu\u0161t\u00e2llum pi\u00e4\u0111ui tov\u00e2tt\u00e2m vyesij\u00e4\u00e4mmimprooseent vu\u00e1\u0111uld. (<a href=\"https:\/\/www.finlex.fi\/fi\/laki\/ajantasa\/2009\/20090105\">Pivdoelleevaah\u00e2glaah\u00e2<\/a> 14 \u00a7 2 mom.) T\u00e4rhibeh mi\u00e4r\u00e1d\u00e2sah pu\u00e1suitu\u00e1luku\u00e1vlust \u00e1rvu\u0161t\u00e2llum kyeddimprosenttist j\u00e1 palg\u00e2sij mield \u00e1rvu\u0161t\u00e2llum vyesij\u00e4\u00e4mmimprosentt\u00e1in adeluvvoo minister as\u00e2tt\u00e2s\u00e2in ucemust\u00e1\u00e1 jyehi ku\u00e1lm\u00e1d ive.<\/p>\n<p>Erom\u00e2\u0161 stuorr\u00e2 pu\u00e1suivah\u00e2gijn pu\u00e1ht\u00e1 m\u00e4ksi\u0111 erom\u00e2\u0161 lonn\u00e1\u00e1s, jis palg\u00e2s pu\u00e1suivah\u00e2gij meeri kulm\u00e2 majemuu ivveest \u0161adda paijeel minister as\u00e2tt\u00e2s\u00e2in t\u00e4\u00e4rhib mi\u00e4ru\u0161t\u00e2llum ucemus mere. (<a href=\"https:\/\/www.finlex.fi\/fi\/laki\/ajantasa\/2009\/20090105\">Pivdoelleevaah\u00e2glaah\u00e2<\/a> 15 \u00a7 1 mom.) T\u00e1gg\u00e1\u00e1r tiileest pu\u00e1suivah\u00e2gijn pu\u00e1ht\u00e1 sajanm\u00e4ksi\u0111 en\u00e2must\u00e1\u00e1 pi\u00e4\u0111u koddem teikk\u00e2 pi\u00e4tuvaah\u00e2g tiet kuddum pu\u00e1sui kyevti ki\u00e4rd\u00e1s\u00e2\u017e\u017e\u00e2n. Lon\u00e1s\u00e2n vuoig\u00e2ttum palg\u00e2seh nannejuvvojeh ih\u00e1s\u00e1vt eenn\u00e2m- j\u00e1 vyevditu\u00e1lministeri\u00f6 hald\u00e2tt\u00e2smi\u00e4r\u00e1d\u00e2s\u00e2in. Ive 2014 ucemus meeri l\u00e2i 3 % j\u00e1 lon\u00e1s\u00e2n vuoig\u00e2ttum palg\u00e2seh lijjii k\u00e4\u00e4vci.<\/p>\n<p>Eenn\u00e2mpi\u00e4\u0111uid tov\u00e2tt\u00e2m pu\u00e1suivaah\u00e2glon\u00e1sij mi\u00e4r\u00e1n vaigutteh njuolg\u00e2dis 1) pi\u00e4\u0111ui meereest \u0161odd\u00e2m pu\u00e1suivah\u00e2gij meeri j\u00e1 erom\u00e2\u0161 stuorr\u00e2 pu\u00e1suivah\u00e2gij lavd\u00e2m j\u00e1 2) poccuupi\u00e4rgu hadde.<\/p>\n<p>Pu\u00e1suivah\u00e2geh j\u00e1 ton mield vah\u00e2gij lonessumeh l\u00e1\u00e1 lama\u0161 lassaanmin ub\u00e2 Suom\u00e2 EU-jeess\u00e2nvuo\u0111\u00e2 j\u00e1 ton mield muttum suoj\u00e2lempolitiik \u00e4\u00e4igi. Ihetuhh\u00e1\u00e1t muls\u00e2\u0161udmist vah\u00e2gij lonessumeh lijjii puud\u00e2 vyelig\u00e2\u0161 t\u00e4\u00e4sist, mut ive 2004 vu\u00e1lg\u00e1m vaah\u00e2glon\u00e1sij lupt\u00e2nem lii lama\u0161 hu\u00e1m\u00e1\u0161ittee. Taat pu\u00e1t\u00e1 sehe vaah\u00e2gmeerij lassaanmist j\u00e1 poccuupi\u00e4rgu \u0161iev haddelupt\u00e2nmist.<\/p>\n<p>&nbsp;<\/p>\n<p>&nbsp;<\/p>\n","protected":false},"excerpt":{"rendered":"<p>Pi\u00e4tuvaah\u00e2glon\u00e1seh T\u00e1\u00e1l\u00e1\u0161 lonessysteem vu\u00e1\u0111uld \u00e1rvu\u0161t\u00e2lmij mield suull\u00e2n peeli pi\u00e4\u0111ui pu\u00e1suitu\u00e1lun tov\u00e2tt\u00e2m njuolg\u00e2 vah\u00e2gijn pyerettuvvoo vaah\u00e2gkill\u00e1jeijeid. Pi\u00e4\u0111u koddem poccuu i\u00e4ig\u00e1d\u00e2n teikk\u00e2 palg\u00e2s\u00e2n, ku\u00e1s i\u00e4ig\u00e1d ij pyevti selv\u00e2tti\u0111, m\u00e1ksoo lon\u00e1sijd pi\u00e4\u0111ui tov\u00e2tt\u00e2m vah\u00e2gijn. Njuolg\u00e2 ub\u00e2vah\u00e2g\u00e1id kuleh mon\u00e2ttum poccui j\u00e1 \u0161ov\u00e2ttempu\u00e1vtus lasseen paijeelmi\u00e4r\u00e1l\u00e2\u0161 ku\u00e1\u0111utmist teikk\u00e2 \u00e1i\u0111umist, vah\u00e2gij uc\u00e2mist j\u00e1 koloh, moh \u0161addeh vaah\u00e2g tov\u00e2tt\u00e2m pi\u00e4\u0111ui l\u00e4ppimprosesijn. Pi\u00e4\u0111uid tov\u00e2tt\u00e2m [&hellip;]<\/p>\n","protected":false},"author":1,"featured_media":0,"parent":578,"menu_order":7,"comment_status":"open","ping_status":"closed","template":"","meta":{"footnotes":""},"class_list":["post-608","page","type-page","status-publish","hentry"],"_links":{"self":[{"href":"https:\/\/paliskunnat.fi\/po\/wp-json\/wp\/v2\/pages\/608","targetHints":{"allow":["GET"]}}],"collection":[{"href":"https:\/\/paliskunnat.fi\/po\/wp-json\/wp\/v2\/pages"}],"about":[{"href":"https:\/\/paliskunnat.fi\/po\/wp-json\/wp\/v2\/types\/page"}],"author":[{"embeddable":true,"href":"https:\/\/paliskunnat.fi\/po\/wp-json\/wp\/v2\/users\/1"}],"replies":[{"embeddable":true,"href":"https:\/\/paliskunnat.fi\/po\/wp-json\/wp\/v2\/comments?post=608"}],"version-history":[{"count":10,"href":"https:\/\/paliskunnat.fi\/po\/wp-json\/wp\/v2\/pages\/608\/revisions"}],"predecessor-version":[{"id":6070,"href":"https:\/\/paliskunnat.fi\/po\/wp-json\/wp\/v2\/pages\/608\/revisions\/6070"}],"up":[{"embeddable":true,"href":"https:\/\/paliskunnat.fi\/po\/wp-json\/wp\/v2\/pages\/578"}],"wp:attachment":[{"href":"https:\/\/paliskunnat.fi\/po\/wp-json\/wp\/v2\/media?parent=608"}],"curies":[{"name":"wp","href":"https:\/\/api.w.org\/{rel}","templated":true}]}}