{"id":611,"date":"2014-11-05T15:23:42","date_gmt":"2014-11-05T13:23:42","guid":{"rendered":"http:\/\/80.69.171.23\/py\/?page_id=611"},"modified":"2017-12-28T12:11:53","modified_gmt":"2017-12-28T12:11:53","slug":"ratukuvvim","status":"publish","type":"page","link":"https:\/\/paliskunnat.fi\/po\/puasuivahageh\/piatuvahageh\/ratukuvvim\/","title":{"rendered":"R\u00e1tukuvvim"},"content":{"rendered":"<h2>R\u00e1tukuvvim<\/h2>\n<p>T\u00e1\u00e1l\u00e1\u00e1 pi\u00e4\u0111ui r\u00e1tukuvvimtoim\u00e2 lii Suom\u00e2st mud\u00e1gistes, ige tutk\u00e2mti\u00e4\u0111uh tooim\u00e2 tov\u00e2tt\u00e2m vah\u00e2gijn j\u00e1 hem\u00e2d\u00e2s\u00e2in lah. Tile toovv\u00e2t stuorr\u00e2 v\u00e4disvuo\u0111\u00e2id erom\u00e2\u0161\u00e1vt maad\u00e2 pu\u00e1suitu\u00e1luku\u00e1vlust, kost r\u00e1tukuvvim ulmuuh aktiivl\u00e1vt pargeh. Ku\u00e1vluin, kost pi\u00e4tun\u00e4\u00e4lih l\u00e1\u00e1 nanoseh, jo ovt\u00e2sk\u00e2s r\u00e1tukuvvimsaje \u010du\u00e1gg\u00e1 pirr\u00e2sis u\u00e1li tetis pi\u00e4tu\u010dokkim.<\/p>\n<p>Pi\u00e4tu\u010dokkim ku\u00e1vluin j\u00e1 aldasii pirr\u00e2sist pu\u00e1suivah\u00e2gij meeri lassaan. Taan tiet r\u00e1tukuvvimsajeh tov\u00e2tteh hu\u00e1m\u00e1\u0161ittee mon\u00e2tt\u00e2s\u00e2id pu\u00e1suitu\u00e1lun. Meccihald\u00e2tt\u00e2s ij mie\u0111eet staat\u00e2 en\u00e2m\u00e1id r\u00e1tukuvvimluuvijd. Privatisen\u00e2mij u\u00e1sist \u00e4\u00e4\u0161i jotelis mud\u00e1gistem lii velttidmettum. Meiddei tutk\u00e2mti\u00e4\u0111ui \u00e4\u00e4\u0161ist tarb\u00e2\u0161eh mud\u00e1gistem vu\u00e1\u0111\u0111un.<\/p>\n<p>&nbsp;<\/p>\n<p>&nbsp;<\/p>\n","protected":false},"excerpt":{"rendered":"<p>R\u00e1tukuvvim T\u00e1\u00e1l\u00e1\u00e1 pi\u00e4\u0111ui r\u00e1tukuvvimtoim\u00e2 lii Suom\u00e2st mud\u00e1gistes, ige tutk\u00e2mti\u00e4\u0111uh tooim\u00e2 tov\u00e2tt\u00e2m vah\u00e2gijn j\u00e1 hem\u00e2d\u00e2s\u00e2in lah. Tile toovv\u00e2t stuorr\u00e2 v\u00e4disvuo\u0111\u00e2id erom\u00e2\u0161\u00e1vt maad\u00e2 pu\u00e1suitu\u00e1luku\u00e1vlust, kost r\u00e1tukuvvim ulmuuh aktiivl\u00e1vt pargeh. Ku\u00e1vluin, kost pi\u00e4tun\u00e4\u00e4lih l\u00e1\u00e1 nanoseh, jo ovt\u00e2sk\u00e2s r\u00e1tukuvvimsaje \u010du\u00e1gg\u00e1 pirr\u00e2sis u\u00e1li tetis pi\u00e4tu\u010dokkim. Pi\u00e4tu\u010dokkim ku\u00e1vluin j\u00e1 aldasii pirr\u00e2sist pu\u00e1suivah\u00e2gij meeri lassaan. Taan tiet r\u00e1tukuvvimsajeh tov\u00e2tteh hu\u00e1m\u00e1\u0161ittee mon\u00e2tt\u00e2s\u00e2id pu\u00e1suitu\u00e1lun. [&hellip;]<\/p>\n","protected":false},"author":1,"featured_media":0,"parent":578,"menu_order":8,"comment_status":"open","ping_status":"closed","template":"","meta":{"footnotes":""},"class_list":["post-611","page","type-page","status-publish","hentry"],"_links":{"self":[{"href":"https:\/\/paliskunnat.fi\/po\/wp-json\/wp\/v2\/pages\/611","targetHints":{"allow":["GET"]}}],"collection":[{"href":"https:\/\/paliskunnat.fi\/po\/wp-json\/wp\/v2\/pages"}],"about":[{"href":"https:\/\/paliskunnat.fi\/po\/wp-json\/wp\/v2\/types\/page"}],"author":[{"embeddable":true,"href":"https:\/\/paliskunnat.fi\/po\/wp-json\/wp\/v2\/users\/1"}],"replies":[{"embeddable":true,"href":"https:\/\/paliskunnat.fi\/po\/wp-json\/wp\/v2\/comments?post=611"}],"version-history":[{"count":1,"href":"https:\/\/paliskunnat.fi\/po\/wp-json\/wp\/v2\/pages\/611\/revisions"}],"predecessor-version":[{"id":5449,"href":"https:\/\/paliskunnat.fi\/po\/wp-json\/wp\/v2\/pages\/611\/revisions\/5449"}],"up":[{"embeddable":true,"href":"https:\/\/paliskunnat.fi\/po\/wp-json\/wp\/v2\/pages\/578"}],"wp:attachment":[{"href":"https:\/\/paliskunnat.fi\/po\/wp-json\/wp\/v2\/media?parent=611"}],"curies":[{"name":"wp","href":"https:\/\/api.w.org\/{rel}","templated":true}]}}