{"id":688,"date":"2014-11-07T10:07:59","date_gmt":"2014-11-07T08:07:59","guid":{"rendered":"http:\/\/80.69.171.23\/py\/?page_id=688"},"modified":"2017-12-01T12:23:56","modified_gmt":"2017-12-01T12:23:56","slug":"dutkamusat","status":"publish","type":"page","link":"https:\/\/paliskunnat.fi\/po\/organisaatio-ja-haldattas\/puasuitutkamkardi\/dutkamusat\/","title":{"rendered":"Kutuharju dutkamu\u0161at"},"content":{"rendered":"<h2>Kutuharju tutk\u00e2mu\u0161ah<\/h2>\n<h3>Ihe 2014<\/h3>\n<p>Kutuharjust jotkui ain taa\u017e\u00e2i vij\u0111es tutk\u00e2mproojeekt poccui rooh\u00e2m\u00e4\u00e4igi lattiimist.<\/p>\n<p>\u010coh\u010duv totkeeh t\u00e1rkkoo ki\u0111\u0111uv \u0161odd\u00e2m nummeer ostum vuosij ucebijn kaardijn.<\/p>\n<h3>Ihe 2013<\/h3>\n<p>Kutuharjust jotkui taa\u017e\u00e2i vij\u0111es tutk\u00e2mproojeekt poccui rooh\u00e2m\u00e4\u00e4igi lattiimist.<\/p>\n<p>Jotkui meiddei taa\u017e\u00e2id j\u00e1 kanadalijd ovt\u00e2spargoin tohhum tutk\u00e2m ki\u0111\u0111uv \u0161ood\u00e2m vuosijd njom\u00e2ttemist j\u00e1 \u010du\u00e1vumist.<\/p>\n<h3>Ihe 2012<\/h3>\n<p>Taa\u017e\u00e2i tutk\u00e2mproojeekt poccui rooh\u00e2m\u00e4\u00e4igi lattiimist jotkui ive 2012.<\/p>\n<p>Meiddei Oulu oll\u00e2op\u00e2ttuv j\u00e1 Pivdoellee- j\u00e1 kyelitu\u00e1lu tutk\u00e2ml\u00e1j\u00e1d\u00e2s tutk\u00e2m poccui ergijive\u010dalme (Claviceps purpurea) kevttimist jotkui.<\/p>\n<p>U\u0111\u0111\u00e2 projektin aalgij taa\u017e\u00e2i j\u00e1 kanadalij ovt\u00e2spargon tohhum tutk\u00e2m ki\u0111\u0111uv \u0161ood\u00e2m vuosijd njom\u00e2ttemist j\u00e1 \u010du\u00e1vumist.<\/p>\n<h3>Ihe 2011<\/h3>\n<p>Kutuharjust jotkui taa\u017e\u00e2i vij\u0111es tutk\u00e2mproojeekt poccui rooh\u00e2m\u00e4\u00e4igi lattiimist. Tutk\u00e2mist kevttui \u00e4vkkin poccuid kiddejum GPS-rustigijd.<\/p>\n<p>Oulu oll\u00e2op\u00e2ttuv j\u00e1 Pivdoellee- j\u00e1 kyelitu\u00e1lu tutk\u00e2ml\u00e1j\u00e1d\u00e2s (taan \u00e4\u00e4igi Luonnonvarakeskus) tutk\u00e2mist selv\u00e2ttui ergijive\u010dalme (<em>Claviceps purpurea<\/em>) puur\u00e2dm\u00e2n \u010don\u00e2d\u00e2ttee tahhei. Tutk\u00e2m ergijive\u010dalme kevttimist lii u\u00e1si n\u00e1guskirjepargo \u201c<em>Torajyv\u00e4 Suomessa: levinneisyys, monimuotoisuus, kantojen alkaloidipitoisuudet j\u00e1 ekologiset vuorovaikutussuhteet<\/em>\u201d. Oovdeb ke\u010d\u010d\u00e2lmist pu\u00e1suitutk\u00e2mk\u00e4\u00e4rdist (10.12.2009) totkeeh l\u00e1\u00e1 isk\u00e2m tom, et karveh-uv poccuuh purr\u00e2mu\u0161\u00e2st ergijive\u010dalme pur\u00e2dem.<\/p>\n<p>Ergijive\u010dalme (<em>Claviceps purpurea<\/em>) lii syeini\u0161adoi parasiitkuob\u00e2r. Ergijive\u010dalme nju\u00e1mmud i\u0161\u0161eedsu\u00e1in\u00e1n li\u00e4\u0111\u0111ummuddoost j\u00e1 \u010du\u00e1vumu\u0161\u0161\u00e2n lii kuobb\u00e2r \u010dapis, siemm\u00e2n stu\u00e1rr\u00e1b \u00e1rppup\u00e4kki. Ergijive\u010dalme lii t\u00e1v\u00e1l\u00e2\u0161 jive\u0161adoin sehe fuo\u0111\u00e2r- j\u00e1 lu\u00e1ndusuoinijn mi\u00e4t\u00e1 Skandinavia. Ergijive\u010dalme puovt\u00e2d mirh\u00e2l\u00e2\u0161 alkaloidijd (ergotalkaloidijd), moh tov\u00e2tteh njom\u00e2tteijeid mirh\u00e2tt\u00e2stavd\u00e2meerh\u00e2id. Ergijive\u010dalmemirh\u00e2tt\u00e2s\u00e2id lii selv\u00e2ttum sorv\u00e2ellein Suom\u00e2st j\u00e1 Taa\u017e\u00e2st.<\/p>\n<h3><\/h3>\n<h3><\/h3>\n<p>&nbsp;<\/p>\n<p>&nbsp;<\/p>\n","protected":false},"excerpt":{"rendered":"<p>Kutuharju tutk\u00e2mu\u0161ah Ihe 2014 Kutuharjust jotkui ain taa\u017e\u00e2i vij\u0111es tutk\u00e2mproojeekt poccui rooh\u00e2m\u00e4\u00e4igi lattiimist. \u010coh\u010duv totkeeh t\u00e1rkkoo ki\u0111\u0111uv \u0161odd\u00e2m nummeer ostum vuosij ucebijn kaardijn. Ihe 2013 Kutuharjust jotkui taa\u017e\u00e2i vij\u0111es tutk\u00e2mproojeekt poccui rooh\u00e2m\u00e4\u00e4igi lattiimist. Jotkui meiddei taa\u017e\u00e2id j\u00e1 kanadalijd ovt\u00e2spargoin tohhum tutk\u00e2m ki\u0111\u0111uv \u0161ood\u00e2m vuosijd njom\u00e2ttemist j\u00e1 \u010du\u00e1vumist. Ihe 2012 Taa\u017e\u00e2i tutk\u00e2mproojeekt poccui rooh\u00e2m\u00e4\u00e4igi lattiimist jotkui [&hellip;]<\/p>\n","protected":false},"author":1,"featured_media":0,"parent":311,"menu_order":1,"comment_status":"open","ping_status":"closed","template":"","meta":{"footnotes":""},"class_list":["post-688","page","type-page","status-publish","hentry"],"_links":{"self":[{"href":"https:\/\/paliskunnat.fi\/po\/wp-json\/wp\/v2\/pages\/688","targetHints":{"allow":["GET"]}}],"collection":[{"href":"https:\/\/paliskunnat.fi\/po\/wp-json\/wp\/v2\/pages"}],"about":[{"href":"https:\/\/paliskunnat.fi\/po\/wp-json\/wp\/v2\/types\/page"}],"author":[{"embeddable":true,"href":"https:\/\/paliskunnat.fi\/po\/wp-json\/wp\/v2\/users\/1"}],"replies":[{"embeddable":true,"href":"https:\/\/paliskunnat.fi\/po\/wp-json\/wp\/v2\/comments?post=688"}],"version-history":[{"count":2,"href":"https:\/\/paliskunnat.fi\/po\/wp-json\/wp\/v2\/pages\/688\/revisions"}],"predecessor-version":[{"id":5218,"href":"https:\/\/paliskunnat.fi\/po\/wp-json\/wp\/v2\/pages\/688\/revisions\/5218"}],"up":[{"embeddable":true,"href":"https:\/\/paliskunnat.fi\/po\/wp-json\/wp\/v2\/pages\/311"}],"wp:attachment":[{"href":"https:\/\/paliskunnat.fi\/po\/wp-json\/wp\/v2\/media?parent=688"}],"curies":[{"name":"wp","href":"https:\/\/api.w.org\/{rel}","templated":true}]}}