{"id":740,"date":"2014-11-08T20:09:18","date_gmt":"2014-11-08T18:09:18","guid":{"rendered":"http:\/\/80.69.171.23\/py\/?page_id=740"},"modified":"2023-12-28T11:58:42","modified_gmt":"2023-12-28T09:58:42","slug":"palgaskaartah","status":"publish","type":"page","link":"https:\/\/paliskunnat.fi\/po\/palgaseh\/palgaskaartah\/","title":{"rendered":"Palg\u00e2sk\u00e1\u00e1rt\u00e1h"},"content":{"rendered":"<h2>Palg\u00e2seh k\u00e1rtt\u00e1\u00e1st<\/h2>\n<p>Palg\u00e2seh Leaflet-k\u00e1rtt\u00e1\u00e1st \u00a0(<a href=\"https:\/\/paliskunnat.fi\/map\/\" target=\"_blank\" rel=\"noopener noreferrer\">li\u014bkk\u00e2<\/a> rahp\u00e1 k\u00e1rtta o\u0111\u0111a neahttaruvttos). Leeh\u00e2st k\u00e1rt\u00e1 u\u0111\u0111\u00e2 laa\u0111\u00e2ruuvdun.<\/p>\n<p>Virg\u00e1lijd palg\u00e2sraajijd s\u00e1n\u00e1l\u00e2\u0161 kuvviimijd kaavnah GHD <a href=\"https:\/\/avi.fi\/asioi\/yritys-tai-yhteiso\/luvat-ilmoitukset-ja-hakemukset\/elaimet\/poroasiat\/\">nettisiij\u0111oin<\/a>.<\/p>\n<p>&nbsp;<\/p>\n<p>&nbsp;<\/p>\n","protected":false},"excerpt":{"rendered":"<p>Palg\u00e2seh k\u00e1rtt\u00e1\u00e1st Palg\u00e2seh Leaflet-k\u00e1rtt\u00e1\u00e1st \u00a0(li\u014bkk\u00e2 rahp\u00e1 k\u00e1rtta o\u0111\u0111a neahttaruvttos). Leeh\u00e2st k\u00e1rt\u00e1 u\u0111\u0111\u00e2 laa\u0111\u00e2ruuvdun. Virg\u00e1lijd palg\u00e2sraajijd s\u00e1n\u00e1l\u00e2\u0161 kuvviimijd kaavnah GHD nettisiij\u0111oin. &nbsp; &nbsp;<\/p>\n","protected":false},"author":1,"featured_media":0,"parent":6,"menu_order":4,"comment_status":"open","ping_status":"closed","template":"","meta":{"footnotes":""},"class_list":["post-740","page","type-page","status-publish","hentry"],"_links":{"self":[{"href":"https:\/\/paliskunnat.fi\/po\/wp-json\/wp\/v2\/pages\/740","targetHints":{"allow":["GET"]}}],"collection":[{"href":"https:\/\/paliskunnat.fi\/po\/wp-json\/wp\/v2\/pages"}],"about":[{"href":"https:\/\/paliskunnat.fi\/po\/wp-json\/wp\/v2\/types\/page"}],"author":[{"embeddable":true,"href":"https:\/\/paliskunnat.fi\/po\/wp-json\/wp\/v2\/users\/1"}],"replies":[{"embeddable":true,"href":"https:\/\/paliskunnat.fi\/po\/wp-json\/wp\/v2\/comments?post=740"}],"version-history":[{"count":9,"href":"https:\/\/paliskunnat.fi\/po\/wp-json\/wp\/v2\/pages\/740\/revisions"}],"predecessor-version":[{"id":6033,"href":"https:\/\/paliskunnat.fi\/po\/wp-json\/wp\/v2\/pages\/740\/revisions\/6033"}],"up":[{"embeddable":true,"href":"https:\/\/paliskunnat.fi\/po\/wp-json\/wp\/v2\/pages\/6"}],"wp:attachment":[{"href":"https:\/\/paliskunnat.fi\/po\/wp-json\/wp\/v2\/media?parent=740"}],"curies":[{"name":"wp","href":"https:\/\/api.w.org\/{rel}","templated":true}]}}