{"id":774,"date":"2014-11-09T21:27:03","date_gmt":"2014-11-09T19:27:03","guid":{"rendered":"http:\/\/80.69.171.23\/py\/?page_id=774"},"modified":"2024-03-11T10:41:37","modified_gmt":"2024-03-11T08:41:37","slug":"jotolahvahageh","status":"publish","type":"page","link":"https:\/\/paliskunnat.fi\/po\/puasuivahageh\/jotolahvahageh\/","title":{"rendered":"Jotol\u00e2hvah\u00e2geh"},"content":{"rendered":"<h2>Jotol\u00e2hvah\u00e2geh<\/h2>\n<p>Luodah j\u00e1 ryevdiki\u00e4inuh lu\u00e1dduh poccui eellimpirr\u00e2sijd j\u00e1 ku\u00e1ttumen\u00e2mijd. Pu\u00e1suip\u00e4\u00e4rtih t\u00e1b\u00e1htuveh ih\u00e1s\u00e1vt sehe luodd\u00e2- j\u00e1 ryevdiki\u00e4inujotoluvv\u00e2st. P\u00e4rttimereh molsa\u0161udeh \u010duuvtij, tastko eereeb i\u00e4rr\u00e1s \u0161oo\u014bah vaigutteh ennuv poccui varriist\u00e2lm\u00e2n luod\u00e2i j\u00e1 ryevdiki\u00e4inui alne. Stu\u00e1rr\u00e1\u00e1mus risk\u00e2 p\u00e4rttidi\u0111 poccuin l\u00e1\u00e1 skamm\u00e2m\u00e1\u00e1nu, juovl\u00e2m\u00e1\u00e1nu j\u00e1 u\u0111\u0111\u00e2ivem\u00e1\u00e1nu.<\/p>\n<h3>Li\u00e4hu erom\u00e2\u0161 v\u00e1rug\u00e2s t\u00e4in stuorr\u00e2 p\u00e4rttiriisk\u00e2 luod\u00e2in:<\/h3>\n<ul>\n<li>Riijk\u00e2ki\u00e4inu 20 koosk\u00e2st Panumanj\u00e4rvi-Taivalkoski<\/li>\n<li>Riijk\u00e2ki\u00e4inu 5 koosk\u00e2st Ku\u00e1cc\u00e1m-Ruka<\/li>\n<li>Maad\u00e2ki\u00e4inu 82 koosk\u00e2st Vikaj\u00e4rvi-Kiem\u00e2j\u00e4vri<\/li>\n<li>Riijk\u00e2ki\u00e4inu 4 koosk\u00e2st Ru\u00e1vinjarg\u00e2-Su\u00e1\u0111ikyl\u00e1<\/li>\n<li>Maad\u00e2ki\u00e4inu 79 Ru\u00e1vinjarg\u00e2-Kitt\u00e2l koosk\u00e2st<\/li>\n<li>Riijk\u00e2ki\u00e4inu 21 koosk\u00e2st Kihlanki-Muonio<\/li>\n<li>Riijk\u00e2ki\u00e4inu 4 Vu\u00e1\u010d\u010du-Avveel koosk\u00e2st<\/li>\n<\/ul>\n<p><a href=\"http:\/\/paliskunnat.fi\/bo\/wp-content\/uploads\/2014\/11\/suuri_kolaririski.png\" rel=\"lightbox[825]\"><img loading=\"lazy\" decoding=\"async\" class=\"alignnone wp-image-1010\" src=\"http:\/\/paliskunnat.fi\/bo\/wp-content\/uploads\/2014\/11\/suuri_kolaririski.png\" alt=\"Stuorr\u00e2 pu\u00e1suip\u00e4rttiaa\u0161t\u00e2\" width=\"400\" height=\"513\" srcset=\"https:\/\/paliskunnat.fi\/po\/wp-content\/uploads\/2014\/11\/suuri_kolaririski.png 1000w, https:\/\/paliskunnat.fi\/po\/wp-content\/uploads\/2014\/11\/suuri_kolaririski-234x300.png 234w, https:\/\/paliskunnat.fi\/po\/wp-content\/uploads\/2014\/11\/suuri_kolaririski-768x985.png 768w, https:\/\/paliskunnat.fi\/po\/wp-content\/uploads\/2014\/11\/suuri_kolaririski-799x1024.png 799w\" sizes=\"auto, (max-width: 400px) 100vw, 400px\" \/><\/a><\/p>\n<p>Suom\u00e2st\u00a0<a href=\"http:\/\/www.lvk.fi\/fi\/liikennevahingon-korvaukset\/liikennevakuutuskeskuksen-korvaamat-vahingot\/\">Jotol\u00e2hvaah\u00e2gku\u00e1vd\u00e1\u0161<\/a> (JVG) sajanpu\u00e1t\u00e1 pu\u00e1suiom\u00e2steijei jotol\u00e2hvah\u00e2gist mon\u00e2ttum poccuu. Jis poccuu i\u00e4ig\u00e1d ij pyevti selv\u00e2tti\u0111, lonn\u00e1\u00e1s u\u00e1\u017e\u017eu t\u00e1b\u00e1htussaje paalg\u00e2s. Vaah\u00e2g tov\u00e2tteijee ij lah sajanm\u00e1ksuovd\u00e2sv\u00e1st\u00e1d\u00e2s poccust.<\/p>\n<p>JVG sajanm\u00e1ks\u00e1 meiddei olgoeenn\u00e2ml\u00e2\u0161 vu\u00e1j\u00e1\u00e1n tov\u00e2tt\u00e2m pu\u00e1suivah\u00e2gijd. Pu\u00e1suip\u00e4\u00e4rtist tov\u00e2tt\u00e2m vyeijimrustig vah\u00e2gijn teikk\u00e2 olmoo\u0161vah\u00e2gijn occoo lonn\u00e1\u00e1s vu\u00e1j\u00e1\u00e1n jieij\u00e2s jotol\u00e2h- j\u00e1 kaskot\u00e1h\u00e1d\u00e2s\u00e2st. Vu\u00e1\u0111ujurdust auto teikk\u00e2 juna vu\u00e1l\u00e1 p\u00e1\u00e1cc\u00e1m poccust pu\u00e1ttee mon\u00e2ttus lii pu\u00e1suiom\u00e2steijei ain stu\u00e1rr\u00e1b ko luhottesvuo\u0111\u00e2st mon\u00e2ttum poccuu sajanm\u00e1ksu\u00e1rvu. Erom\u00e2\u0161\u00e1vt pyevtittee avveest mon\u00e2ttum \u0161ov\u00e2ttempoccui sajanpu\u00e1tt\u00e1m u\u0111\u0111\u00e2 poccuin lii nju\u00e1sis homm\u00e1: ni\u014b\u00e1l\u00e2svyesi \u0161ov\u00e2ttemih\u00e1n \u0161odd\u00e2dem kol\u00e1 ucemust\u00e1\u00e1 kulm\u00e2 ive.<\/p>\n\n\t\t<style type=\"text\/css\">\n\t\t\t#gallery-1 {\n\t\t\t\tmargin: auto;\n\t\t\t}\n\t\t\t#gallery-1 .gallery-item {\n\t\t\t\tfloat: left;\n\t\t\t\tmargin-top: 10px;\n\t\t\t\ttext-align: center;\n\t\t\t\twidth: 33%;\n\t\t\t}\n\t\t\t#gallery-1 img {\n\t\t\t\tborder: 2px solid #cfcfcf;\n\t\t\t}\n\t\t\t#gallery-1 .gallery-caption {\n\t\t\t\tmargin-left: 0;\n\t\t\t}\n\t\t\t\/* see gallery_shortcode() in wp-includes\/media.php *\/\n\t\t<\/style>\n\t\t<div id='gallery-1' class='gallery galleryid-774 gallery-columns-3 gallery-size-thumbnail'><dl class='gallery-item'>\n\t\t\t<dt class='gallery-icon landscape'>\n\t\t\t\t<a href='https:\/\/paliskunnat.fi\/po\/wp-content\/uploads\/2014\/11\/poroja_tiella.jpg' rel=\"lightbox[774]\"><img loading=\"lazy\" decoding=\"async\" width=\"150\" height=\"150\" src=\"https:\/\/paliskunnat.fi\/po\/wp-content\/uploads\/2014\/11\/poroja_tiella-150x150.jpg\" class=\"attachment-thumbnail size-thumbnail\" alt=\"\" \/><\/a>\n\t\t\t<\/dt><\/dl><dl class='gallery-item'>\n\t\t\t<dt class='gallery-icon landscape'>\n\t\t\t\t<a href='https:\/\/paliskunnat.fi\/po\/wp-content\/uploads\/2014\/11\/porovarotius.jpg' rel=\"lightbox[774]\"><img loading=\"lazy\" decoding=\"async\" width=\"150\" height=\"150\" src=\"https:\/\/paliskunnat.fi\/po\/wp-content\/uploads\/2014\/11\/porovarotius-150x150.jpg\" class=\"attachment-thumbnail size-thumbnail\" alt=\"\" \/><\/a>\n\t\t\t<\/dt><\/dl><dl class='gallery-item'>\n\t\t\t<dt class='gallery-icon landscape'>\n\t\t\t\t<a href='https:\/\/paliskunnat.fi\/po\/wp-content\/uploads\/2014\/11\/porot_tiella.jpg' rel=\"lightbox[774]\"><img loading=\"lazy\" decoding=\"async\" width=\"150\" height=\"150\" src=\"https:\/\/paliskunnat.fi\/po\/wp-content\/uploads\/2014\/11\/porot_tiella-150x150.jpg\" class=\"attachment-thumbnail size-thumbnail\" alt=\"\" \/><\/a>\n\t\t\t<\/dt><\/dl><br style=\"clear: both\" \/>\n\t\t<\/div>\n\n<p>&nbsp;<\/p>\n<p>Palg\u00e2sij ovt\u00e2stus, palg\u00e2seh j\u00e1 pu\u00e1suiulmuuh ke\u010d\u010d\u00e2leh aktiivl\u00e1vt selv\u00e2tti\u0111 vuovij pu\u00e1suipaartijd keeppidm\u00e2n. Poccuid ku\u00e1\u0111uttuvvoo medd\u00e2l ki\u00e4inui alda. Iivij mield lii ke\u010d\u010d\u00e2lum maa\u014bg\u00e2l\u00e1g\u00e1n vuovij vah\u00e2gijd cogg\u00e2m\u00e2n, mut pehtilis vyevi i\u00e4 lah val kavnum.<\/p>\n<p>Poccuid ri\u00e4idudem \u0161irott\u00e2s\u010devepaadijn pu\u00e1ht\u00e1 joba lasetti\u0111 vaah\u00e2griisk\u00e2, ko vyeijee jurd\u00e1 \u0161irott\u00e2sp\u00e4ddipoccuu lii olmoo\u0161. Majemu\u0161 \u0161irott\u00e2sisk\u00e2dem lii tohhum ive 2014, ku\u00e1s m\u00e1\u00e1l\u00e1im poccui \u010doorvijd \u0161irott\u00e2smaalijn. \u0160irott\u00e2sm\u00e1\u00e1l\u00e1misk\u00e2dem lii u\u00e1\u017e\u017eum hu\u00e1mm\u00e1\u0161ume mediast maailm vijdod\u00e2hl\u00e1vt (Helsingin Sanomat NYT 17.2.2014), nuuvt et tot tooim\u00e2i puoh viij\u0111\u00e1sumos jotol\u00e2h\u010duovviitt\u00e2skampanjan. Maal\u00e2 nanosvuo\u0111\u00e2st j\u00e1 kevttimist l\u00e1\u00e1 v\u00e4disvuo\u0111ah, tondiet nanosub tu\u00e1imee puohtuu puovt\u00e2ovdedem ju\u00e1tkip ain \u00e4\u0161\u0161ist kiddiistum ir\u00e2tt\u00e2s\u00e2iguin.<\/p>\n<p>Joo\u0111oost lii meid Pu\u00e1suip\u00e4rttiv\u00e1rutt\u00e2s\u00e2i vaikutt\u00e2sah -kieddiiskos, moin ke\u010d\u010d\u00e2lep \u010du\u00e1vdi\u0111 jotoluvvaah\u00e2gv\u00e4disvuo\u0111\u00e2id teknologiain.<\/p>\n<p>&nbsp;<\/p>\n","protected":false},"excerpt":{"rendered":"<p>Jotol\u00e2hvah\u00e2geh Luodah j\u00e1 ryevdiki\u00e4inuh lu\u00e1dduh poccui eellimpirr\u00e2sijd j\u00e1 ku\u00e1ttumen\u00e2mijd. Pu\u00e1suip\u00e4\u00e4rtih t\u00e1b\u00e1htuveh ih\u00e1s\u00e1vt sehe luodd\u00e2- j\u00e1 ryevdiki\u00e4inujotoluvv\u00e2st. P\u00e4rttimereh molsa\u0161udeh \u010duuvtij, tastko eereeb i\u00e4rr\u00e1s \u0161oo\u014bah vaigutteh ennuv poccui varriist\u00e2lm\u00e2n luod\u00e2i j\u00e1 ryevdiki\u00e4inui alne. Stu\u00e1rr\u00e1\u00e1mus risk\u00e2 p\u00e4rttidi\u0111 poccuin l\u00e1\u00e1 skamm\u00e2m\u00e1\u00e1nu, juovl\u00e2m\u00e1\u00e1nu j\u00e1 u\u0111\u0111\u00e2ivem\u00e1\u00e1nu. Li\u00e4hu erom\u00e2\u0161 v\u00e1rug\u00e2s t\u00e4in stuorr\u00e2 p\u00e4rttiriisk\u00e2 luod\u00e2in: Riijk\u00e2ki\u00e4inu 20 koosk\u00e2st Panumanj\u00e4rvi-Taivalkoski Riijk\u00e2ki\u00e4inu 5 koosk\u00e2st Ku\u00e1cc\u00e1m-Ruka [&hellip;]<\/p>\n","protected":false},"author":1,"featured_media":0,"parent":177,"menu_order":2,"comment_status":"open","ping_status":"closed","template":"","meta":{"footnotes":""},"class_list":["post-774","page","type-page","status-publish","hentry"],"_links":{"self":[{"href":"https:\/\/paliskunnat.fi\/po\/wp-json\/wp\/v2\/pages\/774","targetHints":{"allow":["GET"]}}],"collection":[{"href":"https:\/\/paliskunnat.fi\/po\/wp-json\/wp\/v2\/pages"}],"about":[{"href":"https:\/\/paliskunnat.fi\/po\/wp-json\/wp\/v2\/types\/page"}],"author":[{"embeddable":true,"href":"https:\/\/paliskunnat.fi\/po\/wp-json\/wp\/v2\/users\/1"}],"replies":[{"embeddable":true,"href":"https:\/\/paliskunnat.fi\/po\/wp-json\/wp\/v2\/comments?post=774"}],"version-history":[{"count":10,"href":"https:\/\/paliskunnat.fi\/po\/wp-json\/wp\/v2\/pages\/774\/revisions"}],"predecessor-version":[{"id":6073,"href":"https:\/\/paliskunnat.fi\/po\/wp-json\/wp\/v2\/pages\/774\/revisions\/6073"}],"up":[{"embeddable":true,"href":"https:\/\/paliskunnat.fi\/po\/wp-json\/wp\/v2\/pages\/177"}],"wp:attachment":[{"href":"https:\/\/paliskunnat.fi\/po\/wp-json\/wp\/v2\/media?parent=774"}],"curies":[{"name":"wp","href":"https:\/\/api.w.org\/{rel}","templated":true}]}}