{"id":825,"date":"2014-11-12T13:37:17","date_gmt":"2014-11-12T11:37:17","guid":{"rendered":"http:\/\/80.69.171.23\/py\/?page_id=825"},"modified":"2024-03-11T10:42:25","modified_gmt":"2024-03-11T08:42:25","slug":"puasuipartti-tiaiva","status":"publish","type":"page","link":"https:\/\/paliskunnat.fi\/po\/puasuivahageh\/jotolahvahageh\/puasuipartti-tiaiva\/","title":{"rendered":"Jis pu\u00e1suip\u00e4rtti ti\u00e4iv\u00e1"},"content":{"rendered":"<h2>Tooim\u00e2 n\u00e1vt jis pu\u00e1suip\u00e4rtti ti\u00e4iv\u00e1<\/h2>\n<ul>\n<li>Eesti lasevah\u00e2gij t\u00e1b\u00e1htume. Piej\u00e2 v\u00e1ruttemkulm\u00e2h\u00e2\u0161 luod\u00e2 ool\u00e2 v\u00e1rutti\u0111 i\u00e4r\u00e1sijd.<\/li>\n<li>Huolah lamm\u00e2\u0161um ulmui vuosmu\u0161i\u0161\u0161eest j\u00e1 su\u00e1iti etiku\u00e1vd\u00e1\u017e\u00e2n (112).<\/li>\n<li>Kode lamm\u00e2\u0161um poccuu teikk\u00e2 haah\u00e2 p\u00e4rttip\u00e1\u00e1ik\u00e1n ulmuu, kii parga tom.<\/li>\n<li>Almoot etiku\u00e1vd\u00e1\u017e\u00e2n (112) ain, jis pu\u014bkk\u00e1\u00e1h poccuu. Veikk\u00e2 pu\u00e1sui ju\u00e1tk\u00e1 m\u00e4\u0111histis, tot lii oskottettee lamm\u00e2\u0161um. ELE KYE\u0110I POCCUU KILL\u00c1\u0110!<\/li>\n<li>Sirde roop\u00e2 maa\u0111ijpee\u014bk\u00e2n j\u00e1 merkkee saje nuuvt sier\u00e2n\u00e2s ko m\u00e1h\u0111ul\u00e2\u0161. Roop\u00e2 ij u\u00e1\u017eu v\u00e4ldi\u0111 f\u00e1\u00e1run.<\/li>\n<li>Almoot t\u00e1h\u00e1d\u00e2sir\u00e2tt\u00e2s\u00e2s, jis pee\u0161kitmist lii pu\u00e1tt\u00e1m olmoo\u0161- teikk\u00e2 om\u00e2d\u00e2hvah\u00e2geh.<\/li>\n<\/ul>\n<p>Ku\u00e1vlu palg\u00e2s\u00e2n u\u00e1\u017e\u017eu oht\u00e2vuo\u0111\u00e2 pu\u00e1suiom\u00e2steijee peht:<\/p>\n<p>Palg\u00e2seh <a href=\"https:\/\/goo.gl\/gtxwxd\">k\u00e1rtt\u00e1\u00e1st<\/a> (teddil k\u00e1rt\u00e1 v\u00e2i u\u00e1in\u00e1h jyehi palg\u00e2s noom\u00e2).<\/p>\n<p>&nbsp;<\/p>\n<p>&nbsp;<\/p>\n<h2><\/h2>\n","protected":false},"excerpt":{"rendered":"<p>Tooim\u00e2 n\u00e1vt jis pu\u00e1suip\u00e4rtti ti\u00e4iv\u00e1 Eesti lasevah\u00e2gij t\u00e1b\u00e1htume. Piej\u00e2 v\u00e1ruttemkulm\u00e2h\u00e2\u0161 luod\u00e2 ool\u00e2 v\u00e1rutti\u0111 i\u00e4r\u00e1sijd. Huolah lamm\u00e2\u0161um ulmui vuosmu\u0161i\u0161\u0161eest j\u00e1 su\u00e1iti etiku\u00e1vd\u00e1\u017e\u00e2n (112). Kode lamm\u00e2\u0161um poccuu teikk\u00e2 haah\u00e2 p\u00e4rttip\u00e1\u00e1ik\u00e1n ulmuu, kii parga tom. Almoot etiku\u00e1vd\u00e1\u017e\u00e2n (112) ain, jis pu\u014bkk\u00e1\u00e1h poccuu. Veikk\u00e2 pu\u00e1sui ju\u00e1tk\u00e1 m\u00e4\u0111histis, tot lii oskottettee lamm\u00e2\u0161um. ELE KYE\u0110I POCCUU KILL\u00c1\u0110! Sirde roop\u00e2 maa\u0111ijpee\u014bk\u00e2n j\u00e1 [&hellip;]<\/p>\n","protected":false},"author":1,"featured_media":0,"parent":774,"menu_order":1,"comment_status":"open","ping_status":"closed","template":"","meta":{"footnotes":""},"class_list":["post-825","page","type-page","status-publish","hentry"],"_links":{"self":[{"href":"https:\/\/paliskunnat.fi\/po\/wp-json\/wp\/v2\/pages\/825","targetHints":{"allow":["GET"]}}],"collection":[{"href":"https:\/\/paliskunnat.fi\/po\/wp-json\/wp\/v2\/pages"}],"about":[{"href":"https:\/\/paliskunnat.fi\/po\/wp-json\/wp\/v2\/types\/page"}],"author":[{"embeddable":true,"href":"https:\/\/paliskunnat.fi\/po\/wp-json\/wp\/v2\/users\/1"}],"replies":[{"embeddable":true,"href":"https:\/\/paliskunnat.fi\/po\/wp-json\/wp\/v2\/comments?post=825"}],"version-history":[{"count":4,"href":"https:\/\/paliskunnat.fi\/po\/wp-json\/wp\/v2\/pages\/825\/revisions"}],"predecessor-version":[{"id":6074,"href":"https:\/\/paliskunnat.fi\/po\/wp-json\/wp\/v2\/pages\/825\/revisions\/6074"}],"up":[{"embeddable":true,"href":"https:\/\/paliskunnat.fi\/po\/wp-json\/wp\/v2\/pages\/774"}],"wp:attachment":[{"href":"https:\/\/paliskunnat.fi\/po\/wp-json\/wp\/v2\/media?parent=825"}],"curies":[{"name":"wp","href":"https:\/\/api.w.org\/{rel}","templated":true}]}}