{"id":830,"date":"2014-11-12T13:44:43","date_gmt":"2014-11-12T11:44:43","guid":{"rendered":"http:\/\/80.69.171.23\/py\/?page_id=830"},"modified":"2024-03-11T10:43:01","modified_gmt":"2024-03-11T08:43:01","slug":"jotolahvaahagarvustallee","status":"publish","type":"page","link":"https:\/\/paliskunnat.fi\/po\/puasuivahageh\/jotolahvahageh\/jotolahvaahagarvustallee\/","title":{"rendered":"Jotol\u00e2hvaah\u00e2g\u00e1rvu\u0161t\u00e2llee"},"content":{"rendered":"<h2>Jotol\u00e2hvaah\u00e2g\u00e1rvu\u0161t\u00e2llee<\/h2>\n<p>Jotol\u00e2hvaah\u00e2g\u00e1rvu\u0161t\u00e2llee lii palg\u00e2s almolii \u010du\u00e1kkim valjim olmoo\u0161, kote tu\u00e1im\u00e1\u00a0<a href=\"http:\/\/www.finlex.fi\/fi\/laki\/ajantasa\/1990\/19900848#P51\">pu\u00e1suitu\u00e1lulaav\u00e2 51 \u00a7<\/a> mield t\u00e1h\u00e1d\u00e2s\u00e2in.<\/p>\n<p>Pu\u00e1suip\u00e4\u00e4rtist almottuvvoo jo-uv njuolg\u00e2dis teikk\u00e2 poolis teikk\u00e2 pu\u00e1suiom\u00e2steijee peht vah\u00e2gij \u00e1rvu\u0161t\u00e2llei. \u00c1rvu\u0161t\u00e2llee i\u00e4l\u00e1 \u00e1j\u00e1tt\u00e2lh\u00e1nn\u00e1\u00e1 t\u00e1b\u00e1htussaajeest t\u00e4\u00e4rhistmin almott\u00e2s lama\u0161uvv\u00e2m poccust j\u00e1 merkkee muu\u0161ton vaah\u00e2g u\u00e1sipeelij ti\u00e4\u0111ui, parga vaah\u00e2galmott\u00e2s j\u00e1 almoot t\u00e1b\u00e1htus\u00e2st \u00e4\u0161\u0161iom\u00e2h\u00e2\u0161 pu\u00e1sui-i\u00e4ig\u00e1d\u00e2n.<\/p>\n<p>P\u00e4\u00e4rtist lamm\u00e2\u0161um poccuu jotol\u00e2hvaah\u00e2g\u00e1rvu\u0161t\u00e2llee teikk\u00e2 m\u00e1h\u0111ul\u00e1vt eres pu\u00e1suiulmuuh ke\u010d\u010d\u00e2leh kavn\u00e2\u0111 nuuvt jotel\u00e1vt ko m\u00e1h\u0111ul\u00e2\u0161. \u00c1rvu\u0161t\u00e2llee huol\u00e2t r\u00e1\u00e1\u0111u medd\u00e2l. R\u00e1\u00e1\u0111u tu\u0161\u0161\u00e2dmist hu\u00e1mm\u00e1\u0161um\u00e1n v\u00e1ldoo pir\u00e2svirgeom\u00e2h\u00e1\u00e1 ravvuid. U\u00e1ivi\u00e4\u00e4\u0161ist r\u00e1\u00e1\u0111uh h\u00e1vd\u00e1duvvojeh.<\/p>\n<p>Jotol\u00e2hvaah\u00e2gku\u00e1vd\u00e1\u0161 sajanm\u00e1ks\u00e1 p\u00e4\u00e4rtist mon\u00e2ttum poccuu. Poccui sajanm\u00e1ksu\u00e1\u00e1rvuh meriduvvoo pu\u00e1sui\u0161laaj\u00e2 mield kosk\u00e2ti\u00e4du, kosk\u00e2mi\u00e4r\u00e1l\u00e2\u0161 kiluhade j\u00e1 \u0161ov\u00e2ttemki\u00e4rdum mield. Sajanm\u00e1ksu\u00e1\u00e1rvuh meriduvvojeh ih\u00e1s\u00e1vt. Lones m\u00e1ksoo palg\u00e2s\u00e2n, mii m\u00e1ks\u00e1 ton ovd\u00e2skulij vaah\u00e2g kill\u00e1m pu\u00e1suiom\u00e2steijen.<\/p>\n","protected":false},"excerpt":{"rendered":"<p>Jotol\u00e2hvaah\u00e2g\u00e1rvu\u0161t\u00e2llee Jotol\u00e2hvaah\u00e2g\u00e1rvu\u0161t\u00e2llee lii palg\u00e2s almolii \u010du\u00e1kkim valjim olmoo\u0161, kote tu\u00e1im\u00e1\u00a0pu\u00e1suitu\u00e1lulaav\u00e2 51 \u00a7 mield t\u00e1h\u00e1d\u00e2s\u00e2in. Pu\u00e1suip\u00e4\u00e4rtist almottuvvoo jo-uv njuolg\u00e2dis teikk\u00e2 poolis teikk\u00e2 pu\u00e1suiom\u00e2steijee peht vah\u00e2gij \u00e1rvu\u0161t\u00e2llei. \u00c1rvu\u0161t\u00e2llee i\u00e4l\u00e1 \u00e1j\u00e1tt\u00e2lh\u00e1nn\u00e1\u00e1 t\u00e1b\u00e1htussaajeest t\u00e4\u00e4rhistmin almott\u00e2s lama\u0161uvv\u00e2m poccust j\u00e1 merkkee muu\u0161ton vaah\u00e2g u\u00e1sipeelij ti\u00e4\u0111ui, parga vaah\u00e2galmott\u00e2s j\u00e1 almoot t\u00e1b\u00e1htus\u00e2st \u00e4\u0161\u0161iom\u00e2h\u00e2\u0161 pu\u00e1sui-i\u00e4ig\u00e1d\u00e2n. P\u00e4\u00e4rtist lamm\u00e2\u0161um poccuu jotol\u00e2hvaah\u00e2g\u00e1rvu\u0161t\u00e2llee teikk\u00e2 m\u00e1h\u0111ul\u00e1vt eres pu\u00e1suiulmuuh ke\u010d\u010d\u00e2leh [&hellip;]<\/p>\n","protected":false},"author":1,"featured_media":0,"parent":774,"menu_order":2,"comment_status":"open","ping_status":"closed","template":"","meta":{"footnotes":""},"class_list":["post-830","page","type-page","status-publish","hentry"],"_links":{"self":[{"href":"https:\/\/paliskunnat.fi\/po\/wp-json\/wp\/v2\/pages\/830","targetHints":{"allow":["GET"]}}],"collection":[{"href":"https:\/\/paliskunnat.fi\/po\/wp-json\/wp\/v2\/pages"}],"about":[{"href":"https:\/\/paliskunnat.fi\/po\/wp-json\/wp\/v2\/types\/page"}],"author":[{"embeddable":true,"href":"https:\/\/paliskunnat.fi\/po\/wp-json\/wp\/v2\/users\/1"}],"replies":[{"embeddable":true,"href":"https:\/\/paliskunnat.fi\/po\/wp-json\/wp\/v2\/comments?post=830"}],"version-history":[{"count":5,"href":"https:\/\/paliskunnat.fi\/po\/wp-json\/wp\/v2\/pages\/830\/revisions"}],"predecessor-version":[{"id":6075,"href":"https:\/\/paliskunnat.fi\/po\/wp-json\/wp\/v2\/pages\/830\/revisions\/6075"}],"up":[{"embeddable":true,"href":"https:\/\/paliskunnat.fi\/po\/wp-json\/wp\/v2\/pages\/774"}],"wp:attachment":[{"href":"https:\/\/paliskunnat.fi\/po\/wp-json\/wp\/v2\/media?parent=830"}],"curies":[{"name":"wp","href":"https:\/\/api.w.org\/{rel}","templated":true}]}}