{"id":833,"date":"2014-11-12T13:49:13","date_gmt":"2014-11-12T11:49:13","guid":{"rendered":"http:\/\/80.69.171.23\/py\/?page_id=833"},"modified":"2017-12-28T12:39:09","modified_gmt":"2017-12-28T12:39:09","slug":"kiskojotolahvahageh","status":"publish","type":"page","link":"https:\/\/paliskunnat.fi\/po\/puasuivahageh\/jotolahvahageh\/kiskojotolahvahageh\/","title":{"rendered":"Kiskojotol\u00e2hvah\u00e2geh"},"content":{"rendered":"<h2><strong>Kiskojotol\u00e2hvah\u00e2geh<\/strong><\/h2>\n<p><strong>Kiskojotoluv tov\u00e2tt\u00e2m pu\u00e1suivah\u00e2geh j\u00e1 eres-uv lu\u00e1nduelleid \u0161oddi\u0161 vah\u00e2gijd li\u010d\u010dii m\u00e1h\u0111ul\u00e2\u0161 esti\u0111 mest\u00e2 puohr\u00e2kk\u00e2n \u00e1i\u0111um\u00e1in kiskojotoluv j\u00e1 huksiimin toid \u00e1\u0161\u00e1l\u00e2\u0161 paijeel- j\u00e1 vyelimoonn\u00e2mpaaihijd.<\/strong><\/p>\n<p>Pu\u00e1suitu\u00e1luku\u00e1vlust lii ryevdiki\u00e4inu suull\u00e2n 500 km 13 palg\u00e2sist (oovce kield\u00e2st): Halla (Suomussalmi), Hirvasniemi j\u00e1 Pyh\u00e4-Kallio (Kiem\u00e2j\u00e4vri), Isosyd\u00e4nmaa (Simo), Kolari (Kolari), Lohij\u00e4rvi (Ylitornio), Oij\u00e4rvi (Kuivaniemi), Oraj\u00e4rvi (Pello), Salla (Salla) j\u00e1 Narkaus, Paloj\u00e4rvi, Poikaj\u00e4rvi j\u00e1 Vanttaus (Ru\u00e1vinjarg\u00e2).<\/p>\n<p>Pu\u00e1tteevuo\u0111\u00e2st kiskojotoluv vaikutt\u00e2sah vaigutteh lasseen toid palg\u00e2s\u00e1id, moi ku\u00e1vluin pu\u00e1ttoo tivvoo\u0111 teikk\u00e2 huksi\u0111 ryevdiki\u00e4inu ovd\u00e2merkk\u00e2n ku\u00e1ivutt\u00e2htooim\u00e2 \u00e4lgim tiet. Taah potentiaaleh u\u0111\u0111\u00e2 kiskojotol\u00e2hku\u00e1vluh l\u00e1\u00e1 palg\u00e2seh, mast l\u00e1\u00e1 stu\u00e1rr\u00e1\u00e1mus pu\u00e1suimeeri. Taam mield vah\u00e2geh pyehtih lasani\u0111 tuo\u0111\u00e2i ennuv, jis ol\u00e1\u0161uttemist ij v\u00e1ldoo hu\u00e1mm\u00e1\u0161um\u00e1n poccui ku\u00e1\u0111uttem j\u00e1 ryevdiki\u00e4inui \u00e1i\u0111um. Vu\u00e1v\u00e1jum Jie\u014b\u00e2meer\u00e2 ryevdiki\u00e4inumuuls\u00e2i\u00e4vtuh l\u00e1\u00e1 u\u00e1ssin suun\u00e2tt\u00e2llum s\u00e4mmilij p\u00e4ikkiku\u00e1vlun, kost meid s\u00e4mmilij m\u00e1h\u0111ul\u00e2\u0161vuot\u00e2 porg\u00e2\u0111 kulttuur \u00e4rbivu\u00e1v\u00e1lijd i\u00e4l\u00e1tt\u00e2s\u00e2idis kalga v\u00e4ldi\u0111 hu\u00e1mm\u00e1\u0161um\u00e1n.<\/p>\n<p>Kuottuudijn pu\u00e1sui vaaj\u00e2ld kuhes-uv maa\u0111hijd us\u00e2dijn purr\u00e2mu\u0161. Poccuuh l\u00e1\u00e1 kuheh \u00e4\u00e4igi ku\u00e1ttumen\u00e2mijn, moin lii valjeest purr\u00e2mu\u0161. Purr\u00e2mu\u0161tile pu\u00e1ht\u00e1 nub\u00e1stutti\u0111 ovd\u00e2merkk\u00e2n purg\u00e2m teikk\u00e2 eenn\u00e2m ji\u00e4\u014b\u014bum tiet, mon tiet purr\u00e2mu\u0161 finnim \u0161adda v\u00e4disin. Talle poccuuh jottee\u0161kyettih uucc\u00e2\u0111 purr\u00e2mu\u0161 j\u00e1 toh pyehtih jottee\u0111 ryevdiki\u00e4inu mield teikk\u00e2 toi paijeel. Keessiv tivreh u\u00e1\u017e\u017euh poccuid jolg\u00e2dis en\u00e2mijd, kost piegg\u00e2 poso tiivrijd medd\u00e2l. Poccuuh pyehtih ku\u00e1r\u014bu\u0111 ryevdiki\u00e4inu pi\u00e4ll\u00e1s i\u00e4llun. Alg\u00e2t\u00e4\u00e4lvi j\u00e1 kosk\u00e2keesi \u0161o\u014b\u014b\u00e2- j\u00e1 ku\u00e1ttumtileh vaigutteh \u010duuvtij poccui varriist\u00e2lm\u00e2n ryevdiki\u00e4inu pi\u00e4ll\u00e1st. Tondiet pu\u00e1suivah\u00e2gij meeri ryevdiki\u00e4inuin molsa\u0161udeh ih\u00e1s\u00e1vt.<\/p>\n<p>2000-lovvoost kiskoh l\u00e1\u00e1 kodd\u00e1m ih\u00e1s\u00e1vt 200-410 poccud. Ryevdiki\u00e4inu mield teikk\u00e2 toi paijeel sird\u00e2\u010d\u010dem toovv\u00e2t pe\u0161kittemvaar\u00e2 junain. Ryevdimaa\u0111ijpee\u014bkah l\u00e1\u00e1 t\u00e1vj\u00e1 nuuvt paijeen, et poccuin lii v\u00e4\u00e4dis peess\u00e2\u0111 jotel\u00e1vt tain vu\u00e1lus.<\/p>\n<p>Jis pe\u0161kittem t\u00e1b\u00e1htuv\u00e1, eelih jotol\u00e2h\u00e1rvu\u0161t\u00e2lleeh \u00e1rvu\u0161t\u00e2lmin vah\u00e2gijd j\u00e1 sirdemin poccuu r\u00e1\u00e1\u0111ui medd\u00e2l ryevdiki\u00e4inust. VR-Yhtym\u00e4 Oy:st lii ovd\u00e2sv\u00e1st\u00e1d\u00e2s sajanm\u00e4ksi\u0111 pu\u00e1suivah\u00e2gijd ryevdiki\u00e4inuin. Sajanm\u00e1ksu\u00e1rvun ki\u00e4vttoo Jotol\u00e2hku\u00e1vd\u00e1\u00e1 nonnim raav\u00e2sajanm\u00e1ksu\u00e1\u00e1rvuid.<\/p>\n<p>&nbsp;<\/p>\n<p>&nbsp;<\/p>\n","protected":false},"excerpt":{"rendered":"<p>Kiskojotol\u00e2hvah\u00e2geh Kiskojotoluv tov\u00e2tt\u00e2m pu\u00e1suivah\u00e2geh j\u00e1 eres-uv lu\u00e1nduelleid \u0161oddi\u0161 vah\u00e2gijd li\u010d\u010dii m\u00e1h\u0111ul\u00e2\u0161 esti\u0111 mest\u00e2 puohr\u00e2kk\u00e2n \u00e1i\u0111um\u00e1in kiskojotoluv j\u00e1 huksiimin toid \u00e1\u0161\u00e1l\u00e2\u0161 paijeel- j\u00e1 vyelimoonn\u00e2mpaaihijd. Pu\u00e1suitu\u00e1luku\u00e1vlust lii ryevdiki\u00e4inu suull\u00e2n 500 km 13 palg\u00e2sist (oovce kield\u00e2st): Halla (Suomussalmi), Hirvasniemi j\u00e1 Pyh\u00e4-Kallio (Kiem\u00e2j\u00e4vri), Isosyd\u00e4nmaa (Simo), Kolari (Kolari), Lohij\u00e4rvi (Ylitornio), Oij\u00e4rvi (Kuivaniemi), Oraj\u00e4rvi (Pello), Salla (Salla) j\u00e1 Narkaus, Paloj\u00e4rvi, Poikaj\u00e4rvi [&hellip;]<\/p>\n","protected":false},"author":1,"featured_media":0,"parent":774,"menu_order":3,"comment_status":"open","ping_status":"closed","template":"","meta":{"footnotes":""},"class_list":["post-833","page","type-page","status-publish","hentry"],"_links":{"self":[{"href":"https:\/\/paliskunnat.fi\/po\/wp-json\/wp\/v2\/pages\/833","targetHints":{"allow":["GET"]}}],"collection":[{"href":"https:\/\/paliskunnat.fi\/po\/wp-json\/wp\/v2\/pages"}],"about":[{"href":"https:\/\/paliskunnat.fi\/po\/wp-json\/wp\/v2\/types\/page"}],"author":[{"embeddable":true,"href":"https:\/\/paliskunnat.fi\/po\/wp-json\/wp\/v2\/users\/1"}],"replies":[{"embeddable":true,"href":"https:\/\/paliskunnat.fi\/po\/wp-json\/wp\/v2\/comments?post=833"}],"version-history":[{"count":2,"href":"https:\/\/paliskunnat.fi\/po\/wp-json\/wp\/v2\/pages\/833\/revisions"}],"predecessor-version":[{"id":5463,"href":"https:\/\/paliskunnat.fi\/po\/wp-json\/wp\/v2\/pages\/833\/revisions\/5463"}],"up":[{"embeddable":true,"href":"https:\/\/paliskunnat.fi\/po\/wp-json\/wp\/v2\/pages\/774"}],"wp:attachment":[{"href":"https:\/\/paliskunnat.fi\/po\/wp-json\/wp\/v2\/media?parent=833"}],"curies":[{"name":"wp","href":"https:\/\/api.w.org\/{rel}","templated":true}]}}