{"id":836,"date":"2014-11-12T13:51:19","date_gmt":"2014-11-12T11:51:19","guid":{"rendered":"http:\/\/80.69.171.23\/py\/?page_id=836"},"modified":"2021-08-16T12:02:33","modified_gmt":"2021-08-16T09:02:33","slug":"kalvemvahageh","status":"publish","type":"page","link":"https:\/\/paliskunnat.fi\/po\/puasuivahageh\/kalvemvahageh\/","title":{"rendered":"Kalvemvah\u00e2geh"},"content":{"rendered":"<h2><strong>Kalvemvah\u00e2geh<\/strong><\/h2>\n<p>Pu\u00e1suitu\u00e1lu vu\u00e1\u0111uduv\u00e1 lu\u00e1nduku\u00e1ttumen\u00e2mij ki\u00e4vtun. Lah\u00e2aas\u00e2tmijn lii turv\u00e2stum pu\u00e1suitu\u00e1lun pisov\u00e1vt rijj\u00e2 ku\u00e1ttumriehti, heiviittum raijiitt\u00e2s\u00e2idisguin. Poccuin lii eenn\u00e2mi\u00e4ig\u00e1dkosk\u00e2vuo\u0111\u00e2in peerusth\u00e1nn\u00e1\u00e1 riehti le\u0111e j\u00e1 v\u00e4ldi\u0111 purr\u00e2mu\u0161 lu\u00e1ndust, mut ij toovv\u00e2t ekonom\u00e2lii vaah\u00e2g eenn\u00e2m- j\u00e1 vyevditu\u00e1lun (<a href=\"https:\/\/www.finlex.fi\/fi\/laki\/ajantasa\/1990\/19900848#P3\">PHL 3 \u00a7<\/a> j\u00e1 <a href=\"https:\/\/www.finlex.fi\/fi\/laki\/ajantasa\/1990\/19900848#P31\">PHL 31 \u00a7<\/a>). Luov\u00e2sin ku\u00e1ttoo poccuuh l\u00e1\u00e1 palg\u00e2s tip\u0161ost j\u00e1 palg\u00e2sist lii ovd\u00e2sv\u00e1st\u00e1d\u00e2s toi m\u00e1h\u0111ul\u00e2\u0161 tov\u00e2tt\u00e2m vah\u00e2gijn.<\/p>\n<p>Pu\u00e1suitu\u00e1luku\u00e1vlu lii juohhum kulm\u00e2 stiel\u00e2s\u00e2n. Taat lii s\u00e4mmilij p\u00e4ikkiku\u00e1vlu, erom\u00e2\u0161\u00e1vt pu\u00e1suitu\u00e1lu v\u00e1r\u00e1s u\u00e1ivildum ku\u00e1vlu teikk\u00e2 erom\u00e2\u0161 pu\u00e1suitu\u00e1luku\u00e1vlu j\u00e1 eres pu\u00e1suitu\u00e1luku\u00e1vlu. Erom\u00e2\u0161 pu\u00e1suitu\u00e1luku\u00e1vlu, moos meid s\u00e4mmilij p\u00e4ikkiku\u00e1vlu kul\u00e1, pu\u00e1suitu\u00e1lu sajatt\u00e2h i\u00e4l\u00e1tt\u00e2ss\u00e2n lii erom\u00e2\u0161 merh\u00e2\u0161ittee. Taat lii \u00a0valdum hu\u00e1mm\u00e1\u0161um\u00e1n meid lah\u00e2aas\u00e2tmist pu\u00e1suitu\u00e1lu erom\u00e2\u0161\u00e1vt suoj\u00e2leijee as\u00e2tt\u00e2s\u00e2iguin.<\/p>\n<p>&nbsp;<\/p>\n<p>Pu\u00e1sui-ii\u0161ij\u00a0<a href=\"https:\/\/paliskunnat.fi\/py\/poroisannat\/\">oht\u00e2vuot\u00e2ti\u00e4\u0111uh<\/a><\/p>\n<p>&nbsp;<\/p>\n","protected":false},"excerpt":{"rendered":"<p>Kalvemvah\u00e2geh Pu\u00e1suitu\u00e1lu vu\u00e1\u0111uduv\u00e1 lu\u00e1nduku\u00e1ttumen\u00e2mij ki\u00e4vtun. Lah\u00e2aas\u00e2tmijn lii turv\u00e2stum pu\u00e1suitu\u00e1lun pisov\u00e1vt rijj\u00e2 ku\u00e1ttumriehti, heiviittum raijiitt\u00e2s\u00e2idisguin. Poccuin lii eenn\u00e2mi\u00e4ig\u00e1dkosk\u00e2vuo\u0111\u00e2in peerusth\u00e1nn\u00e1\u00e1 riehti le\u0111e j\u00e1 v\u00e4ldi\u0111 purr\u00e2mu\u0161 lu\u00e1ndust, mut ij toovv\u00e2t ekonom\u00e2lii vaah\u00e2g eenn\u00e2m- j\u00e1 vyevditu\u00e1lun (PHL 3 \u00a7 j\u00e1 PHL 31 \u00a7). Luov\u00e2sin ku\u00e1ttoo poccuuh l\u00e1\u00e1 palg\u00e2s tip\u0161ost j\u00e1 palg\u00e2sist lii ovd\u00e2sv\u00e1st\u00e1d\u00e2s toi m\u00e1h\u0111ul\u00e2\u0161 tov\u00e2tt\u00e2m vah\u00e2gijn. Pu\u00e1suitu\u00e1luku\u00e1vlu lii [&hellip;]<\/p>\n","protected":false},"author":1,"featured_media":0,"parent":177,"menu_order":4,"comment_status":"open","ping_status":"closed","template":"","meta":{"footnotes":""},"class_list":["post-836","page","type-page","status-publish","hentry"],"_links":{"self":[{"href":"https:\/\/paliskunnat.fi\/po\/wp-json\/wp\/v2\/pages\/836","targetHints":{"allow":["GET"]}}],"collection":[{"href":"https:\/\/paliskunnat.fi\/po\/wp-json\/wp\/v2\/pages"}],"about":[{"href":"https:\/\/paliskunnat.fi\/po\/wp-json\/wp\/v2\/types\/page"}],"author":[{"embeddable":true,"href":"https:\/\/paliskunnat.fi\/po\/wp-json\/wp\/v2\/users\/1"}],"replies":[{"embeddable":true,"href":"https:\/\/paliskunnat.fi\/po\/wp-json\/wp\/v2\/comments?post=836"}],"version-history":[{"count":13,"href":"https:\/\/paliskunnat.fi\/po\/wp-json\/wp\/v2\/pages\/836\/revisions"}],"predecessor-version":[{"id":5804,"href":"https:\/\/paliskunnat.fi\/po\/wp-json\/wp\/v2\/pages\/836\/revisions\/5804"}],"up":[{"embeddable":true,"href":"https:\/\/paliskunnat.fi\/po\/wp-json\/wp\/v2\/pages\/177"}],"wp:attachment":[{"href":"https:\/\/paliskunnat.fi\/po\/wp-json\/wp\/v2\/media?parent=836"}],"curies":[{"name":"wp","href":"https:\/\/api.w.org\/{rel}","templated":true}]}}